{"id":111,"date":"2022-10-24T10:47:09","date_gmt":"2022-10-24T08:47:09","guid":{"rendered":"https:\/\/www.med.unipi.it\/?page_id=111"},"modified":"2025-10-01T12:25:03","modified_gmt":"2025-10-01T10:25:03","slug":"podologia","status":"publish","type":"page","link":"https:\/\/www.med.unipi.it\/index.php\/corsi-di-laurea\/podologia\/","title":{"rendered":"Podologia"},"content":{"rendered":"<button id=\"listenButton1\" class=\"responsivevoice-button\" type=\"button\" value=\"Play\" title=\"ResponsiveVoice Tap to Start\/Stop Speech\"><span>&#128266; Play<\/span><\/button>\n        <script>\n            listenButton1.onclick = function(){\n                if(responsiveVoice.isPlaying()){\n                    responsiveVoice.cancel();\n                }else{\n                    responsiveVoice.speak(\"IL CORSO DI LAUREA Il Corso di Laurea in Podologia forma professionisti sanitari altamente qualificati nell\\'area della riabilitazione, capaci di operare in autonomia e con responsabilit\u00e0 diretta nei confronti del singolo e della collettivit\u00e0. Il loro intervento \u00e8 mirato alla prevenzione, cura e riabilitazione delle patologie del piede, con competenze specifiche per pazienti in et\u00e0 evolutiva, adulta e geriatrica. I laureati acquisiscono una solida preparazione sui principi della fisiopatologia applicata alle malattie del piede e dell\\'apparato locomotore. Sono in grado di identificare i bisogni podologici in relazione a et\u00e0, patologie, disabilit\u00e0, attivit\u00e0 lavorative e sportive. Durante il percorso formativo, apprendono i fondamenti culturali e professionali per condurre un corretto iter diagnostico e terapeutico, con particolare attenzione alla prevenzione delle patologie posturali. Competenze e Attivit\u00e0 del Podologo Eseguire autonomamente un esame obiettivo del piede \u00a0Identificare alterazioni podologiche con strumenti diagnostici specifici \u00a0Intervenire con tecniche incruente, ortesiche e idromassoterapiche per trattare: Callosit\u00e0; Unghie ipertrofiche, deformi e incarnite; Piede doloroso \u00a0Collaborare alla diagnosi e alla terapia di patologie meccaniche, posturali, metaboliche, traumatiche, infettive ed ereditarie \u00a0Effettuare medicazioni e prevenire ulcerazioni e verruche su prescrizione medica \u00a0Realizzare trattamenti ortesici mirati a patologie podologiche \u00a0Individuare e segnalare condizioni patologiche sospette per ulteriori approfondimenti diagnostici Oltre alle competenze tecniche, i laureati sviluppano eccellenti capacit\u00e0 relazionali con i pazienti e di collaborazione interdisciplinare con altri operatori sanitari, sempre nel rispetto delle competenze specifiche. ACCESSO PROGRAMMATO Il corso di laurea \u00e8 un corso ad accesso limitato. \u00c8 previsto un test d\\'ammissione sulla base dei cui risultati avviene l\\'assegnazione dei posti disponibili il cui numero \u00e8 definito ogni anno dai Dipartimenti dell\\'Area Medica (Dipartimento di Medicina Clinica e Sperimentale, Dipartimento di Patologia Chirurgica, Medica, Molecolare e dell\\'Area Critica, Dipartimento di Ricerca Traslazionale e delle Nuove Tecnologie in Medicina e Chirurgia), di concerto con la Regione Toscana, sulla base delle effettive richieste del mercato del lavoro. Le lezioni sono svolte da docenti dei Dipartimenti dell\\'Area Medica e da esperti dei vari settori professionali. Particolare rilievo riveste l\\'attivit\u00e0 pratica e di tirocinio svolta sotto la supervisione di personale specializzato. AVVISO AGLI STUDENTI SUL TRATTAMENTO DEI DATI SENSIBILI.\u00a0 Clicca qui per sapere come i dati dei pazienti devono essere trattati, rivolto a tutti gli studenti delle professioni sanitare: TRATTAMENTO DATI SENSIBILI\", \"Italian Female\", {\"rate\":\"1\",\"pitch\":\"1.2\",\"volume\":\"0.8\"});\n                }\n            };\n        <\/script>\n    \n<h3><strong>IL CORSO DI LAUREA<\/strong><\/h3>\n<p data-start=\"95\" data-end=\"517\">Il <strong data-start=\"98\" data-end=\"130\">Corso di Laurea in Podologia<\/strong> forma professionisti sanitari altamente qualificati nell&#8217;area della <strong data-start=\"199\" data-end=\"217\">riabilitazione<\/strong>, capaci di operare in <strong data-start=\"240\" data-end=\"253\">autonomia<\/strong> e con <strong data-start=\"260\" data-end=\"286\">responsabilit\u00e0 diretta<\/strong> nei confronti del singolo e della collettivit\u00e0. Il loro intervento \u00e8 mirato alla <strong data-start=\"368\" data-end=\"406\">prevenzione, cura e riabilitazione<\/strong> delle patologie del piede, con competenze specifiche per pazienti in et\u00e0 <strong data-start=\"480\" data-end=\"514\">evolutiva, adulta e geriatrica<\/strong>.<\/p>\n<p data-start=\"519\" data-end=\"806\">I laureati acquisiscono una <strong data-start=\"547\" data-end=\"570\">solida preparazione<\/strong> sui principi della <strong data-start=\"590\" data-end=\"608\">fisiopatologia<\/strong> applicata alle malattie del piede e dell&#8217;apparato locomotore. Sono in grado di <strong data-start=\"688\" data-end=\"725\">identificare i bisogni podologici<\/strong> in relazione a <strong data-start=\"741\" data-end=\"803\">et\u00e0, patologie, disabilit\u00e0, attivit\u00e0 lavorative e sportive<\/strong>.<\/p>\n<p data-start=\"808\" data-end=\"1030\">Durante il percorso formativo, apprendono i <strong data-start=\"852\" data-end=\"892\">fondamenti culturali e professionali<\/strong> per condurre un <strong data-start=\"909\" data-end=\"952\">corretto iter diagnostico e terapeutico<\/strong>, con particolare attenzione alla <strong data-start=\"986\" data-end=\"1027\">prevenzione delle patologie posturali<\/strong>.<\/p>\n<p data-start=\"1032\" data-end=\"1076\"><strong>Competenze e Attivit\u00e0 del Podologo<\/strong><\/p>\n<ul>\n<li data-start=\"1078\" data-end=\"1307\">Eseguire autonomamente un esame obiettivo del piede<\/li>\n<li data-start=\"1078\" data-end=\"1307\">\u00a0Identificare alterazioni podologiche con strumenti diagnostici specifici<\/li>\n<li data-start=\"1078\" data-end=\"1307\">\u00a0Intervenire con tecniche incruente, ortesiche e idromassoterapiche per trattare: Callosit\u00e0; Unghie ipertrofiche, deformi e incarnite; Piede doloroso<\/li>\n<li data-start=\"1078\" data-end=\"1307\">\u00a0Collaborare alla diagnosi e alla terapia di patologie meccaniche, posturali, metaboliche, traumatiche, infettive ed ereditarie<\/li>\n<li data-start=\"1078\" data-end=\"1307\">\u00a0Effettuare medicazioni e prevenire ulcerazioni e verruche su prescrizione medica<\/li>\n<li data-start=\"1078\" data-end=\"1307\">\u00a0Realizzare trattamenti ortesici mirati a patologie podologiche<\/li>\n<li data-start=\"1078\" data-end=\"1307\">\u00a0Individuare e segnalare condizioni patologiche sospette per ulteriori approfondimenti diagnostici<\/li>\n<\/ul>\n<p data-start=\"1809\" data-end=\"2036\">Oltre alle competenze tecniche, i laureati sviluppano <strong data-start=\"1863\" data-end=\"1898\">eccellenti capacit\u00e0 relazionali<\/strong> con i pazienti e di <strong data-start=\"1919\" data-end=\"1955\">collaborazione interdisciplinare<\/strong> con altri operatori sanitari, sempre nel rispetto delle competenze specifiche.<\/p>\n<h3><strong>ACCESSO PROGRAMMATO<\/strong><\/h3>\n<p>Il corso di laurea \u00e8 un corso ad accesso limitato. \u00c8 previsto un test d&#8217;ammissione sulla base dei cui risultati avviene l&#8217;assegnazione dei posti disponibili il cui numero \u00e8 definito ogni anno dai Dipartimenti dell&#8217;Area Medica (Dipartimento di Medicina Clinica e Sperimentale, Dipartimento di Patologia Chirurgica, Medica, Molecolare e dell&#8217;Area Critica, Dipartimento di Ricerca Traslazionale e delle Nuove Tecnologie in Medicina e Chirurgia), di concerto con la Regione Toscana, sulla base delle effettive richieste del mercato del lavoro.<br \/>\nLe lezioni sono svolte da docenti dei Dipartimenti dell&#8217;Area Medica e da esperti dei vari settori professionali. Particolare rilievo riveste l&#8217;attivit\u00e0 pratica e di tirocinio svolta sotto la supervisione di personale specializzato.<\/p>\n<h3><strong>AVVISO AGLI STUDENTI SUL TRATTAMENTO DEI DATI SENSIBILI.\u00a0<\/strong><\/h3>\n<p>Clicca qui per sapere come i dati dei pazienti devono essere trattati, rivolto a tutti gli studenti delle professioni sanitare: <a href=\"https:\/\/www.med.unipi.it\/wp-content\/uploads\/2025\/06\/TRATT.-DATI-SENSIBILI.pdf\">TRATTAMENTO DATI SENSIBILI<\/a><\/p>\n","protected":false},"excerpt":{"rendered":"<p>IL CORSO DI LAUREA Il Corso di Laurea in Podologia forma professionisti sanitari altamente qualificati nell&#8217;area della riabilitazione, capaci di&hellip;<\/p>\n<p><a class=\"btn btn-dark btn-sm unipi-read-more-link\" href=\"https:\/\/www.med.unipi.it\/index.php\/corsi-di-laurea\/podologia\/\">Leggi tutto&#8230;<\/a><\/p>\n","protected":false},"author":1,"featured_media":0,"parent":68,"menu_order":0,"comment_status":"closed","ping_status":"closed","template":"","meta":{"footnotes":""},"categories":[27],"tags":[],"class_list":["post-111","page","type-page","status-publish","hentry","category-podologia"],"yoast_head":"<!-- This site is optimized with the Yoast SEO plugin v27.0 - https:\/\/yoast.com\/product\/yoast-seo-wordpress\/ -->\n<title>Podologia - Scuola di Medicina<\/title>\n<meta name=\"robots\" content=\"index, follow, max-snippet:-1, max-image-preview:large, max-video-preview:-1\" \/>\n<link rel=\"canonical\" href=\"https:\/\/www.med.unipi.it\/index.php\/corsi-di-laurea\/podologia\/\" \/>\n<meta property=\"og:locale\" content=\"it_IT\" \/>\n<meta property=\"og:type\" content=\"article\" \/>\n<meta property=\"og:title\" content=\"Podologia - Scuola di Medicina\" \/>\n<meta property=\"og:description\" content=\"IL CORSO DI LAUREA Il Corso di Laurea in Podologia forma professionisti sanitari altamente qualificati nell&#8217;area della riabilitazione, capaci di&hellip;Leggi tutto...\" \/>\n<meta property=\"og:url\" content=\"https:\/\/www.med.unipi.it\/index.php\/corsi-di-laurea\/podologia\/\" \/>\n<meta property=\"og:site_name\" content=\"Scuola di Medicina\" \/>\n<meta property=\"article:modified_time\" content=\"2025-10-01T10:25:03+00:00\" \/>\n<meta name=\"twitter:card\" content=\"summary_large_image\" \/>\n<meta name=\"twitter:label1\" content=\"Tempo di lettura stimato\" \/>\n\t<meta name=\"twitter:data1\" content=\"2 minuti\" \/>\n<script type=\"application\/ld+json\" class=\"yoast-schema-graph\">{\"@context\":\"https:\/\/schema.org\",\"@graph\":[{\"@type\":\"WebPage\",\"@id\":\"https:\/\/www.med.unipi.it\/index.php\/corsi-di-laurea\/podologia\/\",\"url\":\"https:\/\/www.med.unipi.it\/index.php\/corsi-di-laurea\/podologia\/\",\"name\":\"Podologia - Scuola di Medicina\",\"isPartOf\":{\"@id\":\"https:\/\/www.med.unipi.it\/#website\"},\"datePublished\":\"2022-10-24T08:47:09+00:00\",\"dateModified\":\"2025-10-01T10:25:03+00:00\",\"breadcrumb\":{\"@id\":\"https:\/\/www.med.unipi.it\/index.php\/corsi-di-laurea\/podologia\/#breadcrumb\"},\"inLanguage\":\"it-IT\",\"potentialAction\":[{\"@type\":\"ReadAction\",\"target\":[\"https:\/\/www.med.unipi.it\/index.php\/corsi-di-laurea\/podologia\/\"]}]},{\"@type\":\"BreadcrumbList\",\"@id\":\"https:\/\/www.med.unipi.it\/index.php\/corsi-di-laurea\/podologia\/#breadcrumb\",\"itemListElement\":[{\"@type\":\"ListItem\",\"position\":1,\"name\":\"Home\",\"item\":\"https:\/\/www.med.unipi.it\/\"},{\"@type\":\"ListItem\",\"position\":2,\"name\":\"Corsi di Laurea\",\"item\":\"https:\/\/www.med.unipi.it\/index.php\/corsi-di-laurea\/\"},{\"@type\":\"ListItem\",\"position\":3,\"name\":\"Podologia\"}]},{\"@type\":\"WebSite\",\"@id\":\"https:\/\/www.med.unipi.it\/#website\",\"url\":\"https:\/\/www.med.unipi.it\/\",\"name\":\"Scuola di Medicina\",\"description\":\"\",\"potentialAction\":[{\"@type\":\"SearchAction\",\"target\":{\"@type\":\"EntryPoint\",\"urlTemplate\":\"https:\/\/www.med.unipi.it\/?s={search_term_string}\"},\"query-input\":{\"@type\":\"PropertyValueSpecification\",\"valueRequired\":true,\"valueName\":\"search_term_string\"}}],\"inLanguage\":\"it-IT\"}]}<\/script>\n<!-- \/ Yoast SEO plugin. -->","yoast_head_json":{"title":"Podologia - Scuola di Medicina","robots":{"index":"index","follow":"follow","max-snippet":"max-snippet:-1","max-image-preview":"max-image-preview:large","max-video-preview":"max-video-preview:-1"},"canonical":"https:\/\/www.med.unipi.it\/index.php\/corsi-di-laurea\/podologia\/","og_locale":"it_IT","og_type":"article","og_title":"Podologia - Scuola di Medicina","og_description":"IL CORSO DI LAUREA Il Corso di Laurea in Podologia forma professionisti sanitari altamente qualificati nell&#8217;area della riabilitazione, capaci di&hellip;Leggi tutto...","og_url":"https:\/\/www.med.unipi.it\/index.php\/corsi-di-laurea\/podologia\/","og_site_name":"Scuola di Medicina","article_modified_time":"2025-10-01T10:25:03+00:00","twitter_card":"summary_large_image","twitter_misc":{"Tempo di lettura stimato":"2 minuti"},"schema":{"@context":"https:\/\/schema.org","@graph":[{"@type":"WebPage","@id":"https:\/\/www.med.unipi.it\/index.php\/corsi-di-laurea\/podologia\/","url":"https:\/\/www.med.unipi.it\/index.php\/corsi-di-laurea\/podologia\/","name":"Podologia - Scuola di Medicina","isPartOf":{"@id":"https:\/\/www.med.unipi.it\/#website"},"datePublished":"2022-10-24T08:47:09+00:00","dateModified":"2025-10-01T10:25:03+00:00","breadcrumb":{"@id":"https:\/\/www.med.unipi.it\/index.php\/corsi-di-laurea\/podologia\/#breadcrumb"},"inLanguage":"it-IT","potentialAction":[{"@type":"ReadAction","target":["https:\/\/www.med.unipi.it\/index.php\/corsi-di-laurea\/podologia\/"]}]},{"@type":"BreadcrumbList","@id":"https:\/\/www.med.unipi.it\/index.php\/corsi-di-laurea\/podologia\/#breadcrumb","itemListElement":[{"@type":"ListItem","position":1,"name":"Home","item":"https:\/\/www.med.unipi.it\/"},{"@type":"ListItem","position":2,"name":"Corsi di Laurea","item":"https:\/\/www.med.unipi.it\/index.php\/corsi-di-laurea\/"},{"@type":"ListItem","position":3,"name":"Podologia"}]},{"@type":"WebSite","@id":"https:\/\/www.med.unipi.it\/#website","url":"https:\/\/www.med.unipi.it\/","name":"Scuola di Medicina","description":"","potentialAction":[{"@type":"SearchAction","target":{"@type":"EntryPoint","urlTemplate":"https:\/\/www.med.unipi.it\/?s={search_term_string}"},"query-input":{"@type":"PropertyValueSpecification","valueRequired":true,"valueName":"search_term_string"}}],"inLanguage":"it-IT"}]}},"_links":{"self":[{"href":"https:\/\/www.med.unipi.it\/index.php\/wp-json\/wp\/v2\/pages\/111","targetHints":{"allow":["GET"]}}],"collection":[{"href":"https:\/\/www.med.unipi.it\/index.php\/wp-json\/wp\/v2\/pages"}],"about":[{"href":"https:\/\/www.med.unipi.it\/index.php\/wp-json\/wp\/v2\/types\/page"}],"author":[{"embeddable":true,"href":"https:\/\/www.med.unipi.it\/index.php\/wp-json\/wp\/v2\/users\/1"}],"replies":[{"embeddable":true,"href":"https:\/\/www.med.unipi.it\/index.php\/wp-json\/wp\/v2\/comments?post=111"}],"version-history":[{"count":8,"href":"https:\/\/www.med.unipi.it\/index.php\/wp-json\/wp\/v2\/pages\/111\/revisions"}],"predecessor-version":[{"id":10866,"href":"https:\/\/www.med.unipi.it\/index.php\/wp-json\/wp\/v2\/pages\/111\/revisions\/10866"}],"up":[{"embeddable":true,"href":"https:\/\/www.med.unipi.it\/index.php\/wp-json\/wp\/v2\/pages\/68"}],"wp:attachment":[{"href":"https:\/\/www.med.unipi.it\/index.php\/wp-json\/wp\/v2\/media?parent=111"}],"wp:term":[{"taxonomy":"category","embeddable":true,"href":"https:\/\/www.med.unipi.it\/index.php\/wp-json\/wp\/v2\/categories?post=111"},{"taxonomy":"post_tag","embeddable":true,"href":"https:\/\/www.med.unipi.it\/index.php\/wp-json\/wp\/v2\/tags?post=111"}],"curies":[{"name":"wp","href":"https:\/\/api.w.org\/{rel}","templated":true}]}}