{"id":116,"date":"2022-11-07T10:50:20","date_gmt":"2022-11-07T09:50:20","guid":{"rendered":"https:\/\/www.med.unipi.it\/?page_id=116"},"modified":"2025-10-01T12:31:33","modified_gmt":"2025-10-01T10:31:33","slug":"riabilitazione-psichiatrica","status":"publish","type":"page","link":"https:\/\/www.med.unipi.it\/index.php\/corsi-di-laurea\/riabilitazione-psichiatrica\/","title":{"rendered":"Riabilitazione Psichiatrica"},"content":{"rendered":"<button id=\"listenButton1\" class=\"responsivevoice-button\" type=\"button\" value=\"Play\" title=\"ResponsiveVoice Tap to Start\/Stop Speech\"><span>&#128266; Play<\/span><\/button>\n        <script>\n            listenButton1.onclick = function(){\n                if(responsiveVoice.isPlaying()){\n                    responsiveVoice.cancel();\n                }else{\n                    responsiveVoice.speak(\"IL CORSO DI LAUREA I laureati in Tecnica della Riabilitazione Psichiatrica sono professionisti sanitari della riabilitazione che operano con autonomia professionale nei confronti di singoli individui e della collettivit\u00e0. Il loro lavoro comprende attivit\u00e0 di valutazione funzionale, prevenzione, cura, riabilitazione e reinserimento di persone con disabilit\u00e0 psichica e patologie psichiatriche. ATTIVITA\\': Valutazione della disabilit\u00e0 psichica\u00a0e delle potenzialit\u00e0 del soggetto. Analisi dei bisogni e delle risorse\u00a0del contesto familiare e sociale. Partecipazione alla definizione del programma riabilitativo, in collaborazione con il team medico. Individuazione e segnalazione\u00a0al medico di condizioni patologiche che necessitano di approfondimenti diagnostici o terapeutici. Realizzazione di programmi di educazione sanitaria\u00a0per la\u00a0prevenzione delle malattie mentali. Sostegno al recupero delle capacit\u00e0 personali, come la cura di s\u00e9, le relazioni sociali e, ove possibile, il reinserimento lavorativo. Promozione delle relazioni di rete\u00a0per supportare la gestione di situazioni a rischio e favorire il reinserimento sociale del paziente. Collaborazione alla diagnosi e alla terapia\u00a0dei disturbi psichiatrici in bambini, adulti e anziani. Monitoraggio degli esiti\u00a0del programma di riabilitazione in base agli obiettivi prefissati. FORMAZIONE E TIROCINIO Il Corso di Laurea fornisce agli studenti le competenze per pianificare, condividere e valutare un piano riabilitativo in \u00e9quipe multidisciplinare. Si acquisiscono fondamenti di psicopatologia per identificare i bisogni riabilitativi in base a et\u00e0, genere, patologie e contesto di vita.Le lezioni teoriche tenute da docenti dell\u2019area medica ed esperti del settore, inoltre un ampio spazio viene dedicato al tirocinio professionalizzante, fondamentale per lo sviluppo delle competenze pratiche. Essendo un corso abilitante alla professione, il tirocinio sul territorio rappresenta una parte essenziale del percorso formativo. AVVISO AGLI STUDENTI SUL TRATTAMENTO DEI DATI SENSIBILI.\u00a0 Clicca qui per sapere come i dati dei pazienti devono essere trattati, rivolto a tutti gli studenti delle professioni sanitare: TRATTAMENTO DATI SENSIBILI\", \"Italian Female\", {\"rate\":\"1\",\"pitch\":\"1.2\",\"volume\":\"0.8\"});\n                }\n            };\n        <\/script>\n    \n<h3><strong>IL CORSO DI LAUREA<\/strong><\/h3>\n<p data-start=\"86\" data-end=\"487\">I <strong data-start=\"88\" data-end=\"145\">laureati in Tecnica della Riabilitazione Psichiatrica<\/strong> sono <strong data-start=\"151\" data-end=\"199\">professionisti sanitari della riabilitazione<\/strong> che operano con <strong data-start=\"216\" data-end=\"243\">autonomia professionale<\/strong> nei confronti di <strong data-start=\"261\" data-end=\"303\">singoli individui e della collettivit\u00e0<\/strong>. Il loro lavoro comprende attivit\u00e0 di <strong data-start=\"342\" data-end=\"419\" data-is-only-node=\"\">valutazione funzionale, prevenzione, cura, riabilitazione e reinserimento<\/strong> di persone con <strong data-start=\"435\" data-end=\"484\">disabilit\u00e0 psichica e patologie psichiatriche<\/strong>.<\/p>\n<h3><strong data-start=\"493\" data-end=\"563\">ATTIVITA&#8217;:<\/strong><\/h3>\n<ul>\n<li style=\"list-style-type: none;\">\n<ul>\n<li data-start=\"566\" data-end=\"1568\"><strong data-start=\"568\" data-end=\"609\">Valutazione della disabilit\u00e0 psichica<\/strong>\u00a0e delle potenzialit\u00e0 del soggetto.<\/li>\n<li data-start=\"566\" data-end=\"1568\"><strong data-start=\"649\" data-end=\"688\">Analisi dei bisogni e delle risorse<\/strong>\u00a0del contesto familiare e sociale.<\/li>\n<li data-start=\"566\" data-end=\"1568\"><strong data-start=\"727\" data-end=\"790\" data-is-only-node=\"\">Partecipazione alla definizione del programma riabilitativo<\/strong>, in collaborazione con il team medico.<\/li>\n<li data-start=\"566\" data-end=\"1568\"><strong data-start=\"834\" data-end=\"867\">Individuazione e segnalazione<\/strong>\u00a0al medico di condizioni patologiche che necessitano di approfondimenti diagnostici o terapeutici.<\/li>\n<li data-start=\"566\" data-end=\"1568\"><strong data-start=\"970\" data-end=\"1024\">Realizzazione di programmi di educazione sanitaria<\/strong>\u00a0per la\u00a0<strong data-start=\"1032\" data-end=\"1070\">prevenzione delle malattie mentali<\/strong>.<\/li>\n<li data-start=\"566\" data-end=\"1568\"><strong data-start=\"1076\" data-end=\"1125\">Sostegno al recupero delle capacit\u00e0 personali<\/strong>, come la cura di s\u00e9, le relazioni sociali e, ove possibile, il reinserimento lavorativo.<\/li>\n<li data-start=\"566\" data-end=\"1568\"><strong data-start=\"1219\" data-end=\"1257\">Promozione delle relazioni di rete<\/strong>\u00a0per supportare la gestione di situazioni a rischio e favorire il reinserimento sociale del paziente.<\/li>\n<li data-start=\"566\" data-end=\"1568\"><strong data-start=\"1363\" data-end=\"1410\">Collaborazione alla diagnosi e alla terapia<\/strong>\u00a0dei disturbi psichiatrici in bambini, adulti e anziani.<\/li>\n<li data-start=\"566\" data-end=\"1568\"><span data-start=\"568\" data-end=\"609\"><strong data-start=\"1471\" data-end=\"1499\">Monitoraggio degli esiti<\/strong>\u00a0del programma di riabilitazione in base agli obiettivi prefissati.<\/span><\/li>\n<\/ul>\n<\/li>\n<\/ul>\n<p>&nbsp;<\/p>\n<h3><strong>FORMAZIONE E TIROCINIO<\/strong><\/h3>\n<p data-start=\"1604\" data-end=\"2130\">Il <strong data-start=\"1610\" data-end=\"1629\">Corso di Laurea<\/strong> fornisce agli studenti le competenze per <strong data-start=\"1671\" data-end=\"1710\">pianificare, condividere e valutare<\/strong> un piano riabilitativo in <strong data-start=\"1737\" data-end=\"1765\">\u00e9quipe multidisciplinare<\/strong>. Si acquisiscono <strong data-start=\"1788\" data-end=\"1820\" data-is-only-node=\"\">fondamenti di psicopatologia<\/strong> per identificare i bisogni riabilitativi in base a <strong data-start=\"1872\" data-end=\"1917\">et\u00e0, genere, patologie e contesto di vita<\/strong>.<br data-start=\"1918\" data-end=\"1921\" \/><strong data-start=\"1924\" data-end=\"1944\">Le lezioni teoriche<\/strong> tenute da <strong data-start=\"1955\" data-end=\"2006\">docenti dell\u2019area medica ed esperti del settore<\/strong><span data-start=\"1955\" data-end=\"2006\">, inoltre un <strong>a<\/strong><\/span><strong data-start=\"2013\" data-end=\"2071\">mpio spazio viene dedicato al tirocinio professionalizzante<\/strong>, fondamentale per lo sviluppo delle competenze pratiche.<\/p>\n<p data-start=\"2132\" data-end=\"2271\"><strong data-start=\"2135\" data-end=\"2269\">Essendo un corso abilitante alla professione, il tirocinio sul territorio rappresenta una parte essenziale del percorso formativo.<\/strong><\/p>\n<h3><strong>AVVISO AGLI STUDENTI SUL TRATTAMENTO DEI DATI SENSIBILI.\u00a0<\/strong><\/h3>\n<p>Clicca qui per sapere come i dati dei pazienti devono essere trattati, rivolto a tutti gli studenti delle professioni sanitare: <a href=\"https:\/\/www.med.unipi.it\/wp-content\/uploads\/2025\/06\/TRATT.-DATI-SENSIBILI.pdf\">TRATTAMENTO DATI SENSIBILI<\/a><\/p>\n","protected":false},"excerpt":{"rendered":"<p>IL CORSO DI LAUREA I laureati in Tecnica della Riabilitazione Psichiatrica sono professionisti sanitari della riabilitazione che operano con autonomia&hellip;<\/p>\n<p><a class=\"btn btn-dark btn-sm unipi-read-more-link\" href=\"https:\/\/www.med.unipi.it\/index.php\/corsi-di-laurea\/riabilitazione-psichiatrica\/\">Leggi tutto&#8230;<\/a><\/p>\n","protected":false},"author":1,"featured_media":0,"parent":68,"menu_order":0,"comment_status":"closed","ping_status":"closed","template":"","meta":{"footnotes":""},"categories":[31],"tags":[],"class_list":["post-116","page","type-page","status-publish","hentry","category-riabilitazione-psichiatrica"],"yoast_head":"<!-- This site is optimized with the Yoast SEO plugin v27.0 - https:\/\/yoast.com\/product\/yoast-seo-wordpress\/ -->\n<title>Riabilitazione Psichiatrica - Scuola di Medicina<\/title>\n<meta name=\"robots\" content=\"index, follow, max-snippet:-1, max-image-preview:large, max-video-preview:-1\" \/>\n<link rel=\"canonical\" href=\"https:\/\/www.med.unipi.it\/index.php\/corsi-di-laurea\/riabilitazione-psichiatrica\/\" \/>\n<meta property=\"og:locale\" content=\"it_IT\" \/>\n<meta property=\"og:type\" content=\"article\" \/>\n<meta property=\"og:title\" content=\"Riabilitazione Psichiatrica - Scuola di Medicina\" \/>\n<meta property=\"og:description\" content=\"IL CORSO DI LAUREA I laureati in Tecnica della Riabilitazione Psichiatrica sono professionisti sanitari della riabilitazione che operano con autonomia&hellip;Leggi tutto...\" \/>\n<meta property=\"og:url\" content=\"https:\/\/www.med.unipi.it\/index.php\/corsi-di-laurea\/riabilitazione-psichiatrica\/\" \/>\n<meta property=\"og:site_name\" content=\"Scuola di Medicina\" \/>\n<meta property=\"article:modified_time\" content=\"2025-10-01T10:31:33+00:00\" \/>\n<meta name=\"twitter:card\" content=\"summary_large_image\" \/>\n<meta name=\"twitter:label1\" content=\"Tempo di lettura stimato\" \/>\n\t<meta name=\"twitter:data1\" content=\"2 minuti\" \/>\n<script type=\"application\/ld+json\" class=\"yoast-schema-graph\">{\"@context\":\"https:\/\/schema.org\",\"@graph\":[{\"@type\":\"WebPage\",\"@id\":\"https:\/\/www.med.unipi.it\/index.php\/corsi-di-laurea\/riabilitazione-psichiatrica\/\",\"url\":\"https:\/\/www.med.unipi.it\/index.php\/corsi-di-laurea\/riabilitazione-psichiatrica\/\",\"name\":\"Riabilitazione Psichiatrica - Scuola di Medicina\",\"isPartOf\":{\"@id\":\"https:\/\/www.med.unipi.it\/#website\"},\"datePublished\":\"2022-11-07T09:50:20+00:00\",\"dateModified\":\"2025-10-01T10:31:33+00:00\",\"breadcrumb\":{\"@id\":\"https:\/\/www.med.unipi.it\/index.php\/corsi-di-laurea\/riabilitazione-psichiatrica\/#breadcrumb\"},\"inLanguage\":\"it-IT\",\"potentialAction\":[{\"@type\":\"ReadAction\",\"target\":[\"https:\/\/www.med.unipi.it\/index.php\/corsi-di-laurea\/riabilitazione-psichiatrica\/\"]}]},{\"@type\":\"BreadcrumbList\",\"@id\":\"https:\/\/www.med.unipi.it\/index.php\/corsi-di-laurea\/riabilitazione-psichiatrica\/#breadcrumb\",\"itemListElement\":[{\"@type\":\"ListItem\",\"position\":1,\"name\":\"Home\",\"item\":\"https:\/\/www.med.unipi.it\/\"},{\"@type\":\"ListItem\",\"position\":2,\"name\":\"Corsi di Laurea\",\"item\":\"https:\/\/www.med.unipi.it\/index.php\/corsi-di-laurea\/\"},{\"@type\":\"ListItem\",\"position\":3,\"name\":\"Riabilitazione Psichiatrica\"}]},{\"@type\":\"WebSite\",\"@id\":\"https:\/\/www.med.unipi.it\/#website\",\"url\":\"https:\/\/www.med.unipi.it\/\",\"name\":\"Scuola di Medicina\",\"description\":\"\",\"potentialAction\":[{\"@type\":\"SearchAction\",\"target\":{\"@type\":\"EntryPoint\",\"urlTemplate\":\"https:\/\/www.med.unipi.it\/?s={search_term_string}\"},\"query-input\":{\"@type\":\"PropertyValueSpecification\",\"valueRequired\":true,\"valueName\":\"search_term_string\"}}],\"inLanguage\":\"it-IT\"}]}<\/script>\n<!-- \/ Yoast SEO plugin. -->","yoast_head_json":{"title":"Riabilitazione Psichiatrica - Scuola di Medicina","robots":{"index":"index","follow":"follow","max-snippet":"max-snippet:-1","max-image-preview":"max-image-preview:large","max-video-preview":"max-video-preview:-1"},"canonical":"https:\/\/www.med.unipi.it\/index.php\/corsi-di-laurea\/riabilitazione-psichiatrica\/","og_locale":"it_IT","og_type":"article","og_title":"Riabilitazione Psichiatrica - Scuola di Medicina","og_description":"IL CORSO DI LAUREA I laureati in Tecnica della Riabilitazione Psichiatrica sono professionisti sanitari della riabilitazione che operano con autonomia&hellip;Leggi tutto...","og_url":"https:\/\/www.med.unipi.it\/index.php\/corsi-di-laurea\/riabilitazione-psichiatrica\/","og_site_name":"Scuola di Medicina","article_modified_time":"2025-10-01T10:31:33+00:00","twitter_card":"summary_large_image","twitter_misc":{"Tempo di lettura stimato":"2 minuti"},"schema":{"@context":"https:\/\/schema.org","@graph":[{"@type":"WebPage","@id":"https:\/\/www.med.unipi.it\/index.php\/corsi-di-laurea\/riabilitazione-psichiatrica\/","url":"https:\/\/www.med.unipi.it\/index.php\/corsi-di-laurea\/riabilitazione-psichiatrica\/","name":"Riabilitazione Psichiatrica - Scuola di Medicina","isPartOf":{"@id":"https:\/\/www.med.unipi.it\/#website"},"datePublished":"2022-11-07T09:50:20+00:00","dateModified":"2025-10-01T10:31:33+00:00","breadcrumb":{"@id":"https:\/\/www.med.unipi.it\/index.php\/corsi-di-laurea\/riabilitazione-psichiatrica\/#breadcrumb"},"inLanguage":"it-IT","potentialAction":[{"@type":"ReadAction","target":["https:\/\/www.med.unipi.it\/index.php\/corsi-di-laurea\/riabilitazione-psichiatrica\/"]}]},{"@type":"BreadcrumbList","@id":"https:\/\/www.med.unipi.it\/index.php\/corsi-di-laurea\/riabilitazione-psichiatrica\/#breadcrumb","itemListElement":[{"@type":"ListItem","position":1,"name":"Home","item":"https:\/\/www.med.unipi.it\/"},{"@type":"ListItem","position":2,"name":"Corsi di Laurea","item":"https:\/\/www.med.unipi.it\/index.php\/corsi-di-laurea\/"},{"@type":"ListItem","position":3,"name":"Riabilitazione Psichiatrica"}]},{"@type":"WebSite","@id":"https:\/\/www.med.unipi.it\/#website","url":"https:\/\/www.med.unipi.it\/","name":"Scuola di Medicina","description":"","potentialAction":[{"@type":"SearchAction","target":{"@type":"EntryPoint","urlTemplate":"https:\/\/www.med.unipi.it\/?s={search_term_string}"},"query-input":{"@type":"PropertyValueSpecification","valueRequired":true,"valueName":"search_term_string"}}],"inLanguage":"it-IT"}]}},"_links":{"self":[{"href":"https:\/\/www.med.unipi.it\/index.php\/wp-json\/wp\/v2\/pages\/116","targetHints":{"allow":["GET"]}}],"collection":[{"href":"https:\/\/www.med.unipi.it\/index.php\/wp-json\/wp\/v2\/pages"}],"about":[{"href":"https:\/\/www.med.unipi.it\/index.php\/wp-json\/wp\/v2\/types\/page"}],"author":[{"embeddable":true,"href":"https:\/\/www.med.unipi.it\/index.php\/wp-json\/wp\/v2\/users\/1"}],"replies":[{"embeddable":true,"href":"https:\/\/www.med.unipi.it\/index.php\/wp-json\/wp\/v2\/comments?post=116"}],"version-history":[{"count":10,"href":"https:\/\/www.med.unipi.it\/index.php\/wp-json\/wp\/v2\/pages\/116\/revisions"}],"predecessor-version":[{"id":10875,"href":"https:\/\/www.med.unipi.it\/index.php\/wp-json\/wp\/v2\/pages\/116\/revisions\/10875"}],"up":[{"embeddable":true,"href":"https:\/\/www.med.unipi.it\/index.php\/wp-json\/wp\/v2\/pages\/68"}],"wp:attachment":[{"href":"https:\/\/www.med.unipi.it\/index.php\/wp-json\/wp\/v2\/media?parent=116"}],"wp:term":[{"taxonomy":"category","embeddable":true,"href":"https:\/\/www.med.unipi.it\/index.php\/wp-json\/wp\/v2\/categories?post=116"},{"taxonomy":"post_tag","embeddable":true,"href":"https:\/\/www.med.unipi.it\/index.php\/wp-json\/wp\/v2\/tags?post=116"}],"curies":[{"name":"wp","href":"https:\/\/api.w.org\/{rel}","templated":true}]}}