{"id":11641,"date":"2025-10-28T14:51:04","date_gmt":"2025-10-28T13:51:04","guid":{"rendered":"https:\/\/www.med.unipi.it\/?page_id=11641"},"modified":"2025-12-29T14:18:13","modified_gmt":"2025-12-29T13:18:13","slug":"audiologia-e-foniatria","status":"publish","type":"page","link":"https:\/\/www.med.unipi.it\/index.php\/scuole-di-specializzazione\/scuole-mediche\/audiologia-e-foniatria\/","title":{"rendered":"Audiologia e Foniatria"},"content":{"rendered":"<p>Lo specialista in Audiologia e Foniatria possiede le abilit\u00e0 professionali e l\u2019attitudine necessaria ad ottemperare agli standard nazionali ed europei connessi con la pratica clinica della disciplina. Durante il percorso formativo deve aver maturato conoscenze teoriche, scientifiche e professionali nel campo della fisiopatologia, clinica e terapia delle malattie dell\u2019apparato uditivo e vestibolare e della fisiopatologia clinica e terapia della deglutizione e della comunicazione uditiva in et\u00e0 pediatrica ed adulta. Gli ambiti di competenza sono: la fisiopatologia uditiva, la fisiopatologia della comunicazione uditiva, la semeiotica funzionale e strumentale audiologica e foniatrica, la metodologia clinica e la terapia medica e chirurgica in audiologia e foniatria e la riabilitazione delle patologie della comunicazione anche tramite la prescrizione di dispositivi protesici. Deve inoltre acquisire la capacit\u00e0 di interagire positivamente con gli altri operatori sanitari e perseguire l\u2019obiettivo di un costante aggiornamento attraverso la formazione continua.<\/p>\n<p><strong>Obiettivi formativi integrati<\/strong><\/p>\n<p>Lo specializzando deve aver acquisito le nozioni di psicologia clinica, genetica medica, medicina interna, chirurgia generale, neurologia e pediatria necessarie al completamento della formazione degli specialisti della classe per la semeiotica, diagnosi e terapia delle patologie delle singole tipologie di specializzazione. Lo specializzando deve inoltre aver acquisito conoscenze relative alle principali indagini di laboratorio ematochimiche e sui tessuti, di diagnostica per immagini radiologica e neuroradiologica, della loro finalit\u00e0 ed utilit\u00e0 all\u2019inquadramento clinico e diagnostico, alla prevenzione ed al monitoraggio delle strutture e dei sistemi implicati nelle pratiche di anestesia e riabilitazione e nel paziente sottoposto a terapie intensive, rianimative e riabilitative.<br \/>\nObiettivi della formazione generale<br \/>\nSono obiettivi della formazione generala l\u2019approfondimento delle conoscenze embriogenetiche, morfologiche e strutturali e della fisiopatologia degli organi e dei sistemi deputati alla funzione uditiva e vestibolare e alla produzione e percezione verbale e apprendere le nozioni fondamentali di fisica ed elettronica al fine di acquisire le conoscenze propedeutiche per un corretto inquadramento clinico-diagnostico e per la pratica terapeutica medica, chirurgica, protesica e riabilitativa.<br \/>\nPAGINA 4<br \/>\nObiettivi formativi della tipologia della scuola<br \/>\nLo specializzando deve acquisire conoscenze su:<br \/>\n\u2022 I meccanismi alla base della percezione uditiva e dello sviluppo linguistico e dell\u2019apprendimento nell\u2019et\u00e0 evolutiva;<br \/>\n\u2022 le basi teoriche della comunicazione linguistica e della fonetica umana;<br \/>\n\u2022 la semeiotica funzionale e strumentale, della metodologia clinica delle patologie audiologiche e foniatriche e delle basi teoriche della prevenzione e la loro applicazione nel campo della rimediazione delle disabilit\u00e0 della comunicazione uditiva;<br \/>\n\u2022 la terapia medica, chirurgica, protesica e riabilitativa delle patologie audiologiche, otologiche e foniatriche; acquisire le competenze sufficienti alla prescrizione di un programma abilitativo e riabilitativo per la correzione delle principali disabilit\u00e0 indotte da patologie audiologiche e foniatriche sia per l\u2019et\u00e0 evolutiva che per gli adulti e gli anziani;<br \/>\n\u2022 le metodiche strumentali (fonometriche) di analisi dell\u2019inquinamento acustico e di valutazione clinica e medicolegale delle tecnoacusie.<\/p>\n<p><strong>Obiettivi affini e integrativi<\/strong><\/p>\n<p>Lo specializzando deve conoscere le nozioni di base di fisiopatologia, semiologia e clinica di specialit\u00e0 mediche e chirurgiche utili per la diagnosi e terapia di patologie che possono avere ambiti comuni con l\u2019audiologia e foniatria.<br \/>\nAcquisizione delle nozioni di tecnologia biomedica, di misurazioni elettriche ed elettroniche e di bioingegneria e di processing informatico necessarie alle metodologie diagnostiche funzionali e alle metodologie protesiche e riabilitative in audiologia e foniatria. Le nozioni di base per una valutazione medico-legale delle lesioni e delle disabilit\u00e0 del distretto audiologico e foniatrico e le nozioni di etica professionale necessarie al corretto svolgimento della professione di specialista in audiologia e foniatria.<br \/>\nConoscenza dei principi generali di epidemiologia e di sanit\u00e0 pubblica al fine di programmare gli interventi di prevenzione primaria e secondaria di patologie che coinvolgono la comunicazione umana.<\/p>\n<p><strong>Attivit\u00e0 professionalizzanti obbligatorie<\/strong><\/p>\n<p>Le attivit\u00e0 professionalizzanti obbligatorie per il raggiungimento delle finalit\u00e0 didattiche della tipologia sono:<br \/>\n\u2022 attivit\u00e0 clinica su 350 pazienti affetti da patologie audiologiche e foniatriche di cui almeno il 20% in et\u00e0 evolutiva ed il 20% in et\u00e0 geriatrica;<br \/>\n\u2022 100 diagnosi audiologiche e foniatriche complete, delle quali almeno il 25% con responsabilit\u00e0 diretta;<br \/>\n\u2022 20 indagini ERA, di cui almeno il 40% in pazienti in et\u00e0 evolutiva;<br \/>\n\u2022 25 rino-faringo-laringoscopie e 25 laringostroboscopie;<br \/>\n\u2022 10 analisi spettro acustiche della voce;<br \/>\n\u2022 prescrizione e controllo di almeno 30 protesi uditive di cui almeno il 10% impiantate chirurgicamente;<br \/>\n\u2022 prescrizione e partecipazione a 20 riabilitazioni di patologie della comunicazione delle quali almeno 5 in pazienti in et\u00e0 evolutiva e 5 in pazienti post-chirurgici;<br \/>\n\u2022 1 programma di prevenzione delle patologie della comunicazione;<br \/>\n\u2022 15 interventi chirurgici per la risoluzione di patologie dell\u2019orecchio che abbiano provocato una perdita uditiva;<br \/>\n\u2022 14 interventi per la correzione chirurgica di disfonie da patologia delle corde vocali e del tratto vocale;<br \/>\n\u2022 15 inquadramenti di disturbi del linguaggio;<br \/>\n\u2022 10 inquadramenti diagnostici dei Disturbi Specifici di Apprendimento (DSA);<br \/>\n\u2022 10 inquadramenti diagnostici dei disturbi della deglutizione;<br \/>\n\u2022 20 esami vestibolari (VideoOculoscopia);<br \/>\n\u2022 partecipazione a 45 valutazioni uditive in ambito neonatale (screening);<br \/>\n\u2022 partecipazione a 20 diagnosi di ipoacusia neonatale con prescrizione dell\u2019iter terapeutico protesico e riabilitativo di cui almeno il 20 % con responsabilit\u00e0 diretta.<\/p>\n<p>Lo specializzando potr\u00e0 concorrere al diploma dopo aver completato le attivit\u00e0 professionalizzanti.<\/p>\n<p>Lo specializzando, nell&#8217;ambito del percorso formativo, dovr\u00e0 apprendere le basi scientifiche della tipologia della Scuola al fine di raggiungere una piena maturit\u00e0 e competenza professionale che ricomprenda una adeguata capacit\u00e0 di interpretazione delle innovazioni scientifiche ed un sapere critico che gli consenta di gestire in modo consapevole sia l\u2019assistenza che il proprio aggiornamento; in questo ambito potranno essere previste partecipazione a meeting, a congressi e alla produzione di pubblicazioni scientifiche e periodi di frequenza in qualificate istituzioni italiane ed estere utili alla sua formazione.<\/p>\n<p>&nbsp;<\/p>\n<ul>\n<li><strong>Direttrice della Scuola<\/strong>: Prof.ssa\u00a0<a href=\"https:\/\/www.unipi.it\/ateneo\/organizzazione\/persone\/francesca-forli-4734\/\">Francesca Forli<\/a><\/li>\n<li><strong>Durata legale<\/strong>:\u00a0 4 anni<\/li>\n<li><strong>Area<\/strong>: Servizi Clinici<\/li>\n<li><strong>Classe<\/strong>: Servizi Clinici Specialistici<\/li>\n<li style=\"list-style-type: none;\">\n<ul>\n<li><\/li>\n<li><a href=\"https:\/\/www.unipi.it\/wp-content\/uploads\/audiologia_foniatria.pdf\">Ordinamento della Scuola di Audiologia e foniatria<\/a><\/li>\n<\/ul>\n<\/li>\n<\/ul>\n<h4>Rete formativa<\/h4>\n<p><strong>Struttura di Sede: <\/strong><\/p>\n<p><em>AOUP<\/em> \u2013 <em>UO Neonatologia Univ<\/em><\/p>\n<p><em>AOUP <strong>\u2013<\/strong> UO Otorinolaringoiatria audiologia e foniatria Univ<\/em><\/p>\n<p><em>AOUP <strong>\u2013<\/strong> UO Otorinolaringoiatria Univ<\/em><\/p>\n<p><strong>Strutture Complementari: <\/strong><\/p>\n<p><em>Fondazione Stella Maris<\/em> IRCCS \u2013\u00a0 UO Medicina Molecolare e Neurogenetica delle malattie Neurodegenerative e Neuromuscolari<br \/>\n<em>Fondazione Stella Maris<\/em> IRCCS \u2013\u00a0 UO NPI 1 . Neurologia e Neuroriabilitazione<br \/>\n<em>Fondazione Stella Maris<\/em> IRCCS \u2013\u00a0 UO NPI 2 &#8211; Psichiatria e Psicofarmacologia dello Sviluppo<\/p>\n<p><em>Fondazione Stella Maris<\/em> IRCCS \u2013\u00a0 UO NPI 3 &#8211; Psichiatria dello Sviluppo<\/p>\n<p><em>Fondazione Stella Maris<\/em> IRCCS \u2013\u00a0 UO NPI 4 &#8211; Riabilitazione Neuropsichica per post-acuti<\/p>\n<p><strong>Strutture Collegate:<\/strong><\/p>\n<p><em>Azienda Usl Toscana Centro \u2013 SOC Otorinolaringoiatria P.O. San Giuseppe di Empoli<\/em><\/p>\n<p><em>AOUS &#8211; UOC Otorinolaringoiatria<\/em><\/p>\n<p>&nbsp;<\/p>\n","protected":false},"excerpt":{"rendered":"<p>Lo specialista in Audiologia e Foniatria possiede le abilit\u00e0 professionali e l\u2019attitudine necessaria ad ottemperare agli standard nazionali ed europei&hellip;<\/p>\n<p><a class=\"btn btn-dark btn-sm unipi-read-more-link\" href=\"https:\/\/www.med.unipi.it\/index.php\/scuole-di-specializzazione\/scuole-mediche\/audiologia-e-foniatria\/\">Leggi tutto&#8230;<\/a><\/p>\n","protected":false},"author":1,"featured_media":0,"parent":11620,"menu_order":0,"comment_status":"closed","ping_status":"closed","template":"","meta":{"footnotes":""},"categories":[106],"tags":[],"class_list":["post-11641","page","type-page","status-publish","hentry","category-scuole-mediche"],"yoast_head":"<!-- This site is optimized with the Yoast SEO plugin v27.0 - https:\/\/yoast.com\/product\/yoast-seo-wordpress\/ -->\n<title>Audiologia e Foniatria - Scuola di Medicina<\/title>\n<meta name=\"robots\" content=\"index, follow, max-snippet:-1, max-image-preview:large, max-video-preview:-1\" \/>\n<link rel=\"canonical\" href=\"https:\/\/www.med.unipi.it\/index.php\/scuole-di-specializzazione\/scuole-mediche\/audiologia-e-foniatria\/\" \/>\n<meta property=\"og:locale\" content=\"it_IT\" \/>\n<meta property=\"og:type\" content=\"article\" \/>\n<meta property=\"og:title\" content=\"Audiologia e Foniatria - Scuola di Medicina\" \/>\n<meta property=\"og:description\" content=\"Lo specialista in Audiologia e Foniatria possiede le abilit\u00e0 professionali e l\u2019attitudine necessaria ad ottemperare agli standard nazionali ed europei&hellip;Leggi tutto...\" \/>\n<meta property=\"og:url\" content=\"https:\/\/www.med.unipi.it\/index.php\/scuole-di-specializzazione\/scuole-mediche\/audiologia-e-foniatria\/\" \/>\n<meta property=\"og:site_name\" content=\"Scuola di Medicina\" \/>\n<meta property=\"article:modified_time\" content=\"2025-12-29T13:18:13+00:00\" \/>\n<meta name=\"twitter:card\" content=\"summary_large_image\" \/>\n<meta name=\"twitter:label1\" content=\"Tempo di lettura stimato\" \/>\n\t<meta name=\"twitter:data1\" content=\"6 minuti\" \/>\n<script type=\"application\/ld+json\" class=\"yoast-schema-graph\">{\"@context\":\"https:\/\/schema.org\",\"@graph\":[{\"@type\":\"WebPage\",\"@id\":\"https:\/\/www.med.unipi.it\/index.php\/scuole-di-specializzazione\/scuole-mediche\/audiologia-e-foniatria\/\",\"url\":\"https:\/\/www.med.unipi.it\/index.php\/scuole-di-specializzazione\/scuole-mediche\/audiologia-e-foniatria\/\",\"name\":\"Audiologia e Foniatria - Scuola di Medicina\",\"isPartOf\":{\"@id\":\"https:\/\/www.med.unipi.it\/#website\"},\"datePublished\":\"2025-10-28T13:51:04+00:00\",\"dateModified\":\"2025-12-29T13:18:13+00:00\",\"breadcrumb\":{\"@id\":\"https:\/\/www.med.unipi.it\/index.php\/scuole-di-specializzazione\/scuole-mediche\/audiologia-e-foniatria\/#breadcrumb\"},\"inLanguage\":\"it-IT\",\"potentialAction\":[{\"@type\":\"ReadAction\",\"target\":[\"https:\/\/www.med.unipi.it\/index.php\/scuole-di-specializzazione\/scuole-mediche\/audiologia-e-foniatria\/\"]}]},{\"@type\":\"BreadcrumbList\",\"@id\":\"https:\/\/www.med.unipi.it\/index.php\/scuole-di-specializzazione\/scuole-mediche\/audiologia-e-foniatria\/#breadcrumb\",\"itemListElement\":[{\"@type\":\"ListItem\",\"position\":1,\"name\":\"Home\",\"item\":\"https:\/\/www.med.unipi.it\/\"},{\"@type\":\"ListItem\",\"position\":2,\"name\":\"Scuole di Specializzazione\",\"item\":\"https:\/\/www.med.unipi.it\/index.php\/scuole-di-specializzazione\/\"},{\"@type\":\"ListItem\",\"position\":3,\"name\":\"Scuole Mediche\",\"item\":\"https:\/\/www.med.unipi.it\/index.php\/scuole-di-specializzazione\/scuole-mediche\/\"},{\"@type\":\"ListItem\",\"position\":4,\"name\":\"Audiologia e Foniatria\"}]},{\"@type\":\"WebSite\",\"@id\":\"https:\/\/www.med.unipi.it\/#website\",\"url\":\"https:\/\/www.med.unipi.it\/\",\"name\":\"Scuola di Medicina\",\"description\":\"\",\"potentialAction\":[{\"@type\":\"SearchAction\",\"target\":{\"@type\":\"EntryPoint\",\"urlTemplate\":\"https:\/\/www.med.unipi.it\/?s={search_term_string}\"},\"query-input\":{\"@type\":\"PropertyValueSpecification\",\"valueRequired\":true,\"valueName\":\"search_term_string\"}}],\"inLanguage\":\"it-IT\"}]}<\/script>\n<!-- \/ Yoast SEO plugin. -->","yoast_head_json":{"title":"Audiologia e Foniatria - Scuola di Medicina","robots":{"index":"index","follow":"follow","max-snippet":"max-snippet:-1","max-image-preview":"max-image-preview:large","max-video-preview":"max-video-preview:-1"},"canonical":"https:\/\/www.med.unipi.it\/index.php\/scuole-di-specializzazione\/scuole-mediche\/audiologia-e-foniatria\/","og_locale":"it_IT","og_type":"article","og_title":"Audiologia e Foniatria - Scuola di Medicina","og_description":"Lo specialista in Audiologia e Foniatria possiede le abilit\u00e0 professionali e l\u2019attitudine necessaria ad ottemperare agli standard nazionali ed europei&hellip;Leggi tutto...","og_url":"https:\/\/www.med.unipi.it\/index.php\/scuole-di-specializzazione\/scuole-mediche\/audiologia-e-foniatria\/","og_site_name":"Scuola di Medicina","article_modified_time":"2025-12-29T13:18:13+00:00","twitter_card":"summary_large_image","twitter_misc":{"Tempo di lettura stimato":"6 minuti"},"schema":{"@context":"https:\/\/schema.org","@graph":[{"@type":"WebPage","@id":"https:\/\/www.med.unipi.it\/index.php\/scuole-di-specializzazione\/scuole-mediche\/audiologia-e-foniatria\/","url":"https:\/\/www.med.unipi.it\/index.php\/scuole-di-specializzazione\/scuole-mediche\/audiologia-e-foniatria\/","name":"Audiologia e Foniatria - Scuola di Medicina","isPartOf":{"@id":"https:\/\/www.med.unipi.it\/#website"},"datePublished":"2025-10-28T13:51:04+00:00","dateModified":"2025-12-29T13:18:13+00:00","breadcrumb":{"@id":"https:\/\/www.med.unipi.it\/index.php\/scuole-di-specializzazione\/scuole-mediche\/audiologia-e-foniatria\/#breadcrumb"},"inLanguage":"it-IT","potentialAction":[{"@type":"ReadAction","target":["https:\/\/www.med.unipi.it\/index.php\/scuole-di-specializzazione\/scuole-mediche\/audiologia-e-foniatria\/"]}]},{"@type":"BreadcrumbList","@id":"https:\/\/www.med.unipi.it\/index.php\/scuole-di-specializzazione\/scuole-mediche\/audiologia-e-foniatria\/#breadcrumb","itemListElement":[{"@type":"ListItem","position":1,"name":"Home","item":"https:\/\/www.med.unipi.it\/"},{"@type":"ListItem","position":2,"name":"Scuole di Specializzazione","item":"https:\/\/www.med.unipi.it\/index.php\/scuole-di-specializzazione\/"},{"@type":"ListItem","position":3,"name":"Scuole Mediche","item":"https:\/\/www.med.unipi.it\/index.php\/scuole-di-specializzazione\/scuole-mediche\/"},{"@type":"ListItem","position":4,"name":"Audiologia e Foniatria"}]},{"@type":"WebSite","@id":"https:\/\/www.med.unipi.it\/#website","url":"https:\/\/www.med.unipi.it\/","name":"Scuola di Medicina","description":"","potentialAction":[{"@type":"SearchAction","target":{"@type":"EntryPoint","urlTemplate":"https:\/\/www.med.unipi.it\/?s={search_term_string}"},"query-input":{"@type":"PropertyValueSpecification","valueRequired":true,"valueName":"search_term_string"}}],"inLanguage":"it-IT"}]}},"_links":{"self":[{"href":"https:\/\/www.med.unipi.it\/index.php\/wp-json\/wp\/v2\/pages\/11641","targetHints":{"allow":["GET"]}}],"collection":[{"href":"https:\/\/www.med.unipi.it\/index.php\/wp-json\/wp\/v2\/pages"}],"about":[{"href":"https:\/\/www.med.unipi.it\/index.php\/wp-json\/wp\/v2\/types\/page"}],"author":[{"embeddable":true,"href":"https:\/\/www.med.unipi.it\/index.php\/wp-json\/wp\/v2\/users\/1"}],"replies":[{"embeddable":true,"href":"https:\/\/www.med.unipi.it\/index.php\/wp-json\/wp\/v2\/comments?post=11641"}],"version-history":[{"count":3,"href":"https:\/\/www.med.unipi.it\/index.php\/wp-json\/wp\/v2\/pages\/11641\/revisions"}],"predecessor-version":[{"id":12580,"href":"https:\/\/www.med.unipi.it\/index.php\/wp-json\/wp\/v2\/pages\/11641\/revisions\/12580"}],"up":[{"embeddable":true,"href":"https:\/\/www.med.unipi.it\/index.php\/wp-json\/wp\/v2\/pages\/11620"}],"wp:attachment":[{"href":"https:\/\/www.med.unipi.it\/index.php\/wp-json\/wp\/v2\/media?parent=11641"}],"wp:term":[{"taxonomy":"category","embeddable":true,"href":"https:\/\/www.med.unipi.it\/index.php\/wp-json\/wp\/v2\/categories?post=11641"},{"taxonomy":"post_tag","embeddable":true,"href":"https:\/\/www.med.unipi.it\/index.php\/wp-json\/wp\/v2\/tags?post=11641"}],"curies":[{"name":"wp","href":"https:\/\/api.w.org\/{rel}","templated":true}]}}