{"id":11652,"date":"2025-10-28T15:09:46","date_gmt":"2025-10-28T14:09:46","guid":{"rendered":"https:\/\/www.med.unipi.it\/?page_id=11652"},"modified":"2025-12-31T10:41:43","modified_gmt":"2025-12-31T09:41:43","slug":"chirurgia-generale","status":"publish","type":"page","link":"https:\/\/www.med.unipi.it\/index.php\/scuole-di-specializzazione\/scuole-mediche\/chirurgia-generale\/","title":{"rendered":"Chirurgia Generale"},"content":{"rendered":"<p>Lo Specialista in Chirurgia generale deve avere maturato conoscenze teoriche, scientifiche e professionali nel campo della fisiopatologia, della semeiotica funzionale e strumentale e della clinica chirurgica generale; ha inoltre specifica competenza nella chirurgia d\u2019urgenza, pronto soccorso e del trauma, nella chirurgia dell\u2019apparato digerente tradizionale, endoscopica e mini-invasiva, nella endocrinochirurgia, nella chirurgia oncologica e nella chirurgia sostitutiva, ricostruttiva e dei trapianti d\u2019organo.<\/p>\n<p><strong>Obiettivi formativi integrati<\/strong><\/p>\n<p>Lo specializzando deve aver acquisito una soddisfacente conoscenza teorica e competenza professionale nella diagnosi clinica e strumentale e nel trattamento, anche in condizioni di emergenza-urgenza, delle pi\u00f9 diffuse patologie chirurgiche. Lo specializzando deve acquisire le conoscenze fondamentali di fisiopatologia dei diversi organi ed apparati, le conoscenze teoriche e pratiche necessarie per il riconoscimento delle malattie che riguardano i diversi sistemi dell\u2019organismo, le conoscenze teoriche e pratiche dei principali settori di diagnostica strumentale e di laboratorio relative alle suddette malattie, l\u2019acquisizione della capacit\u00e0 di valutazione delle connessioni ed influenze internistiche e specialistiche. Deve pertanto saper riconoscere i sintomi e i segni clinico-funzionali con cui si manifestano le malattie di vari organi ed apparati, avendo acquisito le conoscenze fondamentali diagnostiche, terapeutiche, psicologiche ed etiche necessarie per una visione globale del paziente. A tal fine deve maturare la capacit\u00e0 di inquadrare clinicamente il paziente sulla base dell&#8217;anamnesi e dell&#8217;esame obiettivo; sviluppare capacit\u00e0 diagnostiche critiche ed analitiche; acquisire familiarit\u00e0 con le principali procedure diagnostiche ed indagini laboratoristico-strumentali; riconoscere ed essere in grado di affrontare le principali emergenze mediche; familiarizzarsi con le risorse terapeutiche per programmarne l\u2019uso ottimale e riconoscerne le indicazioni e controindicazioni, cos\u00ec come gli effetti di interazione e i possibili incidenti iatrogeni; acquisire le nozioni fondamentali relative alle metodologie di ricerca clinica ed alle sperimentazioni farmacologiche; conoscere le problematiche fondamentali relative a prevenzione, sanit\u00e0 pubblica e medicina sociale. Lo specializzando deve aver acquisito una soddisfacente conoscenza teorica e competenza professionale nel riconoscimento e nel trattamento, in condizioni di emergenza-urgenza, delle pi\u00f9 diffuse patologie. In-fine lo specializzando deve anche conoscere, sotto l&#8217;aspetto clinico e terapeutico, le pi\u00f9 comuni patologie di competenza delle altre tipologie della classe.<\/p>\n<p><strong>Obiettivi della formazione di base<\/strong><\/p>\n<p>Sono obiettivi formativi di base: l\u2019apprendimento di approfondite conoscenze di fisiopatologia, anatomia chirurgica e medicina operatoria; le conoscenze necessarie per la valutazione epidemiologica e l\u2019inquadramento dei casi clinici anche mediante sistemi informatici; l\u2019organizzazione e gestione dei servizi sanitari secondo le pi\u00f9 recenti direttive.<br \/>\nLo Specializzando deve acquisire la base di conoscenza necessaria ad organizzare e gestire la propria attivit\u00e0 di chirurgo in rapporto alle caratteristiche delle strutture e del territorio nelle quali \u00e8 tenuto ad operare; la conoscenza degli aspetti medico-legali relativi alla propria professione e le leggi ed i regolamenti che governano l\u2019assistenza sanitaria.<br \/>\nObiettivi formativi della tipologia della scuola<br \/>\nSono obiettivi formativi della tipologia della Scuola:<br \/>\n\uf0b7 apprendere le conoscenze fondamentali di Anatomia Topografica rilevanti per l\u2019esame clinico obiettivo di Medicina operatoria, i principi di asepsi e antisepsi, le problematiche inerenti l\u2019organizzazione e l\u2019igiene ambientale delle Sale Operatorie.<br \/>\n\uf0b7 conoscere lo strumentario chirurgico ed i materiali di sutura nonch\u00e9 le tecniche e metodiche chirurgiche tradizionali ed alternative.<br \/>\n\uf0b7 acquisire un\u2019approfondita conoscenza di base e la relativa esperienza pratica per una valutazione clinica complessiva della malattia e del paziente sulla scorta delle conoscenze di patologie cliniche, anatomia patologica, fisiopatologia chirurgica, metodologia clinica e diagnostica strumentale e per immagini e per l\u2019indicazione al tipo di trattamento medico o chirurgico pi\u00f9 efficace in funzione dei rischi, dei benefici e dei risultati per ogni singolo paziente.<br \/>\n\uf0b7 essere in grado di scegliere le soluzioni chirurgiche ritenute pi\u00f9 idonee nel trattamento della malattia chirurgica sia sotto il profilo delle indicazioni che tecnico.<br \/>\n\uf0b7 avere le conoscenze adeguate per affrontare le problematiche relative all\u2019impostazione e gestione del decorso post-operatorio e dei controlli a distanza.<br \/>\n\uf0b7 acquisire le adeguate competenze multidisciplinari che consentano allo specialista una corretta impostazione del caso clinico che vada al di l\u00e0 della esclusiva competenza tecnico-chirurgica e tale da inserirlo in un lavoro di equipe che si faccia carico, in senso complessivo, della fase pre e post operatoria.<br \/>\nObiettivi affini e integrativi<br \/>\nSono obiettivi affini e integrativi:<br \/>\n\uf0b7 acquisire le conoscenze di base e l\u2019esperienza necessaria per diagnosticare e trattare anche chirurgicamente le patologie di competenza specialistica di pi\u00f9 frequente riscontro in chirurgia generale (chirurgia plastica e ricostruttiva, toracica, vascolare, pediatrica, urologia, ginecologica, ortopedia) o caratterizzate dall\u2019indifferibilit\u00e0 di un trattamento in urgenza;<br \/>\n\uf0b7 riconoscere, diagnosticare ed impostare il trattamento definendo in una visione complessiva la priorit\u00e0 nei casi di patologia o lesioni multiple, in pazienti che richiedono l\u2019impiego necessario di altri specialisti (cardiochirurgia, neurochirurgia, chirurgia maxillofacciale)<\/p>\n<p><strong>Attivit\u00e0 professionalizzanti obbligatorie<\/strong><\/p>\n<p>Sono attivit\u00e0 professionalizzanti obbligatorie per il raggiungimento delle finalit\u00e0 della tipologia:<br \/>\n\uf0b7 almeno 30 interventi di alta chirurgia di cui il 10% come primo operatore. Il resto come secondo operatore;<br \/>\n\uf0b7 almeno 80 intereventi di media chirurgia di cui il 25% come primo operatore. Il resto come secondo operatore;<br \/>\n\uf0b7 almeno 325 interventi di piccola chirurgia di cui il 40% come primo operatore. (Sono incluse le procedure di chirurgia ambulatoriale e in D.H.). Il resto come secondo operatore.<br \/>\n\uf0b7 aver prestato assistenza diretta e responsabile con relativi atti diagnostici e terapeutici in un adeguato numero di pazienti in elezione, critici e in emergenza\/urgenza.<br \/>\nLo Specializzando deve aver prestato attivit\u00e0 di assistenza diretta per almeno 2 semestri complessivi in chirurgia d\u2019urgenza pronto soccorso e del trauma, in anestesia e rianimazione e nelle chirurgie specialistiche previste dall\u2019ordinamento secondo le modalit\u00e0 definite dal Consiglio della Scuola.<br \/>\nPotr\u00e0 concorrere al diploma dopo aver completato l\u2019attivit\u00e0 chirurgica.<br \/>\nNella preparazione tecnica \u00e8 consigliabile, ove possibile, lo studio della medicina operatoria sul cadavere. E\u2019 inoltre utile un corso di addestramento con simulatori virtuali e box per l\u2019esercizio in tecniche laparoscopiche. La tecnica di base della micro chirurgia sperimentale va appresa in laboratorio con un corso propedeutico.<br \/>\nLo specializzando potr\u00e0 concorrere al diploma dopo aver completato le attivit\u00e0 professionalizzanti.<br \/>\nLo specializzando, nell&#8217;ambito del percorso formativo, dovr\u00e0 apprendere le basi scientifiche della tipologia della Scuola al fine di raggiungere una piena maturit\u00e0 e competenza professionale che ricomprenda una adeguata capacit\u00e0 di interpretazione delle innovazioni scientifiche ed un sapere critico che gli consenta di gestire in modo consapevole sia l\u2019assistenza che il proprio aggiornamento; in questo ambito potranno essere previste partecipazione a meeting, a congressi e alla produzione di pubblicazioni scientifiche e periodi di frequenza in qualificate istituzioni italiane ed estere utili alla sua formazione.<\/p>\n<ul>\n<li><strong>Direttore<\/strong>: Prof. <a href=\"https:\/\/www.unipi.it\/ateneo\/organizzazione\/persone\/gabriele-materazzi-5957\/\">Gabriele Materazzi<\/a><\/li>\n<li><strong>Durata legale<\/strong>: 5 anni<\/li>\n<li><strong>Area<\/strong>: Chirurgica<\/li>\n<li><strong>Classe<\/strong>: Chirurgie Generali e Specialistiche<\/li>\n<li><\/li>\n<li><a href=\"https:\/\/www.unipi.it\/wp-content\/uploads\/chirurgia_generale_ret-1.pdf\">Ordinamento della Scuola di Chirurgia generale<\/a><\/li>\n<\/ul>\n<h4>Rete formativa<\/h4>\n<p><strong>Struttura di Sede:<\/strong><\/p>\n<p><em>AOUP\u00a0 &#8211; CENTRO ROBOTICO<br \/>\nAOUP &#8211; Polo multidisciplinare DS<\/em><\/p>\n<p><em>AOUP &#8211; SOD Chirurgia generale Univ<\/em><\/p>\n<p><em>AOUP &#8211; SOD Chirurgia proctologica e perineale SSN<\/em><\/p>\n<p><em>AOUP &#8211; UO Chirurgia bariatrica SSN<\/em><\/p>\n<p><em>AOUP &#8211; UO Chirurgia dell&#8217;esofago SSN<\/em><\/p>\n<p><em>AOUP &#8211; UO Chirurgia di urgenza Univ<\/em><\/p>\n<p><em>AOUP &#8211; UO Chirurgia epatica e del trapianto di fegato Univ<\/em><\/p>\n<p><em>AOUP &#8211; UO Chirurgia generale e dei trapianti Univ<\/em><\/p>\n<p><em>AOUP &#8211; UO Chirurgia generale SSN<\/em><\/p>\n<p><em>AOUP &#8211; UO Endocrinochirurgia Univ<\/em><\/p>\n<p><em>AOUP &#8211; UO Senologia SSN<\/em><\/p>\n<p><strong>Strutture Collegate:<\/strong><\/p>\n<p><em>ATNO &#8211; UOC CHIRURGIA GENERALE<\/em><br \/>\nPresidi di:<\/p>\n<p>Livorno<br \/>\nLucca<br \/>\nVersilia<br \/>\nApuane e Massa<\/p>\n<p>&nbsp;<\/p>\n","protected":false},"excerpt":{"rendered":"<p>Lo Specialista in Chirurgia generale deve avere maturato conoscenze teoriche, scientifiche e professionali nel campo della fisiopatologia, della semeiotica funzionale&hellip;<\/p>\n<p><a class=\"btn btn-dark btn-sm unipi-read-more-link\" href=\"https:\/\/www.med.unipi.it\/index.php\/scuole-di-specializzazione\/scuole-mediche\/chirurgia-generale\/\">Leggi tutto&#8230;<\/a><\/p>\n","protected":false},"author":1,"featured_media":0,"parent":11620,"menu_order":0,"comment_status":"closed","ping_status":"closed","template":"","meta":{"footnotes":""},"categories":[106],"tags":[],"class_list":["post-11652","page","type-page","status-publish","hentry","category-scuole-mediche"],"yoast_head":"<!-- This site is optimized with the Yoast SEO plugin v27.0 - https:\/\/yoast.com\/product\/yoast-seo-wordpress\/ -->\n<title>Chirurgia Generale - Scuola di Medicina<\/title>\n<meta name=\"robots\" content=\"index, follow, max-snippet:-1, max-image-preview:large, max-video-preview:-1\" \/>\n<link rel=\"canonical\" href=\"https:\/\/www.med.unipi.it\/index.php\/scuole-di-specializzazione\/scuole-mediche\/chirurgia-generale\/\" \/>\n<meta property=\"og:locale\" content=\"it_IT\" \/>\n<meta property=\"og:type\" content=\"article\" \/>\n<meta property=\"og:title\" content=\"Chirurgia Generale - Scuola di Medicina\" \/>\n<meta property=\"og:description\" content=\"Lo Specialista in Chirurgia generale deve avere maturato conoscenze teoriche, scientifiche e professionali nel campo della fisiopatologia, della semeiotica funzionale&hellip;Leggi tutto...\" \/>\n<meta property=\"og:url\" content=\"https:\/\/www.med.unipi.it\/index.php\/scuole-di-specializzazione\/scuole-mediche\/chirurgia-generale\/\" \/>\n<meta property=\"og:site_name\" content=\"Scuola di Medicina\" \/>\n<meta property=\"article:modified_time\" content=\"2025-12-31T09:41:43+00:00\" \/>\n<meta name=\"twitter:card\" content=\"summary_large_image\" \/>\n<meta name=\"twitter:label1\" content=\"Tempo di lettura stimato\" \/>\n\t<meta name=\"twitter:data1\" content=\"7 minuti\" \/>\n<script type=\"application\/ld+json\" class=\"yoast-schema-graph\">{\"@context\":\"https:\/\/schema.org\",\"@graph\":[{\"@type\":\"WebPage\",\"@id\":\"https:\/\/www.med.unipi.it\/index.php\/scuole-di-specializzazione\/scuole-mediche\/chirurgia-generale\/\",\"url\":\"https:\/\/www.med.unipi.it\/index.php\/scuole-di-specializzazione\/scuole-mediche\/chirurgia-generale\/\",\"name\":\"Chirurgia Generale - Scuola di Medicina\",\"isPartOf\":{\"@id\":\"https:\/\/www.med.unipi.it\/#website\"},\"datePublished\":\"2025-10-28T14:09:46+00:00\",\"dateModified\":\"2025-12-31T09:41:43+00:00\",\"breadcrumb\":{\"@id\":\"https:\/\/www.med.unipi.it\/index.php\/scuole-di-specializzazione\/scuole-mediche\/chirurgia-generale\/#breadcrumb\"},\"inLanguage\":\"it-IT\",\"potentialAction\":[{\"@type\":\"ReadAction\",\"target\":[\"https:\/\/www.med.unipi.it\/index.php\/scuole-di-specializzazione\/scuole-mediche\/chirurgia-generale\/\"]}]},{\"@type\":\"BreadcrumbList\",\"@id\":\"https:\/\/www.med.unipi.it\/index.php\/scuole-di-specializzazione\/scuole-mediche\/chirurgia-generale\/#breadcrumb\",\"itemListElement\":[{\"@type\":\"ListItem\",\"position\":1,\"name\":\"Home\",\"item\":\"https:\/\/www.med.unipi.it\/\"},{\"@type\":\"ListItem\",\"position\":2,\"name\":\"Scuole di Specializzazione\",\"item\":\"https:\/\/www.med.unipi.it\/index.php\/scuole-di-specializzazione\/\"},{\"@type\":\"ListItem\",\"position\":3,\"name\":\"Scuole Mediche\",\"item\":\"https:\/\/www.med.unipi.it\/index.php\/scuole-di-specializzazione\/scuole-mediche\/\"},{\"@type\":\"ListItem\",\"position\":4,\"name\":\"Chirurgia Generale\"}]},{\"@type\":\"WebSite\",\"@id\":\"https:\/\/www.med.unipi.it\/#website\",\"url\":\"https:\/\/www.med.unipi.it\/\",\"name\":\"Scuola di Medicina\",\"description\":\"\",\"potentialAction\":[{\"@type\":\"SearchAction\",\"target\":{\"@type\":\"EntryPoint\",\"urlTemplate\":\"https:\/\/www.med.unipi.it\/?s={search_term_string}\"},\"query-input\":{\"@type\":\"PropertyValueSpecification\",\"valueRequired\":true,\"valueName\":\"search_term_string\"}}],\"inLanguage\":\"it-IT\"}]}<\/script>\n<!-- \/ Yoast SEO plugin. -->","yoast_head_json":{"title":"Chirurgia Generale - Scuola di Medicina","robots":{"index":"index","follow":"follow","max-snippet":"max-snippet:-1","max-image-preview":"max-image-preview:large","max-video-preview":"max-video-preview:-1"},"canonical":"https:\/\/www.med.unipi.it\/index.php\/scuole-di-specializzazione\/scuole-mediche\/chirurgia-generale\/","og_locale":"it_IT","og_type":"article","og_title":"Chirurgia Generale - Scuola di Medicina","og_description":"Lo Specialista in Chirurgia generale deve avere maturato conoscenze teoriche, scientifiche e professionali nel campo della fisiopatologia, della semeiotica funzionale&hellip;Leggi tutto...","og_url":"https:\/\/www.med.unipi.it\/index.php\/scuole-di-specializzazione\/scuole-mediche\/chirurgia-generale\/","og_site_name":"Scuola di Medicina","article_modified_time":"2025-12-31T09:41:43+00:00","twitter_card":"summary_large_image","twitter_misc":{"Tempo di lettura stimato":"7 minuti"},"schema":{"@context":"https:\/\/schema.org","@graph":[{"@type":"WebPage","@id":"https:\/\/www.med.unipi.it\/index.php\/scuole-di-specializzazione\/scuole-mediche\/chirurgia-generale\/","url":"https:\/\/www.med.unipi.it\/index.php\/scuole-di-specializzazione\/scuole-mediche\/chirurgia-generale\/","name":"Chirurgia Generale - Scuola di Medicina","isPartOf":{"@id":"https:\/\/www.med.unipi.it\/#website"},"datePublished":"2025-10-28T14:09:46+00:00","dateModified":"2025-12-31T09:41:43+00:00","breadcrumb":{"@id":"https:\/\/www.med.unipi.it\/index.php\/scuole-di-specializzazione\/scuole-mediche\/chirurgia-generale\/#breadcrumb"},"inLanguage":"it-IT","potentialAction":[{"@type":"ReadAction","target":["https:\/\/www.med.unipi.it\/index.php\/scuole-di-specializzazione\/scuole-mediche\/chirurgia-generale\/"]}]},{"@type":"BreadcrumbList","@id":"https:\/\/www.med.unipi.it\/index.php\/scuole-di-specializzazione\/scuole-mediche\/chirurgia-generale\/#breadcrumb","itemListElement":[{"@type":"ListItem","position":1,"name":"Home","item":"https:\/\/www.med.unipi.it\/"},{"@type":"ListItem","position":2,"name":"Scuole di Specializzazione","item":"https:\/\/www.med.unipi.it\/index.php\/scuole-di-specializzazione\/"},{"@type":"ListItem","position":3,"name":"Scuole Mediche","item":"https:\/\/www.med.unipi.it\/index.php\/scuole-di-specializzazione\/scuole-mediche\/"},{"@type":"ListItem","position":4,"name":"Chirurgia Generale"}]},{"@type":"WebSite","@id":"https:\/\/www.med.unipi.it\/#website","url":"https:\/\/www.med.unipi.it\/","name":"Scuola di Medicina","description":"","potentialAction":[{"@type":"SearchAction","target":{"@type":"EntryPoint","urlTemplate":"https:\/\/www.med.unipi.it\/?s={search_term_string}"},"query-input":{"@type":"PropertyValueSpecification","valueRequired":true,"valueName":"search_term_string"}}],"inLanguage":"it-IT"}]}},"_links":{"self":[{"href":"https:\/\/www.med.unipi.it\/index.php\/wp-json\/wp\/v2\/pages\/11652","targetHints":{"allow":["GET"]}}],"collection":[{"href":"https:\/\/www.med.unipi.it\/index.php\/wp-json\/wp\/v2\/pages"}],"about":[{"href":"https:\/\/www.med.unipi.it\/index.php\/wp-json\/wp\/v2\/types\/page"}],"author":[{"embeddable":true,"href":"https:\/\/www.med.unipi.it\/index.php\/wp-json\/wp\/v2\/users\/1"}],"replies":[{"embeddable":true,"href":"https:\/\/www.med.unipi.it\/index.php\/wp-json\/wp\/v2\/comments?post=11652"}],"version-history":[{"count":5,"href":"https:\/\/www.med.unipi.it\/index.php\/wp-json\/wp\/v2\/pages\/11652\/revisions"}],"predecessor-version":[{"id":12588,"href":"https:\/\/www.med.unipi.it\/index.php\/wp-json\/wp\/v2\/pages\/11652\/revisions\/12588"}],"up":[{"embeddable":true,"href":"https:\/\/www.med.unipi.it\/index.php\/wp-json\/wp\/v2\/pages\/11620"}],"wp:attachment":[{"href":"https:\/\/www.med.unipi.it\/index.php\/wp-json\/wp\/v2\/media?parent=11652"}],"wp:term":[{"taxonomy":"category","embeddable":true,"href":"https:\/\/www.med.unipi.it\/index.php\/wp-json\/wp\/v2\/categories?post=11652"},{"taxonomy":"post_tag","embeddable":true,"href":"https:\/\/www.med.unipi.it\/index.php\/wp-json\/wp\/v2\/tags?post=11652"}],"curies":[{"name":"wp","href":"https:\/\/api.w.org\/{rel}","templated":true}]}}