{"id":11671,"date":"2025-10-28T16:29:33","date_gmt":"2025-10-28T15:29:33","guid":{"rendered":"https:\/\/www.med.unipi.it\/?page_id=11671"},"modified":"2025-12-31T10:40:48","modified_gmt":"2025-12-31T09:40:48","slug":"chirurgia-toracica","status":"publish","type":"page","link":"https:\/\/www.med.unipi.it\/index.php\/scuole-di-specializzazione\/scuole-mediche\/chirurgia-toracica\/","title":{"rendered":"Chirurgia Toracica"},"content":{"rendered":"<p>Lo specialista in Chirurgia Toracica matura conoscenze teoriche, scientifiche e professionali nel campo della fisiopatologia, della diagnostica clinica e strumentale, della clinica delle malattie dell\u2019apparato respiratorio, del cuore e dei grossi vasi, dell\u2019esofago, del mediastino e della parete toracica, di interesse chirurgico. Sono specifici ambiti di competenza l\u2019endoscopia toracica, la chirurgia endoscopica e mini invasiva, la chirurgia d\u2019urgenza, la clinica e la terapia farmacologia e chirurgica delle malattie del polmone, del cuore e dei grossi vasi, dell\u2019esofago e del mediastino, nonch\u00e9 della chirurgia ricostruttiva e dei trapianti del polmone.<\/p>\n<p><strong>Obiettivi formativi integrati<\/strong><\/p>\n<p>lo specializzando deve acquisire le conoscenze approfondite di anatomia, di biochimica clinica, di fisiopatologia e di farmacologia; conoscenze idonee alla valutazione epidemiologica e all\u2019inquadramento dei casi clinici, anche mediante sistemi informatizzati; esperienza pratica necessaria alla corretta valutazione clinica di un paziente sulla base delle conoscenze dei meccanismi eziopatogenetici dei processi morbosi, dei relativi aspetti anatomo-patologici, e delle implicazioni di ordine microbiologico ed ematologico; approfondimento del-la conoscenza dell\u2019inglese scientifico. Lo specializzando deve inoltre acquisire le conoscenze di Anatomia chirurgica necessarie per l\u2019esame clinico obiettivo e la medicina operatoria; i principi di asepsi e le problematiche inerenti l\u2019organizzazione e l\u2019igiene ambientale delle sale operatorie; la conoscenza dello strumentario chirurgico e dei materiali di sutura; le tecniche e le metodiche chirurgiche tradizionali ed alternative; la conoscenza di base e la relativa esperienza pratica, necessarie a definire e verificare personalmente, sulla base della valutazione complessiva della malattia e del paziente, una corretta definizione della patologia cardiaca, toracica o vascolare nei singoli pazienti e l\u2019indicazione al tipo di trattamento pi\u00f9 idoneo, in funzione dei rischi, dei benefici e dei risultati attesi per ogni singolo malato; apprendi-mento delle conoscenze teorico-pratiche per la terapia preoperatoria e postoperatoria (inclusa la terapia intensiva) delle malattie chirurgiche inerenti le specialit\u00e0, in modo che lo specializzando possa essere in grado di affrontare e risolvere le problematiche relative all\u2019impostazione e gestione del decorso postoperatorio immediato e dei controlli a distanza. Sulla base poi di una valutazione complessiva della malattia deve essere in grado di affrontare in prima persona l\u2019esecuzione di atti operatori in elezione e in urgenza. Lo specializzando deve acquisire: le conoscenze di base e l\u2019esperienza necessaria per diagnosticare ed impostare il trattamento delle patologie di competenza della classe, in una visione complessiva delle priorit\u00e0 nei casi di patologie o lesioni multiple, nei pazienti che richiedono il necessario impiego di altre afferenze specialistiche rilevanti; la conoscenza degli aspetti medico-legali relativi alla propria professione e dell\u2019insieme di leggi, norme e regolamenti che governano l\u2019assistenza sanitaria; la capacit\u00e0 di organizzare e gestire la propria attivit\u00e0 di Chirurgo in rapporto alle caratteristiche delle strutture nelle quali sar\u00e0 chiamato ad operare.<\/p>\n<p><strong>Obiettivi della formazione di base<\/strong><\/p>\n<p>Sono obiettivi formativi di base: &#8211; Lo specializzando deve apprendere conoscenze approfondite di anatomia, fisiopatologia, ed anatomia patologica del torace e degli organi in esso contenuto.<\/p>\n<p>Deve apprendere le conoscenze necessarie alla valutazione epidemiologica ed alla sistematizzazione dei dati clinici, anche mediante l\u2019uso sistemi informatici;<\/p>\n<p>&nbsp;<\/p>\n<p><strong>Obiettivi formativi della tipologia della scuola<\/strong><strong>\u00a0<\/strong><\/p>\n<p>Sono obiettivi formativi della tipologia della Scuola:<\/p>\n<ul>\n<li>Apprendimento progressivo dei contenuti dottrinari, scientifici e didattico-formativi della chirurgia toracica, nonch\u00e9 dell\u2019attivit\u00e0 assistenziale ad essa congrua nel campo della chirurgia toracica e mini invasiva<\/li>\n<li>Acquisizione delle conoscenze semeiologiche, delle metodologie di laboratorio e strumentali per attuare i procedi-menti diagnostici e terapeutici delle malattie di interesse chirurgico del torace e degli organi in esso contenuti.<\/li>\n<li>Acquisizione della padronanza delle tecniche chirurgiche, comprese quelle relative alla chirurgia toracica oncologica, alla chirurgia toracica d\u2019urgenza e di emergenza e alla chirurgia dei trapianti di polmone, in modo da saper intervenire chirurgicamente sotto il profilo terapeutico in modo integrato con altri settori specialistici chirurgici e con supporti terapeutici medici e radiogeni.<\/li>\n<\/ul>\n<p><strong>Obiettivi affini e integrativi<\/strong><\/p>\n<p>Sono obiettivi affini e integrativi avere le conoscenze di base ed esperienza necessaria per riconoscere e, per quanto di competenza, trattare le patologie riferibili all\u2019ambito di altre specialit\u00e0, particolarmente nelle situazioni di indifferibilit\u00e0 del trattamento.<\/p>\n<p>Lo specializzando deve raggiungere la capacit\u00e0 di inquadrare in modo complessivo i problemi multi specialistici definendo correttamente le priorit\u00e0 di trattamento in presenza di patologie e lesioni multiple.<\/p>\n<p>Deve altres\u00ec apprendere gli aspetti medico \u2013 legali relativi alla classe specialistica e le leggi e i regolamenti che governano l\u2019assistenza sanitaria<\/p>\n<p>&nbsp;<\/p>\n<p><strong>Attivit\u00e0 professionalizzanti obbligatorie<\/strong><strong>\u00a0<\/strong><\/p>\n<p>Sono attivit\u00e0 professionalizzanti obbligatorie per il raggiungimento delle finalit\u00e0 della tipologia:<\/p>\n<ul>\n<li>Attivit\u00e0 di chirurgia generale: svolta nell\u2019arco di sei mesi, partecipazione come operatore a 35 interventi ripartiti tra alta e media chirurgia;<\/li>\n<li>Attivit\u00e0 di cardiochirurgia: svolta nell\u2019arco di 3 mesi, partecipazione a 30 interventi di cardiochirurgia;<\/li>\n<li>Attivit\u00e0 di chirurgia vascolare: svolta nell\u2019arco di 3 mesi, partecipazione a 30 interventi di chirurgia vascolare;<\/li>\n<li>Attivit\u00e0 di chirurgia toracica: partecipazione come operatore ad almeno 250 interventi di cui:10 interventi di alta chirurgia, 30 di media chirurgia e 80 di piccola chirurgia come primo operatore.<\/li>\n<\/ul>\n<p>Lo specializzando potr\u00e0 concorrere al diploma dopo aver completato le attivit\u00e0 professionalizzanti.<\/p>\n<p>Lo specializzando, nell&#8217;ambito del percorso formativo, dovr\u00e0 apprendere le basi scientifiche della tipologia della Scuola al fine di raggiungere una piena maturit\u00e0 e competenza professionale che ricomprenda una adeguata capacit\u00e0 di interpretazione delle innovazioni scientifiche ed un sapere critico che gli consenta di gestire in modo consapevole sia l\u2019assistenza che il proprio aggiornamento; in questo ambito potranno essere previste partecipazione a meeting, a congressi e alla produzione di pubblicazioni scientifiche e periodi di frequenza in qualificate istituzioni italiane ed estere utili alla sua formazione.<\/p>\n<ul>\n<li style=\"list-style-type: none\">\n<ul>\n<li>Direttore : Prof. <a href=\"https:\/\/www.unipi.it\/ateneo\/organizzazione\/persone\/marco-lucchi-115637\/\">Marco Lucchi<\/a><\/li>\n<li>Durata Legale:\u00a0 5 anni<\/li>\n<li>Area: Chirurgica<\/li>\n<li>Classe: Chirurgie Cardio-Toraco-Vascolari<\/li>\n<\/ul>\n<\/li>\n<\/ul>\n<p>&nbsp;<\/p>\n<ul>\n<li><a href=\"https:\/\/www.unipi.it\/wp-content\/uploads\/chirurgia_toracica.pdf\">Ordinamento della Scuola di Chirurgia toracica<\/a><\/li>\n<\/ul>\n<h4>Rete formativa<\/h4>\n<p><strong>Struttura di Sede:<\/strong><\/p>\n<p>AOUP\u00a0 &#8211; CENTRO ROBOTICO<\/p>\n<p>AOUP &#8211; UO Chirurgia toracica Univ<\/p>\n<p><strong>Strutture Collegate:<\/strong><\/p>\n<p><em>ATNO &#8211; UOSD Chirurgia Toracica Presidio Ospedaliero di Livorno<\/em><\/p>\n<p>&nbsp;<\/p>\n","protected":false},"excerpt":{"rendered":"<p>Lo specialista in Chirurgia Toracica matura conoscenze teoriche, scientifiche e professionali nel campo della fisiopatologia, della diagnostica clinica e strumentale,&hellip;<\/p>\n<p><a class=\"btn btn-dark btn-sm unipi-read-more-link\" href=\"https:\/\/www.med.unipi.it\/index.php\/scuole-di-specializzazione\/scuole-mediche\/chirurgia-toracica\/\">Leggi tutto&#8230;<\/a><\/p>\n","protected":false},"author":1,"featured_media":0,"parent":11620,"menu_order":0,"comment_status":"closed","ping_status":"closed","template":"","meta":{"footnotes":""},"categories":[106],"tags":[],"class_list":["post-11671","page","type-page","status-publish","hentry","category-scuole-mediche"],"yoast_head":"<!-- This site is optimized with the Yoast SEO plugin v27.0 - https:\/\/yoast.com\/product\/yoast-seo-wordpress\/ -->\n<title>Chirurgia Toracica - Scuola di Medicina<\/title>\n<meta name=\"robots\" content=\"index, follow, max-snippet:-1, max-image-preview:large, max-video-preview:-1\" \/>\n<link rel=\"canonical\" href=\"https:\/\/www.med.unipi.it\/index.php\/scuole-di-specializzazione\/scuole-mediche\/chirurgia-toracica\/\" \/>\n<meta property=\"og:locale\" content=\"it_IT\" \/>\n<meta property=\"og:type\" content=\"article\" \/>\n<meta property=\"og:title\" content=\"Chirurgia Toracica - Scuola di Medicina\" \/>\n<meta property=\"og:description\" content=\"Lo specialista in Chirurgia Toracica matura conoscenze teoriche, scientifiche e professionali nel campo della fisiopatologia, della diagnostica clinica e strumentale,&hellip;Leggi tutto...\" \/>\n<meta property=\"og:url\" content=\"https:\/\/www.med.unipi.it\/index.php\/scuole-di-specializzazione\/scuole-mediche\/chirurgia-toracica\/\" \/>\n<meta property=\"og:site_name\" content=\"Scuola di Medicina\" \/>\n<meta property=\"article:modified_time\" content=\"2025-12-31T09:40:48+00:00\" \/>\n<meta name=\"twitter:card\" content=\"summary_large_image\" \/>\n<meta name=\"twitter:label1\" content=\"Tempo di lettura stimato\" \/>\n\t<meta name=\"twitter:data1\" content=\"5 minuti\" \/>\n<script type=\"application\/ld+json\" class=\"yoast-schema-graph\">{\"@context\":\"https:\/\/schema.org\",\"@graph\":[{\"@type\":\"WebPage\",\"@id\":\"https:\/\/www.med.unipi.it\/index.php\/scuole-di-specializzazione\/scuole-mediche\/chirurgia-toracica\/\",\"url\":\"https:\/\/www.med.unipi.it\/index.php\/scuole-di-specializzazione\/scuole-mediche\/chirurgia-toracica\/\",\"name\":\"Chirurgia Toracica - Scuola di Medicina\",\"isPartOf\":{\"@id\":\"https:\/\/www.med.unipi.it\/#website\"},\"datePublished\":\"2025-10-28T15:29:33+00:00\",\"dateModified\":\"2025-12-31T09:40:48+00:00\",\"breadcrumb\":{\"@id\":\"https:\/\/www.med.unipi.it\/index.php\/scuole-di-specializzazione\/scuole-mediche\/chirurgia-toracica\/#breadcrumb\"},\"inLanguage\":\"it-IT\",\"potentialAction\":[{\"@type\":\"ReadAction\",\"target\":[\"https:\/\/www.med.unipi.it\/index.php\/scuole-di-specializzazione\/scuole-mediche\/chirurgia-toracica\/\"]}]},{\"@type\":\"BreadcrumbList\",\"@id\":\"https:\/\/www.med.unipi.it\/index.php\/scuole-di-specializzazione\/scuole-mediche\/chirurgia-toracica\/#breadcrumb\",\"itemListElement\":[{\"@type\":\"ListItem\",\"position\":1,\"name\":\"Home\",\"item\":\"https:\/\/www.med.unipi.it\/\"},{\"@type\":\"ListItem\",\"position\":2,\"name\":\"Scuole di Specializzazione\",\"item\":\"https:\/\/www.med.unipi.it\/index.php\/scuole-di-specializzazione\/\"},{\"@type\":\"ListItem\",\"position\":3,\"name\":\"Scuole Mediche\",\"item\":\"https:\/\/www.med.unipi.it\/index.php\/scuole-di-specializzazione\/scuole-mediche\/\"},{\"@type\":\"ListItem\",\"position\":4,\"name\":\"Chirurgia Toracica\"}]},{\"@type\":\"WebSite\",\"@id\":\"https:\/\/www.med.unipi.it\/#website\",\"url\":\"https:\/\/www.med.unipi.it\/\",\"name\":\"Scuola di Medicina\",\"description\":\"\",\"potentialAction\":[{\"@type\":\"SearchAction\",\"target\":{\"@type\":\"EntryPoint\",\"urlTemplate\":\"https:\/\/www.med.unipi.it\/?s={search_term_string}\"},\"query-input\":{\"@type\":\"PropertyValueSpecification\",\"valueRequired\":true,\"valueName\":\"search_term_string\"}}],\"inLanguage\":\"it-IT\"}]}<\/script>\n<!-- \/ Yoast SEO plugin. -->","yoast_head_json":{"title":"Chirurgia Toracica - Scuola di Medicina","robots":{"index":"index","follow":"follow","max-snippet":"max-snippet:-1","max-image-preview":"max-image-preview:large","max-video-preview":"max-video-preview:-1"},"canonical":"https:\/\/www.med.unipi.it\/index.php\/scuole-di-specializzazione\/scuole-mediche\/chirurgia-toracica\/","og_locale":"it_IT","og_type":"article","og_title":"Chirurgia Toracica - Scuola di Medicina","og_description":"Lo specialista in Chirurgia Toracica matura conoscenze teoriche, scientifiche e professionali nel campo della fisiopatologia, della diagnostica clinica e strumentale,&hellip;Leggi tutto...","og_url":"https:\/\/www.med.unipi.it\/index.php\/scuole-di-specializzazione\/scuole-mediche\/chirurgia-toracica\/","og_site_name":"Scuola di Medicina","article_modified_time":"2025-12-31T09:40:48+00:00","twitter_card":"summary_large_image","twitter_misc":{"Tempo di lettura stimato":"5 minuti"},"schema":{"@context":"https:\/\/schema.org","@graph":[{"@type":"WebPage","@id":"https:\/\/www.med.unipi.it\/index.php\/scuole-di-specializzazione\/scuole-mediche\/chirurgia-toracica\/","url":"https:\/\/www.med.unipi.it\/index.php\/scuole-di-specializzazione\/scuole-mediche\/chirurgia-toracica\/","name":"Chirurgia Toracica - Scuola di Medicina","isPartOf":{"@id":"https:\/\/www.med.unipi.it\/#website"},"datePublished":"2025-10-28T15:29:33+00:00","dateModified":"2025-12-31T09:40:48+00:00","breadcrumb":{"@id":"https:\/\/www.med.unipi.it\/index.php\/scuole-di-specializzazione\/scuole-mediche\/chirurgia-toracica\/#breadcrumb"},"inLanguage":"it-IT","potentialAction":[{"@type":"ReadAction","target":["https:\/\/www.med.unipi.it\/index.php\/scuole-di-specializzazione\/scuole-mediche\/chirurgia-toracica\/"]}]},{"@type":"BreadcrumbList","@id":"https:\/\/www.med.unipi.it\/index.php\/scuole-di-specializzazione\/scuole-mediche\/chirurgia-toracica\/#breadcrumb","itemListElement":[{"@type":"ListItem","position":1,"name":"Home","item":"https:\/\/www.med.unipi.it\/"},{"@type":"ListItem","position":2,"name":"Scuole di Specializzazione","item":"https:\/\/www.med.unipi.it\/index.php\/scuole-di-specializzazione\/"},{"@type":"ListItem","position":3,"name":"Scuole Mediche","item":"https:\/\/www.med.unipi.it\/index.php\/scuole-di-specializzazione\/scuole-mediche\/"},{"@type":"ListItem","position":4,"name":"Chirurgia Toracica"}]},{"@type":"WebSite","@id":"https:\/\/www.med.unipi.it\/#website","url":"https:\/\/www.med.unipi.it\/","name":"Scuola di Medicina","description":"","potentialAction":[{"@type":"SearchAction","target":{"@type":"EntryPoint","urlTemplate":"https:\/\/www.med.unipi.it\/?s={search_term_string}"},"query-input":{"@type":"PropertyValueSpecification","valueRequired":true,"valueName":"search_term_string"}}],"inLanguage":"it-IT"}]}},"_links":{"self":[{"href":"https:\/\/www.med.unipi.it\/index.php\/wp-json\/wp\/v2\/pages\/11671","targetHints":{"allow":["GET"]}}],"collection":[{"href":"https:\/\/www.med.unipi.it\/index.php\/wp-json\/wp\/v2\/pages"}],"about":[{"href":"https:\/\/www.med.unipi.it\/index.php\/wp-json\/wp\/v2\/types\/page"}],"author":[{"embeddable":true,"href":"https:\/\/www.med.unipi.it\/index.php\/wp-json\/wp\/v2\/users\/1"}],"replies":[{"embeddable":true,"href":"https:\/\/www.med.unipi.it\/index.php\/wp-json\/wp\/v2\/comments?post=11671"}],"version-history":[{"count":3,"href":"https:\/\/www.med.unipi.it\/index.php\/wp-json\/wp\/v2\/pages\/11671\/revisions"}],"predecessor-version":[{"id":12587,"href":"https:\/\/www.med.unipi.it\/index.php\/wp-json\/wp\/v2\/pages\/11671\/revisions\/12587"}],"up":[{"embeddable":true,"href":"https:\/\/www.med.unipi.it\/index.php\/wp-json\/wp\/v2\/pages\/11620"}],"wp:attachment":[{"href":"https:\/\/www.med.unipi.it\/index.php\/wp-json\/wp\/v2\/media?parent=11671"}],"wp:term":[{"taxonomy":"category","embeddable":true,"href":"https:\/\/www.med.unipi.it\/index.php\/wp-json\/wp\/v2\/categories?post=11671"},{"taxonomy":"post_tag","embeddable":true,"href":"https:\/\/www.med.unipi.it\/index.php\/wp-json\/wp\/v2\/tags?post=11671"}],"curies":[{"name":"wp","href":"https:\/\/api.w.org\/{rel}","templated":true}]}}