{"id":11673,"date":"2025-10-28T16:31:29","date_gmt":"2025-10-28T15:31:29","guid":{"rendered":"https:\/\/www.med.unipi.it\/?page_id=11673"},"modified":"2025-12-31T10:51:10","modified_gmt":"2025-12-31T09:51:10","slug":"chirurgia-vascolare","status":"publish","type":"page","link":"https:\/\/www.med.unipi.it\/index.php\/scuole-di-specializzazione\/scuole-mediche\/chirurgia-vascolare\/","title":{"rendered":"Chirurgia Vascolare"},"content":{"rendered":"<p>Lo specialista in Chirurgia Vascolare matura conoscenze teoriche, scientifiche e professionali nel campo della fisiopatologia, della diagnostica clinica e strumentale, della clinica, della terapia medica, endovascolare, chirurgica e riabilitativa delle malattie del sistema vascolare; costituiscono specifici ambiti di competenze l\u2019anatomia, la fisiopatologia e la patologia clinica dell&#8217;apparato circolatorio, la diagnostica clinica e strumentale delle malattie vascolari, la terapia medica, chirurgica ed endovascolare delle malattie vascolari, la patologia clinica e le terapie delle malattie cardio-toraciche; costituiscono ambiti generici di competenza l\u2019anestesia, rianimazione e terapia intensiva, la chirurgia generale e la chirurgia d\u2019urgenza, per quanto attinenti la chirurgia vascolare.<\/p>\n<p><strong>Obiettivi formativi integrati<\/strong><\/p>\n<p>lo specializzando deve acquisire le conoscenze approfondite di anatomia, di biochimica clinica, di fisiopatologia e di farmacologia; conoscenze idonee alla valutazione epidemiologica e all\u2019inquadramento dei casi clinici, anche mediante sistemi informatizzati; esperienza pratica necessaria alla corretta valutazione clinica di un paziente sulla base delle conoscenze dei meccanismi eziopatogenetici dei processi morbosi, dei relativi aspetti anatomo-patologici, e delle implicazioni di ordine microbiologico ed ematologico; approfondimento del-la conoscenza dell\u2019inglese scientifico. Lo specializzando deve inoltre acquisire le conoscenze di Anatomia chirurgica necessarie per l\u2019esame clinico obiettivo e la medicina operatoria; i principi di asepsi e le problematiche inerenti l\u2019organizzazione e l\u2019igiene ambientale delle sale operatorie; la conoscenza dello strumentario chirurgico e dei materiali di sutura; le tecniche e le metodiche chirurgiche tradizionali ed alternative; la conoscenza di base e la relativa esperienza pratica, necessarie a definire e verificare personalmente, sulla base della valutazione complessiva della malattia e del paziente, una corretta definizione della patologia cardiaca, toracica o vascolare nei singoli pazienti e l\u2019indicazione al tipo di trattamento pi\u00f9 idoneo, in funzione dei rischi, dei benefici e dei risultati attesi per ogni singolo malato; apprendi-mento delle conoscenze teorico-pratiche per la terapia preoperatoria e postoperatoria (inclusa la terapia intensiva) delle malattie chirurgiche inerenti le specialit\u00e0, in modo che lo specializzando possa essere in grado di affrontare e risolvere le problematiche relative all\u2019impostazione e gestione del decorso postoperatorio immediato e dei controlli a distanza. Sulla base poi di una valutazione complessiva della malattia deve essere in grado di affrontare in prima persona l\u2019esecuzione di atti operatori in elezione e in urgenza. Lo specializzando deve acquisire: le conoscenze di base e l\u2019esperienza necessaria per diagnosticare ed impostare il trattamento delle patologie di competenza della classe, in una visione complessiva delle priorit\u00e0 nei casi di patologie o lesioni multiple, nei pazienti che richiedono il necessario impiego di altre afferenze specialistiche rilevanti; la conoscenza degli aspetti medico-legali relativi alla propria professione e dell\u2019insieme di leggi, norme e regolamenti che governano l\u2019assistenza sanitaria; la capacit\u00e0 di organizzare e gestire la propria attivit\u00e0 di Chirurgo in rapporto alle caratteristiche delle strutture nelle quali sar\u00e0 chiamato ad operare.<\/p>\n<p><strong>Obiettivi della formazione di base<\/strong><\/p>\n<p>Sono obiettivi formativi di base: &#8211; Lo specializzando deve apprendere conoscenze approfondite di anatomia, fisiopatologia, e anatomia patologica del sistema circolatorio; Deve apprendere le conoscenze necessarie alla valutazione epidemiologica ed alla sistematizzazione dei dati clinici, anche mediante l\u2019uso sistemi informatici;<br \/>\nObiettivi formativi della tipologia della scuola<br \/>\nSono obiettivi formativi della tipologia della Scuola:<br \/>\n\u2022 Conoscenza della anatomia chirurgica, della semeiologia clinica e della diagnostica strumentale invasiva e non invasiva idonee al trattamento delle vasculopatie cerebrali, viscerali e periferiche;<br \/>\n\u2022 Conoscenza dei fondamenti di metodologia e di clinica relativi ai settori specialistici correlati, nonch\u00e9 le loro fondamentali tecniche chirurgiche;<br \/>\n\u2022 Capacit\u00e0 di integrare le conoscenze derivanti dall\u2019analisi semeiologica, fisiopatologica e clinica dei pazienti vasculopatici, necessarie per saper decidere la condotta terapeutica pi\u00f9 opportuna, saper intervenire chirurgicamente, in modo integrato con altri settori specialistici chirurgici;<br \/>\n\u2022 Conoscenza delle normali nozioni teorico-pratiche del cateterismo arterioso e delle terapie endovascolari, ivi comprese le terapie loco-regionali farmacologiche, la dilatazione percutanea transluminale, l\u2019applicazione di stent vascolari e di endoprotesi;<br \/>\n\u2022 Conoscenza e capacit\u00e0 pratica delle metodiche di controllo strumentale invasive e non invasive;<br \/>\n\u2022 Conoscenza teorico-pratica per la diagnosi e terapia delle malattie vascolari di interesse medico;<br \/>\n\u2022 Conoscenza delle metodologie di anestesia e terapia del dolore in modo da poter collaborare attivamente con gli specialisti del settore per l\u2019adozione della pi\u00f9 opportuna condotta clinica.<\/p>\n<p><strong>Obiettivi affini e integrativi<\/strong><\/p>\n<p>conoscenze di base ed esperienza necessaria per riconoscere e, per quanto di competenza, trattare le patologie riferibili all\u2019ambito di altre specialit\u00e0, particolarmente nelle situazioni di indifferibilit\u00e0 del trattamento. Lo specializzando deve raggiungere la capacit\u00e0 di inquadrare in modo complessivo i problemi multispecialistici definendo correttamente le priorit\u00e0 di trattamento in presenza di patologie e lesioni multiple.<br \/>\nDeve altres\u00ec apprendere gli aspetti medico \u2013 legali relativi alla classe specialistica e le leggi e i regolamenti che governano l\u2019assistenza sanitaria.<\/p>\n<p><strong>Attivit\u00e0 professionalizzanti obbligatorie<\/strong><\/p>\n<p>Sono attivit\u00e0 professionalizzanti obbligatorie per il raggiungimento delle finalit\u00e0 della tipologia:<br \/>\nAttivit\u00e0 Clinico-Diagnostica:<br \/>\nUn trimestre presso reparti di chirurgia generale e\/o d\u2019urgenza;<br \/>\nUn Trimestre presso reparti di rianimazione, terapia intensiva e\/o terapia intensiva post-operatoria cardio vascolare toracica;<br \/>\nUn Trimestre presso reparti di Cardiochirurgia<br \/>\nUn Trimestre presso reparti di Chirurgia Toracica<br \/>\nPartecipazione alle attivit\u00e0 di diagnostica vascolare non invasiva: almeno 200 casi di cui almeno il 50% in prima per-sona<br \/>\nPartecipazione all\u2019attivit\u00e0 di diagnostica vascolare invasiva: almeno 20 casi.<br \/>\nAttivit\u00e0 Chirurgia Generale:<br \/>\nPartecipazione ad almeno 10 casi di media chirurgia e 20 di piccola chirurgia;<br \/>\nAttivit\u00e0 Chirurgica Vascolare:<br \/>\nPartecipazione come primo operatore a 5 casi di alta chirurgia, 20 di media chirurgia e 40 di piccola chirurgia<br \/>\nPartecipazione come secondo operatore a 5 casi di alta chirurgia, 30 di media chirurgia e 60 di piccola chirurgia.<br \/>\nAttivit\u00e0 Chirurgia Endovascolare<br \/>\nPartecipazione come primo operatore a 5 casi di alta chirurgia, 10 di media chirurgia, 10 di piccola chirurgia<br \/>\nPartecipazione come secondo operatore a 10 casi di alta chirurgia, 20 di media chirurgia, 20 di piccola chirurgia.<br \/>\nLo specializzando potr\u00e0 concorrere al diploma dopo aver completato le attivit\u00e0 professionalizzanti.<br \/>\nLo specializzando, nell&#8217;ambito del percorso formativo, dovr\u00e0 apprendere le basi scientifiche della tipologia della Scuola al fine di raggiungere una piena maturit\u00e0 e competenza professionale che ricomprenda una adeguata capacit\u00e0 di interpretazione delle innovazioni scientifiche ed un sapere critico che gli consenta di gestire in modo consapevole sia l\u2019assistenza che il proprio aggiornamento; in questo ambito potranno essere previste partecipazione a meeting, a congressi e alla produzione di pubblicazioni scientifiche e periodi di frequenza in qualificate istituzioni italiane ed estere utili alla sua formazione.<\/p>\n<ul>\n<li style=\"list-style-type: none\">\n<ul>\n<li>Direttrice : Prof.ssa <a href=\"https:\/\/www.unipi.it\/ateneo\/organizzazione\/persone\/raffaella-nice-berchiolli-5910\/\">Raffaella Nice Berchiolli<\/a><\/li>\n<li>Durata Legale: 5 anni<\/li>\n<li>Area: Chirurgica<\/li>\n<li>Classe: Chirurgie Cardio-Toraco-Vascolari<\/li>\n<\/ul>\n<\/li>\n<\/ul>\n<p>&nbsp;<\/p>\n<ul>\n<li><a href=\"https:\/\/www.unipi.it\/wp-content\/uploads\/chirurgia_vascolare.pdf\">Ordinamento della Scuola di Chirurgia vascolare<\/a><\/li>\n<\/ul>\n<h4>Rete formativa<\/h4>\n<p><strong>Struttura di Sede:<\/strong><\/p>\n<p><em>AOUP\u00a0 \u2013 Polo multidisciplinare DS\u00a0<\/em><br \/>\n<em>AOUP \u2013 UO Chirurgia vascolare Univ<\/em><\/p>\n<p><strong>Strutture Collegate:<\/strong><\/p>\n<p><em>ATNO \u2013 UF Chirurgie Vascolari<\/em><\/p>\n<p>Presidi di:<\/p>\n<p>Livorno<\/p>\n<p>Massa Carrara<\/p>\n<p>&nbsp;<\/p>\n","protected":false},"excerpt":{"rendered":"<p>Lo specialista in Chirurgia Vascolare matura conoscenze teoriche, scientifiche e professionali nel campo della fisiopatologia, della diagnostica clinica e strumentale,&hellip;<\/p>\n<p><a class=\"btn btn-dark btn-sm unipi-read-more-link\" href=\"https:\/\/www.med.unipi.it\/index.php\/scuole-di-specializzazione\/scuole-mediche\/chirurgia-vascolare\/\">Leggi tutto&#8230;<\/a><\/p>\n","protected":false},"author":1,"featured_media":0,"parent":11620,"menu_order":0,"comment_status":"closed","ping_status":"closed","template":"","meta":{"footnotes":""},"categories":[106],"tags":[],"class_list":["post-11673","page","type-page","status-publish","hentry","category-scuole-mediche"],"yoast_head":"<!-- This site is optimized with the Yoast SEO plugin v27.0 - https:\/\/yoast.com\/product\/yoast-seo-wordpress\/ -->\n<title>Chirurgia Vascolare - Scuola di Medicina<\/title>\n<meta name=\"robots\" content=\"index, follow, max-snippet:-1, max-image-preview:large, max-video-preview:-1\" \/>\n<link rel=\"canonical\" href=\"https:\/\/www.med.unipi.it\/index.php\/scuole-di-specializzazione\/scuole-mediche\/chirurgia-vascolare\/\" \/>\n<meta property=\"og:locale\" content=\"it_IT\" \/>\n<meta property=\"og:type\" content=\"article\" \/>\n<meta property=\"og:title\" content=\"Chirurgia Vascolare - Scuola di Medicina\" \/>\n<meta property=\"og:description\" content=\"Lo specialista in Chirurgia Vascolare matura conoscenze teoriche, scientifiche e professionali nel campo della fisiopatologia, della diagnostica clinica e strumentale,&hellip;Leggi tutto...\" \/>\n<meta property=\"og:url\" content=\"https:\/\/www.med.unipi.it\/index.php\/scuole-di-specializzazione\/scuole-mediche\/chirurgia-vascolare\/\" \/>\n<meta property=\"og:site_name\" content=\"Scuola di Medicina\" \/>\n<meta property=\"article:modified_time\" content=\"2025-12-31T09:51:10+00:00\" \/>\n<meta name=\"twitter:card\" content=\"summary_large_image\" \/>\n<meta name=\"twitter:label1\" content=\"Tempo di lettura stimato\" \/>\n\t<meta name=\"twitter:data1\" content=\"6 minuti\" \/>\n<script type=\"application\/ld+json\" class=\"yoast-schema-graph\">{\"@context\":\"https:\/\/schema.org\",\"@graph\":[{\"@type\":\"WebPage\",\"@id\":\"https:\/\/www.med.unipi.it\/index.php\/scuole-di-specializzazione\/scuole-mediche\/chirurgia-vascolare\/\",\"url\":\"https:\/\/www.med.unipi.it\/index.php\/scuole-di-specializzazione\/scuole-mediche\/chirurgia-vascolare\/\",\"name\":\"Chirurgia Vascolare - Scuola di Medicina\",\"isPartOf\":{\"@id\":\"https:\/\/www.med.unipi.it\/#website\"},\"datePublished\":\"2025-10-28T15:31:29+00:00\",\"dateModified\":\"2025-12-31T09:51:10+00:00\",\"breadcrumb\":{\"@id\":\"https:\/\/www.med.unipi.it\/index.php\/scuole-di-specializzazione\/scuole-mediche\/chirurgia-vascolare\/#breadcrumb\"},\"inLanguage\":\"it-IT\",\"potentialAction\":[{\"@type\":\"ReadAction\",\"target\":[\"https:\/\/www.med.unipi.it\/index.php\/scuole-di-specializzazione\/scuole-mediche\/chirurgia-vascolare\/\"]}]},{\"@type\":\"BreadcrumbList\",\"@id\":\"https:\/\/www.med.unipi.it\/index.php\/scuole-di-specializzazione\/scuole-mediche\/chirurgia-vascolare\/#breadcrumb\",\"itemListElement\":[{\"@type\":\"ListItem\",\"position\":1,\"name\":\"Home\",\"item\":\"https:\/\/www.med.unipi.it\/\"},{\"@type\":\"ListItem\",\"position\":2,\"name\":\"Scuole di Specializzazione\",\"item\":\"https:\/\/www.med.unipi.it\/index.php\/scuole-di-specializzazione\/\"},{\"@type\":\"ListItem\",\"position\":3,\"name\":\"Scuole Mediche\",\"item\":\"https:\/\/www.med.unipi.it\/index.php\/scuole-di-specializzazione\/scuole-mediche\/\"},{\"@type\":\"ListItem\",\"position\":4,\"name\":\"Chirurgia Vascolare\"}]},{\"@type\":\"WebSite\",\"@id\":\"https:\/\/www.med.unipi.it\/#website\",\"url\":\"https:\/\/www.med.unipi.it\/\",\"name\":\"Scuola di Medicina\",\"description\":\"\",\"potentialAction\":[{\"@type\":\"SearchAction\",\"target\":{\"@type\":\"EntryPoint\",\"urlTemplate\":\"https:\/\/www.med.unipi.it\/?s={search_term_string}\"},\"query-input\":{\"@type\":\"PropertyValueSpecification\",\"valueRequired\":true,\"valueName\":\"search_term_string\"}}],\"inLanguage\":\"it-IT\"}]}<\/script>\n<!-- \/ Yoast SEO plugin. -->","yoast_head_json":{"title":"Chirurgia Vascolare - Scuola di Medicina","robots":{"index":"index","follow":"follow","max-snippet":"max-snippet:-1","max-image-preview":"max-image-preview:large","max-video-preview":"max-video-preview:-1"},"canonical":"https:\/\/www.med.unipi.it\/index.php\/scuole-di-specializzazione\/scuole-mediche\/chirurgia-vascolare\/","og_locale":"it_IT","og_type":"article","og_title":"Chirurgia Vascolare - Scuola di Medicina","og_description":"Lo specialista in Chirurgia Vascolare matura conoscenze teoriche, scientifiche e professionali nel campo della fisiopatologia, della diagnostica clinica e strumentale,&hellip;Leggi tutto...","og_url":"https:\/\/www.med.unipi.it\/index.php\/scuole-di-specializzazione\/scuole-mediche\/chirurgia-vascolare\/","og_site_name":"Scuola di Medicina","article_modified_time":"2025-12-31T09:51:10+00:00","twitter_card":"summary_large_image","twitter_misc":{"Tempo di lettura stimato":"6 minuti"},"schema":{"@context":"https:\/\/schema.org","@graph":[{"@type":"WebPage","@id":"https:\/\/www.med.unipi.it\/index.php\/scuole-di-specializzazione\/scuole-mediche\/chirurgia-vascolare\/","url":"https:\/\/www.med.unipi.it\/index.php\/scuole-di-specializzazione\/scuole-mediche\/chirurgia-vascolare\/","name":"Chirurgia Vascolare - Scuola di Medicina","isPartOf":{"@id":"https:\/\/www.med.unipi.it\/#website"},"datePublished":"2025-10-28T15:31:29+00:00","dateModified":"2025-12-31T09:51:10+00:00","breadcrumb":{"@id":"https:\/\/www.med.unipi.it\/index.php\/scuole-di-specializzazione\/scuole-mediche\/chirurgia-vascolare\/#breadcrumb"},"inLanguage":"it-IT","potentialAction":[{"@type":"ReadAction","target":["https:\/\/www.med.unipi.it\/index.php\/scuole-di-specializzazione\/scuole-mediche\/chirurgia-vascolare\/"]}]},{"@type":"BreadcrumbList","@id":"https:\/\/www.med.unipi.it\/index.php\/scuole-di-specializzazione\/scuole-mediche\/chirurgia-vascolare\/#breadcrumb","itemListElement":[{"@type":"ListItem","position":1,"name":"Home","item":"https:\/\/www.med.unipi.it\/"},{"@type":"ListItem","position":2,"name":"Scuole di Specializzazione","item":"https:\/\/www.med.unipi.it\/index.php\/scuole-di-specializzazione\/"},{"@type":"ListItem","position":3,"name":"Scuole Mediche","item":"https:\/\/www.med.unipi.it\/index.php\/scuole-di-specializzazione\/scuole-mediche\/"},{"@type":"ListItem","position":4,"name":"Chirurgia Vascolare"}]},{"@type":"WebSite","@id":"https:\/\/www.med.unipi.it\/#website","url":"https:\/\/www.med.unipi.it\/","name":"Scuola di Medicina","description":"","potentialAction":[{"@type":"SearchAction","target":{"@type":"EntryPoint","urlTemplate":"https:\/\/www.med.unipi.it\/?s={search_term_string}"},"query-input":{"@type":"PropertyValueSpecification","valueRequired":true,"valueName":"search_term_string"}}],"inLanguage":"it-IT"}]}},"_links":{"self":[{"href":"https:\/\/www.med.unipi.it\/index.php\/wp-json\/wp\/v2\/pages\/11673","targetHints":{"allow":["GET"]}}],"collection":[{"href":"https:\/\/www.med.unipi.it\/index.php\/wp-json\/wp\/v2\/pages"}],"about":[{"href":"https:\/\/www.med.unipi.it\/index.php\/wp-json\/wp\/v2\/types\/page"}],"author":[{"embeddable":true,"href":"https:\/\/www.med.unipi.it\/index.php\/wp-json\/wp\/v2\/users\/1"}],"replies":[{"embeddable":true,"href":"https:\/\/www.med.unipi.it\/index.php\/wp-json\/wp\/v2\/comments?post=11673"}],"version-history":[{"count":3,"href":"https:\/\/www.med.unipi.it\/index.php\/wp-json\/wp\/v2\/pages\/11673\/revisions"}],"predecessor-version":[{"id":12590,"href":"https:\/\/www.med.unipi.it\/index.php\/wp-json\/wp\/v2\/pages\/11673\/revisions\/12590"}],"up":[{"embeddable":true,"href":"https:\/\/www.med.unipi.it\/index.php\/wp-json\/wp\/v2\/pages\/11620"}],"wp:attachment":[{"href":"https:\/\/www.med.unipi.it\/index.php\/wp-json\/wp\/v2\/media?parent=11673"}],"wp:term":[{"taxonomy":"category","embeddable":true,"href":"https:\/\/www.med.unipi.it\/index.php\/wp-json\/wp\/v2\/categories?post=11673"},{"taxonomy":"post_tag","embeddable":true,"href":"https:\/\/www.med.unipi.it\/index.php\/wp-json\/wp\/v2\/tags?post=11673"}],"curies":[{"name":"wp","href":"https:\/\/api.w.org\/{rel}","templated":true}]}}