{"id":124,"date":"2022-10-17T11:01:35","date_gmt":"2022-10-17T09:01:35","guid":{"rendered":"https:\/\/www.med.unipi.it\/?page_id=124"},"modified":"2026-01-08T16:28:20","modified_gmt":"2026-01-08T15:28:20","slug":"regolamento-didattico-med-chir","status":"publish","type":"page","link":"https:\/\/www.med.unipi.it\/index.php\/corsi-di-laurea\/cdl-medicina-e-chirurgia\/regolamento-didattico-med-chir\/","title":{"rendered":"Regolamento didattico"},"content":{"rendered":"<button id=\"listenButton1\" class=\"responsivevoice-button\" type=\"button\" value=\"Play\" title=\"ResponsiveVoice Tap to Start\/Stop Speech\"><span>&#128266; Play<\/span><\/button>\n        <script>\n            listenButton1.onclick = function(){\n                if(responsiveVoice.isPlaying()){\n                    responsiveVoice.cancel();\n                }else{\n                    responsiveVoice.speak(\"Dall\\'Art. 12 del DM n.\u00a0270\/2004: 1. In base all\\'articolo 11, comma 2, della legge 19 novembre 1990, n. 341, il regolamento didattico di un corso di studio, deliberato dalla competente struttura didattica in conformit\u00e0 con l\\'ordinamento didattico nel rispetto della libert\u00e0 d\\'insegnamento, nonch\u00e9 dei diritti e doveri dei docenti e degli studenti, specifica gli aspetti organizzativi del corso di studio. Il regolamento \u00e9 approvato con le procedure previste nello statuto dell\\'ateneo. Link al Regolamento Didattico del CdS in Medicina e Chirurgia a.a. 2025\/2026 Link al Regolamento Didattico del CdS in Medicina e Chirurgia a.a. 2024\/2025 Link al Regolamento Didattico del CdS in Medicina e Chirurgia a.a. 2023\/2024 Link al Regolamento Didattico del CdS in Medicina e Chirurgia a.a. 2022\/2023 Link al Regolamento Didattico del CdS in Medicina e Chirurgia a.a. 2021\/2022 Link al Regolamento Didattico del CdS in Medicina e Chirurgia a.a. 2020\/2021\", \"Italian Female\", {\"rate\":\"1\",\"pitch\":\"1.2\",\"volume\":\"0.8\"});\n                }\n            };\n        <\/script>\n    \n<p>Dall&#8217;Art. 12 del DM n.\u00a0270\/2004:<\/p>\n<p>1. In base all&#8217;articolo 11, comma 2, della legge 19 novembre 1990, n. 341, il regolamento didattico di un corso di studio, deliberato dalla competente struttura didattica in conformit\u00e0 con l&#8217;ordinamento didattico nel rispetto della libert\u00e0 d&#8217;insegnamento, nonch\u00e9 dei diritti e doveri dei docenti e degli studenti, specifica gli aspetti organizzativi del corso di studio. Il regolamento \u00e9 approvato con le procedure previste nello statuto dell&#8217;ateneo.<\/p>\n<hr \/>\n<p>&nbsp;<\/p>\n<p>Link al <a href=\"https:\/\/www.med.unipi.it\/wp-content\/uploads\/2026\/01\/MEDR-reg-2025.pdf\">Regolamento Didattico del CdS in Medicina e Chirurgia a.a. 2025\/2026<\/a><\/p>\n<p>Link al <a href=\"https:\/\/www.med.unipi.it\/wp-content\/uploads\/2026\/01\/MED-reg-2024.pdf\">Regolamento Didattico del CdS in Medicina e Chirurgia a.a. 2024\/2025<\/a><\/p>\n<p>Link al <a href=\"https:\/\/www.med.unipi.it\/wp-content\/uploads\/2026\/01\/MED-reg-2023.pdf\">Regolamento Didattico del CdS in Medicina e Chirurgia a.a. 2023\/2024<\/a><\/p>\n<p>Link al <a href=\"https:\/\/www.med.unipi.it\/wp-content\/uploads\/2026\/01\/MED-reg-2022.pdf\">Regolamento Didattico del CdS in Medicina e Chirurgia a.a. 2022\/2023<\/a><\/p>\n<p>Link al <a href=\"https:\/\/www.med.unipi.it\/wp-content\/uploads\/2026\/01\/MED-reg-2021.pdf\">Regolamento Didattico del CdS in Medicina e Chirurgia a.a. 2021\/2022<\/a><\/p>\n<p>Link al <a href=\"https:\/\/www.med.unipi.it\/wp-content\/uploads\/2026\/01\/MED-reg-2020.pdf\">Regolamento Didattico del CdS in Medicina e Chirurgia a.a. 2020\/2021<\/a><\/p>\n<p>&nbsp;<\/p>\n","protected":false},"excerpt":{"rendered":"<p>Dall&#8217;Art. 12 del DM n.\u00a0270\/2004: 1. In base all&#8217;articolo 11, comma 2, della legge 19 novembre 1990, n. 341, il&hellip;<\/p>\n<p><a class=\"btn btn-dark btn-sm unipi-read-more-link\" href=\"https:\/\/www.med.unipi.it\/index.php\/corsi-di-laurea\/cdl-medicina-e-chirurgia\/regolamento-didattico-med-chir\/\">Leggi tutto&#8230;<\/a><\/p>\n","protected":false},"author":1,"featured_media":0,"parent":82,"menu_order":3,"comment_status":"closed","ping_status":"closed","template":"","meta":{"footnotes":""},"categories":[13],"tags":[],"class_list":["post-124","page","type-page","status-publish","hentry","category-medicina-e-chirurgia"],"yoast_head":"<!-- This site is optimized with the Yoast SEO plugin v27.0 - https:\/\/yoast.com\/product\/yoast-seo-wordpress\/ -->\n<title>Regolamento didattico - Scuola di Medicina<\/title>\n<meta name=\"robots\" content=\"index, follow, max-snippet:-1, max-image-preview:large, max-video-preview:-1\" \/>\n<link rel=\"canonical\" href=\"https:\/\/www.med.unipi.it\/index.php\/corsi-di-laurea\/cdl-medicina-e-chirurgia\/regolamento-didattico-med-chir\/\" \/>\n<meta property=\"og:locale\" content=\"it_IT\" \/>\n<meta property=\"og:type\" content=\"article\" \/>\n<meta property=\"og:title\" content=\"Regolamento didattico - Scuola di Medicina\" \/>\n<meta property=\"og:description\" content=\"Dall&#8217;Art. 12 del DM n.\u00a0270\/2004: 1. In base all&#8217;articolo 11, comma 2, della legge 19 novembre 1990, n. 341, il&hellip;Leggi tutto...\" \/>\n<meta property=\"og:url\" content=\"https:\/\/www.med.unipi.it\/index.php\/corsi-di-laurea\/cdl-medicina-e-chirurgia\/regolamento-didattico-med-chir\/\" \/>\n<meta property=\"og:site_name\" content=\"Scuola di Medicina\" \/>\n<meta property=\"article:modified_time\" content=\"2026-01-08T15:28:20+00:00\" \/>\n<meta name=\"twitter:card\" content=\"summary_large_image\" \/>\n<meta name=\"twitter:label1\" content=\"Tempo di lettura stimato\" \/>\n\t<meta name=\"twitter:data1\" content=\"1 minuto\" \/>\n<script type=\"application\/ld+json\" class=\"yoast-schema-graph\">{\"@context\":\"https:\/\/schema.org\",\"@graph\":[{\"@type\":\"WebPage\",\"@id\":\"https:\/\/www.med.unipi.it\/index.php\/corsi-di-laurea\/cdl-medicina-e-chirurgia\/regolamento-didattico-med-chir\/\",\"url\":\"https:\/\/www.med.unipi.it\/index.php\/corsi-di-laurea\/cdl-medicina-e-chirurgia\/regolamento-didattico-med-chir\/\",\"name\":\"Regolamento didattico - Scuola di Medicina\",\"isPartOf\":{\"@id\":\"https:\/\/www.med.unipi.it\/#website\"},\"datePublished\":\"2022-10-17T09:01:35+00:00\",\"dateModified\":\"2026-01-08T15:28:20+00:00\",\"breadcrumb\":{\"@id\":\"https:\/\/www.med.unipi.it\/index.php\/corsi-di-laurea\/cdl-medicina-e-chirurgia\/regolamento-didattico-med-chir\/#breadcrumb\"},\"inLanguage\":\"it-IT\",\"potentialAction\":[{\"@type\":\"ReadAction\",\"target\":[\"https:\/\/www.med.unipi.it\/index.php\/corsi-di-laurea\/cdl-medicina-e-chirurgia\/regolamento-didattico-med-chir\/\"]}]},{\"@type\":\"BreadcrumbList\",\"@id\":\"https:\/\/www.med.unipi.it\/index.php\/corsi-di-laurea\/cdl-medicina-e-chirurgia\/regolamento-didattico-med-chir\/#breadcrumb\",\"itemListElement\":[{\"@type\":\"ListItem\",\"position\":1,\"name\":\"Home\",\"item\":\"https:\/\/www.med.unipi.it\/\"},{\"@type\":\"ListItem\",\"position\":2,\"name\":\"Corsi di Laurea\",\"item\":\"https:\/\/www.med.unipi.it\/index.php\/corsi-di-laurea\/\"},{\"@type\":\"ListItem\",\"position\":3,\"name\":\"Medicina e Chirurgia\",\"item\":\"https:\/\/www.med.unipi.it\/index.php\/corsi-di-laurea\/cdl-medicina-e-chirurgia\/\"},{\"@type\":\"ListItem\",\"position\":4,\"name\":\"Regolamento didattico\"}]},{\"@type\":\"WebSite\",\"@id\":\"https:\/\/www.med.unipi.it\/#website\",\"url\":\"https:\/\/www.med.unipi.it\/\",\"name\":\"Scuola di Medicina\",\"description\":\"\",\"potentialAction\":[{\"@type\":\"SearchAction\",\"target\":{\"@type\":\"EntryPoint\",\"urlTemplate\":\"https:\/\/www.med.unipi.it\/?s={search_term_string}\"},\"query-input\":{\"@type\":\"PropertyValueSpecification\",\"valueRequired\":true,\"valueName\":\"search_term_string\"}}],\"inLanguage\":\"it-IT\"}]}<\/script>\n<!-- \/ Yoast SEO plugin. -->","yoast_head_json":{"title":"Regolamento didattico - Scuola di Medicina","robots":{"index":"index","follow":"follow","max-snippet":"max-snippet:-1","max-image-preview":"max-image-preview:large","max-video-preview":"max-video-preview:-1"},"canonical":"https:\/\/www.med.unipi.it\/index.php\/corsi-di-laurea\/cdl-medicina-e-chirurgia\/regolamento-didattico-med-chir\/","og_locale":"it_IT","og_type":"article","og_title":"Regolamento didattico - Scuola di Medicina","og_description":"Dall&#8217;Art. 12 del DM n.\u00a0270\/2004: 1. In base all&#8217;articolo 11, comma 2, della legge 19 novembre 1990, n. 341, il&hellip;Leggi tutto...","og_url":"https:\/\/www.med.unipi.it\/index.php\/corsi-di-laurea\/cdl-medicina-e-chirurgia\/regolamento-didattico-med-chir\/","og_site_name":"Scuola di Medicina","article_modified_time":"2026-01-08T15:28:20+00:00","twitter_card":"summary_large_image","twitter_misc":{"Tempo di lettura stimato":"1 minuto"},"schema":{"@context":"https:\/\/schema.org","@graph":[{"@type":"WebPage","@id":"https:\/\/www.med.unipi.it\/index.php\/corsi-di-laurea\/cdl-medicina-e-chirurgia\/regolamento-didattico-med-chir\/","url":"https:\/\/www.med.unipi.it\/index.php\/corsi-di-laurea\/cdl-medicina-e-chirurgia\/regolamento-didattico-med-chir\/","name":"Regolamento didattico - Scuola di Medicina","isPartOf":{"@id":"https:\/\/www.med.unipi.it\/#website"},"datePublished":"2022-10-17T09:01:35+00:00","dateModified":"2026-01-08T15:28:20+00:00","breadcrumb":{"@id":"https:\/\/www.med.unipi.it\/index.php\/corsi-di-laurea\/cdl-medicina-e-chirurgia\/regolamento-didattico-med-chir\/#breadcrumb"},"inLanguage":"it-IT","potentialAction":[{"@type":"ReadAction","target":["https:\/\/www.med.unipi.it\/index.php\/corsi-di-laurea\/cdl-medicina-e-chirurgia\/regolamento-didattico-med-chir\/"]}]},{"@type":"BreadcrumbList","@id":"https:\/\/www.med.unipi.it\/index.php\/corsi-di-laurea\/cdl-medicina-e-chirurgia\/regolamento-didattico-med-chir\/#breadcrumb","itemListElement":[{"@type":"ListItem","position":1,"name":"Home","item":"https:\/\/www.med.unipi.it\/"},{"@type":"ListItem","position":2,"name":"Corsi di Laurea","item":"https:\/\/www.med.unipi.it\/index.php\/corsi-di-laurea\/"},{"@type":"ListItem","position":3,"name":"Medicina e Chirurgia","item":"https:\/\/www.med.unipi.it\/index.php\/corsi-di-laurea\/cdl-medicina-e-chirurgia\/"},{"@type":"ListItem","position":4,"name":"Regolamento didattico"}]},{"@type":"WebSite","@id":"https:\/\/www.med.unipi.it\/#website","url":"https:\/\/www.med.unipi.it\/","name":"Scuola di Medicina","description":"","potentialAction":[{"@type":"SearchAction","target":{"@type":"EntryPoint","urlTemplate":"https:\/\/www.med.unipi.it\/?s={search_term_string}"},"query-input":{"@type":"PropertyValueSpecification","valueRequired":true,"valueName":"search_term_string"}}],"inLanguage":"it-IT"}]}},"_links":{"self":[{"href":"https:\/\/www.med.unipi.it\/index.php\/wp-json\/wp\/v2\/pages\/124","targetHints":{"allow":["GET"]}}],"collection":[{"href":"https:\/\/www.med.unipi.it\/index.php\/wp-json\/wp\/v2\/pages"}],"about":[{"href":"https:\/\/www.med.unipi.it\/index.php\/wp-json\/wp\/v2\/types\/page"}],"author":[{"embeddable":true,"href":"https:\/\/www.med.unipi.it\/index.php\/wp-json\/wp\/v2\/users\/1"}],"replies":[{"embeddable":true,"href":"https:\/\/www.med.unipi.it\/index.php\/wp-json\/wp\/v2\/comments?post=124"}],"version-history":[{"count":20,"href":"https:\/\/www.med.unipi.it\/index.php\/wp-json\/wp\/v2\/pages\/124\/revisions"}],"predecessor-version":[{"id":12812,"href":"https:\/\/www.med.unipi.it\/index.php\/wp-json\/wp\/v2\/pages\/124\/revisions\/12812"}],"up":[{"embeddable":true,"href":"https:\/\/www.med.unipi.it\/index.php\/wp-json\/wp\/v2\/pages\/82"}],"wp:attachment":[{"href":"https:\/\/www.med.unipi.it\/index.php\/wp-json\/wp\/v2\/media?parent=124"}],"wp:term":[{"taxonomy":"category","embeddable":true,"href":"https:\/\/www.med.unipi.it\/index.php\/wp-json\/wp\/v2\/categories?post=124"},{"taxonomy":"post_tag","embeddable":true,"href":"https:\/\/www.med.unipi.it\/index.php\/wp-json\/wp\/v2\/tags?post=124"}],"curies":[{"name":"wp","href":"https:\/\/api.w.org\/{rel}","templated":true}]}}