{"id":1365,"date":"2022-11-29T08:09:43","date_gmt":"2022-11-29T07:09:43","guid":{"rendered":"https:\/\/www.med.unipi.it\/?page_id=1365"},"modified":"2025-02-13T14:00:36","modified_gmt":"2025-02-13T13:00:36","slug":"didattica-fuori-sede","status":"publish","type":"page","link":"https:\/\/www.med.unipi.it\/index.php\/didattica-fuori-sede\/","title":{"rendered":"Didattica fuori sede"},"content":{"rendered":"<section class=\"article-content clearfix\"><strong>Procedure da seguire per la didattica fuori sede<\/strong>L\u2019attivit\u00e0 didattica fuori sede dovr\u00e0 essere organizzata secondo la seguente Procedura interna della Scuola di Medicina:<\/p>\n<ul>\n<li data-mce-word-list=\"1\">Ogni docente che intende svolgere attivit\u00e0 didattica fuori sede dovr\u00e0 predisporre un documento con tutte le informazioni per la lezione fuori sede precisando la motivazione della lezione fuori sede e l\u2019elenco provvisorio degli studenti che parteciperanno all\u2019attivit\u00e0 fuori sede (essi verranno informati direttamente dal\/i docente\/i sulla tipologia di struttura in cui dovranno recarsi e sull\u2019attivit\u00e0 didattica che andranno a svolgere).<\/li>\n<li data-mce-word-list=\"1\">L\u2019elenco degli studenti partecipanti e dei docenti accompagnatori dovr\u00e0 essere indirizzato al Presidente della Scuola di Medicina e al Presidente del CDS tramite l\u2019Unit\u00e0 Didattica con almeno 15 giorni di anticipo rispetto alla data di svolgimento dell\u2019attivit\u00e0 didattica fuori sede.<\/li>\n<li data-mce-word-list=\"1\">Una volta giunti nel luogo adibito all\u2019attivit\u00e0 didattica fuori sede, il docente far\u00e0 firmare ad ogni studente l\u2019ingresso annotando l\u2019ora di inizio e l\u2019uscita una volta terminata la lezione (lo studente dovr\u00e0 riportare inoltre il suo numero di matricola).<\/li>\n<li data-mce-word-list=\"1\">Una volta tornato in sede il docente consegner\u00e0 l\u2019apposito registro con l\u2019indicazione dell\u2019inizio e della fine della lezione (utilizzando il fac-simile di registro) all\u2019Unit\u00e0 Didattica.<\/li>\n<li data-mce-word-list=\"1\">Se non ci sono stati incidenti, l\u2019Unit\u00e0 Didattica chiuder\u00e0 il foglio missione e conserver\u00e0 il materiale inerente l\u2019attivit\u00e0 didattica fuori sede. Nel caso malaugurato di incidenti, inoltrer\u00e0 tutto il materiale inerente all\u2019attivit\u00e0 didattica fuori sede alla sezione <a href=\"https:\/\/www.unipi.it\/index.php\/amministrazione\/item\/4128-polizza-infortuni-a-favore-degli-studenti-e-dei-dipendenti\">assicurazioni dell\u2019Ateneo<\/a>.<\/li>\n<\/ul>\n<p>&nbsp;<\/p>\n<p>Fac simile di Registro\u00a0<a href=\"https:\/\/www.med.unipi.it\/images\/REGISTRO_ATTIVITA_fuori_sede.docx\">Attivit\u00e0 Fuori Sede<\/a><\/p>\n<p>Fac simile di Richiesta <a href=\"https:\/\/www.med.unipi.it\/images\/ALLEGATI\/modellino_richiesta_didattica_fuori_sede.docx\">Didattica Fuori Sede<\/a><\/p>\n<\/section>\n","protected":false},"excerpt":{"rendered":"<p>Procedure da seguire per la didattica fuori sedeL\u2019attivit\u00e0 didattica fuori sede dovr\u00e0 essere organizzata secondo la seguente Procedura interna della&hellip;<\/p>\n<p><a class=\"btn btn-dark btn-sm unipi-read-more-link\" href=\"https:\/\/www.med.unipi.it\/index.php\/didattica-fuori-sede\/\">Leggi tutto&#8230;<\/a><\/p>\n","protected":false},"author":1,"featured_media":0,"parent":0,"menu_order":0,"comment_status":"closed","ping_status":"closed","template":"","meta":{"footnotes":""},"categories":[8],"tags":[],"class_list":["post-1365","page","type-page","status-publish","hentry","category-servizi"],"yoast_head":"<!-- This site is optimized with the Yoast SEO plugin v27.0 - https:\/\/yoast.com\/product\/yoast-seo-wordpress\/ -->\n<title>Didattica fuori sede - Scuola di Medicina<\/title>\n<meta name=\"robots\" content=\"index, follow, max-snippet:-1, max-image-preview:large, max-video-preview:-1\" \/>\n<link rel=\"canonical\" href=\"https:\/\/www.med.unipi.it\/index.php\/didattica-fuori-sede\/\" \/>\n<meta property=\"og:locale\" content=\"it_IT\" \/>\n<meta property=\"og:type\" content=\"article\" \/>\n<meta property=\"og:title\" content=\"Didattica fuori sede - Scuola di Medicina\" \/>\n<meta property=\"og:description\" content=\"Procedure da seguire per la didattica fuori sedeL\u2019attivit\u00e0 didattica fuori sede dovr\u00e0 essere organizzata secondo la seguente Procedura interna della&hellip;Leggi tutto...\" \/>\n<meta property=\"og:url\" content=\"https:\/\/www.med.unipi.it\/index.php\/didattica-fuori-sede\/\" \/>\n<meta property=\"og:site_name\" content=\"Scuola di Medicina\" \/>\n<meta property=\"article:modified_time\" content=\"2025-02-13T13:00:36+00:00\" \/>\n<meta name=\"twitter:card\" content=\"summary_large_image\" \/>\n<meta name=\"twitter:label1\" content=\"Tempo di lettura stimato\" \/>\n\t<meta name=\"twitter:data1\" content=\"2 minuti\" \/>\n<script type=\"application\/ld+json\" class=\"yoast-schema-graph\">{\"@context\":\"https:\/\/schema.org\",\"@graph\":[{\"@type\":\"WebPage\",\"@id\":\"https:\/\/www.med.unipi.it\/index.php\/didattica-fuori-sede\/\",\"url\":\"https:\/\/www.med.unipi.it\/index.php\/didattica-fuori-sede\/\",\"name\":\"Didattica fuori sede - Scuola di Medicina\",\"isPartOf\":{\"@id\":\"https:\/\/www.med.unipi.it\/#website\"},\"datePublished\":\"2022-11-29T07:09:43+00:00\",\"dateModified\":\"2025-02-13T13:00:36+00:00\",\"breadcrumb\":{\"@id\":\"https:\/\/www.med.unipi.it\/index.php\/didattica-fuori-sede\/#breadcrumb\"},\"inLanguage\":\"it-IT\",\"potentialAction\":[{\"@type\":\"ReadAction\",\"target\":[\"https:\/\/www.med.unipi.it\/index.php\/didattica-fuori-sede\/\"]}]},{\"@type\":\"BreadcrumbList\",\"@id\":\"https:\/\/www.med.unipi.it\/index.php\/didattica-fuori-sede\/#breadcrumb\",\"itemListElement\":[{\"@type\":\"ListItem\",\"position\":1,\"name\":\"Home\",\"item\":\"https:\/\/www.med.unipi.it\/\"},{\"@type\":\"ListItem\",\"position\":2,\"name\":\"Didattica fuori sede\"}]},{\"@type\":\"WebSite\",\"@id\":\"https:\/\/www.med.unipi.it\/#website\",\"url\":\"https:\/\/www.med.unipi.it\/\",\"name\":\"Scuola di Medicina\",\"description\":\"\",\"potentialAction\":[{\"@type\":\"SearchAction\",\"target\":{\"@type\":\"EntryPoint\",\"urlTemplate\":\"https:\/\/www.med.unipi.it\/?s={search_term_string}\"},\"query-input\":{\"@type\":\"PropertyValueSpecification\",\"valueRequired\":true,\"valueName\":\"search_term_string\"}}],\"inLanguage\":\"it-IT\"}]}<\/script>\n<!-- \/ Yoast SEO plugin. -->","yoast_head_json":{"title":"Didattica fuori sede - Scuola di Medicina","robots":{"index":"index","follow":"follow","max-snippet":"max-snippet:-1","max-image-preview":"max-image-preview:large","max-video-preview":"max-video-preview:-1"},"canonical":"https:\/\/www.med.unipi.it\/index.php\/didattica-fuori-sede\/","og_locale":"it_IT","og_type":"article","og_title":"Didattica fuori sede - Scuola di Medicina","og_description":"Procedure da seguire per la didattica fuori sedeL\u2019attivit\u00e0 didattica fuori sede dovr\u00e0 essere organizzata secondo la seguente Procedura interna della&hellip;Leggi tutto...","og_url":"https:\/\/www.med.unipi.it\/index.php\/didattica-fuori-sede\/","og_site_name":"Scuola di Medicina","article_modified_time":"2025-02-13T13:00:36+00:00","twitter_card":"summary_large_image","twitter_misc":{"Tempo di lettura stimato":"2 minuti"},"schema":{"@context":"https:\/\/schema.org","@graph":[{"@type":"WebPage","@id":"https:\/\/www.med.unipi.it\/index.php\/didattica-fuori-sede\/","url":"https:\/\/www.med.unipi.it\/index.php\/didattica-fuori-sede\/","name":"Didattica fuori sede - Scuola di Medicina","isPartOf":{"@id":"https:\/\/www.med.unipi.it\/#website"},"datePublished":"2022-11-29T07:09:43+00:00","dateModified":"2025-02-13T13:00:36+00:00","breadcrumb":{"@id":"https:\/\/www.med.unipi.it\/index.php\/didattica-fuori-sede\/#breadcrumb"},"inLanguage":"it-IT","potentialAction":[{"@type":"ReadAction","target":["https:\/\/www.med.unipi.it\/index.php\/didattica-fuori-sede\/"]}]},{"@type":"BreadcrumbList","@id":"https:\/\/www.med.unipi.it\/index.php\/didattica-fuori-sede\/#breadcrumb","itemListElement":[{"@type":"ListItem","position":1,"name":"Home","item":"https:\/\/www.med.unipi.it\/"},{"@type":"ListItem","position":2,"name":"Didattica fuori sede"}]},{"@type":"WebSite","@id":"https:\/\/www.med.unipi.it\/#website","url":"https:\/\/www.med.unipi.it\/","name":"Scuola di Medicina","description":"","potentialAction":[{"@type":"SearchAction","target":{"@type":"EntryPoint","urlTemplate":"https:\/\/www.med.unipi.it\/?s={search_term_string}"},"query-input":{"@type":"PropertyValueSpecification","valueRequired":true,"valueName":"search_term_string"}}],"inLanguage":"it-IT"}]}},"_links":{"self":[{"href":"https:\/\/www.med.unipi.it\/index.php\/wp-json\/wp\/v2\/pages\/1365","targetHints":{"allow":["GET"]}}],"collection":[{"href":"https:\/\/www.med.unipi.it\/index.php\/wp-json\/wp\/v2\/pages"}],"about":[{"href":"https:\/\/www.med.unipi.it\/index.php\/wp-json\/wp\/v2\/types\/page"}],"author":[{"embeddable":true,"href":"https:\/\/www.med.unipi.it\/index.php\/wp-json\/wp\/v2\/users\/1"}],"replies":[{"embeddable":true,"href":"https:\/\/www.med.unipi.it\/index.php\/wp-json\/wp\/v2\/comments?post=1365"}],"version-history":[{"count":2,"href":"https:\/\/www.med.unipi.it\/index.php\/wp-json\/wp\/v2\/pages\/1365\/revisions"}],"predecessor-version":[{"id":8127,"href":"https:\/\/www.med.unipi.it\/index.php\/wp-json\/wp\/v2\/pages\/1365\/revisions\/8127"}],"wp:attachment":[{"href":"https:\/\/www.med.unipi.it\/index.php\/wp-json\/wp\/v2\/media?parent=1365"}],"wp:term":[{"taxonomy":"category","embeddable":true,"href":"https:\/\/www.med.unipi.it\/index.php\/wp-json\/wp\/v2\/categories?post=1365"},{"taxonomy":"post_tag","embeddable":true,"href":"https:\/\/www.med.unipi.it\/index.php\/wp-json\/wp\/v2\/tags?post=1365"}],"curies":[{"name":"wp","href":"https:\/\/api.w.org\/{rel}","templated":true}]}}