{"id":177,"date":"2022-10-10T11:45:44","date_gmt":"2022-10-10T09:45:44","guid":{"rendered":"https:\/\/www.med.unipi.it\/?page_id=177"},"modified":"2026-01-08T11:51:53","modified_gmt":"2026-01-08T10:51:53","slug":"lauree-odonto","status":"publish","type":"page","link":"https:\/\/www.med.unipi.it\/index.php\/corsi-di-laurea\/odontoiatria-e-protesi-dentaria\/lauree-odonto\/","title":{"rendered":"Lauree"},"content":{"rendered":"<p>&nbsp;<\/p>\n<p><strong>COMUNICAZIONE IN MERITO AI FESTEGGIAMENTI IN OCCASIONE DELLE SEDUTE DI LAUREA<\/strong><\/p>\n<p>Siamo lieti di annunciare che l\u2019<b>Universit\u00e0 di Pisa<\/b>\u00a0ha adottato le\u00a0<b>Linee Guida per gli Eventi Sostenibili<\/b>, redatte dalla Commissione per lo Sviluppo Sostenibile di Ateneo (CoSA) e approvate dagli organi di governo dell\u2019Ateneo.<br \/>\nLe Linee Guida forniscono istruzioni per organizzare eventi in modo sostenibile, riducendo l\u2019impatto ambientale e promuovendo pratiche etiche e inclusive, in linea con gli obiettivi dell\u2019<b>Agenda 2030<\/b>.\u00a0 Il documento, consultabile al seguente link:\u00a0<u><span data-ogsc=\"rgb(70, 120, 134)\"><a title=\"https:\/\/sostenibile.unipi.it\/wp-content\/uploads\/2025\/07\/Linee-guida-eventi-sostenibili_DR-09.07.25-2-1.pdf\" href=\"https:\/\/sostenibile.unipi.it\/wp-content\/uploads\/2025\/07\/Linee-guida-eventi-sostenibili_DR-09.07.25-2-1.pdf\" target=\"_blank\" rel=\"noopener noreferrer\" data-auth=\"NotApplicable\" data-linkindex=\"14\" data-ogsc=\"\">Linee Guida Eventi Sostenibili<\/a><\/span><\/u>\u00a0, fissa obiettivi precisi:<\/p>\n<ul type=\"disc\">\n<li class=\"x_MsoNormal\"><b>Ridurre l\u2019impatto ambientale<\/b>\u00a0attraverso pratiche che minimizzino consumo di risorse, produzione di rifiuti ed emissioni di gas serra.<\/li>\n<li class=\"x_MsoNormal\"><b>Promuovere il benessere<\/b>\u00a0offrendo cibo sano e preferibilmente locale nei servizi di catering e incentivando il consumo di acqua rispetto a bevande zuccherate.<\/li>\n<li class=\"x_MsoNormal\"><b>Favorire comportamenti etici<\/b>\u00a0privilegiando materiali riutilizzabili e sostenibili e collaborando con fornitori che rispettino standard etici.<\/li>\n<li class=\"x_MsoNormal\"><b>Garantire pari opportunit\u00e0 e inclusione<\/b>, rispettando le Linee Guida su linguaggio inclusivo e pratiche eque.<\/li>\n<\/ul>\n<p>Le Linee Guida si applicano a\u00a0<b>tutte le tipologie di eventi universitari<\/b> \u2014 conferenze, eventi scientifici, istituzionali, divulgativi e studenteschi, comprese le sedute di laurea. Offrono, infatti, indicazioni operative su ogni aspetto dell\u2019organizzazione: men\u00f9, gadget, promozione, mobilit\u00e0 sostenibile, gestione dei rifiuti, consumi energetici ed eccedenze alimentari.<br \/>\nSi tratta di\u00a0<b>raccomandazioni da osservare, diffondere e sostenere<\/b>, con l\u2019obiettivo di consolidare una\u00a0<b>cultura della sostenibilit\u00e0<\/b>\u00a0e costruire un modello di universit\u00e0\u00a0<b>responsabile, etica e proiettata al futuro<\/b>.\u00a0 Infine, le Linee Guida prevedono anche un\u00a0<b>sistema di premialit\u00e0<\/b>: gli eventi pi\u00f9 virtuosi potranno concorrere al riconoscimento di\u00a0<b>\u201cEvento pi\u00f9 sostenibile dell\u2019anno\u201d<\/b>, incentivando l\u2019adozione di pratiche sostenibili e l\u2019eccellenza organizzativa.<br \/>\nPer informazioni e supporto, \u00e8 possibile contattare l\u2019<b>Unit\u00e0 Sostenibilit\u00e0<\/b>\u00a0e la\u00a0<b>Commissione per lo Sviluppo Sostenibile di Ateneo (CoSA)<\/b>\u00a0tramite e-mail:\u00a0<b><u><span data-ogsc=\"rgb(70, 120, 134)\"><a title=\"mailto:segreteria.cosa@unipi.it\" href=\"mailto:segreteria.cosa@unipi.it\" data-linkindex=\"15\" data-ogsc=\"\">segreteria.cosa@unipi.it\u00a0<\/a><br \/>\n<\/span><\/u><\/b>La Commissione per lo Sviluppo Sostenibile di Ateneo<br \/>\nProf.ssa Elisa Giuliani<br \/>\nProrettrice\u00a0<span data-ogsc=\"black\">per la sostenibilit\u00e0 e l\u2019Agenda 2030<\/span><\/p>\n<p><a href=\"https:\/\/www.unipi.it\/didattica\/segreterie\/gestione-della-carriera\/laurea\/esame-di-laurea\/\">Regole Richiesta Tesi<\/a><\/p>\n<p><strong>MODALITA&#8217; DETERMINAZIONE VOTO DI LAUREA<\/strong><\/p>\n<p>Per essere ammesso a sostenere l&#8217;esame di laurea, lo studente deve aver seguito tutte le attivit\u00e0 formative previste nel piano di studio ed aver superato i relativi esami. Ai sensi degli articoli 1 e 3 della legge 8 novembre 2021, n. 163 l\u2019esame finale per il conseguimento della laurea magistrale a ciclo unico in Odontoiatria e protesi dentaria &#8211; classe LM-46 abilita all\u2019esercizio della professione di odontoiatra. A tal fine il predetto esame finale comprende lo svolgimento di una Prova Pratica Valutativa (PPV) delle competenze professionali acquisite mediante un Tirocinio Pratico-Valutativo (TPV) interno ai corsi di studio, volta ad accertare il livello di preparazione pratica del candidato per l\u2019abilitazione all\u2019esercizio della professione, che precede la discussione della tesi di laurea. La PPV \u00e8 organizzata mediante la discussione da parte dello studente di numero 3 casi clinici multidisciplinari trattati come primo operatore durante il TPV, che implicano piani di trattamento multidisciplinari con prestazioni afferenti alla maggioranza delle discipline oggetto del TPV, secondo le modalit\u00e0 individuate dal protocollo redatto dalla Conferenza permanente dei presidenti dei corsi di laurea in Odontoiatria e protesi dentaria, d\u2019intesa con la Commissione Albo odontoiatri nazionale. Ai fini del superamento della PPV gli studenti conseguono un giudizio di idoneit\u00e0 a seguito del quale accedono alla discussione della tesi di laurea. Per il conseguimento della laurea magistrale \u00e8 quindi prevista la presentazione di una tesi elaborata in modo originale dallo studente sotto la guida di un relatore. Tutta la commissione di laurea agisce da controrelatore durante la discussione, altrimenti pu\u00f2 essere prevista la figura di un docente correlatore. La determinazione del voto avviene con le modalit\u00e0 stabilite dal Consiglio della struttura didattica in linea con le norme previste dall&#8217;Ateneo. L&#8217;esame finale comprende lo svolgimento di una Prova Pratica Valutativa (PPV) delle competenze professionali acquisite mediante un Tirocinio Pratico-Valutativo (TPV) interno al corso di studio, volta ad accertare il livello di preparazione pratica del candidato per l\u2019abilitazione all\u2019esercizio della professione, che precede la discussione della tesi di laurea. La PPV \u00e8 organizzata mediante la discussione da parte dello studente di numero 3 casi clinici multidisciplinari trattati come primo operatore durante il TPV, che implicano piani di trattamento multidisciplinari con prestazioni afferenti alla maggioranza delle discipline oggetto del TPV, secondo le modalit\u00e0 individuate dal protocollo redatto dalla Conferenza permanente dei presidenti dei corsi di laurea in Odontoiatria e protesi dentaria, d\u2019intesa con la Commissione Albo odontoiatri nazionale. Ai fini del superamento della PPV gli studenti conseguono un giudizio di idoneit\u00e0 a seguito del quale accedono alla discussione della tesi di laurea. Per il conseguimento della laurea magistrale \u00e8 prevista la presentazione di una tesi sperimentale elaborata in modo originale dallo studente sotto la guida di un relatore oppure di alcuni elaborati brevi. Tutta la commissione di laurea agisce da controrelatore durante la discussione della tesi sperimentale. La tesi potr\u00e0 essere redatta anche in una lingua straniera preventivamente concordata. Concorrono alla definizione del voto finale tutte le attivit\u00e0 formative curriculari previste nel piano di studi del corso di laurea, compresi i tirocini professionalizzanti, per i quali \u00e8 previsto l&#8217;esame di profitto con valutazione in 30-esimi. Le attivit\u00e0 elettive, per le quali \u00e8 previsto un esame di profitto a fine corso, sono registrate con idoneit\u00e0 e non entrano nel computo della media. E&#8217; esclusa dal computo anche la conoscenza della lingua inglese. La media curriculare, in trentesimi, \u00e8 calcolata come media ponderata sui CFU degli esami sostenuti e registrati con votazione in trentesimi. La media curriculare in 110-esimi \u00e8 calcolata moltiplicando per 11 e dividendo per 3 la media curriculare in trentesimi. A tale valore la Commissione di Laurea pu\u00f2 aggiungere al massimo ulteriori punti 11. La Commissione d\u2019esame finale \u00e8 composta secondo la normativa vigente e pu\u00f2 concedere all\u2019unanimit\u00e0 la lode purch\u00e9 il laureando abbia conseguito almeno 110 su 110. Lo studente deve presentare la richiesta di tesi almeno 12 mesi prima della sessione di laurea. La domanda dovr\u00e0 essere presentata attraverso il portale \u201cSportello Virtuale\u201d, disponibile all&#8217;indirizzo<a class=\"x_moz-txt-link-freetext\" title=\"http:\/\/sportellovirtuale.unipi.it\" href=\"http:\/\/sportellovirtuale.unipi.it\/\" target=\"_blank\" rel=\"noopener noreferrer\" data-auth=\"NotApplicable\" data-linkindex=\"4\"> http:\/\/sportellovirtuale.unipi.it<\/a>\u00a0seguendo le istruzioni che saranno fornite dal sistema.<\/p>\n<p>&nbsp;<\/p>\n<p class=\"x_MsoNormal\"><strong>SESSIONI DI LAUREA 2026<\/strong><\/p>\n<p class=\"x_MsoNormal\">17 febbraio 2026<\/p>\n<p class=\"x_MsoNormal\">31 marzo 2026<\/p>\n<p class=\"x_MsoNormal\">26 maggio 2026<\/p>\n<p class=\"x_MsoNormal\">21 luglio 2026<\/p>\n<p class=\"x_MsoNormal\">22 settembre 2026<\/p>\n<p class=\"x_MsoNormal\">27 ottobre 2026<\/p>\n<p>&nbsp;<\/p>\n<p><strong>SESSIONI DI LAUREA 2025<\/strong><\/p>\n<p>18 febbraio 2025<\/p>\n<p>01 aprile 2025<\/p>\n<p>27 maggio 2025 &#8211; <a href=\"https:\/\/www.med.unipi.it\/wp-content\/uploads\/2025\/05\/commissione-odontoiatria.pdf\">commissione<\/a> &#8211; <a href=\"https:\/\/www.med.unipi.it\/wp-content\/uploads\/2025\/05\/decreto-nomina-ODO-27-maggio.pdf\">decreto nomina<\/a><\/p>\n<p>22 luglio 2025<\/p>\n<p>23 settembre 2025 &#8211; <a href=\"https:\/\/www.med.unipi.it\/wp-content\/uploads\/2025\/09\/commissione.pdf\">commissione<\/a> &#8211;\u00a0<a href=\"https:\/\/www.med.unipi.it\/wp-content\/uploads\/2025\/09\/decreto-nomina.pdf\">decreto nomina<\/a><\/p>\n<p>28 ottobre 2025 &#8211; <a href=\"https:\/\/www.med.unipi.it\/wp-content\/uploads\/2025\/10\/commissione.pdf\">commissione<\/a> &#8211;\u00a0<a href=\"https:\/\/www.med.unipi.it\/wp-content\/uploads\/2025\/10\/decreto-nomina.pdf\">decreto nomina<\/a><\/p>\n<p>&nbsp;<\/p>\n<p><strong>SESSIONI DI LAUREA 2024<\/strong><\/p>\n<p>20 febbraio 2024 &#8211; <a href=\"https:\/\/www.med.unipi.it\/wp-content\/uploads\/2024\/02\/decreto-nomina-15.pdf\">decreto<\/a> &#8211; <a href=\"https:\/\/www.med.unipi.it\/wp-content\/uploads\/2024\/02\/COMMISSIONE-ODO-20-FEBBRAIO-2024.pdf\">commissione<\/a><\/p>\n<p>09 aprile 2024<\/p>\n<p>28 maggio 2024 &#8211; <a href=\"https:\/\/www.med.unipi.it\/wp-content\/uploads\/2024\/05\/COMMISSIONE-ODO-28-MAGGIO-2024.pdf\">COMMISSIONE<\/a> &#8211;\u00a0<a href=\"https:\/\/www.med.unipi.it\/wp-content\/uploads\/2024\/05\/decreto-nomina-16.pdf\">decreto nomina<\/a><\/p>\n<p>23 luglio 2024 &#8211; <a href=\"https:\/\/www.med.unipi.it\/wp-content\/uploads\/2024\/07\/COMMISSIONE-ODO-23-LUGLIO-2024.pdf\">COMMISSIONE <\/a>\u00a0&#8211; <a href=\"https:\/\/www.med.unipi.it\/wp-content\/uploads\/2024\/07\/decreto-nomina.pdf\">decreto nomina<\/a><\/p>\n<p>17 settembre 2024 &#8211; <a href=\"https:\/\/www.med.unipi.it\/wp-content\/uploads\/2024\/09\/COMMISSIONE-ODO-17-SETTEMBRE-2024-10.pdf\">COMMISSIONE <\/a>\u00a0&#8211; <a href=\"https:\/\/www.med.unipi.it\/wp-content\/uploads\/2024\/09\/decreto-nomina-1.pdf\">decreto nomina<\/a><\/p>\n<p>29 ottobre 2024 &#8211;\u00a0 &#8211; <a href=\"https:\/\/www.med.unipi.it\/wp-content\/uploads\/2024\/10\/commissione.pdf\">commissione<\/a><\/p>\n<p>&nbsp;<\/p>\n<p><strong>SESSIONI DI LAUREA 2023<\/strong><\/p>\n<p>21 febbraio<\/p>\n<p>11 aprile<\/p>\n<p>30 maggio &#8211; <a href=\"https:\/\/www.med.unipi.it\/wp-content\/uploads\/2023\/05\/decerto-di-nomima.pdf\">decreto<\/a> &#8211; <a href=\"https:\/\/www.med.unipi.it\/wp-content\/uploads\/2023\/05\/commissione-ODO-30-maggio-2023.pdf\">commissione<\/a><\/p>\n<p>25 luglio<\/p>\n<p>19 settembre<\/p>\n<p>7 novembre &#8211; <a href=\"https:\/\/www.med.unipi.it\/wp-content\/uploads\/2023\/11\/decreto-nomina.pdf\">decreto<\/a> &#8211; <a href=\"https:\/\/www.med.unipi.it\/wp-content\/uploads\/2023\/11\/COMMISSIONE.pdf\">commissione<\/a><\/p>\n<p>&nbsp;<\/p>\n<p><strong>SESSIONI DI LAUREA 2022<\/strong><\/p>\n<p>22 febbraio 2022<\/p>\n<p>12 aprile 2022<\/p>\n<p>31 maggio 2022 &#8211;\u00a0<a href=\"https:\/\/www.med.unipi.it\/images\/decreto_nomina_5.pdf\">decreto<\/a>\u00a0&#8211;\u00a0<a href=\"https:\/\/www.med.unipi.it\/images\/commissione_ODO_31_maggio_2022.pdf\">commissione<\/a><\/p>\n<p>26 luglio 2022 &#8211;\u00a0<a href=\"https:\/\/www.med.unipi.it\/images\/decreto_nomina.pdf\">decreto<\/a>\u00a0&#8211;\u00a0<a href=\"https:\/\/www.med.unipi.it\/images\/commissione_ODO_26_luglio_2022.pdf\">commissione<\/a><\/p>\n<p>20 settembre 2022 &#8211;\u00a0<a href=\"https:\/\/www.med.unipi.it\/images\/decreto_nomina_1.pdf\">decreto<\/a>\u00a0&#8211;\u00a0<a href=\"https:\/\/www.med.unipi.it\/images\/commissione_ODO_20_SETTEMBRE_2022_1.pdf\">commissione<\/a><\/p>\n<p>8 novembre 2022<\/p>\n<p>&nbsp;<\/p>\n<p><strong>SESSIONI DI LAUREA 2021<\/strong><\/p>\n<p>27 gennaio 2021<\/p>\n<p>31 marzo 2021<\/p>\n<p>15 giugno 2021\u00a0<a href=\"https:\/\/www.med.unipi.it\/images\/ALLEGATI\/ODO_06_2021.pdf\">decreto e commissione<\/a>\u00a0&#8211;\u00a0<a href=\"https:\/\/teams.microsoft.com\/l\/meetup-join\/19%3ameeting_OTYyN2JhNGUtZThjNS00OGZlLTg4YWQtOGJlNmZlZTVlYmE3%40thread.v2\/0?context=%7b%22Tid%22%3a%22c7456b31-a220-47f5-be52-473828670aa1%22%2c%22Oid%22%3a%226ae63cd7-8ecb-4c5f-836b-65ee234ce6c1%22%7d\">aula virtuale<\/a><\/p>\n<p>27 luglio 2021<\/p>\n<p>21 settembre 2021 &#8211;\u00a0<a href=\"https:\/\/www.med.unipi.it\/images\/decreto_nomina_2.pdf\">decret<\/a>o &#8211;\u00a0<a href=\"https:\/\/www.med.unipi.it\/images\/commissione_ODO_21_settembre_2021.pdf\">commissione<\/a>\u00a0&#8211;\u00a0<a href=\"https:\/\/teams.microsoft.com\/dl\/launcher\/launcher.html?url=%2F_%23%2Fl%2Fmeetup-join%2F19%3Ameeting_MDhhOTY0N2ItNzJjNi00M2QwLThiZDctZGUwNzRkMDZhMDVj%40thread.v2%2F0%3Fcontext%3D%257b%2522Tid%2522%253a%2522c7456b31-a220-47f5-be52-473828670aa1%2522%252c%2522Oid%2522%253a%252210f4dd35-2b65-4692-8de1-09d131d8ff90%2522%257d%26anon%3Dtrue&amp;type=meetup-join&amp;deeplinkId=1a4cd36c-662f-442a-9bde-76a0a8696d61&amp;directDl=true&amp;msLaunch=true&amp;enableMobilePage=true\">aula virtuale<\/a><\/p>\n<p>17 novembre 2021 &#8211;\u00a0<a href=\"https:\/\/www.med.unipi.it\/images\/decreto_nomina.pdf\">decreto<\/a>\u00a0&#8211;\u00a0<a href=\"https:\/\/www.med.unipi.it\/images\/commissione_ODO_17_novembre_2021.pdf\">commissione<\/a>\u00a0&#8211;\u00a0<a href=\"https:\/\/teams.microsoft.com\/l\/channel\/19%3arfBQaMSvaJRUuq1jszMoZiuQdLBPdpPZHfeQ4hwT7EU1%40thread.tacv2\/Generale?groupId=7d3ca0f7-adad-4be0-93f4-018ccc94d0c2&amp;tenantId=c7456b31-a220-47f5-be52-473828670aa1\">aula virtuale<\/a><\/p>\n<p>&nbsp;<\/p>\n<p><strong>SESSIONI DI LAUREA 2020<\/strong><\/p>\n<p>3 marzo 2020\u00a0\u00a0\u00a0<a href=\"https:\/\/www.med.unipi.it\/images\/ALLEGATI\/DIP_AREA_MEDICA\/Untitled_27022020_163749.pdf\">Commissione di Laurea<\/a>\u00a0&#8211;\u00a0<a href=\"https:\/\/www.med.unipi.it\/images\/ALLEGATI\/DIP_AREA_MEDICA\/Untitled_27022020_163807.pdf\">Candidati<\/a><\/p>\n<p>10 giugno 2020 &#8211;\u00a0<a href=\"https:\/\/www.med.unipi.it\/images\/decreto_nomina.pdf\">decreto<\/a>\u00a0&#8211;\u00a0<a href=\"https:\/\/www.med.unipi.it\/images\/ALLEGATI\/commissione_ODO_10_giugno.pdf\">commissione<\/a><\/p>\n<p>28 luglio 2020<\/p>\n<p>16 settembre 2020 &#8211;\u00a0<a href=\"https:\/\/www.med.unipi.it\/images\/decreto_nomina_1.pdf\">decreto<\/a>\u00a0&#8211;\u00a0<a href=\"https:\/\/www.med.unipi.it\/images\/commissione_ODO_16_settembre.pdf\">commissione<\/a>\u00a0&#8211;\u00a0<a href=\"https:\/\/teams.microsoft.com\/l\/meetup-join\/19%3ameeting_NzZmZjVjOTUtYWEyZC00YjgxLTkyOWEtMGNkYmYxNDY4OGY1%40thread.v2\/0?context=%7b%22Tid%22%3a%22c7456b31-a220-47f5-be52-473828670aa1%22%2c%22Oid%22%3a%2210f4dd35-2b65-4692-8de1-09d131d8ff90%22%7d\">aula virtuale<\/a><\/p>\n<p>7 ottobre 2020 &#8211;\u00a0<a href=\"https:\/\/www.med.unipi.it\/images\/decreto_nomina_1.pdf\">decreto<\/a>\u00a0&#8211;\u00a0<a href=\"https:\/\/www.med.unipi.it\/images\/COMMISSIONE.pdf\">commissione<\/a>\u00a0&#8211;\u00a0<a href=\"https:\/\/teams.microsoft.com\/l\/meetup-join\/19%3ameeting_MDhhOTY0N2ItNzJjNi00M2QwLThiZDctZGUwNzRkMDZhMDVj%40thread.v2\/0?context=%7b%22Tid%22%3a%22c7456b31-a220-47f5-be52-473828670aa1%22%2c%22Oid%22%3a%2210f4dd35-2b65-4692-8de1-09d131d8ff90%22%7d\">aula virtuale<\/a><\/p>\n<p>9 novembre 2020 &#8211;\u00a0<a href=\"https:\/\/www.med.unipi.it\/images\/ALLEGATI\/decreto_nomina_odontoiatria.pdf\">decreto<\/a>\u00a0&#8211;\u00a0<a href=\"https:\/\/www.med.unipi.it\/images\/ALLEGATI\/COMMISSIONE.pdf\">commissione<\/a>\u00a0&#8211;\u00a0<a href=\"https:\/\/teams.microsoft.com\/l\/meetup-join\/19%3ameeting_MDhhOTY0N2ItNzJjNi00M2QwLThiZDctZGUwNzRkMDZhMDVj%40thread.v2\/0?context=%7b%22Tid%22%3a%22c7456b31-a220-47f5-be52-473828670aa1%22%2c%22Oid%22%3a%2210f4dd35-2b65-4692-8de1-09d131d8ff90%22%7d\">aula virtuale<\/a><\/p>\n","protected":false},"excerpt":{"rendered":"<p>&nbsp; COMUNICAZIONE IN MERITO AI FESTEGGIAMENTI IN OCCASIONE DELLE SEDUTE DI LAUREA Siamo lieti di annunciare che l\u2019Universit\u00e0 di Pisa\u00a0ha&hellip;<\/p>\n<p><a class=\"btn btn-dark btn-sm unipi-read-more-link\" href=\"https:\/\/www.med.unipi.it\/index.php\/corsi-di-laurea\/odontoiatria-e-protesi-dentaria\/lauree-odonto\/\">Leggi tutto&#8230;<\/a><\/p>\n","protected":false},"author":1,"featured_media":0,"parent":90,"menu_order":0,"comment_status":"closed","ping_status":"closed","template":"","meta":{"footnotes":""},"categories":[15],"tags":[],"class_list":["post-177","page","type-page","status-publish","hentry","category-odontoiatria-e-protesi-dentaria"],"yoast_head":"<!-- This site is optimized with the Yoast SEO plugin v27.0 - https:\/\/yoast.com\/product\/yoast-seo-wordpress\/ -->\n<title>Lauree - Scuola di Medicina<\/title>\n<meta name=\"robots\" content=\"index, follow, max-snippet:-1, max-image-preview:large, max-video-preview:-1\" \/>\n<link rel=\"canonical\" href=\"https:\/\/www.med.unipi.it\/index.php\/corsi-di-laurea\/odontoiatria-e-protesi-dentaria\/lauree-odonto\/\" \/>\n<meta property=\"og:locale\" content=\"it_IT\" \/>\n<meta property=\"og:type\" content=\"article\" \/>\n<meta property=\"og:title\" content=\"Lauree - Scuola di Medicina\" \/>\n<meta property=\"og:description\" content=\"&nbsp; COMUNICAZIONE IN MERITO AI FESTEGGIAMENTI IN OCCASIONE DELLE SEDUTE DI LAUREA Siamo lieti di annunciare che l\u2019Universit\u00e0 di Pisa\u00a0ha&hellip;Leggi tutto...\" \/>\n<meta property=\"og:url\" content=\"https:\/\/www.med.unipi.it\/index.php\/corsi-di-laurea\/odontoiatria-e-protesi-dentaria\/lauree-odonto\/\" \/>\n<meta property=\"og:site_name\" content=\"Scuola di Medicina\" \/>\n<meta property=\"article:modified_time\" content=\"2026-01-08T10:51:53+00:00\" \/>\n<meta name=\"twitter:card\" content=\"summary_large_image\" \/>\n<meta name=\"twitter:label1\" content=\"Tempo di lettura stimato\" \/>\n\t<meta name=\"twitter:data1\" content=\"7 minuti\" \/>\n<script type=\"application\/ld+json\" class=\"yoast-schema-graph\">{\"@context\":\"https:\/\/schema.org\",\"@graph\":[{\"@type\":\"WebPage\",\"@id\":\"https:\/\/www.med.unipi.it\/index.php\/corsi-di-laurea\/odontoiatria-e-protesi-dentaria\/lauree-odonto\/\",\"url\":\"https:\/\/www.med.unipi.it\/index.php\/corsi-di-laurea\/odontoiatria-e-protesi-dentaria\/lauree-odonto\/\",\"name\":\"Lauree - Scuola di Medicina\",\"isPartOf\":{\"@id\":\"https:\/\/www.med.unipi.it\/#website\"},\"datePublished\":\"2022-10-10T09:45:44+00:00\",\"dateModified\":\"2026-01-08T10:51:53+00:00\",\"breadcrumb\":{\"@id\":\"https:\/\/www.med.unipi.it\/index.php\/corsi-di-laurea\/odontoiatria-e-protesi-dentaria\/lauree-odonto\/#breadcrumb\"},\"inLanguage\":\"it-IT\",\"potentialAction\":[{\"@type\":\"ReadAction\",\"target\":[\"https:\/\/www.med.unipi.it\/index.php\/corsi-di-laurea\/odontoiatria-e-protesi-dentaria\/lauree-odonto\/\"]}]},{\"@type\":\"BreadcrumbList\",\"@id\":\"https:\/\/www.med.unipi.it\/index.php\/corsi-di-laurea\/odontoiatria-e-protesi-dentaria\/lauree-odonto\/#breadcrumb\",\"itemListElement\":[{\"@type\":\"ListItem\",\"position\":1,\"name\":\"Home\",\"item\":\"https:\/\/www.med.unipi.it\/\"},{\"@type\":\"ListItem\",\"position\":2,\"name\":\"Corsi di Laurea\",\"item\":\"https:\/\/www.med.unipi.it\/index.php\/corsi-di-laurea\/\"},{\"@type\":\"ListItem\",\"position\":3,\"name\":\"Odontoiatria e Protesi Dentaria\",\"item\":\"https:\/\/www.med.unipi.it\/index.php\/corsi-di-laurea\/odontoiatria-e-protesi-dentaria\/\"},{\"@type\":\"ListItem\",\"position\":4,\"name\":\"Lauree\"}]},{\"@type\":\"WebSite\",\"@id\":\"https:\/\/www.med.unipi.it\/#website\",\"url\":\"https:\/\/www.med.unipi.it\/\",\"name\":\"Scuola di Medicina\",\"description\":\"\",\"potentialAction\":[{\"@type\":\"SearchAction\",\"target\":{\"@type\":\"EntryPoint\",\"urlTemplate\":\"https:\/\/www.med.unipi.it\/?s={search_term_string}\"},\"query-input\":{\"@type\":\"PropertyValueSpecification\",\"valueRequired\":true,\"valueName\":\"search_term_string\"}}],\"inLanguage\":\"it-IT\"}]}<\/script>\n<!-- \/ Yoast SEO plugin. -->","yoast_head_json":{"title":"Lauree - Scuola di Medicina","robots":{"index":"index","follow":"follow","max-snippet":"max-snippet:-1","max-image-preview":"max-image-preview:large","max-video-preview":"max-video-preview:-1"},"canonical":"https:\/\/www.med.unipi.it\/index.php\/corsi-di-laurea\/odontoiatria-e-protesi-dentaria\/lauree-odonto\/","og_locale":"it_IT","og_type":"article","og_title":"Lauree - Scuola di Medicina","og_description":"&nbsp; COMUNICAZIONE IN MERITO AI FESTEGGIAMENTI IN OCCASIONE DELLE SEDUTE DI LAUREA Siamo lieti di annunciare che l\u2019Universit\u00e0 di Pisa\u00a0ha&hellip;Leggi tutto...","og_url":"https:\/\/www.med.unipi.it\/index.php\/corsi-di-laurea\/odontoiatria-e-protesi-dentaria\/lauree-odonto\/","og_site_name":"Scuola di Medicina","article_modified_time":"2026-01-08T10:51:53+00:00","twitter_card":"summary_large_image","twitter_misc":{"Tempo di lettura stimato":"7 minuti"},"schema":{"@context":"https:\/\/schema.org","@graph":[{"@type":"WebPage","@id":"https:\/\/www.med.unipi.it\/index.php\/corsi-di-laurea\/odontoiatria-e-protesi-dentaria\/lauree-odonto\/","url":"https:\/\/www.med.unipi.it\/index.php\/corsi-di-laurea\/odontoiatria-e-protesi-dentaria\/lauree-odonto\/","name":"Lauree - Scuola di Medicina","isPartOf":{"@id":"https:\/\/www.med.unipi.it\/#website"},"datePublished":"2022-10-10T09:45:44+00:00","dateModified":"2026-01-08T10:51:53+00:00","breadcrumb":{"@id":"https:\/\/www.med.unipi.it\/index.php\/corsi-di-laurea\/odontoiatria-e-protesi-dentaria\/lauree-odonto\/#breadcrumb"},"inLanguage":"it-IT","potentialAction":[{"@type":"ReadAction","target":["https:\/\/www.med.unipi.it\/index.php\/corsi-di-laurea\/odontoiatria-e-protesi-dentaria\/lauree-odonto\/"]}]},{"@type":"BreadcrumbList","@id":"https:\/\/www.med.unipi.it\/index.php\/corsi-di-laurea\/odontoiatria-e-protesi-dentaria\/lauree-odonto\/#breadcrumb","itemListElement":[{"@type":"ListItem","position":1,"name":"Home","item":"https:\/\/www.med.unipi.it\/"},{"@type":"ListItem","position":2,"name":"Corsi di Laurea","item":"https:\/\/www.med.unipi.it\/index.php\/corsi-di-laurea\/"},{"@type":"ListItem","position":3,"name":"Odontoiatria e Protesi Dentaria","item":"https:\/\/www.med.unipi.it\/index.php\/corsi-di-laurea\/odontoiatria-e-protesi-dentaria\/"},{"@type":"ListItem","position":4,"name":"Lauree"}]},{"@type":"WebSite","@id":"https:\/\/www.med.unipi.it\/#website","url":"https:\/\/www.med.unipi.it\/","name":"Scuola di Medicina","description":"","potentialAction":[{"@type":"SearchAction","target":{"@type":"EntryPoint","urlTemplate":"https:\/\/www.med.unipi.it\/?s={search_term_string}"},"query-input":{"@type":"PropertyValueSpecification","valueRequired":true,"valueName":"search_term_string"}}],"inLanguage":"it-IT"}]}},"_links":{"self":[{"href":"https:\/\/www.med.unipi.it\/index.php\/wp-json\/wp\/v2\/pages\/177","targetHints":{"allow":["GET"]}}],"collection":[{"href":"https:\/\/www.med.unipi.it\/index.php\/wp-json\/wp\/v2\/pages"}],"about":[{"href":"https:\/\/www.med.unipi.it\/index.php\/wp-json\/wp\/v2\/types\/page"}],"author":[{"embeddable":true,"href":"https:\/\/www.med.unipi.it\/index.php\/wp-json\/wp\/v2\/users\/1"}],"replies":[{"embeddable":true,"href":"https:\/\/www.med.unipi.it\/index.php\/wp-json\/wp\/v2\/comments?post=177"}],"version-history":[{"count":31,"href":"https:\/\/www.med.unipi.it\/index.php\/wp-json\/wp\/v2\/pages\/177\/revisions"}],"predecessor-version":[{"id":12685,"href":"https:\/\/www.med.unipi.it\/index.php\/wp-json\/wp\/v2\/pages\/177\/revisions\/12685"}],"up":[{"embeddable":true,"href":"https:\/\/www.med.unipi.it\/index.php\/wp-json\/wp\/v2\/pages\/90"}],"wp:attachment":[{"href":"https:\/\/www.med.unipi.it\/index.php\/wp-json\/wp\/v2\/media?parent=177"}],"wp:term":[{"taxonomy":"category","embeddable":true,"href":"https:\/\/www.med.unipi.it\/index.php\/wp-json\/wp\/v2\/categories?post=177"},{"taxonomy":"post_tag","embeddable":true,"href":"https:\/\/www.med.unipi.it\/index.php\/wp-json\/wp\/v2\/tags?post=177"}],"curies":[{"name":"wp","href":"https:\/\/api.w.org\/{rel}","templated":true}]}}