{"id":1862,"date":"2023-03-03T08:50:25","date_gmt":"2023-03-03T07:50:25","guid":{"rendered":"https:\/\/www.med.unipi.it\/index.php\/corsi-di-laurea\/scienze-e-tecniche-di-psicologia-clinica-e-sperimentale\/organigramma\/"},"modified":"2025-06-25T12:29:05","modified_gmt":"2025-06-25T10:29:05","slug":"organigramma-stpcs2324","status":"publish","type":"page","link":"https:\/\/www.med.unipi.it\/index.php\/corsi-di-laurea\/scienze-e-tecniche-di-psicologia-clinica-e-sperimentale-aa2324\/organigramma-stpcs2324\/","title":{"rendered":"Orientamento e Test di ingresso"},"content":{"rendered":"<h3><strong>ORIENTAMENTO<\/strong><\/h3>\n<ul>\n<li><strong><a href=\"https:\/\/orientamentopsicologia.my.canva.site\/progettoprometheus\">GUIDA AL CORSO DI LAUREA TRIENNALE IN PSICOLOGIA CLINICA E SPERIMENTALE<\/a><\/strong><\/li>\n<\/ul>\n<p>&nbsp;<\/p>\n<ul>\n<li><strong>LA PSICOLOGIA CHE NON TI ASPETTI<\/strong>\n<ul>\n<li><a href=\"https:\/\/orientamentopsicologia.my.canva.site\/orientarsi\">https:\/\/orientamentopsicologia.my.canva.site\/orientarsi<\/a><\/li>\n<li><a href=\"https:\/\/www.youtube.com\/watch?v=qpCkGTG67zI&amp;t=100s\">Seminario \u201cNeurodivergenza e Universit\u00e0: Sfide Invisibili, Opportunit\u00e0 Uniche\u201d<\/a><\/li>\n<\/ul>\n<\/li>\n<\/ul>\n<p>&nbsp;<\/p>\n<h3><strong>AVVISO AGLI STUDENTI SUL TRATTAMENTO DEI DATI SENSIBILI.<\/strong><\/h3>\n<p>Clicca qui per sapere come i dati dei pazienti devono essere trattati, rivolto a tutti gli studenti delle professioni sanitare: <a href=\"https:\/\/www.med.unipi.it\/wp-content\/uploads\/2025\/06\/TRATT.-DATI-SENSIBILI.pdf\">TRATTAMENTO DATI SENSIBILI<\/a><\/p>\n<h3><strong>TEST DI INGRESSO<\/strong><\/h3>\n<p><span style=\"font-weight: 500;\">Dall\u2019anno accademico 2025\/2026 il test di ingresso verr\u00e0 eseguito in modalit\u00e0 <strong>TOLC-PSI.<\/strong><\/span><\/p>\n<p><span style=\"font-weight: 500;\">Il TOLC-PSI (Test OnLine CISIA per l&#8217;accesso ai corsi di laurea in Psicologia) \u00e8 un test d&#8217;ingresso utilizzato da numerose universit\u00e0 italiane per valutare le competenze dei candidati ai corsi di laurea in Psicologia. Il test \u00e8 composto da 50 domande suddivise in cinque sezioni, con una durata complessiva di 1 ora e 40 minuti.<\/span><\/p>\n<p><strong>Il prossimo bando di ammissione per l\u2019a.a. 2025\/2026 sar\u00e0 pubblicato a breve sul sito <a href=\"https:\/\/matricolandosi.unipi.it\/immatricolazioni\/scienze-e-tecniche-di-psicologia-clinica-e-sperimentale\/\">MATRICOLANDOSI<\/a>.<\/strong><\/p>\n<ul>\n<li><span style=\"font-weight: 800;\">SYLLABUS DEL TEST DI INGRESSO\u00a0<\/span><\/li>\n<\/ul>\n<ol>\n<li style=\"font-weight: 400;\" aria-level=\"1\"><b>Comprensione del testo<\/b><span style=\"font-weight: 500;\">: Analisi di testi di tipo saggistico, giornalistico o scientifico. Verifica delle competenze grammaticali, del vocabolario, delle capacit\u00e0 inferenziali e della sensibilit\u00e0 all&#8217;implicito.<\/span><\/li>\n<li style=\"font-weight: 400;\" aria-level=\"1\"><b>Matematica di base:<\/b><span style=\"font-weight: 500;\"> Aritmetica e algebra. Geometria. Funzioni e grafici.<\/span><\/li>\n<li style=\"font-weight: 400;\" aria-level=\"1\"><b>Ragionamento verbale:<\/b><span style=\"font-weight: 500;\"> Analisi e comprensione di testi. Ragionamento logico verbale.<\/span><\/li>\n<li style=\"font-weight: 400;\" aria-level=\"1\"><b>Ragionamento numerico<\/b><span style=\"font-weight: 500;\">: Ragionamento logico numerico.Problemi matematici.<\/span><\/li>\n<li style=\"font-weight: 400;\" aria-level=\"1\"><b>Biologia:<\/b><span style=\"font-weight: 500;\">\u00a0 Struttura e funzione delle cellule. Genetica. Anatomia e fisiologia umana.<\/span><\/li>\n<\/ol>\n<p><span style=\"font-weight: 500;\">Al termine del test, \u00e8 presente una sezione di <\/span><b>Inglese con 30 quesiti da svolgere in 15 minuti.<\/b><\/p>\n<p><span style=\"font-weight: 500;\">Per una preparazione adeguata, \u00e8 consigliabile consultare il syllabus ufficiale del TOLC-PSI, disponibile sul sito del CISIA: <\/span><a href=\"https:\/\/www.cisiaonline.it\/tolc\/tolc-psi\/struttura-della-prova-e-sillabo\"><span style=\"font-weight: 500;\">https:\/\/www.cisiaonline.it\/tolc\/tolc-psi\/struttura-della-prova-e-sillabo<\/span><\/a><\/p>\n<div><b data-olk-copy-source=\"MessageBody\">Date utili per il TOLC-PSI in presenza \u2013 Universit\u00e0 di Pisa<\/b><\/div>\n<div>Si avvisano gli studenti interessati che nelle seguenti date sar\u00e0 possibile sostenere il\u00a0<b>TOLC-PSI in sede<\/b>\u00a0presso l\u2019<b>Universit\u00e0 di Pisa (TOLC@UNI)<\/b>:<\/div>\n<ul data-end=\"314\" data-start=\"244\">\n<li>\n<div><b>9 luglio 2025, con termine iscrizioni il 3 luglio 2025<\/b><\/div>\n<\/li>\n<li>\n<div><b>9 settembre 2025, con termine iscrizioni il 3 settembre 2025<\/b><\/div>\n<\/li>\n<li>\n<div><b>12 settembre 2025, con termine iscrizioni il 5 settembre 2025<\/b><\/div>\n<\/li>\n<\/ul>\n<div>Per partecipare \u00e8 necessario\u00a0<b>iscriversi sul sito del consorzio CISIA<\/b>, selezionare il\u00a0<b>TOLC-PSI<\/b>\u00a0e scegliere una delle date disponibili.<\/div>\n<div>Per ulteriori informazioni e per procedere all\u2019iscrizione, visitare il sito\u00a0<a id=\"OWA68f9ae37-8e21-ad26-8700-2daf18ad37cb\" title=\"https:\/\/www.cisiaonline.it\" href=\"https:\/\/www.cisiaonline.it\/\" target=\"_blank\" rel=\"noopener noreferrer\" data-end=\"585\" data-start=\"537\" data-auth=\"NotApplicable\" data-linkindex=\"0\">www.cisiaonline.it<\/a>.<\/div>\n<h3><strong>SBOCCHI OCCUPAZIONALI<\/strong><\/h3>\n<p><span style=\"font-weight: 500;\">Il Corso di Laurea L-24 in Psicologia dell&#8217;Universit\u00e0 di Pisa offre numerosi sbocchi occupazionali in diversi settori.\u00a0<\/span><\/p>\n<p><span style=\"font-weight: 500;\">I laureati possono lavorare in <\/span><b>ambito pubblico e privato,<\/b><span style=\"font-weight: 500;\"> occupandosi di <\/span><b>consulenza psicologica, educazione, risorse umane e organizzazioni sanitarie<\/b><span style=\"font-weight: 500;\">.\u00a0<\/span><\/p>\n<p><span style=\"font-weight: 500;\">Possono inoltre operare in strutture socio-sanitarie, in ambito educativo e scolastico, nell&#8217;ambito della ricerca, o come collaboratori in team multidisciplinari.\u00a0<\/span><\/p>\n<p><span style=\"font-weight: 500;\">La preparazione acquisita consente anche di intraprendere attivit\u00e0 professionali in contesti aziendali, per la gestione delle risorse umane, la selezione del personale e il miglioramento del benessere organizzativo!<\/span><\/p>\n<p><span style=\"font-weight: 500;\">La professione \u00e8 definita e regolamentata dalla legge 56\/1989 e dalla legge 2\/2018.<\/span><\/p>\n<h3><strong>PROMETHEUS 2.0<\/strong><\/h3>\n<p><span style=\"font-weight: 500;\">Il progetto <\/span><b>Prometheus 2.0<\/b><span style=\"font-weight: 500;\"> crea un sistema territoriale integrato per orientamento e tutorato dei corsi L-24 (Scienze Psicologiche), potenziando il tutorato in ingresso, percorso e uscita.\u00a0<\/span><\/p>\n<p><span style=\"font-weight: 500;\">Prevede programmi di riallineamento per studenti delle superiori, laboratori per competenze trasversali e scientifiche in psicologia, attivit\u00e0 extracurriculari per competenze professionali e formazione dei docenti delle superiori.<\/span><\/p>\n<p><b>Responsabile di progetto:<\/b><span style=\"font-weight: 500;\"> Prof. <\/span><i><span style=\"font-weight: 500;\">Danilo Menicucci<\/span><\/i> <a href=\"mailto:danilo.menicucci@unipi.it\"><span style=\"font-weight: 500;\">danilo.menicucci@unipi.it<\/span><\/a><\/p>\n<p><b>Collaboratrice<\/b><span style=\"font-weight: 500;\">: Dott.ssa <\/span><i><span style=\"font-weight: 500;\">Sara Vitiello <\/span><\/i><span style=\"font-weight: 500;\">sara.vitiello@med.unipi.it<\/span><\/p>\n<p><span style=\"font-weight: 500;\">Per informazioni sui corsi di laurea, in ingresso o in itinere rivolgersi a: <a href=\"mailto:sara.vitiello@med.unipi.it\">sara.vitiello@med.unipi.it<\/a><\/span><\/p>\n<p>&nbsp;<\/p>\n<p>&nbsp;<\/p>\n","protected":false},"excerpt":{"rendered":"<p>ORIENTAMENTO GUIDA AL CORSO DI LAUREA TRIENNALE IN PSICOLOGIA CLINICA E SPERIMENTALE &nbsp; LA PSICOLOGIA CHE NON TI ASPETTI https:\/\/orientamentopsicologia.my.canva.site\/orientarsi&hellip;<\/p>\n<p><a class=\"btn btn-dark btn-sm unipi-read-more-link\" href=\"https:\/\/www.med.unipi.it\/index.php\/corsi-di-laurea\/scienze-e-tecniche-di-psicologia-clinica-e-sperimentale-aa2324\/organigramma-stpcs2324\/\">Leggi tutto&#8230;<\/a><\/p>\n","protected":false},"author":2,"featured_media":0,"parent":1852,"menu_order":3,"comment_status":"closed","ping_status":"closed","template":"","meta":{"footnotes":""},"categories":[85],"tags":[],"class_list":["post-1862","page","type-page","status-publish","hentry","category-scienze-e-tecniche-di-psicologia-clinica-e-sperimentale-a-a2023-24"],"yoast_head":"<!-- This site is optimized with the Yoast SEO plugin v27.0 - https:\/\/yoast.com\/product\/yoast-seo-wordpress\/ -->\n<title>Orientamento e Test di ingresso - Scuola di Medicina<\/title>\n<meta name=\"robots\" content=\"index, follow, max-snippet:-1, max-image-preview:large, max-video-preview:-1\" \/>\n<link rel=\"canonical\" href=\"https:\/\/www.med.unipi.it\/index.php\/corsi-di-laurea\/scienze-e-tecniche-di-psicologia-clinica-e-sperimentale-aa2324\/organigramma-stpcs2324\/\" \/>\n<meta property=\"og:locale\" content=\"it_IT\" \/>\n<meta property=\"og:type\" content=\"article\" \/>\n<meta property=\"og:title\" content=\"Orientamento e Test di ingresso - Scuola di Medicina\" \/>\n<meta property=\"og:description\" content=\"ORIENTAMENTO GUIDA AL CORSO DI LAUREA TRIENNALE IN PSICOLOGIA CLINICA E SPERIMENTALE &nbsp; LA PSICOLOGIA CHE NON TI ASPETTI https:\/\/orientamentopsicologia.my.canva.site\/orientarsi&hellip;Leggi tutto...\" \/>\n<meta property=\"og:url\" content=\"https:\/\/www.med.unipi.it\/index.php\/corsi-di-laurea\/scienze-e-tecniche-di-psicologia-clinica-e-sperimentale-aa2324\/organigramma-stpcs2324\/\" \/>\n<meta property=\"og:site_name\" content=\"Scuola di Medicina\" \/>\n<meta property=\"article:modified_time\" content=\"2025-06-25T10:29:05+00:00\" \/>\n<meta name=\"twitter:card\" content=\"summary_large_image\" \/>\n<meta name=\"twitter:label1\" content=\"Tempo di lettura stimato\" \/>\n\t<meta name=\"twitter:data1\" content=\"3 minuti\" \/>\n<script type=\"application\/ld+json\" class=\"yoast-schema-graph\">{\"@context\":\"https:\/\/schema.org\",\"@graph\":[{\"@type\":\"WebPage\",\"@id\":\"https:\/\/www.med.unipi.it\/index.php\/corsi-di-laurea\/scienze-e-tecniche-di-psicologia-clinica-e-sperimentale-aa2324\/organigramma-stpcs2324\/\",\"url\":\"https:\/\/www.med.unipi.it\/index.php\/corsi-di-laurea\/scienze-e-tecniche-di-psicologia-clinica-e-sperimentale-aa2324\/organigramma-stpcs2324\/\",\"name\":\"Orientamento e Test di ingresso - Scuola di Medicina\",\"isPartOf\":{\"@id\":\"https:\/\/www.med.unipi.it\/#website\"},\"datePublished\":\"2023-03-03T07:50:25+00:00\",\"dateModified\":\"2025-06-25T10:29:05+00:00\",\"breadcrumb\":{\"@id\":\"https:\/\/www.med.unipi.it\/index.php\/corsi-di-laurea\/scienze-e-tecniche-di-psicologia-clinica-e-sperimentale-aa2324\/organigramma-stpcs2324\/#breadcrumb\"},\"inLanguage\":\"it-IT\",\"potentialAction\":[{\"@type\":\"ReadAction\",\"target\":[\"https:\/\/www.med.unipi.it\/index.php\/corsi-di-laurea\/scienze-e-tecniche-di-psicologia-clinica-e-sperimentale-aa2324\/organigramma-stpcs2324\/\"]}]},{\"@type\":\"BreadcrumbList\",\"@id\":\"https:\/\/www.med.unipi.it\/index.php\/corsi-di-laurea\/scienze-e-tecniche-di-psicologia-clinica-e-sperimentale-aa2324\/organigramma-stpcs2324\/#breadcrumb\",\"itemListElement\":[{\"@type\":\"ListItem\",\"position\":1,\"name\":\"Home\",\"item\":\"https:\/\/www.med.unipi.it\/\"},{\"@type\":\"ListItem\",\"position\":2,\"name\":\"Corsi di Laurea\",\"item\":\"https:\/\/www.med.unipi.it\/index.php\/corsi-di-laurea\/\"},{\"@type\":\"ListItem\",\"position\":3,\"name\":\"Scienze e Tecniche di Psicologia Clinica e Sperimentale\",\"item\":\"https:\/\/www.med.unipi.it\/index.php\/corsi-di-laurea\/scienze-e-tecniche-di-psicologia-clinica-e-sperimentale-aa2324\/\"},{\"@type\":\"ListItem\",\"position\":4,\"name\":\"Orientamento e Test di ingresso\"}]},{\"@type\":\"WebSite\",\"@id\":\"https:\/\/www.med.unipi.it\/#website\",\"url\":\"https:\/\/www.med.unipi.it\/\",\"name\":\"Scuola di Medicina\",\"description\":\"\",\"potentialAction\":[{\"@type\":\"SearchAction\",\"target\":{\"@type\":\"EntryPoint\",\"urlTemplate\":\"https:\/\/www.med.unipi.it\/?s={search_term_string}\"},\"query-input\":{\"@type\":\"PropertyValueSpecification\",\"valueRequired\":true,\"valueName\":\"search_term_string\"}}],\"inLanguage\":\"it-IT\"}]}<\/script>\n<!-- \/ Yoast SEO plugin. -->","yoast_head_json":{"title":"Orientamento e Test di ingresso - Scuola di Medicina","robots":{"index":"index","follow":"follow","max-snippet":"max-snippet:-1","max-image-preview":"max-image-preview:large","max-video-preview":"max-video-preview:-1"},"canonical":"https:\/\/www.med.unipi.it\/index.php\/corsi-di-laurea\/scienze-e-tecniche-di-psicologia-clinica-e-sperimentale-aa2324\/organigramma-stpcs2324\/","og_locale":"it_IT","og_type":"article","og_title":"Orientamento e Test di ingresso - Scuola di Medicina","og_description":"ORIENTAMENTO GUIDA AL CORSO DI LAUREA TRIENNALE IN PSICOLOGIA CLINICA E SPERIMENTALE &nbsp; LA PSICOLOGIA CHE NON TI ASPETTI https:\/\/orientamentopsicologia.my.canva.site\/orientarsi&hellip;Leggi tutto...","og_url":"https:\/\/www.med.unipi.it\/index.php\/corsi-di-laurea\/scienze-e-tecniche-di-psicologia-clinica-e-sperimentale-aa2324\/organigramma-stpcs2324\/","og_site_name":"Scuola di Medicina","article_modified_time":"2025-06-25T10:29:05+00:00","twitter_card":"summary_large_image","twitter_misc":{"Tempo di lettura stimato":"3 minuti"},"schema":{"@context":"https:\/\/schema.org","@graph":[{"@type":"WebPage","@id":"https:\/\/www.med.unipi.it\/index.php\/corsi-di-laurea\/scienze-e-tecniche-di-psicologia-clinica-e-sperimentale-aa2324\/organigramma-stpcs2324\/","url":"https:\/\/www.med.unipi.it\/index.php\/corsi-di-laurea\/scienze-e-tecniche-di-psicologia-clinica-e-sperimentale-aa2324\/organigramma-stpcs2324\/","name":"Orientamento e Test di ingresso - Scuola di Medicina","isPartOf":{"@id":"https:\/\/www.med.unipi.it\/#website"},"datePublished":"2023-03-03T07:50:25+00:00","dateModified":"2025-06-25T10:29:05+00:00","breadcrumb":{"@id":"https:\/\/www.med.unipi.it\/index.php\/corsi-di-laurea\/scienze-e-tecniche-di-psicologia-clinica-e-sperimentale-aa2324\/organigramma-stpcs2324\/#breadcrumb"},"inLanguage":"it-IT","potentialAction":[{"@type":"ReadAction","target":["https:\/\/www.med.unipi.it\/index.php\/corsi-di-laurea\/scienze-e-tecniche-di-psicologia-clinica-e-sperimentale-aa2324\/organigramma-stpcs2324\/"]}]},{"@type":"BreadcrumbList","@id":"https:\/\/www.med.unipi.it\/index.php\/corsi-di-laurea\/scienze-e-tecniche-di-psicologia-clinica-e-sperimentale-aa2324\/organigramma-stpcs2324\/#breadcrumb","itemListElement":[{"@type":"ListItem","position":1,"name":"Home","item":"https:\/\/www.med.unipi.it\/"},{"@type":"ListItem","position":2,"name":"Corsi di Laurea","item":"https:\/\/www.med.unipi.it\/index.php\/corsi-di-laurea\/"},{"@type":"ListItem","position":3,"name":"Scienze e Tecniche di Psicologia Clinica e Sperimentale","item":"https:\/\/www.med.unipi.it\/index.php\/corsi-di-laurea\/scienze-e-tecniche-di-psicologia-clinica-e-sperimentale-aa2324\/"},{"@type":"ListItem","position":4,"name":"Orientamento e Test di ingresso"}]},{"@type":"WebSite","@id":"https:\/\/www.med.unipi.it\/#website","url":"https:\/\/www.med.unipi.it\/","name":"Scuola di Medicina","description":"","potentialAction":[{"@type":"SearchAction","target":{"@type":"EntryPoint","urlTemplate":"https:\/\/www.med.unipi.it\/?s={search_term_string}"},"query-input":{"@type":"PropertyValueSpecification","valueRequired":true,"valueName":"search_term_string"}}],"inLanguage":"it-IT"}]}},"_links":{"self":[{"href":"https:\/\/www.med.unipi.it\/index.php\/wp-json\/wp\/v2\/pages\/1862","targetHints":{"allow":["GET"]}}],"collection":[{"href":"https:\/\/www.med.unipi.it\/index.php\/wp-json\/wp\/v2\/pages"}],"about":[{"href":"https:\/\/www.med.unipi.it\/index.php\/wp-json\/wp\/v2\/types\/page"}],"author":[{"embeddable":true,"href":"https:\/\/www.med.unipi.it\/index.php\/wp-json\/wp\/v2\/users\/2"}],"replies":[{"embeddable":true,"href":"https:\/\/www.med.unipi.it\/index.php\/wp-json\/wp\/v2\/comments?post=1862"}],"version-history":[{"count":38,"href":"https:\/\/www.med.unipi.it\/index.php\/wp-json\/wp\/v2\/pages\/1862\/revisions"}],"predecessor-version":[{"id":9442,"href":"https:\/\/www.med.unipi.it\/index.php\/wp-json\/wp\/v2\/pages\/1862\/revisions\/9442"}],"up":[{"embeddable":true,"href":"https:\/\/www.med.unipi.it\/index.php\/wp-json\/wp\/v2\/pages\/1852"}],"wp:attachment":[{"href":"https:\/\/www.med.unipi.it\/index.php\/wp-json\/wp\/v2\/media?parent=1862"}],"wp:term":[{"taxonomy":"category","embeddable":true,"href":"https:\/\/www.med.unipi.it\/index.php\/wp-json\/wp\/v2\/categories?post=1862"},{"taxonomy":"post_tag","embeddable":true,"href":"https:\/\/www.med.unipi.it\/index.php\/wp-json\/wp\/v2\/tags?post=1862"}],"curies":[{"name":"wp","href":"https:\/\/api.w.org\/{rel}","templated":true}]}}