{"id":203,"date":"2022-10-14T12:00:18","date_gmt":"2022-10-14T10:00:18","guid":{"rendered":"https:\/\/www.med.unipi.it\/?page_id=203"},"modified":"2026-03-31T09:06:42","modified_gmt":"2026-03-31T07:06:42","slug":"procedure-e-documenti-scie-moto","status":"publish","type":"page","link":"https:\/\/www.med.unipi.it\/index.php\/corsi-di-laurea\/scienze-motorie\/procedure-e-documenti-scie-moto\/","title":{"rendered":"Procedure e documenti"},"content":{"rendered":"<div class=\"itemFullText\">\n<p><strong>OBBLIGHI FORMATIVI AGGIUNTIVI (OFA) \u2013 A.A. 2025\/2026 <\/strong><\/p>\n<p>Relativamente all\u2019individuazione degli eventuali obblighi formativi aggiuntivi (OFA), verranno esaminati i punteggi riportati nel test di ammissione al CDS per le domande di: biologia, chimica e fisica. I candidati che avranno conseguito un punteggio, nelle suddette singole discipline, inferiore ad un terzo del punteggio massimo acquisibile, dovranno colmare il debito formativo, attraverso modalit\u00e0 di auto-apprendimento.<\/p>\n<p>Il superamento del debito e il conseguente soddisfacimento dell\u2019obbligo formativo aggiuntivo dovranno avvenire nel primo anno di corso, si intendono soddisfatti avendo sostenuto con esito favorevole il rispettivo test di recupero TEST CHIMICA (2365Z), TEST FISICA (2366Z), TEST BIOLOGIA (0049E).<\/p>\n<p>Nella sezione dedicata agli OFA del portale e-learning dell\u2019area di medicina (<a href=\"https:\/\/elearning.med.unipi.it\/course\/view.php?id=1196\">https:\/\/elearning.med.unipi.it\/course\/view.php?id=1196<\/a>) \u00e8 disponibile il materiale didattico al fine di consentire le modalit\u00e0 di autoapprendimento secondo quanto disposto dai regolamenti del CdS coinvolti e consistente in:<\/p>\n<p>(a) programmi d\u2019esame;<br \/>\n(b) repository di 60 domande a scelta multipla per finalit\u00e0 di esercitazione;<br \/>\n(c) indicazione dei libri di testo;<br \/>\n(d) indicazione dei referenti per i ricevimenti.<\/p>\n<\/div>\n<p>Le prove di verifica degli OFA si svolgeranno il 9\/05\/26 in presenza (aula PN1)\u00a0con i seguenti orari: ore 9:00 test di Chimica \u2013 ore 9:45 test di Fisica \u2013 ore 10:30 test di Biologia.<\/p>\n<p>Per accedere alla pagina del portale e-learning potete utilizzare le credenziali di ateneo che vi sono state fornite al momento dell\u2019immatricolazione.<\/p>\n<p>Per iscriversi alle prove di verifica degli OFA, accedere ai seguenti form a partire dalle ore 14:00 del 08\/04\/2026 e fino alle ore 23:45 del 07\/05\/2026:<\/p>\n<p>link all&#8217;iscrizione del test di Biologia:\u00a0<a title=\"https:\/\/forms.office.com\/Pages\/ResponsePage.aspx?id=MWtFxyCi9Ue-Ukc4KGcKoTXd9BBlK5JGjeEJ0THY_5BURFY3UDJDQkNRNThXUkpOSFlNVjhPWkY3My4u\" href=\"https:\/\/forms.office.com\/Pages\/ResponsePage.aspx?id=MWtFxyCi9Ue-Ukc4KGcKoTXd9BBlK5JGjeEJ0THY_5BURFY3UDJDQkNRNThXUkpOSFlNVjhPWkY3My4u\" target=\"_blank\" rel=\"noopener noreferrer\" data-auth=\"NotApplicable\" data-linkindex=\"2\" data-ogsc=\"\">ISCRIZIONI AL TEST DI SUPERAMENTO DELL&#8217;OFA IN BIOLOGIA (II SESSIONE) \u2013 Compila modulo<\/a><\/p>\n<p><a class=\"x_moz-txt-link-freetext\" title=\"https:\/\/forms.office.com\/Pages\/ResponsePage.aspx?id=MWtFxyCi9Ue-Ukc4KGcKoTXd9BBlK5JGjeEJ0THY_5BURFY3UDJDQkNRNThXUkpOSFlNVjhPWkY3My4u\" href=\"https:\/\/forms.office.com\/Pages\/ResponsePage.aspx?id=MWtFxyCi9Ue-Ukc4KGcKoTXd9BBlK5JGjeEJ0THY_5BURFY3UDJDQkNRNThXUkpOSFlNVjhPWkY3My4u\" target=\"_blank\" rel=\"noopener noreferrer\" data-auth=\"NotApplicable\" data-linkindex=\"3\" data-ogsc=\"\">https:\/\/forms.office.com\/Pages\/ResponsePage.aspx?id=MWtFxyCi9Ue-Ukc4KGcKoTXd9BBlK5JGjeEJ0THY_5BURFY3UDJDQkNRNThXUkpOSFlNVjhPWkY3My4u<\/a><\/p>\n<p>link all&#8217;iscrizione del test di Chimica e propedeutica biochimica:\u00a0<a title=\"https:\/\/forms.office.com\/Pages\/ResponsePage.aspx?id=MWtFxyCi9Ue-Ukc4KGcKoTXd9BBlK5JGjeEJ0THY_5BURjQ0SERXMUFDTEVIMlMySE03OUxRUUhFSS4u\" href=\"https:\/\/forms.office.com\/Pages\/ResponsePage.aspx?id=MWtFxyCi9Ue-Ukc4KGcKoTXd9BBlK5JGjeEJ0THY_5BURjQ0SERXMUFDTEVIMlMySE03OUxRUUhFSS4u\" target=\"_blank\" rel=\"noopener noreferrer\" data-auth=\"NotApplicable\" data-linkindex=\"4\" data-ogsc=\"\">ISCRIZIONI AL TEST DI SUPERAMENTO DELL&#8217;OFA IN CHIMICA (II SESSIONE) \u2013 Compila modulo<\/a><\/p>\n<p><a class=\"x_moz-txt-link-freetext\" title=\"https:\/\/forms.office.com\/Pages\/ResponsePage.aspx?id=MWtFxyCi9Ue-Ukc4KGcKoTXd9BBlK5JGjeEJ0THY_5BURjQ0SERXMUFDTEVIMlMySE03OUxRUUhFSS4u\" href=\"https:\/\/forms.office.com\/Pages\/ResponsePage.aspx?id=MWtFxyCi9Ue-Ukc4KGcKoTXd9BBlK5JGjeEJ0THY_5BURjQ0SERXMUFDTEVIMlMySE03OUxRUUhFSS4u\" target=\"_blank\" rel=\"noopener noreferrer\" data-auth=\"NotApplicable\" data-linkindex=\"5\" data-ogsc=\"\">https:\/\/forms.office.com\/Pages\/ResponsePage.aspx?id=MWtFxyCi9Ue-Ukc4KGcKoTXd9BBlK5JGjeEJ0THY_5BURjQ0SERXMUFDTEVIMlMySE03OUxRUUhFSS4u<\/a><\/p>\n<p>link all&#8217;iscrizione del test di Fisica:\u00a0<a title=\"https:\/\/forms.office.com\/Pages\/ResponsePage.aspx?id=MWtFxyCi9Ue-Ukc4KGcKoTXd9BBlK5JGjeEJ0THY_5BURjJZTFo0VVRMUEsxVTlLWTBITkdMRkg4UC4u\" href=\"https:\/\/forms.office.com\/Pages\/ResponsePage.aspx?id=MWtFxyCi9Ue-Ukc4KGcKoTXd9BBlK5JGjeEJ0THY_5BURjJZTFo0VVRMUEsxVTlLWTBITkdMRkg4UC4u\" target=\"_blank\" rel=\"noopener noreferrer\" data-auth=\"NotApplicable\" data-linkindex=\"6\" data-ogsc=\"\">ISCRIZIONI AL TEST DI SUPERAMENTO DELL&#8217;OFA IN FISICA (II SESSIONE) \u2013 Compila modulo<\/a><\/p>\n<p><a class=\"x_moz-txt-link-freetext\" title=\"https:\/\/forms.office.com\/Pages\/ResponsePage.aspx?id=MWtFxyCi9Ue-Ukc4KGcKoTXd9BBlK5JGjeEJ0THY_5BURjJZTFo0VVRMUEsxVTlLWTBITkdMRkg4UC4u\" href=\"https:\/\/forms.office.com\/Pages\/ResponsePage.aspx?id=MWtFxyCi9Ue-Ukc4KGcKoTXd9BBlK5JGjeEJ0THY_5BURjJZTFo0VVRMUEsxVTlLWTBITkdMRkg4UC4u\" target=\"_blank\" rel=\"noopener noreferrer\" data-auth=\"NotApplicable\" data-linkindex=\"7\" data-ogsc=\"\">https:\/\/forms.office.com\/Pages\/ResponsePage.aspx?id=MWtFxyCi9Ue-Ukc4KGcKoTXd9BBlK5JGjeEJ0THY_5BURjJZTFo0VVRMUEsxVTlLWTBITkdMRkg4UC4u<\/a><\/p>\n<div class=\"itemFullText\">\n<p>&nbsp;<\/p>\n<p><strong><em>LINGUA INGLESE<br \/>\n<\/em><\/strong>E&#8217; richiesto almeno il livello B1 di conoscenza della lingua.<br \/>\nL&#8217;esame consiste nella prova di livello che si prenota e si svolge presso il Centro Linguistico Interdipartimentale (<a href=\"https:\/\/www.cli.unipi.it\/idoneita-di-ateneo\">Descrizione \u2014 Centro Linguistico (unipi.it)<\/a>). Chi fosse gi\u00e0 in possesso di una certificazione riconosciuta a livello europeo pu\u00f2 chiederne il riconoscimento seguendo le indicazioni riportate alla pagina web:\u00a0<a href=\"https:\/\/www.unipi.it\/didattica\/segreterie\/gestione-della-carriera\/riconoscimento-crediti-formativi\/\">Riconoscimento crediti formativi (unipi.it)<\/a><\/p>\n<p><strong><em>ABILITA&#8217; INFORMATICHE<br \/>\n<\/em><\/strong>I 3 cfu di Abilit\u00e0 informatiche possono essere acquisiti attraverso\u00a0nn modulo a scelta fra\u00a0<a href=\"https:\/\/sainews.humnet.unipi.it\/moduli-didattici\/gestione-e-analisi-dei-dati\">GAD<\/a>,\u00a0<a href=\"https:\/\/sainews.humnet.unipi.it\/moduli-didattici\/comunicazione-digitale\">CD<\/a>\u00a0e\u00a0<a href=\"https:\/\/sainews.humnet.unipi.it\/moduli-didattici\/editoria-digitale\">ED<\/a>\u00a0del progetto SAPERI E ABILITA&#8217; INFORMATICHE (<a href=\"mailto:sai@unipi.it\">sai@unipi.it<\/a>). Per maggiori informazioni, si rimanda al sito web:\u00a0<a href=\"https:\/\/sainews.humnet.unipi.it\/moduli-didattici\">Moduli didattici \u2022 SAI News (unipi.it)<\/a><br \/>\nChi fosse gi\u00e0 in possesso della certificazione ECDL pu\u00f2 chiederne il riconoscimento seguendo le indicazioni riportate alla pagina web:\u00a0<a href=\"https:\/\/www.unipi.it\/didattica\/segreterie\/gestione-della-carriera\/riconoscimento-crediti-formativi\/\">Riconoscimento crediti formativi (unipi.it)<\/a><\/p>\n<p><em><strong>CERTIFICAZIONE MEDICO-SPORTIVA<br \/>\n<\/strong><\/em>Ai sensi della delibera del consiglio aggregato dei CDS in Scienze Motorie e in Scienze e Tecniche delle Attivit\u00e0 Motorie Preventive e Adattate n. 15 del 11\/12\/2017, entro il 31 dicembre di ogni anno, ciascun studente di entrambi i due CDS deve presentare allo sportello della Direzione Area di Medicina, il certificato medico di idoneit\u00e0 sportiva di tipo agonistico. L\u2019invio pu\u00f2 avvenire anche per mail attraverso l\u2019indirizzo:\u00a0<a href=\"mailto:fabiano.martinelli@unipi.it\">fabiano.martinelli@unipi.it<\/a><\/p>\n<p><strong>PROPEDEUTICITA&#8217; DEGLI ESAMI<br \/>\n<\/strong>Vedere al seguente link: <a href=\"https:\/\/www.med.unipi.it\/wp-content\/uploads\/2024\/10\/propedeuticita-di-SMO-1.pdf\">propedeuticit\u00e0 nel CdS in SMO-L<\/a><\/p>\n<p>&nbsp;<\/p>\n<p><span style=\"color: #ff0000;\"><a style=\"color: #ff0000;\" href=\"https:\/\/www.med.unipi.it\/wp-content\/uploads\/2025\/10\/SMO-prima-del-2024-2025.pdf\"><b style=\"text-align: justify;\"><span style=\"color: #000000;\">REGOLE PER LO SVOLGIMENTO DEL TIROCINIO PER TUTTI GLI STUDENTI IMMATRICOLATI <span style=\"color: #ff0000;\">PRIMA DELL&#8217;A.A. 2024-2025<\/span><\/span><\/b><\/a><\/span><\/p>\n<p>&nbsp;<\/p>\n<p><span style=\"color: #ff0000;\"><b style=\"text-align: justify;\"><span style=\"color: #000000;\">REGOLE PER LO SVOLGIMENTO DEL TIROCINIO PER TUTTI GLI STUDENTI IMMATRICOLATI <a href=\"https:\/\/www.med.unipi.it\/wp-content\/uploads\/2026\/03\/Regolamento-tirocini-SMO-nell_a.a.-2024-2025.pdf\"><span style=\"color: #ff0000;\">NELL&#8217;A.A. 2024-2025<\/span><\/a><\/span><\/b><\/span><\/p>\n<p>&nbsp;<\/p>\n<p><b>REGOLAMENTO PER LO SVOLGIMENTO DEL TIROCINIO PER TUTTI GLI STUDENTI IMMATRICOLATI <a href=\"https:\/\/www.med.unipi.it\/wp-content\/uploads\/2026\/02\/Regolamento_Tirocinio_SMO-L-1.pdf\"><span style=\"color: #ff0000;\">A PARTIRE DALL&#8217;A.A. 2025-2026<\/span><\/a><br \/>\n<\/b>Allegato 1: <a href=\"https:\/\/www.med.unipi.it\/wp-content\/uploads\/2026\/02\/nuova-schede-studente.pdf\">Nuova scheda di valutazione del tirocinio da parte dello studente<\/a><br \/>\nAllegato 1: <a href=\"https:\/\/www.med.unipi.it\/wp-content\/uploads\/2026\/02\/nuova-scheda-tutor.pdf\">Nuova scheda di valutazione del tirocinio da parte del tutor universitario<\/a><br \/>\nAllegato 1: <a href=\"https:\/\/www.med.unipi.it\/wp-content\/uploads\/2026\/02\/istruzioni-per-la-relazione-finale.pdf\">Istruzioni per la relazione finale<\/a><\/p>\n<p>&nbsp;<\/p>\n<\/div>\n<p><strong>AFFILIAZIONE DI UNA NUOVA STRUTTURA O RINNOVO AFFILIAZIONE DI UNA STRUTTURA PER TIROCINI CURRICULARI<br \/>\n<\/strong>Nuove affiliazioni o il rinnovo di un&#8217;affiliazione possono essere fatte solo se la struttura e&#8217; affiliata o alla FIGC o al Comitato Territoriale CSI Pisa o a ENDAS Regionale Toscano o ad ASI; in uno dei questi casi possono essere inviati per mail alla <strong>Dott.ssa Francesca Pio<\/strong> (francesca.pio@unipi.it) i seguenti due documenti, per procedere con l&#8217;affiliazione della struttura:<br \/>\n&#8211; richiesta di collaborazione (<a href=\"https:\/\/www.med.unipi.it\/wp-content\/uploads\/2024\/02\/richiesta-di-collaborazione.pdf\">vedi allegato<\/a>);<br \/>\n&#8211; certificato di affiliazione alla FIGC o alla CSI di Pisa o a ENDAS Regionale Toscano o ad ASI, con cui sono attive le convenzioni QUADRO.<br \/>\nSe la struttura non e&#8217; affiliata ne&#8217; alla FIGC ne&#8217; al CSI di Pisa ne&#8217; a ENDAS Regionale Toscano ne&#8217; ad ASI, non e&#8217; possibile procedere con l&#8217;affiliazione della struttura.<\/p>\n<p>&nbsp;<\/p>\n<p class=\"v1MsoNormal\"><b>CONVENZIONE DI UNA NUOVA STRUTTURA PER TIROCINI CURRICULARI<br \/>\n<\/b>Per richiedere la stipula di una nuova Convenzione per tirocini curriculari, \u00e8 necessario fare una richiesta scritta formale su carta intestata della struttura richiedente, ove si elencano le attivit\u00e0 svolte e la qualifica di chi ci lavora. Tale richiesta deve essere indirizzata al Prof. Siciliano ed inviata per mail al <strong>Dott. Alfonso Esposito<\/strong> (alfonso.esposito@unipi.it<span id=\"cloakf0b59232c3a4f8fca19234b60ff4584e\"><\/span>), che la fara&#8217; avere alla Commissione quando si riunir\u00e0. Sar\u00e0 poi la Commissione o il Consiglio del Corso di Studio che valuter\u00e0 la richiesta.<\/p>\n<p>&nbsp;<\/p>\n<p><strong>File allegati:<\/strong><\/p>\n<div class=\"itemFullText\">\n<ul>\n<li><a href=\"https:\/\/www.med.unipi.it\/images\/ALLEGATI\/ScienzeMotorie\/frontespizio_tesi_SMO.doc\">In\u00a0<\/a><a href=\"https:\/\/www.med.unipi.it\/images\/ALLEGATI\/frontespizio_tesi_SMO.doc\">&#8220;<\/a><a href=\"https:\/\/www.med.unipi.it\/index.php\/modulistica-studenti\/\">Modulistica per gli studenti<\/a><a href=\"https:\/\/www.med.unipi.it\/images\/ALLEGATI\/frontespizio_tesi_SMO.doc\">&#8221;\u00a0<\/a>\u00e8 possibile trovare <a href=\"https:\/\/www.med.unipi.it\/wp-content\/uploads\/2025\/10\/frontespizio_tesi_SMO-1.pdf\">il modello del <strong>frontespizio<\/strong> per la tesi di laurea<\/a><\/li>\n<li><a href=\"https:\/\/www.med.unipi.it\/wp-content\/uploads\/2025\/11\/Libretto_diario_tirocinio.pdf\"><strong>Libretto-<\/strong>diario di Tirocinio<\/a><\/li>\n<li><strong><a href=\"https:\/\/www.med.unipi.it\/wp-content\/uploads\/2025\/11\/progetto-formativo.pdf\">Progetto formativo<\/a><\/strong><\/li>\n<li>Scheda di valutazione tirocinio dello <a href=\"https:\/\/www.med.unipi.it\/wp-content\/uploads\/2026\/02\/scheda-studente.pdf\"><strong>studente<\/strong><\/a><\/li>\n<li>Scheda di valutazione tirocinio del <a href=\"https:\/\/www.med.unipi.it\/wp-content\/uploads\/2026\/02\/scheda-tutor.pdf\"><strong>tutor<\/strong><\/a><\/li>\n<li><a href=\"https:\/\/www.med.unipi.it\/wp-content\/uploads\/2026\/03\/1_Elenco-strutture-affiliate-da-pubblicare-31_03_2026.pdf\">Elenco <strong>strutture affiliate<\/strong> al 31_03_2026<\/a><\/li>\n<li><a href=\"https:\/\/www.med.unipi.it\/wp-content\/uploads\/2026\/02\/0_elenco-convenzioni-attive-al-05_02_2026.pdf\">Elenco <\/a><a href=\"https:\/\/www.med.unipi.it\/wp-content\/uploads\/2026\/03\/0_elenco-convenzioni-attive-al-20_03_2026-1.pdf\"><strong>strutture convenzionate<\/strong> al 20_03_2026<\/a><\/li>\n<\/ul>\n<p>&nbsp;<\/p>\n<p style=\"text-align: justify;\"><span style=\"font-size: 14pt;\"><strong>AVVISO di altre strutture che possono accogliere gli studenti per fare il tirocinio: <a href=\"https:\/\/www.med.unipi.it\/wp-content\/uploads\/2025\/11\/AVVISO-nuove-strutture.pdf\">link<\/a><\/strong><\/span><\/p>\n<p>&nbsp;<\/p>\n<p>&nbsp;<\/p>\n<\/div>\n","protected":false},"excerpt":{"rendered":"<p>OBBLIGHI FORMATIVI AGGIUNTIVI (OFA) \u2013 A.A. 2025\/2026 Relativamente all\u2019individuazione degli eventuali obblighi formativi aggiuntivi (OFA), verranno esaminati i punteggi riportati&hellip;<\/p>\n<p><a class=\"btn btn-dark btn-sm unipi-read-more-link\" href=\"https:\/\/www.med.unipi.it\/index.php\/corsi-di-laurea\/scienze-motorie\/procedure-e-documenti-scie-moto\/\">Leggi tutto&#8230;<\/a><\/p>\n","protected":false},"author":1,"featured_media":0,"parent":95,"menu_order":0,"comment_status":"closed","ping_status":"closed","template":"","meta":{"footnotes":""},"categories":[17],"tags":[],"class_list":["post-203","page","type-page","status-publish","hentry","category-scienze-motorie"],"yoast_head":"<!-- This site is optimized with the Yoast SEO plugin v27.0 - https:\/\/yoast.com\/product\/yoast-seo-wordpress\/ -->\n<title>Procedure e documenti - Scuola di Medicina<\/title>\n<meta name=\"robots\" content=\"index, follow, max-snippet:-1, max-image-preview:large, max-video-preview:-1\" \/>\n<link rel=\"canonical\" href=\"https:\/\/www.med.unipi.it\/index.php\/corsi-di-laurea\/scienze-motorie\/procedure-e-documenti-scie-moto\/\" \/>\n<meta property=\"og:locale\" content=\"it_IT\" \/>\n<meta property=\"og:type\" content=\"article\" \/>\n<meta property=\"og:title\" content=\"Procedure e documenti - Scuola di Medicina\" \/>\n<meta property=\"og:description\" content=\"OBBLIGHI FORMATIVI AGGIUNTIVI (OFA) \u2013 A.A. 2025\/2026 Relativamente all\u2019individuazione degli eventuali obblighi formativi aggiuntivi (OFA), verranno esaminati i punteggi riportati&hellip;Leggi tutto...\" \/>\n<meta property=\"og:url\" content=\"https:\/\/www.med.unipi.it\/index.php\/corsi-di-laurea\/scienze-motorie\/procedure-e-documenti-scie-moto\/\" \/>\n<meta property=\"og:site_name\" content=\"Scuola di Medicina\" \/>\n<meta property=\"article:modified_time\" content=\"2026-03-31T07:06:42+00:00\" \/>\n<meta name=\"twitter:card\" content=\"summary_large_image\" \/>\n<meta name=\"twitter:label1\" content=\"Tempo di lettura stimato\" \/>\n\t<meta name=\"twitter:data1\" content=\"5 minuti\" \/>\n<script type=\"application\/ld+json\" class=\"yoast-schema-graph\">{\"@context\":\"https:\/\/schema.org\",\"@graph\":[{\"@type\":\"WebPage\",\"@id\":\"https:\/\/www.med.unipi.it\/index.php\/corsi-di-laurea\/scienze-motorie\/procedure-e-documenti-scie-moto\/\",\"url\":\"https:\/\/www.med.unipi.it\/index.php\/corsi-di-laurea\/scienze-motorie\/procedure-e-documenti-scie-moto\/\",\"name\":\"Procedure e documenti - Scuola di Medicina\",\"isPartOf\":{\"@id\":\"https:\/\/www.med.unipi.it\/#website\"},\"datePublished\":\"2022-10-14T10:00:18+00:00\",\"dateModified\":\"2026-03-31T07:06:42+00:00\",\"breadcrumb\":{\"@id\":\"https:\/\/www.med.unipi.it\/index.php\/corsi-di-laurea\/scienze-motorie\/procedure-e-documenti-scie-moto\/#breadcrumb\"},\"inLanguage\":\"it-IT\",\"potentialAction\":[{\"@type\":\"ReadAction\",\"target\":[\"https:\/\/www.med.unipi.it\/index.php\/corsi-di-laurea\/scienze-motorie\/procedure-e-documenti-scie-moto\/\"]}]},{\"@type\":\"BreadcrumbList\",\"@id\":\"https:\/\/www.med.unipi.it\/index.php\/corsi-di-laurea\/scienze-motorie\/procedure-e-documenti-scie-moto\/#breadcrumb\",\"itemListElement\":[{\"@type\":\"ListItem\",\"position\":1,\"name\":\"Home\",\"item\":\"https:\/\/www.med.unipi.it\/\"},{\"@type\":\"ListItem\",\"position\":2,\"name\":\"Corsi di Laurea\",\"item\":\"https:\/\/www.med.unipi.it\/index.php\/corsi-di-laurea\/\"},{\"@type\":\"ListItem\",\"position\":3,\"name\":\"Scienze Motorie\",\"item\":\"https:\/\/www.med.unipi.it\/index.php\/corsi-di-laurea\/scienze-motorie\/\"},{\"@type\":\"ListItem\",\"position\":4,\"name\":\"Procedure e documenti\"}]},{\"@type\":\"WebSite\",\"@id\":\"https:\/\/www.med.unipi.it\/#website\",\"url\":\"https:\/\/www.med.unipi.it\/\",\"name\":\"Scuola di Medicina\",\"description\":\"\",\"potentialAction\":[{\"@type\":\"SearchAction\",\"target\":{\"@type\":\"EntryPoint\",\"urlTemplate\":\"https:\/\/www.med.unipi.it\/?s={search_term_string}\"},\"query-input\":{\"@type\":\"PropertyValueSpecification\",\"valueRequired\":true,\"valueName\":\"search_term_string\"}}],\"inLanguage\":\"it-IT\"}]}<\/script>\n<!-- \/ Yoast SEO plugin. -->","yoast_head_json":{"title":"Procedure e documenti - Scuola di Medicina","robots":{"index":"index","follow":"follow","max-snippet":"max-snippet:-1","max-image-preview":"max-image-preview:large","max-video-preview":"max-video-preview:-1"},"canonical":"https:\/\/www.med.unipi.it\/index.php\/corsi-di-laurea\/scienze-motorie\/procedure-e-documenti-scie-moto\/","og_locale":"it_IT","og_type":"article","og_title":"Procedure e documenti - Scuola di Medicina","og_description":"OBBLIGHI FORMATIVI AGGIUNTIVI (OFA) \u2013 A.A. 2025\/2026 Relativamente all\u2019individuazione degli eventuali obblighi formativi aggiuntivi (OFA), verranno esaminati i punteggi riportati&hellip;Leggi tutto...","og_url":"https:\/\/www.med.unipi.it\/index.php\/corsi-di-laurea\/scienze-motorie\/procedure-e-documenti-scie-moto\/","og_site_name":"Scuola di Medicina","article_modified_time":"2026-03-31T07:06:42+00:00","twitter_card":"summary_large_image","twitter_misc":{"Tempo di lettura stimato":"5 minuti"},"schema":{"@context":"https:\/\/schema.org","@graph":[{"@type":"WebPage","@id":"https:\/\/www.med.unipi.it\/index.php\/corsi-di-laurea\/scienze-motorie\/procedure-e-documenti-scie-moto\/","url":"https:\/\/www.med.unipi.it\/index.php\/corsi-di-laurea\/scienze-motorie\/procedure-e-documenti-scie-moto\/","name":"Procedure e documenti - Scuola di Medicina","isPartOf":{"@id":"https:\/\/www.med.unipi.it\/#website"},"datePublished":"2022-10-14T10:00:18+00:00","dateModified":"2026-03-31T07:06:42+00:00","breadcrumb":{"@id":"https:\/\/www.med.unipi.it\/index.php\/corsi-di-laurea\/scienze-motorie\/procedure-e-documenti-scie-moto\/#breadcrumb"},"inLanguage":"it-IT","potentialAction":[{"@type":"ReadAction","target":["https:\/\/www.med.unipi.it\/index.php\/corsi-di-laurea\/scienze-motorie\/procedure-e-documenti-scie-moto\/"]}]},{"@type":"BreadcrumbList","@id":"https:\/\/www.med.unipi.it\/index.php\/corsi-di-laurea\/scienze-motorie\/procedure-e-documenti-scie-moto\/#breadcrumb","itemListElement":[{"@type":"ListItem","position":1,"name":"Home","item":"https:\/\/www.med.unipi.it\/"},{"@type":"ListItem","position":2,"name":"Corsi di Laurea","item":"https:\/\/www.med.unipi.it\/index.php\/corsi-di-laurea\/"},{"@type":"ListItem","position":3,"name":"Scienze Motorie","item":"https:\/\/www.med.unipi.it\/index.php\/corsi-di-laurea\/scienze-motorie\/"},{"@type":"ListItem","position":4,"name":"Procedure e documenti"}]},{"@type":"WebSite","@id":"https:\/\/www.med.unipi.it\/#website","url":"https:\/\/www.med.unipi.it\/","name":"Scuola di Medicina","description":"","potentialAction":[{"@type":"SearchAction","target":{"@type":"EntryPoint","urlTemplate":"https:\/\/www.med.unipi.it\/?s={search_term_string}"},"query-input":{"@type":"PropertyValueSpecification","valueRequired":true,"valueName":"search_term_string"}}],"inLanguage":"it-IT"}]}},"_links":{"self":[{"href":"https:\/\/www.med.unipi.it\/index.php\/wp-json\/wp\/v2\/pages\/203","targetHints":{"allow":["GET"]}}],"collection":[{"href":"https:\/\/www.med.unipi.it\/index.php\/wp-json\/wp\/v2\/pages"}],"about":[{"href":"https:\/\/www.med.unipi.it\/index.php\/wp-json\/wp\/v2\/types\/page"}],"author":[{"embeddable":true,"href":"https:\/\/www.med.unipi.it\/index.php\/wp-json\/wp\/v2\/users\/1"}],"replies":[{"embeddable":true,"href":"https:\/\/www.med.unipi.it\/index.php\/wp-json\/wp\/v2\/comments?post=203"}],"version-history":[{"count":256,"href":"https:\/\/www.med.unipi.it\/index.php\/wp-json\/wp\/v2\/pages\/203\/revisions"}],"predecessor-version":[{"id":14149,"href":"https:\/\/www.med.unipi.it\/index.php\/wp-json\/wp\/v2\/pages\/203\/revisions\/14149"}],"up":[{"embeddable":true,"href":"https:\/\/www.med.unipi.it\/index.php\/wp-json\/wp\/v2\/pages\/95"}],"wp:attachment":[{"href":"https:\/\/www.med.unipi.it\/index.php\/wp-json\/wp\/v2\/media?parent=203"}],"wp:term":[{"taxonomy":"category","embeddable":true,"href":"https:\/\/www.med.unipi.it\/index.php\/wp-json\/wp\/v2\/categories?post=203"},{"taxonomy":"post_tag","embeddable":true,"href":"https:\/\/www.med.unipi.it\/index.php\/wp-json\/wp\/v2\/tags?post=203"}],"curies":[{"name":"wp","href":"https:\/\/api.w.org\/{rel}","templated":true}]}}