{"id":227,"date":"2022-10-21T09:36:01","date_gmt":"2022-10-21T07:36:01","guid":{"rendered":"https:\/\/www.med.unipi.it\/?page_id=227"},"modified":"2025-02-14T11:53:34","modified_gmt":"2025-02-14T10:53:34","slug":"regolamento-didattico-psico-clin","status":"publish","type":"page","link":"https:\/\/www.med.unipi.it\/index.php\/corsi-di-laurea\/scienze-e-tecniche-di-psicologia-clinica-e-della-salute\/regolamento-didattico-psico-clin\/","title":{"rendered":"Regolamento didattico"},"content":{"rendered":"<section class=\"article-content clearfix\">1. In base all&#8217;articolo 11, comma 2, della legge 19 novembre 1990, n. 341, il regolamento didattico di un corso di studio, deliberato dalla competente struttura didattica in conformit\u00e0 con l&#8217;ordinamento didattico nel rispetto della libert\u00e0 d&#8217;insegnamento, nonch\u00e9 dei diritti e doveri dei docenti e degli studenti, specifica gli aspetti organizzativi del corso di studio. Il regolamento \u00e9 approvato con le procedure previste nello statuto dell&#8217;ateneo.<\/section>\n<section><\/section>\n<section><\/section>\n<section><\/section>\n<section><\/section>\n<section><\/section>\n<section class=\"article-content clearfix\"><a href=\"https:\/\/www.med.unipi.it\/images\/ALLEGATI\/PSI-L_REGDID_2021.pdf\">Regolamento Didattico del CdL in Scienze e tecniche di psicologia clinica e della salute a.a. 2021-2022<\/a> (valido anche per gli immatricolati nell\u2019a.a. 2022-23)<\/section>\n<section><\/section>\n<section><\/section>\n<section><\/section>\n<section><\/section>\n<section class=\"article-content clearfix\"><a href=\"https:\/\/www.med.unipi.it\/images\/ALLEGATI\/PSI_Regolamento_Did_2020.pdf\">Regolamento Didattico del CdL in Scienze e tecniche di psicologia clinica e della salute a.a. 2020-2021<\/a><\/section>\n<section><\/section>\n<section><\/section>\n<section><\/section>\n<section class=\"article-content clearfix\"><a href=\"https:\/\/www.med.unipi.it\/images\/ALLEGATI\/PSI_REG_2019.pdf\">Regolamento Didattico del CdL in Scienze e tecniche di psicologia clinica e della salute a.a. 2019-2020<\/a><\/section>\n<section><\/section>\n<section><\/section>\n<section><\/section>\n<section class=\"article-content clearfix\"><a href=\"https:\/\/www.med.unipi.it\/images\/ALLEGATI\/PsicologiaDellaSalute\/PSI-l-regdid-2018.pdf\" target=\"_blank\" rel=\"noopener\">Regolamento Didattico del CdL in Scienze e tecniche di psicologi<\/a><a href=\"https:\/\/www.med.unipi.it\/images\/ALLEGATI\/PsicologiaDellaSalute\/PSI-l-regdid-2018.pdf\" target=\"_blank\" rel=\"noopener\">a clinica e della salute a.a. 2018-2019<\/a>&nbsp;<\/p>\n<p><a href=\"https:\/\/www.med.unipi.it\/images\/ALLEGATI\/PsicologiaDellaSalute\/PSI_REGOLAMENTO_2017.pdf\" target=\"_blank\" rel=\"noopener\">Regolamento Didattico del CdL in Scienze e tecniche di psicologia clinica e della salute\u00a0a.a. 2017-2018<\/a><\/p>\n<p>&nbsp;<\/p>\n<p><a href=\"https:\/\/www.med.unipi.it\/images\/ALLEGATI\/PsicologiaDellaSalute\/Regolamento_didattico_PSI_2014-2015.pdf\" target=\"_blank\" rel=\"noopener\">Regolamento Didattico del CdL in Scienze e tecniche di psicologia clinica e della salute\u00a0a.a. 2015-2016<\/a>\u00a0(valido anche per gli immatricolati dell&#8217;a.a. 2016-17)<\/p>\n<p>&nbsp;<\/p>\n<p><a href=\"https:\/\/www.med.unipi.it\/images\/ALLEGATI\/PsicologiaDellaSalute\/Regolamento_didattico_PSI_2014-2015_1.pdf\" target=\"_blank\" rel=\"noopener\">Regolamento Didattico del CdL in Scienze e tecniche di psicologia clinica e della salute a.a.\u00a02014-2015<\/a><\/p>\n<p>&nbsp;<\/p>\n<p><a href=\"https:\/\/www.med.unipi.it\/images\/ALLEGATI\/PsicologiaDellaSalute\/Regolamento_didattico_PSI_2012-2013.pdf\" target=\"_blank\" rel=\"noopener\">Regolamento Diddatico del CdL in Scienze e tecniche di psicologia clinica e della salute a.a.\u00a02012-2013<\/a>\u00a0(valido anche per gli immatricolati dell&#8217;a.a. 2013-14)<\/p>\n<\/section>\n","protected":false},"excerpt":{"rendered":"<p>1. In base all&#8217;articolo 11, comma 2, della legge 19 novembre 1990, n. 341, il regolamento didattico di un corso&hellip;<\/p>\n<p><a class=\"btn btn-dark btn-sm unipi-read-more-link\" href=\"https:\/\/www.med.unipi.it\/index.php\/corsi-di-laurea\/scienze-e-tecniche-di-psicologia-clinica-e-della-salute\/regolamento-didattico-psico-clin\/\">Leggi tutto&#8230;<\/a><\/p>\n","protected":false},"author":1,"featured_media":0,"parent":98,"menu_order":0,"comment_status":"closed","ping_status":"closed","template":"","meta":{"footnotes":""},"categories":[18],"tags":[],"class_list":["post-227","page","type-page","status-publish","hentry","category-scienze-e-tecniche-di-psicologia-clinica-e-della-salute"],"yoast_head":"<!-- This site is optimized with the Yoast SEO plugin v27.0 - https:\/\/yoast.com\/product\/yoast-seo-wordpress\/ -->\n<title>Regolamento didattico - Scuola di Medicina<\/title>\n<meta name=\"robots\" content=\"index, follow, max-snippet:-1, max-image-preview:large, max-video-preview:-1\" \/>\n<link rel=\"canonical\" href=\"https:\/\/www.med.unipi.it\/index.php\/corsi-di-laurea\/scienze-e-tecniche-di-psicologia-clinica-e-della-salute\/regolamento-didattico-psico-clin\/\" \/>\n<meta property=\"og:locale\" content=\"it_IT\" \/>\n<meta property=\"og:type\" content=\"article\" \/>\n<meta property=\"og:title\" content=\"Regolamento didattico - Scuola di Medicina\" \/>\n<meta property=\"og:description\" content=\"1. In base all&#8217;articolo 11, comma 2, della legge 19 novembre 1990, n. 341, il regolamento didattico di un corso&hellip;Leggi tutto...\" \/>\n<meta property=\"og:url\" content=\"https:\/\/www.med.unipi.it\/index.php\/corsi-di-laurea\/scienze-e-tecniche-di-psicologia-clinica-e-della-salute\/regolamento-didattico-psico-clin\/\" \/>\n<meta property=\"og:site_name\" content=\"Scuola di Medicina\" \/>\n<meta property=\"article:modified_time\" content=\"2025-02-14T10:53:34+00:00\" \/>\n<meta name=\"twitter:card\" content=\"summary_large_image\" \/>\n<meta name=\"twitter:label1\" content=\"Tempo di lettura stimato\" \/>\n\t<meta name=\"twitter:data1\" content=\"2 minuti\" \/>\n<script type=\"application\/ld+json\" class=\"yoast-schema-graph\">{\"@context\":\"https:\/\/schema.org\",\"@graph\":[{\"@type\":\"WebPage\",\"@id\":\"https:\/\/www.med.unipi.it\/index.php\/corsi-di-laurea\/scienze-e-tecniche-di-psicologia-clinica-e-della-salute\/regolamento-didattico-psico-clin\/\",\"url\":\"https:\/\/www.med.unipi.it\/index.php\/corsi-di-laurea\/scienze-e-tecniche-di-psicologia-clinica-e-della-salute\/regolamento-didattico-psico-clin\/\",\"name\":\"Regolamento didattico - Scuola di Medicina\",\"isPartOf\":{\"@id\":\"https:\/\/www.med.unipi.it\/#website\"},\"datePublished\":\"2022-10-21T07:36:01+00:00\",\"dateModified\":\"2025-02-14T10:53:34+00:00\",\"breadcrumb\":{\"@id\":\"https:\/\/www.med.unipi.it\/index.php\/corsi-di-laurea\/scienze-e-tecniche-di-psicologia-clinica-e-della-salute\/regolamento-didattico-psico-clin\/#breadcrumb\"},\"inLanguage\":\"it-IT\",\"potentialAction\":[{\"@type\":\"ReadAction\",\"target\":[\"https:\/\/www.med.unipi.it\/index.php\/corsi-di-laurea\/scienze-e-tecniche-di-psicologia-clinica-e-della-salute\/regolamento-didattico-psico-clin\/\"]}]},{\"@type\":\"BreadcrumbList\",\"@id\":\"https:\/\/www.med.unipi.it\/index.php\/corsi-di-laurea\/scienze-e-tecniche-di-psicologia-clinica-e-della-salute\/regolamento-didattico-psico-clin\/#breadcrumb\",\"itemListElement\":[{\"@type\":\"ListItem\",\"position\":1,\"name\":\"Home\",\"item\":\"https:\/\/www.med.unipi.it\/\"},{\"@type\":\"ListItem\",\"position\":2,\"name\":\"Corsi di Laurea\",\"item\":\"https:\/\/www.med.unipi.it\/index.php\/corsi-di-laurea\/\"},{\"@type\":\"ListItem\",\"position\":3,\"name\":\"Scienze e Tecniche di Psicologia Clinica e della Salute (non pi\u00f9 attivato)\",\"item\":\"https:\/\/www.med.unipi.it\/index.php\/corsi-di-laurea\/scienze-e-tecniche-di-psicologia-clinica-e-della-salute\/\"},{\"@type\":\"ListItem\",\"position\":4,\"name\":\"Regolamento didattico\"}]},{\"@type\":\"WebSite\",\"@id\":\"https:\/\/www.med.unipi.it\/#website\",\"url\":\"https:\/\/www.med.unipi.it\/\",\"name\":\"Scuola di Medicina\",\"description\":\"\",\"potentialAction\":[{\"@type\":\"SearchAction\",\"target\":{\"@type\":\"EntryPoint\",\"urlTemplate\":\"https:\/\/www.med.unipi.it\/?s={search_term_string}\"},\"query-input\":{\"@type\":\"PropertyValueSpecification\",\"valueRequired\":true,\"valueName\":\"search_term_string\"}}],\"inLanguage\":\"it-IT\"}]}<\/script>\n<!-- \/ Yoast SEO plugin. -->","yoast_head_json":{"title":"Regolamento didattico - Scuola di Medicina","robots":{"index":"index","follow":"follow","max-snippet":"max-snippet:-1","max-image-preview":"max-image-preview:large","max-video-preview":"max-video-preview:-1"},"canonical":"https:\/\/www.med.unipi.it\/index.php\/corsi-di-laurea\/scienze-e-tecniche-di-psicologia-clinica-e-della-salute\/regolamento-didattico-psico-clin\/","og_locale":"it_IT","og_type":"article","og_title":"Regolamento didattico - Scuola di Medicina","og_description":"1. In base all&#8217;articolo 11, comma 2, della legge 19 novembre 1990, n. 341, il regolamento didattico di un corso&hellip;Leggi tutto...","og_url":"https:\/\/www.med.unipi.it\/index.php\/corsi-di-laurea\/scienze-e-tecniche-di-psicologia-clinica-e-della-salute\/regolamento-didattico-psico-clin\/","og_site_name":"Scuola di Medicina","article_modified_time":"2025-02-14T10:53:34+00:00","twitter_card":"summary_large_image","twitter_misc":{"Tempo di lettura stimato":"2 minuti"},"schema":{"@context":"https:\/\/schema.org","@graph":[{"@type":"WebPage","@id":"https:\/\/www.med.unipi.it\/index.php\/corsi-di-laurea\/scienze-e-tecniche-di-psicologia-clinica-e-della-salute\/regolamento-didattico-psico-clin\/","url":"https:\/\/www.med.unipi.it\/index.php\/corsi-di-laurea\/scienze-e-tecniche-di-psicologia-clinica-e-della-salute\/regolamento-didattico-psico-clin\/","name":"Regolamento didattico - Scuola di Medicina","isPartOf":{"@id":"https:\/\/www.med.unipi.it\/#website"},"datePublished":"2022-10-21T07:36:01+00:00","dateModified":"2025-02-14T10:53:34+00:00","breadcrumb":{"@id":"https:\/\/www.med.unipi.it\/index.php\/corsi-di-laurea\/scienze-e-tecniche-di-psicologia-clinica-e-della-salute\/regolamento-didattico-psico-clin\/#breadcrumb"},"inLanguage":"it-IT","potentialAction":[{"@type":"ReadAction","target":["https:\/\/www.med.unipi.it\/index.php\/corsi-di-laurea\/scienze-e-tecniche-di-psicologia-clinica-e-della-salute\/regolamento-didattico-psico-clin\/"]}]},{"@type":"BreadcrumbList","@id":"https:\/\/www.med.unipi.it\/index.php\/corsi-di-laurea\/scienze-e-tecniche-di-psicologia-clinica-e-della-salute\/regolamento-didattico-psico-clin\/#breadcrumb","itemListElement":[{"@type":"ListItem","position":1,"name":"Home","item":"https:\/\/www.med.unipi.it\/"},{"@type":"ListItem","position":2,"name":"Corsi di Laurea","item":"https:\/\/www.med.unipi.it\/index.php\/corsi-di-laurea\/"},{"@type":"ListItem","position":3,"name":"Scienze e Tecniche di Psicologia Clinica e della Salute (non pi\u00f9 attivato)","item":"https:\/\/www.med.unipi.it\/index.php\/corsi-di-laurea\/scienze-e-tecniche-di-psicologia-clinica-e-della-salute\/"},{"@type":"ListItem","position":4,"name":"Regolamento didattico"}]},{"@type":"WebSite","@id":"https:\/\/www.med.unipi.it\/#website","url":"https:\/\/www.med.unipi.it\/","name":"Scuola di Medicina","description":"","potentialAction":[{"@type":"SearchAction","target":{"@type":"EntryPoint","urlTemplate":"https:\/\/www.med.unipi.it\/?s={search_term_string}"},"query-input":{"@type":"PropertyValueSpecification","valueRequired":true,"valueName":"search_term_string"}}],"inLanguage":"it-IT"}]}},"_links":{"self":[{"href":"https:\/\/www.med.unipi.it\/index.php\/wp-json\/wp\/v2\/pages\/227","targetHints":{"allow":["GET"]}}],"collection":[{"href":"https:\/\/www.med.unipi.it\/index.php\/wp-json\/wp\/v2\/pages"}],"about":[{"href":"https:\/\/www.med.unipi.it\/index.php\/wp-json\/wp\/v2\/types\/page"}],"author":[{"embeddable":true,"href":"https:\/\/www.med.unipi.it\/index.php\/wp-json\/wp\/v2\/users\/1"}],"replies":[{"embeddable":true,"href":"https:\/\/www.med.unipi.it\/index.php\/wp-json\/wp\/v2\/comments?post=227"}],"version-history":[{"count":7,"href":"https:\/\/www.med.unipi.it\/index.php\/wp-json\/wp\/v2\/pages\/227\/revisions"}],"predecessor-version":[{"id":3920,"href":"https:\/\/www.med.unipi.it\/index.php\/wp-json\/wp\/v2\/pages\/227\/revisions\/3920"}],"up":[{"embeddable":true,"href":"https:\/\/www.med.unipi.it\/index.php\/wp-json\/wp\/v2\/pages\/98"}],"wp:attachment":[{"href":"https:\/\/www.med.unipi.it\/index.php\/wp-json\/wp\/v2\/media?parent=227"}],"wp:term":[{"taxonomy":"category","embeddable":true,"href":"https:\/\/www.med.unipi.it\/index.php\/wp-json\/wp\/v2\/categories?post=227"},{"taxonomy":"post_tag","embeddable":true,"href":"https:\/\/www.med.unipi.it\/index.php\/wp-json\/wp\/v2\/tags?post=227"}],"curies":[{"name":"wp","href":"https:\/\/api.w.org\/{rel}","templated":true}]}}