{"id":257,"date":"2022-10-21T09:56:08","date_gmt":"2022-10-21T07:56:08","guid":{"rendered":"https:\/\/www.med.unipi.it\/?page_id=257"},"modified":"2026-02-26T08:42:21","modified_gmt":"2026-02-26T07:42:21","slug":"regolamento-didattico-inferm","status":"publish","type":"page","link":"https:\/\/www.med.unipi.it\/index.php\/corsi-di-laurea\/infermieristica\/regolamento-didattico-inferm\/","title":{"rendered":"Regolamento didattico"},"content":{"rendered":"<h3><strong>IL REGOLAMENTO DIDATTICO<\/strong><\/h3>\n<p>Dall&#8217;Art. 12 del DM n.\u00a0270\/2004:1. In base all&#8217;articolo 11, comma 2, della legge 19 novembre 1990, n. 341, il regolamento didattico di un corso di studio, deliberato dalla competente struttura didattica in conformit\u00e0 con l&#8217;ordinamento didattico nel rispetto della libert\u00e0 d&#8217;insegnamento, nonch\u00e9 dei diritti e doveri dei docenti e degli studenti,<strong> specifica gli aspetti organizzativi del corso di studio<\/strong>. Il regolamento \u00e9 approvato con le procedure previste nello statuto dell&#8217;ateneo.<\/p>\n<h3 style=\"text-align: center;\"><b><span data-contrast=\"auto\">ATTENZIONE\u00a0PROPEDEUTICITA\u2019<\/span><\/b><span data-ccp-props=\"{&quot;335551550&quot;:2,&quot;335551620&quot;:2,&quot;335557856&quot;:16777215}\">\u00a0<\/span><\/h3>\n<p><b><span data-contrast=\"auto\">Le propedeuticit\u00e0 degli esami\u202fsi trovano all\u2019interno del Regolamento didattico del proprio anno di immatricolazione.<\/span><\/b><\/p>\n<p><b><span data-contrast=\"auto\">Si raccomanda il rispetto delle propedeuticit\u00e0 previste\u00a0dal Regolamento Didattico del\u00a0CdS\u00a0e riportate\u00a0nella <a href=\"https:\/\/www.med.unipi.it\/wp-content\/uploads\/2025\/10\/IFE-L-Propedeuticita-2025-26.pdf\">tabella\u00a0allegata<\/a>,\u00a0ricordando\u00a0che gli esami\u00a0verbalizzati senza\u00a0il rispetto delle\u00a0propedeuticit\u00e0\u00a0verranno annullati\u00a0e\u00a0dovranno essere sostenuti e\u00a0verbalizzati\u00a0dopo aver superato\u00a0l\u2019esame\u00a0propedeutico.<\/span><\/b><span data-ccp-props=\"{&quot;335551550&quot;:6,&quot;335551620&quot;:6}\">\u00a0<\/span><\/p>\n<p><strong>Propedeuticit\u00e0 per tutti gli studenti:<\/strong><\/p>\n<p><span style=\"font-size: 12pt;\">P<small>er sostenere gli <strong>esami del III anno<\/strong>, lo studente dovr\u00e0 aver acquisito <strong>almeno 60 CFU<\/strong> comprensivi dei crediti relativi ai seguenti insegnamenti:<\/small><\/span><\/p>\n<ul>\n<li><span style=\"font-size: 12pt;\"><small>Anatomia umana e Istologia (355EE)<\/small><\/span><\/li>\n<li><span style=\"font-size: 12pt;\"><small>Fisiologia e Patologia generale (005FE)<\/small><\/span><\/li>\n<li><span style=\"font-size: 12pt;\"><small>Farmacologia e assistenza infermieristica (012FE)<\/small><\/span><\/li>\n<li><span style=\"font-size: 12pt;\"><small>Scienze medico infermieristiche, percorsi clinici\/terapeutici\/assistenziali nella media intensit\u00e0 di cura (149FF)<\/small><\/span><\/li>\n<li><span style=\"font-size: 12pt;\"><small>Esame del tirocinio del II anno (150FF)<\/small><\/span><\/li>\n<\/ul>\n<p><strong> Propedeuticit\u00e0 relative al Tirocinio:<\/strong><\/p>\n<p><span style=\"font-size: 12pt;\"><small>Tutti gli esami di Tirocinio sono propedeutici ai Tirocini dell&#8217;anno successivo.\u00a0<\/small><\/span><\/p>\n<hr \/>\n<p><a href=\"https:\/\/www.med.unipi.it\/wp-content\/uploads\/2025\/03\/IFE-L-StampaRegolamento-2025-26-GDA-completo.pdf\">Regolamento didattico del CdL in Infermieristica a.a. 2025-2026\u00a0<\/a><\/p>\n<p><a href=\"https:\/\/www.med.unipi.it\/wp-content\/uploads\/2026\/02\/Documento-descrittivo-del-Regolamento-didattico.pdf\">Documento descrittivo del Regolamento didattico &#8211; a.a. 2025-2026<\/a><\/p>\n<p><a href=\"https:\/\/www.med.unipi.it\/wp-content\/uploads\/2026\/02\/All_5_Doc_Indirizzo_Tirocinio_-2025.pdf\">Documento_Indirizzo_Tirocinio a.a. 2025-2026<\/a><\/p>\n<p><a href=\"https:\/\/www.med.unipi.it\/images\/ALLEGATI\/IFE_Regolamento_Did_2020.pdf\">Regolamento Didattico del CdL in Infermieristica a.a. 2020-2021<\/a> (valido anche per gli immatricolati all&#8217;aa.aa. 2021-22 \/ 2022-23 \/ 2023-24\/2024-25)<\/p>\n<p><a href=\"https:\/\/www.med.unipi.it\/images\/ALLEGATI\/IFE_REG_2019.pdf\">Regolamento Didattico del CdL in Infermieristica a.a. 2019-2020<\/a><\/p>\n<p><a href=\"https:\/\/www.med.unipi.it\/images\/ALLEGATI\/IFE-L-regdid-2018.pdf\">Regolamento Didattico del CdL in Infermieristica a.a. 2018-2019<\/a><\/p>\n<p><a href=\"https:\/\/www.med.unipi.it\/images\/ALLEGATI\/IFE_REG_DID_2016-17.pdf\">Regolamento Didattico del CdL in Infermieristica\u00a0a.a. 2016-2017<\/a>\u00a0(valido anche per gli immatricolati all&#8217;a.a. 2017-18)<\/p>\n<p><a href=\"https:\/\/www.med.unipi.it\/images\/ALLEGATI\/Infermieristica\/Regolamento_didattic_IFE_2015-2016.pdf\" target=\"_blank\" rel=\"noopener\">Regolamento Didattico del CdL in Infermieristica a.a. 2015-2016<\/a><\/p>\n<p><a href=\"https:\/\/www.med.unipi.it\/images\/ALLEGATI\/Infermieristica\/Regolamento_Didattico_IFE_2014-2015.pdf\" target=\"_blank\" rel=\"noopener\">Regolamento Didattico del CdL in Infermieristica a.a. 2014-2015<\/a><\/p>\n<p><a href=\"https:\/\/www.med.unipi.it\/images\/ALLEGATI\/Infermieristica\/Regolamento_didattico_IFE_2013-2014.pdf\" target=\"_blank\" rel=\"noopener\">Regolamento Didattico del CdL in Infermieristica a.a. 2013-2014<\/a><\/p>\n<p><a href=\"https:\/\/www.med.unipi.it\/images\/ALLEGATI\/Infermieristica\/Regolamento_Diddatico_IFE_2012-2013.pdf\" target=\"_blank\" rel=\"noopener\">Regolamento Didattico del CdL in Infermiersitica a.a. 2012-2013<\/a><\/p>\n<p>&nbsp;<\/p>\n<p><a href=\"https:\/\/www.med.unipi.it\/images\/ALLEGATI\/Documento_indirizzo_tirocinio_CdL_Infermieristica.pdf\"><strong>DOCUMENTO DI INDIRIZZO PER IL TIROCINIO<\/strong><\/a><\/p>\n","protected":false},"excerpt":{"rendered":"<p>IL REGOLAMENTO DIDATTICO Dall&#8217;Art. 12 del DM n.\u00a0270\/2004:1. In base all&#8217;articolo 11, comma 2, della legge 19 novembre 1990, n.&hellip;<\/p>\n<p><a class=\"btn btn-dark btn-sm unipi-read-more-link\" href=\"https:\/\/www.med.unipi.it\/index.php\/corsi-di-laurea\/infermieristica\/regolamento-didattico-inferm\/\">Leggi tutto&#8230;<\/a><\/p>\n","protected":false},"author":1,"featured_media":0,"parent":101,"menu_order":0,"comment_status":"closed","ping_status":"closed","template":"","meta":{"footnotes":""},"categories":[21],"tags":[],"class_list":["post-257","page","type-page","status-publish","hentry","category-infermieristica"],"yoast_head":"<!-- This site is optimized with the Yoast SEO plugin v27.0 - https:\/\/yoast.com\/product\/yoast-seo-wordpress\/ -->\n<title>Regolamento didattico - Scuola di Medicina<\/title>\n<meta name=\"robots\" content=\"index, follow, max-snippet:-1, max-image-preview:large, max-video-preview:-1\" \/>\n<link rel=\"canonical\" href=\"https:\/\/www.med.unipi.it\/index.php\/corsi-di-laurea\/infermieristica\/regolamento-didattico-inferm\/\" \/>\n<meta property=\"og:locale\" content=\"it_IT\" \/>\n<meta property=\"og:type\" content=\"article\" \/>\n<meta property=\"og:title\" content=\"Regolamento didattico - Scuola di Medicina\" \/>\n<meta property=\"og:description\" content=\"IL REGOLAMENTO DIDATTICO Dall&#8217;Art. 12 del DM n.\u00a0270\/2004:1. In base all&#8217;articolo 11, comma 2, della legge 19 novembre 1990, n.&hellip;Leggi tutto...\" \/>\n<meta property=\"og:url\" content=\"https:\/\/www.med.unipi.it\/index.php\/corsi-di-laurea\/infermieristica\/regolamento-didattico-inferm\/\" \/>\n<meta property=\"og:site_name\" content=\"Scuola di Medicina\" \/>\n<meta property=\"article:modified_time\" content=\"2026-02-26T07:42:21+00:00\" \/>\n<meta name=\"twitter:card\" content=\"summary_large_image\" \/>\n<meta name=\"twitter:label1\" content=\"Tempo di lettura stimato\" \/>\n\t<meta name=\"twitter:data1\" content=\"2 minuti\" \/>\n<script type=\"application\/ld+json\" class=\"yoast-schema-graph\">{\"@context\":\"https:\/\/schema.org\",\"@graph\":[{\"@type\":\"WebPage\",\"@id\":\"https:\/\/www.med.unipi.it\/index.php\/corsi-di-laurea\/infermieristica\/regolamento-didattico-inferm\/\",\"url\":\"https:\/\/www.med.unipi.it\/index.php\/corsi-di-laurea\/infermieristica\/regolamento-didattico-inferm\/\",\"name\":\"Regolamento didattico - Scuola di Medicina\",\"isPartOf\":{\"@id\":\"https:\/\/www.med.unipi.it\/#website\"},\"datePublished\":\"2022-10-21T07:56:08+00:00\",\"dateModified\":\"2026-02-26T07:42:21+00:00\",\"breadcrumb\":{\"@id\":\"https:\/\/www.med.unipi.it\/index.php\/corsi-di-laurea\/infermieristica\/regolamento-didattico-inferm\/#breadcrumb\"},\"inLanguage\":\"it-IT\",\"potentialAction\":[{\"@type\":\"ReadAction\",\"target\":[\"https:\/\/www.med.unipi.it\/index.php\/corsi-di-laurea\/infermieristica\/regolamento-didattico-inferm\/\"]}]},{\"@type\":\"BreadcrumbList\",\"@id\":\"https:\/\/www.med.unipi.it\/index.php\/corsi-di-laurea\/infermieristica\/regolamento-didattico-inferm\/#breadcrumb\",\"itemListElement\":[{\"@type\":\"ListItem\",\"position\":1,\"name\":\"Home\",\"item\":\"https:\/\/www.med.unipi.it\/\"},{\"@type\":\"ListItem\",\"position\":2,\"name\":\"Corsi di Laurea\",\"item\":\"https:\/\/www.med.unipi.it\/index.php\/corsi-di-laurea\/\"},{\"@type\":\"ListItem\",\"position\":3,\"name\":\"Infermieristica\",\"item\":\"https:\/\/www.med.unipi.it\/index.php\/corsi-di-laurea\/infermieristica\/\"},{\"@type\":\"ListItem\",\"position\":4,\"name\":\"Regolamento didattico\"}]},{\"@type\":\"WebSite\",\"@id\":\"https:\/\/www.med.unipi.it\/#website\",\"url\":\"https:\/\/www.med.unipi.it\/\",\"name\":\"Scuola di Medicina\",\"description\":\"\",\"potentialAction\":[{\"@type\":\"SearchAction\",\"target\":{\"@type\":\"EntryPoint\",\"urlTemplate\":\"https:\/\/www.med.unipi.it\/?s={search_term_string}\"},\"query-input\":{\"@type\":\"PropertyValueSpecification\",\"valueRequired\":true,\"valueName\":\"search_term_string\"}}],\"inLanguage\":\"it-IT\"}]}<\/script>\n<!-- \/ Yoast SEO plugin. -->","yoast_head_json":{"title":"Regolamento didattico - Scuola di Medicina","robots":{"index":"index","follow":"follow","max-snippet":"max-snippet:-1","max-image-preview":"max-image-preview:large","max-video-preview":"max-video-preview:-1"},"canonical":"https:\/\/www.med.unipi.it\/index.php\/corsi-di-laurea\/infermieristica\/regolamento-didattico-inferm\/","og_locale":"it_IT","og_type":"article","og_title":"Regolamento didattico - Scuola di Medicina","og_description":"IL REGOLAMENTO DIDATTICO Dall&#8217;Art. 12 del DM n.\u00a0270\/2004:1. In base all&#8217;articolo 11, comma 2, della legge 19 novembre 1990, n.&hellip;Leggi tutto...","og_url":"https:\/\/www.med.unipi.it\/index.php\/corsi-di-laurea\/infermieristica\/regolamento-didattico-inferm\/","og_site_name":"Scuola di Medicina","article_modified_time":"2026-02-26T07:42:21+00:00","twitter_card":"summary_large_image","twitter_misc":{"Tempo di lettura stimato":"2 minuti"},"schema":{"@context":"https:\/\/schema.org","@graph":[{"@type":"WebPage","@id":"https:\/\/www.med.unipi.it\/index.php\/corsi-di-laurea\/infermieristica\/regolamento-didattico-inferm\/","url":"https:\/\/www.med.unipi.it\/index.php\/corsi-di-laurea\/infermieristica\/regolamento-didattico-inferm\/","name":"Regolamento didattico - Scuola di Medicina","isPartOf":{"@id":"https:\/\/www.med.unipi.it\/#website"},"datePublished":"2022-10-21T07:56:08+00:00","dateModified":"2026-02-26T07:42:21+00:00","breadcrumb":{"@id":"https:\/\/www.med.unipi.it\/index.php\/corsi-di-laurea\/infermieristica\/regolamento-didattico-inferm\/#breadcrumb"},"inLanguage":"it-IT","potentialAction":[{"@type":"ReadAction","target":["https:\/\/www.med.unipi.it\/index.php\/corsi-di-laurea\/infermieristica\/regolamento-didattico-inferm\/"]}]},{"@type":"BreadcrumbList","@id":"https:\/\/www.med.unipi.it\/index.php\/corsi-di-laurea\/infermieristica\/regolamento-didattico-inferm\/#breadcrumb","itemListElement":[{"@type":"ListItem","position":1,"name":"Home","item":"https:\/\/www.med.unipi.it\/"},{"@type":"ListItem","position":2,"name":"Corsi di Laurea","item":"https:\/\/www.med.unipi.it\/index.php\/corsi-di-laurea\/"},{"@type":"ListItem","position":3,"name":"Infermieristica","item":"https:\/\/www.med.unipi.it\/index.php\/corsi-di-laurea\/infermieristica\/"},{"@type":"ListItem","position":4,"name":"Regolamento didattico"}]},{"@type":"WebSite","@id":"https:\/\/www.med.unipi.it\/#website","url":"https:\/\/www.med.unipi.it\/","name":"Scuola di Medicina","description":"","potentialAction":[{"@type":"SearchAction","target":{"@type":"EntryPoint","urlTemplate":"https:\/\/www.med.unipi.it\/?s={search_term_string}"},"query-input":{"@type":"PropertyValueSpecification","valueRequired":true,"valueName":"search_term_string"}}],"inLanguage":"it-IT"}]}},"_links":{"self":[{"href":"https:\/\/www.med.unipi.it\/index.php\/wp-json\/wp\/v2\/pages\/257","targetHints":{"allow":["GET"]}}],"collection":[{"href":"https:\/\/www.med.unipi.it\/index.php\/wp-json\/wp\/v2\/pages"}],"about":[{"href":"https:\/\/www.med.unipi.it\/index.php\/wp-json\/wp\/v2\/types\/page"}],"author":[{"embeddable":true,"href":"https:\/\/www.med.unipi.it\/index.php\/wp-json\/wp\/v2\/users\/1"}],"replies":[{"embeddable":true,"href":"https:\/\/www.med.unipi.it\/index.php\/wp-json\/wp\/v2\/comments?post=257"}],"version-history":[{"count":24,"href":"https:\/\/www.med.unipi.it\/index.php\/wp-json\/wp\/v2\/pages\/257\/revisions"}],"predecessor-version":[{"id":13690,"href":"https:\/\/www.med.unipi.it\/index.php\/wp-json\/wp\/v2\/pages\/257\/revisions\/13690"}],"up":[{"embeddable":true,"href":"https:\/\/www.med.unipi.it\/index.php\/wp-json\/wp\/v2\/pages\/101"}],"wp:attachment":[{"href":"https:\/\/www.med.unipi.it\/index.php\/wp-json\/wp\/v2\/media?parent=257"}],"wp:term":[{"taxonomy":"category","embeddable":true,"href":"https:\/\/www.med.unipi.it\/index.php\/wp-json\/wp\/v2\/categories?post=257"},{"taxonomy":"post_tag","embeddable":true,"href":"https:\/\/www.med.unipi.it\/index.php\/wp-json\/wp\/v2\/tags?post=257"}],"curies":[{"name":"wp","href":"https:\/\/api.w.org\/{rel}","templated":true}]}}