{"id":297,"date":"2022-10-21T10:39:29","date_gmt":"2022-10-21T08:39:29","guid":{"rendered":"https:\/\/www.med.unipi.it\/?page_id=297"},"modified":"2026-01-08T12:21:22","modified_gmt":"2026-01-08T11:21:22","slug":"lauree-ostetr","status":"publish","type":"page","link":"https:\/\/www.med.unipi.it\/index.php\/corsi-di-laurea\/ostetricia\/lauree-ostetr\/","title":{"rendered":"Lauree"},"content":{"rendered":"<div><\/div>\n<div><strong>COMUNICAZIONE IN MERITO AI FESTEGGIAMENTI IN OCCASIONE DELLE SEDUTE DI LAUREA<\/strong><\/div>\n<div><\/div>\n<p>Siamo lieti di annunciare che l\u2019<b>Universit\u00e0 di Pisa<\/b>\u00a0ha adottato le\u00a0<b>Linee Guida per gli Eventi Sostenibili<\/b>, redatte dalla Commissione per lo Sviluppo Sostenibile di Ateneo (CoSA) e approvate dagli organi di governo dell\u2019Ateneo.<br \/>\nLe Linee Guida forniscono istruzioni per organizzare eventi in modo sostenibile, riducendo l\u2019impatto ambientale e promuovendo pratiche etiche e inclusive, in linea con gli obiettivi dell\u2019<b>Agenda 2030<\/b>.\u00a0 Il documento, consultabile al seguente link:\u00a0<u><span data-ogsc=\"rgb(70, 120, 134)\"><a title=\"https:\/\/sostenibile.unipi.it\/wp-content\/uploads\/2025\/07\/Linee-guida-eventi-sostenibili_DR-09.07.25-2-1.pdf\" href=\"https:\/\/sostenibile.unipi.it\/wp-content\/uploads\/2025\/07\/Linee-guida-eventi-sostenibili_DR-09.07.25-2-1.pdf\" target=\"_blank\" rel=\"noopener noreferrer\" data-auth=\"NotApplicable\" data-linkindex=\"14\" data-ogsc=\"\">Linee Guida Eventi Sostenibili<\/a><\/span><\/u>\u00a0, fissa obiettivi precisi:<\/p>\n<ul type=\"disc\">\n<li class=\"x_MsoNormal\"><b>Ridurre l\u2019impatto ambientale<\/b>\u00a0attraverso pratiche che minimizzino consumo di risorse, produzione di rifiuti ed emissioni di gas serra.<\/li>\n<li class=\"x_MsoNormal\"><b>Promuovere il benessere<\/b>\u00a0offrendo cibo sano e preferibilmente locale nei servizi di catering e incentivando il consumo di acqua rispetto a bevande zuccherate.<\/li>\n<li class=\"x_MsoNormal\"><b>Favorire comportamenti etici<\/b>\u00a0privilegiando materiali riutilizzabili e sostenibili e collaborando con fornitori che rispettino standard etici.<\/li>\n<li class=\"x_MsoNormal\"><b>Garantire pari opportunit\u00e0 e inclusione<\/b>, rispettando le Linee Guida su linguaggio inclusivo e pratiche eque.<\/li>\n<\/ul>\n<p>Le Linee Guida si applicano a\u00a0<b>tutte le tipologie di eventi universitari<\/b> \u2014 conferenze, eventi scientifici, istituzionali, divulgativi e studenteschi, comprese le sedute di laurea. Offrono, infatti, indicazioni operative su ogni aspetto dell\u2019organizzazione: men\u00f9, gadget, promozione, mobilit\u00e0 sostenibile, gestione dei rifiuti, consumi energetici ed eccedenze alimentari.<br \/>\nSi tratta di\u00a0<b>raccomandazioni da osservare, diffondere e sostenere<\/b>, con l\u2019obiettivo di consolidare una\u00a0<b>cultura della sostenibilit\u00e0<\/b>\u00a0e costruire un modello di universit\u00e0\u00a0<b>responsabile, etica e proiettata al futuro<\/b>.\u00a0 Infine, le Linee Guida prevedono anche un\u00a0<b>sistema di premialit\u00e0<\/b>: gli eventi pi\u00f9 virtuosi potranno concorrere al riconoscimento di\u00a0<b>\u201cEvento pi\u00f9 sostenibile dell\u2019anno\u201d<\/b>, incentivando l\u2019adozione di pratiche sostenibili e l\u2019eccellenza organizzativa.<br \/>\nPer informazioni e supporto, \u00e8 possibile contattare l\u2019<b>Unit\u00e0 Sostenibilit\u00e0<\/b>\u00a0e la\u00a0<b>Commissione per lo Sviluppo Sostenibile di Ateneo (CoSA)<\/b>\u00a0tramite e-mail:\u00a0<b><u><span data-ogsc=\"rgb(70, 120, 134)\"><a title=\"mailto:segreteria.cosa@unipi.it\" href=\"mailto:segreteria.cosa@unipi.it\" data-linkindex=\"15\" data-ogsc=\"\">segreteria.cosa@unipi.it\u00a0<\/a><br \/>\n<\/span><\/u><\/b>La Commissione per lo Sviluppo Sostenibile di Ateneo<br \/>\nProf.ssa Elisa Giuliani<br \/>\nProrettrice\u00a0<span data-ogsc=\"black\">per la sostenibilit\u00e0 e l\u2019Agenda 2030<\/span><\/p>\n<div>\n<p>&nbsp;<\/p>\n<p>_____________________<\/p>\n<\/div>\n<div><\/div>\n<div><strong>Sessioni di laurea 2026:<\/strong><\/div>\n<div>28 aprile 2026<\/div>\n<div>17 novembre 2026<\/div>\n<div>\n<div><\/div>\n<div><strong>Sessioni di laurea 2025:<\/strong><\/div>\n<div>15 aprile 2025<\/div>\n<div>11 novembre 2025 <a href=\"https:\/\/www.med.unipi.it\/wp-content\/uploads\/2025\/11\/PROSPETTI-TESI-1.docx\">PROSPETTI TESI<\/a><a href=\"https:\/\/www.med.unipi.it\/wp-content\/uploads\/2025\/10\/PROSPETTI-TESI-2.docx\">\u00a0&#8211; <\/a><a href=\"https:\/\/www.med.unipi.it\/wp-content\/uploads\/2025\/10\/Decreto-di-Nomina-1.pdf\">Decreto di Nomina<\/a><\/div>\n<div><\/div>\n<div><\/div>\n<div><strong>Sessioni di laurea 2024:<\/strong><\/div>\n<div>16 aprile 2024<\/div>\n<div>12 novembre 2024 &#8211; <a href=\"https:\/\/www.med.unipi.it\/wp-content\/uploads\/2024\/10\/Decreto-di-Nomina.pdf\">decreto<\/a> &#8211; <a href=\"https:\/\/www.med.unipi.it\/wp-content\/uploads\/2024\/10\/PROSPETTI-TESI-.pdf\">prospetto tesi<\/a><\/div>\n<\/div>\n<div><\/div>\n<div>\n<div><strong>Sessioni di laurea 2023:<\/strong><\/div>\n<div>18 aprile<\/div>\n<div>7 novembre &#8211; <a href=\"https:\/\/www.med.unipi.it\/wp-content\/uploads\/2023\/11\/Decreto-di-Nomina-9-2.pdf\">decreto<\/a> &#8211; <a href=\"https:\/\/www.med.unipi.it\/wp-content\/uploads\/2023\/11\/PROSPETTI-TESI-Copia-Copia.pdf\">commissione<\/a><\/div>\n<\/div>\n<div><\/div>\n<div>\n<div><strong>Sessioni di laurea 2022:<\/strong><\/div>\n<div>12 Aprile 2022<\/div>\n<p>29 Novembre 2022<\/p>\n<div><\/div>\n<\/div>\n<div><strong>Sessioni di laurea 2021:<\/strong><\/div>\n<div>27 Aprile 2021<\/div>\n<div>30 Novembre 2021 &#8211; <a href=\"https:\/\/www.med.unipi.it\/images\/ALLEGATI\/Decreto_Nomina_1.pdf\">decreto<\/a> &#8211; <a href=\"https:\/\/www.med.unipi.it\/images\/ALLEGATI\/PROSPETTI_TESI_1.docx\">prospetti<\/a>\u00a0&#8211; <a href=\"https:\/\/teams.microsoft.com\/l\/meetup-join\/19%3ameeting_YWJlYjUwZTEtNjYxNC00NDg4LTg4MTgtMWU0ZjMxMTI0YTZm%40thread.v2\/0?context=%7b%22Tid%22%3a%22c7456b31-a220-47f5-be52-473828670aa1%22%2c%22Oid%22%3a%2210f4dd35-2b65-4692-8de1-09d131d8ff90%22%7d\">link all&#8217;aula pubblica per partecipare da remoto<\/a><\/div>\n<div><\/div>\n<div><strong>Sessioni di laurea 2020:<\/strong><\/div>\n<div class=\"wrapper-title\">24 Novembre 2020<\/div>\n<div><\/div>\n<div class=\"wrapper-title\"><strong>Sessioni di laurea 2019:<\/strong><\/div>\n<div class=\"wrapper-title\">12\/11\/2019 &#8211; <a href=\"https:\/\/www.med.unipi.it\/images\/ALLEGATI\/Dietistica\/Decreto_Nomina_Ostetricia.pdf\">commissione<\/a> &#8211; <a href=\"https:\/\/www.med.unipi.it\/images\/ALLEGATI\/Dietistica\/CANDIDATI_CON_CONTRORELATORI_12_NOVEMBRE_2019.pdf\">candidati<\/a><\/div>\n<div class=\"article-indent\">\n<div><\/div>\n<div>\n<p><strong>Modalit\u00e0 di attribuzione del voto di laurea \u2013 OSTETRICIA\u00a0 <\/strong><\/p>\n<p>Concorrono alla definizione del voto finale tutte le attivit\u00e0 formative previste nei tre anni del piano di studi del corso di laurea, comprese le attivit\u00e0 a scelta e le attivit\u00e0 di tirocinio professionalizzante. Sono esclusi il Laboratorio di Informatica, la conoscenza della lingua inglese e le attivit\u00e0 seminariali. La media curriculare, in trentesimi, \u00e8 calcolata come media ponderata sui CFU degli esami sostenuti e registrati con votazione in trentesimi. La media curriculare in 110-esimi \u00e8 calcolata moltiplicando per 11 e dividendo per 3 la media curriculare in trentesimi. A tale valore la Commissione di Laurea pu\u00f2 aggiungere ulteriori punti, massimo 11, ottenuti come media dei seguenti parametri:<\/p>\n<ul>\n<li>11 punti per la prova pratica nel corso della quale lo studente deve dimostrare di aver acquisito le conoscenze e le abilit\u00e0 teorico-pratiche e teorico-operative proprie del profilo professionale. Tale punteggio \u00e8 cos\u00ec suddiviso: fino a 6 punti per la valutazione dei tirocini professionalizzanti svolti nell\u2019arco della carriera universitaria del candidato; fino a 5 punti per la valutazione della prova pratica consistente nella discussione di un caso clinico di ostetricia e\/o ginecologia.<\/li>\n<li>11 punti per la discussione dell\u2019elaborato di tesi.<\/li>\n<\/ul>\n<p>La Commissione d\u2019esame finale \u00e8 composta secondo la normativa vigente.<\/p>\n<p>Qualora il candidato, nel corso del triennio, abbia ottenuto il massimo della votazione nel tirocinio professionalizzante, pu\u00f2 essere attribuita all&#8217;unanimit\u00e0 la lode.<\/p>\n<p>Le due sessioni di laurea sono di norma fissate nel periodo marzo-aprile e nel periodo ottobre-novembre con decreto del Ministero dell\u2019Istruzione, dell\u2019Universit\u00e0 e della Ricerca di concerto con il Ministero del Lavoro, della Salute e delle Politiche Sociali.<\/p>\n<p>&nbsp;<\/p>\n<p><strong>PROCEDURA PER LA RICHIESTA DI INTERNATO DI TESI\u00a0<\/strong><\/p>\n<p><a href=\"https:\/\/www.med.unipi.it\/wp-content\/uploads\/2025\/05\/Procedura_internato-tesi-classe-3.pdf\" target=\"_blank\" rel=\"noopener\">Procedura internato<\/a><\/p>\n<p><a href=\"https:\/\/www.med.unipi.it\/wp-content\/uploads\/2025\/05\/modulo_frequenza_strutture_ospedaliere_internato_tesi.pdf\" target=\"_blank\" rel=\"noopener\">Modulo di richiesta internato tesi in AOUP<\/a><\/p>\n<p><a href=\"https:\/\/www.med.unipi.it\/wp-content\/uploads\/2025\/05\/INTERNATO_TESI_autorizzazione_tutti_CdS.pdf\" target=\"_blank\" rel=\"noopener\">Modulo di richiesta internato tesi per strutture esterne<\/a><\/p>\n<p>&nbsp;<\/p>\n<p><strong>PRESENTAZIONE DELLA \u201cDOMANDA DI LAUREA\u201d E ULTERIORI ADEMPIMENTI PRESSO LE SEGRETERIE STUDENTI DI LARGO PONTECORVO<\/strong><\/p>\n<p>Per la procedura di domanda di laurea, vedasi il sito\u00a0<a href=\"https:\/\/www.unipi.it\/didattica\/segreterie\/gestione-della-carriera\/laurea\/esame-di-laurea\/\">Esame di laurea ~ UNIPI<\/a><\/p>\n<p>Per le scadenze collegate al calendario degli appelli di\u00a0 laurea, vedasi il sito\u00a0<a href=\"https:\/\/www.unipi.it\/didattica\/segreterie\/gestione-della-carriera\/laurea\/area-medicina-e-farmacia\/\">Area Medicina e Farmacia ~ UNIPI<\/a><\/p>\n<\/div>\n<\/div>\n","protected":false},"excerpt":{"rendered":"<p>COMUNICAZIONE IN MERITO AI FESTEGGIAMENTI IN OCCASIONE DELLE SEDUTE DI LAUREA Siamo lieti di annunciare che l\u2019Universit\u00e0 di Pisa\u00a0ha adottato&hellip;<\/p>\n<p><a class=\"btn btn-dark btn-sm unipi-read-more-link\" href=\"https:\/\/www.med.unipi.it\/index.php\/corsi-di-laurea\/ostetricia\/lauree-ostetr\/\">Leggi tutto&#8230;<\/a><\/p>\n","protected":false},"author":1,"featured_media":0,"parent":103,"menu_order":0,"comment_status":"closed","ping_status":"closed","template":"","meta":{"footnotes":""},"categories":[22],"tags":[],"class_list":["post-297","page","type-page","status-publish","hentry","category-ostetricia"],"yoast_head":"<!-- This site is optimized with the Yoast SEO plugin v27.0 - https:\/\/yoast.com\/product\/yoast-seo-wordpress\/ -->\n<title>Lauree - Scuola di Medicina<\/title>\n<meta name=\"robots\" content=\"index, follow, max-snippet:-1, max-image-preview:large, max-video-preview:-1\" \/>\n<link rel=\"canonical\" href=\"https:\/\/www.med.unipi.it\/index.php\/corsi-di-laurea\/ostetricia\/lauree-ostetr\/\" \/>\n<meta property=\"og:locale\" content=\"it_IT\" \/>\n<meta property=\"og:type\" content=\"article\" \/>\n<meta property=\"og:title\" content=\"Lauree - Scuola di Medicina\" \/>\n<meta property=\"og:description\" content=\"COMUNICAZIONE IN MERITO AI FESTEGGIAMENTI IN OCCASIONE DELLE SEDUTE DI LAUREA Siamo lieti di annunciare che l\u2019Universit\u00e0 di Pisa\u00a0ha adottato&hellip;Leggi tutto...\" \/>\n<meta property=\"og:url\" content=\"https:\/\/www.med.unipi.it\/index.php\/corsi-di-laurea\/ostetricia\/lauree-ostetr\/\" \/>\n<meta property=\"og:site_name\" content=\"Scuola di Medicina\" \/>\n<meta property=\"article:modified_time\" content=\"2026-01-08T11:21:22+00:00\" \/>\n<meta name=\"twitter:card\" content=\"summary_large_image\" \/>\n<meta name=\"twitter:label1\" content=\"Tempo di lettura stimato\" \/>\n\t<meta name=\"twitter:data1\" content=\"4 minuti\" \/>\n<script type=\"application\/ld+json\" class=\"yoast-schema-graph\">{\"@context\":\"https:\/\/schema.org\",\"@graph\":[{\"@type\":\"WebPage\",\"@id\":\"https:\/\/www.med.unipi.it\/index.php\/corsi-di-laurea\/ostetricia\/lauree-ostetr\/\",\"url\":\"https:\/\/www.med.unipi.it\/index.php\/corsi-di-laurea\/ostetricia\/lauree-ostetr\/\",\"name\":\"Lauree - Scuola di Medicina\",\"isPartOf\":{\"@id\":\"https:\/\/www.med.unipi.it\/#website\"},\"datePublished\":\"2022-10-21T08:39:29+00:00\",\"dateModified\":\"2026-01-08T11:21:22+00:00\",\"breadcrumb\":{\"@id\":\"https:\/\/www.med.unipi.it\/index.php\/corsi-di-laurea\/ostetricia\/lauree-ostetr\/#breadcrumb\"},\"inLanguage\":\"it-IT\",\"potentialAction\":[{\"@type\":\"ReadAction\",\"target\":[\"https:\/\/www.med.unipi.it\/index.php\/corsi-di-laurea\/ostetricia\/lauree-ostetr\/\"]}]},{\"@type\":\"BreadcrumbList\",\"@id\":\"https:\/\/www.med.unipi.it\/index.php\/corsi-di-laurea\/ostetricia\/lauree-ostetr\/#breadcrumb\",\"itemListElement\":[{\"@type\":\"ListItem\",\"position\":1,\"name\":\"Home\",\"item\":\"https:\/\/www.med.unipi.it\/\"},{\"@type\":\"ListItem\",\"position\":2,\"name\":\"Corsi di Laurea\",\"item\":\"https:\/\/www.med.unipi.it\/index.php\/corsi-di-laurea\/\"},{\"@type\":\"ListItem\",\"position\":3,\"name\":\"Ostetricia\",\"item\":\"https:\/\/www.med.unipi.it\/index.php\/corsi-di-laurea\/ostetricia\/\"},{\"@type\":\"ListItem\",\"position\":4,\"name\":\"Lauree\"}]},{\"@type\":\"WebSite\",\"@id\":\"https:\/\/www.med.unipi.it\/#website\",\"url\":\"https:\/\/www.med.unipi.it\/\",\"name\":\"Scuola di Medicina\",\"description\":\"\",\"potentialAction\":[{\"@type\":\"SearchAction\",\"target\":{\"@type\":\"EntryPoint\",\"urlTemplate\":\"https:\/\/www.med.unipi.it\/?s={search_term_string}\"},\"query-input\":{\"@type\":\"PropertyValueSpecification\",\"valueRequired\":true,\"valueName\":\"search_term_string\"}}],\"inLanguage\":\"it-IT\"}]}<\/script>\n<!-- \/ Yoast SEO plugin. -->","yoast_head_json":{"title":"Lauree - Scuola di Medicina","robots":{"index":"index","follow":"follow","max-snippet":"max-snippet:-1","max-image-preview":"max-image-preview:large","max-video-preview":"max-video-preview:-1"},"canonical":"https:\/\/www.med.unipi.it\/index.php\/corsi-di-laurea\/ostetricia\/lauree-ostetr\/","og_locale":"it_IT","og_type":"article","og_title":"Lauree - Scuola di Medicina","og_description":"COMUNICAZIONE IN MERITO AI FESTEGGIAMENTI IN OCCASIONE DELLE SEDUTE DI LAUREA Siamo lieti di annunciare che l\u2019Universit\u00e0 di Pisa\u00a0ha adottato&hellip;Leggi tutto...","og_url":"https:\/\/www.med.unipi.it\/index.php\/corsi-di-laurea\/ostetricia\/lauree-ostetr\/","og_site_name":"Scuola di Medicina","article_modified_time":"2026-01-08T11:21:22+00:00","twitter_card":"summary_large_image","twitter_misc":{"Tempo di lettura stimato":"4 minuti"},"schema":{"@context":"https:\/\/schema.org","@graph":[{"@type":"WebPage","@id":"https:\/\/www.med.unipi.it\/index.php\/corsi-di-laurea\/ostetricia\/lauree-ostetr\/","url":"https:\/\/www.med.unipi.it\/index.php\/corsi-di-laurea\/ostetricia\/lauree-ostetr\/","name":"Lauree - Scuola di Medicina","isPartOf":{"@id":"https:\/\/www.med.unipi.it\/#website"},"datePublished":"2022-10-21T08:39:29+00:00","dateModified":"2026-01-08T11:21:22+00:00","breadcrumb":{"@id":"https:\/\/www.med.unipi.it\/index.php\/corsi-di-laurea\/ostetricia\/lauree-ostetr\/#breadcrumb"},"inLanguage":"it-IT","potentialAction":[{"@type":"ReadAction","target":["https:\/\/www.med.unipi.it\/index.php\/corsi-di-laurea\/ostetricia\/lauree-ostetr\/"]}]},{"@type":"BreadcrumbList","@id":"https:\/\/www.med.unipi.it\/index.php\/corsi-di-laurea\/ostetricia\/lauree-ostetr\/#breadcrumb","itemListElement":[{"@type":"ListItem","position":1,"name":"Home","item":"https:\/\/www.med.unipi.it\/"},{"@type":"ListItem","position":2,"name":"Corsi di Laurea","item":"https:\/\/www.med.unipi.it\/index.php\/corsi-di-laurea\/"},{"@type":"ListItem","position":3,"name":"Ostetricia","item":"https:\/\/www.med.unipi.it\/index.php\/corsi-di-laurea\/ostetricia\/"},{"@type":"ListItem","position":4,"name":"Lauree"}]},{"@type":"WebSite","@id":"https:\/\/www.med.unipi.it\/#website","url":"https:\/\/www.med.unipi.it\/","name":"Scuola di Medicina","description":"","potentialAction":[{"@type":"SearchAction","target":{"@type":"EntryPoint","urlTemplate":"https:\/\/www.med.unipi.it\/?s={search_term_string}"},"query-input":{"@type":"PropertyValueSpecification","valueRequired":true,"valueName":"search_term_string"}}],"inLanguage":"it-IT"}]}},"_links":{"self":[{"href":"https:\/\/www.med.unipi.it\/index.php\/wp-json\/wp\/v2\/pages\/297","targetHints":{"allow":["GET"]}}],"collection":[{"href":"https:\/\/www.med.unipi.it\/index.php\/wp-json\/wp\/v2\/pages"}],"about":[{"href":"https:\/\/www.med.unipi.it\/index.php\/wp-json\/wp\/v2\/types\/page"}],"author":[{"embeddable":true,"href":"https:\/\/www.med.unipi.it\/index.php\/wp-json\/wp\/v2\/users\/1"}],"replies":[{"embeddable":true,"href":"https:\/\/www.med.unipi.it\/index.php\/wp-json\/wp\/v2\/comments?post=297"}],"version-history":[{"count":30,"href":"https:\/\/www.med.unipi.it\/index.php\/wp-json\/wp\/v2\/pages\/297\/revisions"}],"predecessor-version":[{"id":12692,"href":"https:\/\/www.med.unipi.it\/index.php\/wp-json\/wp\/v2\/pages\/297\/revisions\/12692"}],"up":[{"embeddable":true,"href":"https:\/\/www.med.unipi.it\/index.php\/wp-json\/wp\/v2\/pages\/103"}],"wp:attachment":[{"href":"https:\/\/www.med.unipi.it\/index.php\/wp-json\/wp\/v2\/media?parent=297"}],"wp:term":[{"taxonomy":"category","embeddable":true,"href":"https:\/\/www.med.unipi.it\/index.php\/wp-json\/wp\/v2\/categories?post=297"},{"taxonomy":"post_tag","embeddable":true,"href":"https:\/\/www.med.unipi.it\/index.php\/wp-json\/wp\/v2\/tags?post=297"}],"curies":[{"name":"wp","href":"https:\/\/api.w.org\/{rel}","templated":true}]}}