{"id":319,"date":"2022-10-24T12:00:15","date_gmt":"2022-10-24T10:00:15","guid":{"rendered":"https:\/\/www.med.unipi.it\/?page_id=319"},"modified":"2025-10-28T09:51:36","modified_gmt":"2025-10-28T08:51:36","slug":"regolamento-didattico-fisiot","status":"publish","type":"page","link":"https:\/\/www.med.unipi.it\/index.php\/corsi-di-laurea\/fisioterapia\/regolamento-didattico-fisiot\/","title":{"rendered":"Regolamento didattico"},"content":{"rendered":"<h3><strong>REGOLAMENTO DIDATTICO\u00a0<\/strong><\/h3>\n<p>Dall&#8217;Art. 12 del DM n.\u00a0270\/2004:<\/p>\n<p>1. In base all&#8217;articolo 11, comma 2, della legge 19 novembre 1990, n. 341, il regolamento didattico di un corso di studio, deliberato dalla competente struttura didattica in conformit\u00e0 con l&#8217;ordinamento didattico nel rispetto della libert\u00e0 d&#8217;insegnamento, nonch\u00e9 dei diritti e doveri dei docenti e degli studenti, specifica gli aspetti organizzativi del corso di studio. Il regolamento \u00e9 approvato con le procedure previste nello statuto dell&#8217;ateneo.<\/p>\n<h3><b><span data-contrast=\"auto\">ATTENZIONE\u00a0PROPEDEUTICITA\u2019<\/span><\/b><span data-ccp-props=\"{&quot;335551550&quot;:2,&quot;335551620&quot;:2,&quot;335557856&quot;:16777215}\">\u00a0<\/span><\/h3>\n<p><span data-contrast=\"auto\">Le propedeuticit\u00e0 degli esami\u202fsi trovano all\u2019interno del Regolamento didattico del proprio anno di immatricolazione<\/span><span data-ccp-props=\"{&quot;335557856&quot;:16777215}\">\u00a0<\/span><\/p>\n<p><span data-contrast=\"auto\">Si raccomanda il rispetto delle propedeuticit\u00e0 previste dal Regolamento Didattico del CdS e riportate nella tabella allegata <a href=\"https:\/\/www.med.unipi.it\/wp-content\/uploads\/2025\/10\/FTP-L-Propeuditicita-2025-26.pdf\">FTP-L Propeuditicit\u00e0 2025-26<\/a>, ricordando che gli esami verbalizzati senza il rispetto delle propedeuticit\u00e0 verranno annullati e dovranno essere sostenuti e verbalizzati dopo aver superato l\u2019esame propedeutico.<\/span><\/p>\n<p><strong data-start=\"107\" data-end=\"129\">Esame condizionato<\/strong><br data-start=\"129\" data-end=\"132\" \/>Un <em data-start=\"137\" data-end=\"157\" data-is-only-node=\"\">esame condizionato<\/em> \u00e8 un esame che pu\u00f2 essere sostenuto solo dopo aver superato un <em data-start=\"221\" data-end=\"241\">esame propedeutico<\/em>, cio\u00e8 un esame obbligatorio che serve come requisito per accedere a quello successivo.<\/p>\n<hr \/>\n<p><span data-ccp-props=\"{&quot;335551550&quot;:6,&quot;335551620&quot;:6}\">\u00a0<\/span><\/p>\n<p><a href=\"https:\/\/www.med.unipi.it\/wp-content\/uploads\/2025\/03\/FTP-L-StampaRegolamento-2025-26-GDA-completo.pdf\">Regolamento didattico del CdL in Fisioterapia a.a. 2025-2026<\/a><\/p>\n<p><a href=\"https:\/\/www.med.unipi.it\/wp-content\/uploads\/2023\/10\/FTP-L-Regolamento-Didattico-2021-1.pdf\">Regolamento Didattico del CdL in Fisioterapia a.a. 2021-2022<\/a> (valido anche per gli immatricolati a.a. 2022-2023 \/ 2023-2024\/2024-2025)<\/p>\n<p><a href=\"https:\/\/www.med.unipi.it\/images\/ALLEGATI\/FTP_Regolamento_Did_2020.pdf\">Regolamento Didattico del CdL in Fisioterapia a.a. 2020-2021\u00a0<\/a><\/p>\n<p><a href=\"https:\/\/www.med.unipi.it\/images\/ALLEGATI\/Infermieristica\/FTP-L-regdid_2018.pdf\">Regolamento Didattico del CdL in Fisioterapia a.a. 2018-2019<\/a>\u00a0(valido anche per gli immatricolati 2019-20)<\/p>\n<p><a href=\"https:\/\/www.med.unipi.it\/images\/ALLEGATI\/Fisioterapia\/Regolamento_Fisioterapia_15-16.pdf\" target=\"_blank\" rel=\"noopener\">Regolamento Didattico del CdL in Fisioterapia\u00a0a.a. 2015-2016<\/a>\u00a0(valido anche per gli immatricolati 2016-17 e 2017-18)<\/p>\n<p><a href=\"https:\/\/www.med.unipi.it\/images\/ALLEGATI\/Fisioterapia\/Regolamento_didattico_Fisioterapia_2014-2015.pdf\" target=\"_blank\" rel=\"noopener\">Regolamento Didattico del CdL in Fisioterapia a.a.\u00a02014-2015<\/a><\/p>\n<p><a href=\"https:\/\/www.med.unipi.it\/images\/ALLEGATI\/Fisioterapia\/Regolamento_didattico_Fisioterapia_2013-2014.pdf\" target=\"_blank\" rel=\"noopener\">Regolamento Didattico del CdL in Fisioterapia a.a.\u00a02013-2014<\/a><\/p>\n<p><a href=\"https:\/\/www.med.unipi.it\/images\/ALLEGATI\/Fisioterapia\/Regolamento_didattico_Fisioterapia_2012-2013.pdf\" target=\"_blank\" rel=\"noopener\">Regolamento Didattico del CdL in Fisioterapia a.a.\u00a02012-2013<\/a><\/p>\n<p>&nbsp;<\/p>\n<h3><strong>PROPEDEUTICITA&#8217;<\/strong><\/h3>\n<p style=\"padding-left: 40px;\">Gli studenti sono tenuti a prendere visione delle propedeuticit\u00e0 indicate nel Regolamento didattico del CdL.<\/p>\n<p style=\"padding-left: 40px;\">Si fa presente che sostenere un esame senza aver rispettato le regole di propedeuticit\u00e0 comporta l&#8217;annullamento dell&#8217;esame e l&#8217;obbligo di sostenerlo nuovamente dopo aver superato il\/i relativo\/i esame\/i propedeutico\/i.<\/p>\n<p>&nbsp;<\/p>\n<p>&nbsp;<\/p>\n","protected":false},"excerpt":{"rendered":"<p>REGOLAMENTO DIDATTICO\u00a0 Dall&#8217;Art. 12 del DM n.\u00a0270\/2004: 1. In base all&#8217;articolo 11, comma 2, della legge 19 novembre 1990, n.&hellip;<\/p>\n<p><a class=\"btn btn-dark btn-sm unipi-read-more-link\" href=\"https:\/\/www.med.unipi.it\/index.php\/corsi-di-laurea\/fisioterapia\/regolamento-didattico-fisiot\/\">Leggi tutto&#8230;<\/a><\/p>\n","protected":false},"author":1,"featured_media":0,"parent":107,"menu_order":0,"comment_status":"closed","ping_status":"closed","template":"","meta":{"footnotes":""},"categories":[25],"tags":[],"class_list":["post-319","page","type-page","status-publish","hentry","category-fisioterapia"],"yoast_head":"<!-- This site is optimized with the Yoast SEO plugin v27.0 - https:\/\/yoast.com\/product\/yoast-seo-wordpress\/ -->\n<title>Regolamento didattico - Scuola di Medicina<\/title>\n<meta name=\"robots\" content=\"index, follow, max-snippet:-1, max-image-preview:large, max-video-preview:-1\" \/>\n<link rel=\"canonical\" href=\"https:\/\/www.med.unipi.it\/index.php\/corsi-di-laurea\/fisioterapia\/regolamento-didattico-fisiot\/\" \/>\n<meta property=\"og:locale\" content=\"it_IT\" \/>\n<meta property=\"og:type\" content=\"article\" \/>\n<meta property=\"og:title\" content=\"Regolamento didattico - Scuola di Medicina\" \/>\n<meta property=\"og:description\" content=\"REGOLAMENTO DIDATTICO\u00a0 Dall&#8217;Art. 12 del DM n.\u00a0270\/2004: 1. In base all&#8217;articolo 11, comma 2, della legge 19 novembre 1990, n.&hellip;Leggi tutto...\" \/>\n<meta property=\"og:url\" content=\"https:\/\/www.med.unipi.it\/index.php\/corsi-di-laurea\/fisioterapia\/regolamento-didattico-fisiot\/\" \/>\n<meta property=\"og:site_name\" content=\"Scuola di Medicina\" \/>\n<meta property=\"article:modified_time\" content=\"2025-10-28T08:51:36+00:00\" \/>\n<meta name=\"twitter:card\" content=\"summary_large_image\" \/>\n<meta name=\"twitter:label1\" content=\"Tempo di lettura stimato\" \/>\n\t<meta name=\"twitter:data1\" content=\"2 minuti\" \/>\n<script type=\"application\/ld+json\" class=\"yoast-schema-graph\">{\"@context\":\"https:\/\/schema.org\",\"@graph\":[{\"@type\":\"WebPage\",\"@id\":\"https:\/\/www.med.unipi.it\/index.php\/corsi-di-laurea\/fisioterapia\/regolamento-didattico-fisiot\/\",\"url\":\"https:\/\/www.med.unipi.it\/index.php\/corsi-di-laurea\/fisioterapia\/regolamento-didattico-fisiot\/\",\"name\":\"Regolamento didattico - Scuola di Medicina\",\"isPartOf\":{\"@id\":\"https:\/\/www.med.unipi.it\/#website\"},\"datePublished\":\"2022-10-24T10:00:15+00:00\",\"dateModified\":\"2025-10-28T08:51:36+00:00\",\"breadcrumb\":{\"@id\":\"https:\/\/www.med.unipi.it\/index.php\/corsi-di-laurea\/fisioterapia\/regolamento-didattico-fisiot\/#breadcrumb\"},\"inLanguage\":\"it-IT\",\"potentialAction\":[{\"@type\":\"ReadAction\",\"target\":[\"https:\/\/www.med.unipi.it\/index.php\/corsi-di-laurea\/fisioterapia\/regolamento-didattico-fisiot\/\"]}]},{\"@type\":\"BreadcrumbList\",\"@id\":\"https:\/\/www.med.unipi.it\/index.php\/corsi-di-laurea\/fisioterapia\/regolamento-didattico-fisiot\/#breadcrumb\",\"itemListElement\":[{\"@type\":\"ListItem\",\"position\":1,\"name\":\"Home\",\"item\":\"https:\/\/www.med.unipi.it\/\"},{\"@type\":\"ListItem\",\"position\":2,\"name\":\"Corsi di Laurea\",\"item\":\"https:\/\/www.med.unipi.it\/index.php\/corsi-di-laurea\/\"},{\"@type\":\"ListItem\",\"position\":3,\"name\":\"Fisioterapia\",\"item\":\"https:\/\/www.med.unipi.it\/index.php\/corsi-di-laurea\/fisioterapia\/\"},{\"@type\":\"ListItem\",\"position\":4,\"name\":\"Regolamento didattico\"}]},{\"@type\":\"WebSite\",\"@id\":\"https:\/\/www.med.unipi.it\/#website\",\"url\":\"https:\/\/www.med.unipi.it\/\",\"name\":\"Scuola di Medicina\",\"description\":\"\",\"potentialAction\":[{\"@type\":\"SearchAction\",\"target\":{\"@type\":\"EntryPoint\",\"urlTemplate\":\"https:\/\/www.med.unipi.it\/?s={search_term_string}\"},\"query-input\":{\"@type\":\"PropertyValueSpecification\",\"valueRequired\":true,\"valueName\":\"search_term_string\"}}],\"inLanguage\":\"it-IT\"}]}<\/script>\n<!-- \/ Yoast SEO plugin. -->","yoast_head_json":{"title":"Regolamento didattico - Scuola di Medicina","robots":{"index":"index","follow":"follow","max-snippet":"max-snippet:-1","max-image-preview":"max-image-preview:large","max-video-preview":"max-video-preview:-1"},"canonical":"https:\/\/www.med.unipi.it\/index.php\/corsi-di-laurea\/fisioterapia\/regolamento-didattico-fisiot\/","og_locale":"it_IT","og_type":"article","og_title":"Regolamento didattico - Scuola di Medicina","og_description":"REGOLAMENTO DIDATTICO\u00a0 Dall&#8217;Art. 12 del DM n.\u00a0270\/2004: 1. In base all&#8217;articolo 11, comma 2, della legge 19 novembre 1990, n.&hellip;Leggi tutto...","og_url":"https:\/\/www.med.unipi.it\/index.php\/corsi-di-laurea\/fisioterapia\/regolamento-didattico-fisiot\/","og_site_name":"Scuola di Medicina","article_modified_time":"2025-10-28T08:51:36+00:00","twitter_card":"summary_large_image","twitter_misc":{"Tempo di lettura stimato":"2 minuti"},"schema":{"@context":"https:\/\/schema.org","@graph":[{"@type":"WebPage","@id":"https:\/\/www.med.unipi.it\/index.php\/corsi-di-laurea\/fisioterapia\/regolamento-didattico-fisiot\/","url":"https:\/\/www.med.unipi.it\/index.php\/corsi-di-laurea\/fisioterapia\/regolamento-didattico-fisiot\/","name":"Regolamento didattico - Scuola di Medicina","isPartOf":{"@id":"https:\/\/www.med.unipi.it\/#website"},"datePublished":"2022-10-24T10:00:15+00:00","dateModified":"2025-10-28T08:51:36+00:00","breadcrumb":{"@id":"https:\/\/www.med.unipi.it\/index.php\/corsi-di-laurea\/fisioterapia\/regolamento-didattico-fisiot\/#breadcrumb"},"inLanguage":"it-IT","potentialAction":[{"@type":"ReadAction","target":["https:\/\/www.med.unipi.it\/index.php\/corsi-di-laurea\/fisioterapia\/regolamento-didattico-fisiot\/"]}]},{"@type":"BreadcrumbList","@id":"https:\/\/www.med.unipi.it\/index.php\/corsi-di-laurea\/fisioterapia\/regolamento-didattico-fisiot\/#breadcrumb","itemListElement":[{"@type":"ListItem","position":1,"name":"Home","item":"https:\/\/www.med.unipi.it\/"},{"@type":"ListItem","position":2,"name":"Corsi di Laurea","item":"https:\/\/www.med.unipi.it\/index.php\/corsi-di-laurea\/"},{"@type":"ListItem","position":3,"name":"Fisioterapia","item":"https:\/\/www.med.unipi.it\/index.php\/corsi-di-laurea\/fisioterapia\/"},{"@type":"ListItem","position":4,"name":"Regolamento didattico"}]},{"@type":"WebSite","@id":"https:\/\/www.med.unipi.it\/#website","url":"https:\/\/www.med.unipi.it\/","name":"Scuola di Medicina","description":"","potentialAction":[{"@type":"SearchAction","target":{"@type":"EntryPoint","urlTemplate":"https:\/\/www.med.unipi.it\/?s={search_term_string}"},"query-input":{"@type":"PropertyValueSpecification","valueRequired":true,"valueName":"search_term_string"}}],"inLanguage":"it-IT"}]}},"_links":{"self":[{"href":"https:\/\/www.med.unipi.it\/index.php\/wp-json\/wp\/v2\/pages\/319","targetHints":{"allow":["GET"]}}],"collection":[{"href":"https:\/\/www.med.unipi.it\/index.php\/wp-json\/wp\/v2\/pages"}],"about":[{"href":"https:\/\/www.med.unipi.it\/index.php\/wp-json\/wp\/v2\/types\/page"}],"author":[{"embeddable":true,"href":"https:\/\/www.med.unipi.it\/index.php\/wp-json\/wp\/v2\/users\/1"}],"replies":[{"embeddable":true,"href":"https:\/\/www.med.unipi.it\/index.php\/wp-json\/wp\/v2\/comments?post=319"}],"version-history":[{"count":11,"href":"https:\/\/www.med.unipi.it\/index.php\/wp-json\/wp\/v2\/pages\/319\/revisions"}],"predecessor-version":[{"id":11611,"href":"https:\/\/www.med.unipi.it\/index.php\/wp-json\/wp\/v2\/pages\/319\/revisions\/11611"}],"up":[{"embeddable":true,"href":"https:\/\/www.med.unipi.it\/index.php\/wp-json\/wp\/v2\/pages\/107"}],"wp:attachment":[{"href":"https:\/\/www.med.unipi.it\/index.php\/wp-json\/wp\/v2\/media?parent=319"}],"wp:term":[{"taxonomy":"category","embeddable":true,"href":"https:\/\/www.med.unipi.it\/index.php\/wp-json\/wp\/v2\/categories?post=319"},{"taxonomy":"post_tag","embeddable":true,"href":"https:\/\/www.med.unipi.it\/index.php\/wp-json\/wp\/v2\/tags?post=319"}],"curies":[{"name":"wp","href":"https:\/\/api.w.org\/{rel}","templated":true}]}}