{"id":323,"date":"2022-10-24T12:01:30","date_gmt":"2022-10-24T10:01:30","guid":{"rendered":"https:\/\/www.med.unipi.it\/?page_id=323"},"modified":"2025-10-01T12:18:34","modified_gmt":"2025-10-01T10:18:34","slug":"procedure-e-documenti-fisiot","status":"publish","type":"page","link":"https:\/\/www.med.unipi.it\/index.php\/corsi-di-laurea\/fisioterapia\/procedure-e-documenti-fisiot\/","title":{"rendered":"Procedure e documenti"},"content":{"rendered":"<h3><strong>REQUISITI DI AMMISSIONE E MODALITA&#8217; DI VERIFICA\u00a0<\/strong><\/h3>\n<p style=\"padding-left: 40px;\"><strong>Regolamento Didattico CdS a.a. 2020\/2021\u00a0<\/strong><\/p>\n<p style=\"padding-left: 40px;\">Per essere ammessi al Corso \u00e8 necessario possedere una adeguata preparazione nei campi della <strong>logica e cultura generale, della chimica, della biologia, della matematica e fisica.<\/strong><\/p>\n<p style=\"padding-left: 40px;\">Qualora la verifica delle conoscenze richieste per l&#8217;accesso non sia positiva in alcune materie, ai candidati verranno assegnati<strong>\u00a0obblighi formativi aggiuntivi (OFA).<\/strong> Relativamente agli OFA,\u00a0 verranno esaminati i punteggi riportati nelle domande di: matematica e fisica, biologia, chimica.<\/p>\n<p style=\"padding-left: 40px;\">I candidati che avranno conseguito un punteggio, nelle suddette singole discipline, inferiore alla met\u00e0 del punteggio massimo acquisibile, dovranno prendere contatti con il docente tutor della\/delle suddetta\/e disciplina\/e per concordare il programma d&#8217;esame aggiuntivo utile a colmare il debito formativo, attraverso modalit\u00e0 di autoapprendimento.<\/p>\n<p style=\"padding-left: 40px;\">Il superamento del debito e il\u00a0soddisfacimento dell&#8217;obbligo formativo aggiuntivo dovr\u00e0 avvenire nel primo anno di corso, superando la prova di esame del o dei rispettivo\/i corso\/i integrato\/i.<\/p>\n<p style=\"padding-left: 40px;\"><strong>Lo studente non potr\u00e0 sostenere alcun esame del II e del III anno prima di aver assolto l\u2019OFA.<\/strong><\/p>\n<p style=\"padding-left: 40px;\">Ad esempio: se il punteggio massimo acquisibile nelle domande di biologia \u00e8 pari a 18, il candidato che riporter\u00e0 un punteggio inferiore a 9 dovr\u00e0 colmare un obbligo formativo aggiuntivo in biologia.<\/p>\n<p style=\"padding-left: 40px;\">Se lo stesso candidato riportasse un punteggio inferiore ad un terzo di quello massimo acquisibile anche nelle domande di chimica e\/o\u00a0 di matematica e\u00a0 fisica, avr\u00e0 l&#8217;obbligo di colmare il debito anche in tali discipline.<\/p>\n<hr \/>\n<p><strong>ASSEGNAZIONE STUDENTI &#8211; DOCENTI TUTOR<\/strong><\/p>\n<p><a href=\"https:\/\/www.med.unipi.it\/wp-content\/uploads\/2025\/05\/FTP-Ass-stud-tutor-2024-2025.pdf\">FTP Ass stud-tutor 2024-2025<\/a><\/p>\n<hr \/>\n<p><strong>ARCHIVIO<\/strong><\/p>\n<p style=\"padding-left: 40px;\"><strong><a href=\"https:\/\/www.med.unipi.it\/images\/ALLEGATI\/FTP-L_OFA_al_5_nov_2020_per_sito.pdf\">Elenco studenti con OFA\u00a01\u00a0<\/a>(aggiornato al 5<\/strong><a href=\"https:\/\/www.med.unipi.it\/images\/ALLEGATI\/FTP-L_OFA1_al_5_nov_2020_per_sito.pdf\"><strong>\u00a0novembre 2020)\u00a0<\/strong><\/a><\/p>\n<p style=\"padding-left: 40px;\"><strong><a href=\"https:\/\/www.med.unipi.it\/images\/ALLEGATI\/FTP-L_OFA2_al_15_dic_2020_per_sito.pdf\">Elenco studenti con OFA 2<\/a>\u00a0(aggiornato al 15 dicembre 2020)\u00a0<\/strong><\/p>\n<p style=\"padding-left: 40px;\"><strong><a href=\"https:\/\/www.med.unipi.it\/images\/ALLEGATI\/FTP_PU__del_26_gennaio_2021__OFA_3_-_all._n._1.pdf\">Elenco studenti con OFA<\/a>\u00a03\u00a0(aggiornato al 31 dicembre 2020)\u00a0<\/strong><\/p>\n","protected":false},"excerpt":{"rendered":"<p>REQUISITI DI AMMISSIONE E MODALITA&#8217; DI VERIFICA\u00a0 Regolamento Didattico CdS a.a. 2020\/2021\u00a0 Per essere ammessi al Corso \u00e8 necessario possedere&hellip;<\/p>\n<p><a class=\"btn btn-dark btn-sm unipi-read-more-link\" href=\"https:\/\/www.med.unipi.it\/index.php\/corsi-di-laurea\/fisioterapia\/procedure-e-documenti-fisiot\/\">Leggi tutto&#8230;<\/a><\/p>\n","protected":false},"author":1,"featured_media":0,"parent":107,"menu_order":0,"comment_status":"closed","ping_status":"closed","template":"","meta":{"footnotes":""},"categories":[25],"tags":[],"class_list":["post-323","page","type-page","status-publish","hentry","category-fisioterapia"],"yoast_head":"<!-- This site is optimized with the Yoast SEO plugin v27.0 - https:\/\/yoast.com\/product\/yoast-seo-wordpress\/ -->\n<title>Procedure e documenti - Scuola di Medicina<\/title>\n<meta name=\"robots\" content=\"index, follow, max-snippet:-1, max-image-preview:large, max-video-preview:-1\" \/>\n<link rel=\"canonical\" href=\"https:\/\/www.med.unipi.it\/index.php\/corsi-di-laurea\/fisioterapia\/procedure-e-documenti-fisiot\/\" \/>\n<meta property=\"og:locale\" content=\"it_IT\" \/>\n<meta property=\"og:type\" content=\"article\" \/>\n<meta property=\"og:title\" content=\"Procedure e documenti - Scuola di Medicina\" \/>\n<meta property=\"og:description\" content=\"REQUISITI DI AMMISSIONE E MODALITA&#8217; DI VERIFICA\u00a0 Regolamento Didattico CdS a.a. 2020\/2021\u00a0 Per essere ammessi al Corso \u00e8 necessario possedere&hellip;Leggi tutto...\" \/>\n<meta property=\"og:url\" content=\"https:\/\/www.med.unipi.it\/index.php\/corsi-di-laurea\/fisioterapia\/procedure-e-documenti-fisiot\/\" \/>\n<meta property=\"og:site_name\" content=\"Scuola di Medicina\" \/>\n<meta property=\"article:modified_time\" content=\"2025-10-01T10:18:34+00:00\" \/>\n<meta name=\"twitter:card\" content=\"summary_large_image\" \/>\n<meta name=\"twitter:label1\" content=\"Tempo di lettura stimato\" \/>\n\t<meta name=\"twitter:data1\" content=\"2 minuti\" \/>\n<script type=\"application\/ld+json\" class=\"yoast-schema-graph\">{\"@context\":\"https:\/\/schema.org\",\"@graph\":[{\"@type\":\"WebPage\",\"@id\":\"https:\/\/www.med.unipi.it\/index.php\/corsi-di-laurea\/fisioterapia\/procedure-e-documenti-fisiot\/\",\"url\":\"https:\/\/www.med.unipi.it\/index.php\/corsi-di-laurea\/fisioterapia\/procedure-e-documenti-fisiot\/\",\"name\":\"Procedure e documenti - Scuola di Medicina\",\"isPartOf\":{\"@id\":\"https:\/\/www.med.unipi.it\/#website\"},\"datePublished\":\"2022-10-24T10:01:30+00:00\",\"dateModified\":\"2025-10-01T10:18:34+00:00\",\"breadcrumb\":{\"@id\":\"https:\/\/www.med.unipi.it\/index.php\/corsi-di-laurea\/fisioterapia\/procedure-e-documenti-fisiot\/#breadcrumb\"},\"inLanguage\":\"it-IT\",\"potentialAction\":[{\"@type\":\"ReadAction\",\"target\":[\"https:\/\/www.med.unipi.it\/index.php\/corsi-di-laurea\/fisioterapia\/procedure-e-documenti-fisiot\/\"]}]},{\"@type\":\"BreadcrumbList\",\"@id\":\"https:\/\/www.med.unipi.it\/index.php\/corsi-di-laurea\/fisioterapia\/procedure-e-documenti-fisiot\/#breadcrumb\",\"itemListElement\":[{\"@type\":\"ListItem\",\"position\":1,\"name\":\"Home\",\"item\":\"https:\/\/www.med.unipi.it\/\"},{\"@type\":\"ListItem\",\"position\":2,\"name\":\"Corsi di Laurea\",\"item\":\"https:\/\/www.med.unipi.it\/index.php\/corsi-di-laurea\/\"},{\"@type\":\"ListItem\",\"position\":3,\"name\":\"Fisioterapia\",\"item\":\"https:\/\/www.med.unipi.it\/index.php\/corsi-di-laurea\/fisioterapia\/\"},{\"@type\":\"ListItem\",\"position\":4,\"name\":\"Procedure e documenti\"}]},{\"@type\":\"WebSite\",\"@id\":\"https:\/\/www.med.unipi.it\/#website\",\"url\":\"https:\/\/www.med.unipi.it\/\",\"name\":\"Scuola di Medicina\",\"description\":\"\",\"potentialAction\":[{\"@type\":\"SearchAction\",\"target\":{\"@type\":\"EntryPoint\",\"urlTemplate\":\"https:\/\/www.med.unipi.it\/?s={search_term_string}\"},\"query-input\":{\"@type\":\"PropertyValueSpecification\",\"valueRequired\":true,\"valueName\":\"search_term_string\"}}],\"inLanguage\":\"it-IT\"}]}<\/script>\n<!-- \/ Yoast SEO plugin. -->","yoast_head_json":{"title":"Procedure e documenti - Scuola di Medicina","robots":{"index":"index","follow":"follow","max-snippet":"max-snippet:-1","max-image-preview":"max-image-preview:large","max-video-preview":"max-video-preview:-1"},"canonical":"https:\/\/www.med.unipi.it\/index.php\/corsi-di-laurea\/fisioterapia\/procedure-e-documenti-fisiot\/","og_locale":"it_IT","og_type":"article","og_title":"Procedure e documenti - Scuola di Medicina","og_description":"REQUISITI DI AMMISSIONE E MODALITA&#8217; DI VERIFICA\u00a0 Regolamento Didattico CdS a.a. 2020\/2021\u00a0 Per essere ammessi al Corso \u00e8 necessario possedere&hellip;Leggi tutto...","og_url":"https:\/\/www.med.unipi.it\/index.php\/corsi-di-laurea\/fisioterapia\/procedure-e-documenti-fisiot\/","og_site_name":"Scuola di Medicina","article_modified_time":"2025-10-01T10:18:34+00:00","twitter_card":"summary_large_image","twitter_misc":{"Tempo di lettura stimato":"2 minuti"},"schema":{"@context":"https:\/\/schema.org","@graph":[{"@type":"WebPage","@id":"https:\/\/www.med.unipi.it\/index.php\/corsi-di-laurea\/fisioterapia\/procedure-e-documenti-fisiot\/","url":"https:\/\/www.med.unipi.it\/index.php\/corsi-di-laurea\/fisioterapia\/procedure-e-documenti-fisiot\/","name":"Procedure e documenti - Scuola di Medicina","isPartOf":{"@id":"https:\/\/www.med.unipi.it\/#website"},"datePublished":"2022-10-24T10:01:30+00:00","dateModified":"2025-10-01T10:18:34+00:00","breadcrumb":{"@id":"https:\/\/www.med.unipi.it\/index.php\/corsi-di-laurea\/fisioterapia\/procedure-e-documenti-fisiot\/#breadcrumb"},"inLanguage":"it-IT","potentialAction":[{"@type":"ReadAction","target":["https:\/\/www.med.unipi.it\/index.php\/corsi-di-laurea\/fisioterapia\/procedure-e-documenti-fisiot\/"]}]},{"@type":"BreadcrumbList","@id":"https:\/\/www.med.unipi.it\/index.php\/corsi-di-laurea\/fisioterapia\/procedure-e-documenti-fisiot\/#breadcrumb","itemListElement":[{"@type":"ListItem","position":1,"name":"Home","item":"https:\/\/www.med.unipi.it\/"},{"@type":"ListItem","position":2,"name":"Corsi di Laurea","item":"https:\/\/www.med.unipi.it\/index.php\/corsi-di-laurea\/"},{"@type":"ListItem","position":3,"name":"Fisioterapia","item":"https:\/\/www.med.unipi.it\/index.php\/corsi-di-laurea\/fisioterapia\/"},{"@type":"ListItem","position":4,"name":"Procedure e documenti"}]},{"@type":"WebSite","@id":"https:\/\/www.med.unipi.it\/#website","url":"https:\/\/www.med.unipi.it\/","name":"Scuola di Medicina","description":"","potentialAction":[{"@type":"SearchAction","target":{"@type":"EntryPoint","urlTemplate":"https:\/\/www.med.unipi.it\/?s={search_term_string}"},"query-input":{"@type":"PropertyValueSpecification","valueRequired":true,"valueName":"search_term_string"}}],"inLanguage":"it-IT"}]}},"_links":{"self":[{"href":"https:\/\/www.med.unipi.it\/index.php\/wp-json\/wp\/v2\/pages\/323","targetHints":{"allow":["GET"]}}],"collection":[{"href":"https:\/\/www.med.unipi.it\/index.php\/wp-json\/wp\/v2\/pages"}],"about":[{"href":"https:\/\/www.med.unipi.it\/index.php\/wp-json\/wp\/v2\/types\/page"}],"author":[{"embeddable":true,"href":"https:\/\/www.med.unipi.it\/index.php\/wp-json\/wp\/v2\/users\/1"}],"replies":[{"embeddable":true,"href":"https:\/\/www.med.unipi.it\/index.php\/wp-json\/wp\/v2\/comments?post=323"}],"version-history":[{"count":6,"href":"https:\/\/www.med.unipi.it\/index.php\/wp-json\/wp\/v2\/pages\/323\/revisions"}],"predecessor-version":[{"id":10858,"href":"https:\/\/www.med.unipi.it\/index.php\/wp-json\/wp\/v2\/pages\/323\/revisions\/10858"}],"up":[{"embeddable":true,"href":"https:\/\/www.med.unipi.it\/index.php\/wp-json\/wp\/v2\/pages\/107"}],"wp:attachment":[{"href":"https:\/\/www.med.unipi.it\/index.php\/wp-json\/wp\/v2\/media?parent=323"}],"wp:term":[{"taxonomy":"category","embeddable":true,"href":"https:\/\/www.med.unipi.it\/index.php\/wp-json\/wp\/v2\/categories?post=323"},{"taxonomy":"post_tag","embeddable":true,"href":"https:\/\/www.med.unipi.it\/index.php\/wp-json\/wp\/v2\/tags?post=323"}],"curies":[{"name":"wp","href":"https:\/\/api.w.org\/{rel}","templated":true}]}}