{"id":361,"date":"2022-10-24T11:30:44","date_gmt":"2022-10-24T09:30:44","guid":{"rendered":"https:\/\/www.med.unipi.it\/?page_id=361"},"modified":"2026-04-02T10:03:30","modified_gmt":"2026-04-02T08:03:30","slug":"procedure-e-documenti-logop","status":"publish","type":"page","link":"https:\/\/www.med.unipi.it\/index.php\/corsi-di-laurea\/logopedia\/procedure-e-documenti-logop\/","title":{"rendered":"Procedure, Documenti e Lauree"},"content":{"rendered":"<div class=\"wrapper-title\">\n<div class=\"bull-title\">\n<p><em><strong>PROCEDURA PER RICHIESTA RICONOSCIMENTO CREDITI<\/strong><\/em><\/p>\n<p>Viene gestita dalle segreterie studenti: https:\/\/www.unipi.it\/didattica\/segreterie\/gestione-della-carriera\/riconoscimento-crediti-formativi\/<\/p>\n<p>il modulo va mandato a med.segreteriastudenti@unipi.it\u00a0<em>con allegati i programmi degli esami<\/em>\u00a0per i quali si chiede la convalida \/ i\u00a0<em>certificati<\/em>\u00a0(nel caso per es. di lingua inglese livello B1, ECDL per Abilit\u00e0 informatiche)<\/p>\n<p>Le richieste vengono raccolte dalle segreterie e inviate ai CdS di riferimento una volta al mese (intorno al 10); i documenti vengono inoltrati a una commissione appositamente istituita che valuta le richieste e i programmi presentati. L\u2019esito della valutazione viene trasmesso alle segreterie studenti che lo comunicano agli interessati.<\/p>\n<h3><\/h3>\n<h3><strong>LINGUA INGLESE<\/strong><\/h3>\n<div>E\u2019 richiesto almeno il livello B1 di conoscenza della lingua.<\/div>\n<div>L\u2019esame consiste nella prova di livello che si prenota e si svolge presso il Centro Linguistico Interdipartimentale (<a href=\"https:\/\/www.cli.unipi.it\/idoneita-di-ateneo\">Descrizione \u2014 Centro Linguistico (unipi.it)<\/a>).<\/div>\n<div><\/div>\n<div><\/div>\n<h3><strong>ABILITA\u2019 INFORMATICHE<\/strong><\/h3>\n<div>I 3 cfu di Abilit\u00e0 informatiche possono essere acquisiti attraverso\u00a0nn modulo a scelta fra\u00a0<a href=\"https:\/\/sainews.humnet.unipi.it\/moduli-didattici\/gestione-e-analisi-dei-dati\">GAD<\/a>,\u00a0<a href=\"https:\/\/sainews.humnet.unipi.it\/moduli-didattici\/comunicazione-digitale\">CD<\/a>\u00a0e\u00a0<a href=\"https:\/\/sainews.humnet.unipi.it\/moduli-didattici\/editoria-digitale\">ED<\/a>\u00a0del progetto SAPERI E ABILITA\u2019 INFORMATICHE (<span id=\"cloak54be8df71791cc1f7262ec3bc18fff7c\"><span id=\"cloak1c222b46d6dbce9b984669ccb6aa3f86\"><a href=\"mailto:sai@unipi.it\">sai@unipi.it<\/a><\/span><\/span>). Per maggiori informazioni, si rimanda al sito web:\u00a0<a href=\"https:\/\/sainews.humnet.unipi.it\/moduli-didattici\">Moduli didattici \u2022 SAI News (unipi.it)<\/a><\/div>\n<div><\/div>\n<div><\/div>\n<div><strong style=\"font-size: 16px;\">PROCEDURA PER LA RICHIESTA DI INIZIO INTERNATO DI TESI<\/strong><\/div>\n<\/div>\n<\/div>\n<p style=\"padding-left: 40px;\">(collegarsi al portale\u00a0<a href=\"http:\/\/sportellovirtuale.unipi.it\/\" target=\"_blank\" rel=\"noopener\">http:\/\/sportellovirtuale.unipi.it\/<\/a>\u00a0ed accedere alla propria area personale con utente e password utilizzati per accedere al portale Alice)<\/p>\n<ul>\n<li style=\"list-style-type: none;\">\n<ul>\n<li><strong>Corsi di laurea delle professioni sanitarie D.M. 270\/04<\/strong><\/li>\n<\/ul>\n<\/li>\n<\/ul>\n<p style=\"padding-left: 40px;\">Esame di ammissione sostenuto a partire dall\u2019anno accademico 2011-2012 (immatricolazioni e abbreviazioni\/passaggi con ammissione al nuovo ordinamento)<\/p>\n<p style=\"padding-left: 40px;\">Lo studente deve presentare domanda di inizio internato di tesi:<\/p>\n<p style=\"padding-left: 40px;\">\u25e6entro il\u00a0<strong>30 novembre<\/strong>\u00a0dell\u2019anno precedente se intende laurearsi nella sessione di marzo-aprile<\/p>\n<p style=\"padding-left: 40px;\">\u25e6entro il\u00a0<strong>30 giugno<\/strong>\u00a0dello stesso anno se intende laurearsi nella sessione di ottobre-novembre<\/p>\n<ul>\n<li style=\"list-style-type: none;\">\n<ul>\n<li><strong>Corsi di laurea delle professioni sanitarie ex D.M. 509\/99<\/strong><\/li>\n<\/ul>\n<\/li>\n<\/ul>\n<p style=\"padding-left: 40px;\">(Esame di ammissione sostenuto fino all\u2019anno accademico 2010-2011)<\/p>\n<p style=\"padding-left: 40px;\">Lo studente deve presentare domanda di inizio internato di tesi:<\/p>\n<p style=\"padding-left: 40px;\">\u25e6entro il\u00a0<strong>30 settembre<\/strong>\u00a0dell\u2019anno precedente se intende laurearsi nella sessione di marzo-aprile<\/p>\n<p style=\"padding-left: 40px;\">\u25e6entro il\u00a0<strong>31 marzo<\/strong>\u00a0dello stesso anno se intende laurearsi nella sessione di ottobre-novembre.<\/p>\n<p>&nbsp;<\/p>\n<p style=\"padding-left: 40px;\"><strong>PRESENTAZIONE DELLA \u201cDOMANDA DI LAUREA\u201d E ULTERIORI ADEMPIMENTI PRESSO LE SEGRETERIE STUDENTI DI LARGO PONTECORVO<\/strong><\/p>\n<p style=\"padding-left: 40px;\">Almeno\u00a0<strong>30 giorni prima della data di inizio dell\u2019appello<\/strong>\u00a0<strong>di laurea<\/strong>, lo studente deve presentare domanda di laurea, esclusivamente on line, attraverso l\u2019area riservata del portale studenti \u201cAlice\u201d all\u2019indirizzo www.studenti.unipi.it.<\/p>\n<p style=\"padding-left: 40px;\"><strong>Gli ulteriori adempimenti<\/strong>\u00a0relativi alla domanda di laurea sono disponibili sul sito di Ateneo all\u2019indirizzo\u00a0<a href=\"https:\/\/www.unipi.it\/index.php\/laurea-ed-esame-di-stato\/item\/1616-informazioni-sulla-domanda-di-laurea\" target=\"_blank\" rel=\"noopener\">https:\/\/www.unipi.it\/index.php\/laurea-ed-esame-di-stato\/item\/1616-informazioni-sulla-domanda-di-laurea<\/a>.<\/p>\n<p style=\"padding-left: 40px;\"><strong>\u00a0 \u00a0 \u00a0 \u00a0Il calendario con le scadenze e\u00a0<\/strong><strong>la documentazione specifica<\/strong>\u00a0<strong>per le professioni sanitarie<\/strong> \u00e8 consultabile al link relativo al <a href=\"https:\/\/www.unipi.it\/index.php\/laurea-ed-esame-di-stato\/itemlist\/category\/570-calendari-appelli-di-laurea\" target=\"_blank\" rel=\"noopener\">calendario appelli di laurea<\/a>\u00a0.<\/p>\n<p>&nbsp;<\/p>\n<p><strong>Gli studenti lavoratori possono stampare il &#8220;Giustificativo partecipazione lezione\/esame\/tesi per studente lavoratore&#8221;<\/strong>\u00a0<strong>nella sezione <a href=\"https:\/\/www.med.unipi.it\/index.php\/modulistica-studenti\/\">modulistica studenti<\/a> e consegnarlo\u00a0 al Presidente della Commissione per la firma<\/strong><\/p>\n<h3 style=\"text-align: center;\"><strong>SESSIONI DI LAUREA 2026:<\/strong><\/h3>\n<p>9 aprile 2026 ore 8.30 Aula CIS M2 Ospedale Cisanello Edificio 30 ingresso M <a href=\"https:\/\/www.med.unipi.it\/wp-content\/uploads\/2026\/04\/COMMISSIONE_LOG_9apr26.pdf\">COMMISSIONE<\/a><\/p>\n<p>29 ottobre 2026<\/p>\n<h3 style=\"text-align: center;\"><strong>SESSIONI DI LAUREA 2025:<\/strong><\/h3>\n<p>10 aprile 2025 <a href=\"https:\/\/www.med.unipi.it\/wp-content\/uploads\/2025\/04\/COMMISSIONE-LOG_10apr25.pdf\">COMMISSIONE<\/a><\/p>\n<p>20 novembre 2025 <a href=\"https:\/\/www.med.unipi.it\/wp-content\/uploads\/2025\/11\/COMMISSIONE_LOG-L_20nov25-1.pdf\">COMMISSIONE<\/a>\u00a0ore 8.30 Prova pratica Aula CIS_M2 Cisanello, a seguire discussione della tesi<\/p>\n<p><span style=\"color: #ff0000;\"><strong>Si ricorda che la prova pratica si tiene a porte chiuse; parenti e amici sono ammessi <em>solo<\/em> alla presentazione degli elaborati; <em>non possono<\/em> sostare nei corridoi delle corsie per non intralciare il passaggio di personale sanitario, barelle ecc., devono<\/strong><\/span><span style=\"color: #ff0000;\"><strong> pertanto restare in aree idonee all&#8217;attesa e accedere all&#8217;aula per la discussione delle tesi in numero congruo alla capienza, se necessario a turno.<\/strong><\/span><\/p>\n<p>&nbsp;<\/p>\n<p style=\"text-align: center;\"><strong>COMUNICAZIONE IN MERITO AI FESTEGGIAMENTI IN OCCASIONE DELLE SEDUTE DI LAUREA<\/strong><\/p>\n<p><small>La Commissione di Sostenibilit\u00e0 di Ateneo (CoSA), ha avviato negli ultimi mesi una attenta analisi volta alla identificazione delle principali criticit\u00e0 nell\u2019ambito della gestione dei rifiuti del nostro Ateneo.<\/small><\/p>\n<p><small>La referente CoSA per i temi \u201cRifiuti e Acqua\u201d, prof.ssa Giulia Romano, ha attivato una collaborazione con il CONAI che si sostanzier\u00e0 nella definizione di un progetto complessivo per la gestione sostenibile dei rifiuti nel nostro Ateneo. L\u2019obiettivo \u00e8 quello di aumentare quantit\u00e0 e qualit\u00e0 della raccolta differenziata, migliorare la comunicazione e l\u2019informazione sui temi ambientali. Inoltre, saranno promosse azioni efficaci di riduzione del rifiuto generato in Ateneo, limitando l\u2019impatto ambientale della nostra comunit\u00e0 universitaria e contribuendo, contemporaneamente, a ridurre i costi connessi\u00a0alla gestione dei rifiuti e a migliorare il benessere complessivo.<\/small><\/p>\n<p><small>Nell\u2019attesa di uno sviluppo pi\u00f9 organico di questo progetto, in occasione delle sessioni di Laurea, si invitano gli interessati e le loro famiglie a non utilizzare coriandoli, stelle filanti e altro materiale che generi rifiuto disperso nell\u2019ambiente.<\/small><\/p>\n<hr \/>\n<p><strong>Sessioni di Laurea 2024:<\/strong><\/p>\n<p>11 aprile 2024 \u2013\u00a0<a href=\"https:\/\/www.med.unipi.it\/wp-content\/uploads\/2024\/04\/decreto-Nomina-LOG.pdf\">decreto Nomina<\/a>\u00a0\u2013\u00a0<a href=\"https:\/\/www.med.unipi.it\/wp-content\/uploads\/2024\/04\/PROSPETTI-TESI_LOG.pdf\">PROSPETTI TESI<\/a><\/p>\n<p>21 novembre 2024 \u2013\u00a0<a href=\"https:\/\/www.med.unipi.it\/wp-content\/uploads\/2024\/11\/Prospetto-Tesi-LOG.pdf\">Prospetto Tesi<\/a>\u00a0\u2013\u00a0<a href=\"https:\/\/www.med.unipi.it\/wp-content\/uploads\/2024\/11\/decreto-Nomina-log-3-1.pdf\">decreto Nomina<\/a><\/p>\n<div class=\"wrapper-title\">\n<div class=\"bull-title\">\n<p><strong>Sessioni di Laurea 2023:<\/strong><\/p>\n<p>11 aprile \u2013\u00a0<a href=\"https:\/\/www.med.unipi.it\/wp-content\/uploads\/2023\/04\/decreto-Nomina-LOG.pdf\">decreto<\/a>\u00a0\u2013\u00a0<a href=\"https:\/\/www.med.unipi.it\/wp-content\/uploads\/2023\/04\/PROSPETTI-TESI_LOG-1.pdf\">prospetti<\/a><\/p>\n<p>28 novembre \u2013\u00a0<a href=\"https:\/\/www.med.unipi.it\/wp-content\/uploads\/2023\/11\/decreto-Nomina-13.pdf\">decreto<\/a>\u00a0\u2013\u00a0<a href=\"https:\/\/www.med.unipi.it\/wp-content\/uploads\/2023\/11\/Prospetto-Tesi-Lauree-Logo-28-11-23.pdf\">prospetti<\/a><\/p>\n<p><strong>Sessioni di Laurea 2022:<\/strong><\/p>\n<p>5 aprile 2022 \u2013\u00a0<a href=\"https:\/\/www.med.unipi.it\/images\/ALLEGATI\/Decreto_Nomina_firma_Zucchi.pdf\">decreto<\/a>\u00a0\u2013\u00a0<a href=\"https:\/\/www.med.unipi.it\/images\/ALLEGATI\/PROSPETTI_TESI_LOG_1.docx\">commissione<\/a><\/p>\n<p>22 Novembre 2022<\/p>\n<p><strong>Sessioni di Laurea 2021:<\/strong><\/p>\n<p><a href=\"https:\/\/www.unipi.it\/index.php\/news\/item\/17708-didattica-a-distanza-istruzioni-operative-per-docenti-e-studenti\">istruzioni per connessione all\u2019aula virtuale<\/a><\/p>\n<p>13 aprile 2021 \u2013\u00a0<a href=\"https:\/\/www.med.unipi.it\/images\/PROSPETTI_TESI_LOG_sito_1.pdf\">prospetto<\/a>\u00a0\u2013\u00a0<a href=\"https:\/\/www.med.unipi.it\/images\/nomina_commissioni_esame_finale_sito.pdf\">commissione<\/a><\/p>\n<p>23 Novembre 2021 \u2013\u00a0<a href=\"https:\/\/www.med.unipi.it\/images\/ALLEGATI\/PROSPETTI_TESI_LOG__ULTIMO.pdf\">prospetto<\/a>\u00a0\u2013\u00a0<a href=\"https:\/\/www.med.unipi.it\/images\/ALLEGATI\/Nomina_Commissione_Lauree_LOG_firmato.pdf\">commissione<\/a><\/p>\n<p><strong>Sessioni di Laurea 2020:\u00a0<\/strong><\/p>\n<p>12 Novembre 2020<\/p>\n<p><strong>Sessioni di Laurea 2019:\u00a0<\/strong><\/p>\n<p>19\/11\/19 \u2013 Nomina \u2013\u00a0<a href=\"https:\/\/www.med.unipi.it\/images\/ALLEGATI\/Logopedia\/nomina_commissioni_esame_finale_sito.pdf\">Commissione<\/a><\/p>\n<hr \/>\n<p><strong>ASSEGNAZIONE STUDENTI &#8211; DOCENTI TUTOR\u00a0<\/strong><\/p>\n<p><a href=\"https:\/\/www.med.unipi.it\/wp-content\/uploads\/2025\/05\/LOG-Ass-stud-tutor-2024-25-1.pdf\">LOG Ass stud-tutor 2024-25 (1)<\/a><\/p>\n<\/div>\n<p>&nbsp;<\/p>\n<\/div>\n","protected":false},"excerpt":{"rendered":"<p>PROCEDURA PER RICHIESTA RICONOSCIMENTO CREDITI Viene gestita dalle segreterie studenti: https:\/\/www.unipi.it\/didattica\/segreterie\/gestione-della-carriera\/riconoscimento-crediti-formativi\/ il modulo va mandato a med.segreteriastudenti@unipi.it\u00a0con allegati i programmi&hellip;<\/p>\n<p><a class=\"btn btn-dark btn-sm unipi-read-more-link\" href=\"https:\/\/www.med.unipi.it\/index.php\/corsi-di-laurea\/logopedia\/procedure-e-documenti-logop\/\">Leggi tutto&#8230;<\/a><\/p>\n","protected":false},"author":1,"featured_media":0,"parent":109,"menu_order":0,"comment_status":"closed","ping_status":"closed","template":"","meta":{"footnotes":""},"categories":[26],"tags":[],"class_list":["post-361","page","type-page","status-publish","hentry","category-logopedia"],"yoast_head":"<!-- This site is optimized with the Yoast SEO plugin v27.0 - https:\/\/yoast.com\/product\/yoast-seo-wordpress\/ -->\n<title>Procedure, Documenti e Lauree - Scuola di Medicina<\/title>\n<meta name=\"robots\" content=\"index, follow, max-snippet:-1, max-image-preview:large, max-video-preview:-1\" \/>\n<link rel=\"canonical\" href=\"https:\/\/www.med.unipi.it\/index.php\/corsi-di-laurea\/logopedia\/procedure-e-documenti-logop\/\" \/>\n<meta property=\"og:locale\" content=\"it_IT\" \/>\n<meta property=\"og:type\" content=\"article\" \/>\n<meta property=\"og:title\" content=\"Procedure, Documenti e Lauree - Scuola di Medicina\" \/>\n<meta property=\"og:description\" content=\"PROCEDURA PER RICHIESTA RICONOSCIMENTO CREDITI Viene gestita dalle segreterie studenti: https:\/\/www.unipi.it\/didattica\/segreterie\/gestione-della-carriera\/riconoscimento-crediti-formativi\/ il modulo va mandato a med.segreteriastudenti@unipi.it\u00a0con allegati i programmi&hellip;Leggi tutto...\" \/>\n<meta property=\"og:url\" content=\"https:\/\/www.med.unipi.it\/index.php\/corsi-di-laurea\/logopedia\/procedure-e-documenti-logop\/\" \/>\n<meta property=\"og:site_name\" content=\"Scuola di Medicina\" \/>\n<meta property=\"article:modified_time\" content=\"2026-04-02T08:03:30+00:00\" \/>\n<meta name=\"twitter:card\" content=\"summary_large_image\" \/>\n<meta name=\"twitter:label1\" content=\"Tempo di lettura stimato\" \/>\n\t<meta name=\"twitter:data1\" content=\"5 minuti\" \/>\n<script type=\"application\/ld+json\" class=\"yoast-schema-graph\">{\"@context\":\"https:\/\/schema.org\",\"@graph\":[{\"@type\":\"WebPage\",\"@id\":\"https:\/\/www.med.unipi.it\/index.php\/corsi-di-laurea\/logopedia\/procedure-e-documenti-logop\/\",\"url\":\"https:\/\/www.med.unipi.it\/index.php\/corsi-di-laurea\/logopedia\/procedure-e-documenti-logop\/\",\"name\":\"Procedure, Documenti e Lauree - Scuola di Medicina\",\"isPartOf\":{\"@id\":\"https:\/\/www.med.unipi.it\/#website\"},\"datePublished\":\"2022-10-24T09:30:44+00:00\",\"dateModified\":\"2026-04-02T08:03:30+00:00\",\"breadcrumb\":{\"@id\":\"https:\/\/www.med.unipi.it\/index.php\/corsi-di-laurea\/logopedia\/procedure-e-documenti-logop\/#breadcrumb\"},\"inLanguage\":\"it-IT\",\"potentialAction\":[{\"@type\":\"ReadAction\",\"target\":[\"https:\/\/www.med.unipi.it\/index.php\/corsi-di-laurea\/logopedia\/procedure-e-documenti-logop\/\"]}]},{\"@type\":\"BreadcrumbList\",\"@id\":\"https:\/\/www.med.unipi.it\/index.php\/corsi-di-laurea\/logopedia\/procedure-e-documenti-logop\/#breadcrumb\",\"itemListElement\":[{\"@type\":\"ListItem\",\"position\":1,\"name\":\"Home\",\"item\":\"https:\/\/www.med.unipi.it\/\"},{\"@type\":\"ListItem\",\"position\":2,\"name\":\"Corsi di Laurea\",\"item\":\"https:\/\/www.med.unipi.it\/index.php\/corsi-di-laurea\/\"},{\"@type\":\"ListItem\",\"position\":3,\"name\":\"Logopedia\",\"item\":\"https:\/\/www.med.unipi.it\/index.php\/corsi-di-laurea\/logopedia\/\"},{\"@type\":\"ListItem\",\"position\":4,\"name\":\"Procedure, Documenti e Lauree\"}]},{\"@type\":\"WebSite\",\"@id\":\"https:\/\/www.med.unipi.it\/#website\",\"url\":\"https:\/\/www.med.unipi.it\/\",\"name\":\"Scuola di Medicina\",\"description\":\"\",\"potentialAction\":[{\"@type\":\"SearchAction\",\"target\":{\"@type\":\"EntryPoint\",\"urlTemplate\":\"https:\/\/www.med.unipi.it\/?s={search_term_string}\"},\"query-input\":{\"@type\":\"PropertyValueSpecification\",\"valueRequired\":true,\"valueName\":\"search_term_string\"}}],\"inLanguage\":\"it-IT\"}]}<\/script>\n<!-- \/ Yoast SEO plugin. -->","yoast_head_json":{"title":"Procedure, Documenti e Lauree - Scuola di Medicina","robots":{"index":"index","follow":"follow","max-snippet":"max-snippet:-1","max-image-preview":"max-image-preview:large","max-video-preview":"max-video-preview:-1"},"canonical":"https:\/\/www.med.unipi.it\/index.php\/corsi-di-laurea\/logopedia\/procedure-e-documenti-logop\/","og_locale":"it_IT","og_type":"article","og_title":"Procedure, Documenti e Lauree - Scuola di Medicina","og_description":"PROCEDURA PER RICHIESTA RICONOSCIMENTO CREDITI Viene gestita dalle segreterie studenti: https:\/\/www.unipi.it\/didattica\/segreterie\/gestione-della-carriera\/riconoscimento-crediti-formativi\/ il modulo va mandato a med.segreteriastudenti@unipi.it\u00a0con allegati i programmi&hellip;Leggi tutto...","og_url":"https:\/\/www.med.unipi.it\/index.php\/corsi-di-laurea\/logopedia\/procedure-e-documenti-logop\/","og_site_name":"Scuola di Medicina","article_modified_time":"2026-04-02T08:03:30+00:00","twitter_card":"summary_large_image","twitter_misc":{"Tempo di lettura stimato":"5 minuti"},"schema":{"@context":"https:\/\/schema.org","@graph":[{"@type":"WebPage","@id":"https:\/\/www.med.unipi.it\/index.php\/corsi-di-laurea\/logopedia\/procedure-e-documenti-logop\/","url":"https:\/\/www.med.unipi.it\/index.php\/corsi-di-laurea\/logopedia\/procedure-e-documenti-logop\/","name":"Procedure, Documenti e Lauree - Scuola di Medicina","isPartOf":{"@id":"https:\/\/www.med.unipi.it\/#website"},"datePublished":"2022-10-24T09:30:44+00:00","dateModified":"2026-04-02T08:03:30+00:00","breadcrumb":{"@id":"https:\/\/www.med.unipi.it\/index.php\/corsi-di-laurea\/logopedia\/procedure-e-documenti-logop\/#breadcrumb"},"inLanguage":"it-IT","potentialAction":[{"@type":"ReadAction","target":["https:\/\/www.med.unipi.it\/index.php\/corsi-di-laurea\/logopedia\/procedure-e-documenti-logop\/"]}]},{"@type":"BreadcrumbList","@id":"https:\/\/www.med.unipi.it\/index.php\/corsi-di-laurea\/logopedia\/procedure-e-documenti-logop\/#breadcrumb","itemListElement":[{"@type":"ListItem","position":1,"name":"Home","item":"https:\/\/www.med.unipi.it\/"},{"@type":"ListItem","position":2,"name":"Corsi di Laurea","item":"https:\/\/www.med.unipi.it\/index.php\/corsi-di-laurea\/"},{"@type":"ListItem","position":3,"name":"Logopedia","item":"https:\/\/www.med.unipi.it\/index.php\/corsi-di-laurea\/logopedia\/"},{"@type":"ListItem","position":4,"name":"Procedure, Documenti e Lauree"}]},{"@type":"WebSite","@id":"https:\/\/www.med.unipi.it\/#website","url":"https:\/\/www.med.unipi.it\/","name":"Scuola di Medicina","description":"","potentialAction":[{"@type":"SearchAction","target":{"@type":"EntryPoint","urlTemplate":"https:\/\/www.med.unipi.it\/?s={search_term_string}"},"query-input":{"@type":"PropertyValueSpecification","valueRequired":true,"valueName":"search_term_string"}}],"inLanguage":"it-IT"}]}},"_links":{"self":[{"href":"https:\/\/www.med.unipi.it\/index.php\/wp-json\/wp\/v2\/pages\/361","targetHints":{"allow":["GET"]}}],"collection":[{"href":"https:\/\/www.med.unipi.it\/index.php\/wp-json\/wp\/v2\/pages"}],"about":[{"href":"https:\/\/www.med.unipi.it\/index.php\/wp-json\/wp\/v2\/types\/page"}],"author":[{"embeddable":true,"href":"https:\/\/www.med.unipi.it\/index.php\/wp-json\/wp\/v2\/users\/1"}],"replies":[{"embeddable":true,"href":"https:\/\/www.med.unipi.it\/index.php\/wp-json\/wp\/v2\/comments?post=361"}],"version-history":[{"count":31,"href":"https:\/\/www.med.unipi.it\/index.php\/wp-json\/wp\/v2\/pages\/361\/revisions"}],"predecessor-version":[{"id":14184,"href":"https:\/\/www.med.unipi.it\/index.php\/wp-json\/wp\/v2\/pages\/361\/revisions\/14184"}],"up":[{"embeddable":true,"href":"https:\/\/www.med.unipi.it\/index.php\/wp-json\/wp\/v2\/pages\/109"}],"wp:attachment":[{"href":"https:\/\/www.med.unipi.it\/index.php\/wp-json\/wp\/v2\/media?parent=361"}],"wp:term":[{"taxonomy":"category","embeddable":true,"href":"https:\/\/www.med.unipi.it\/index.php\/wp-json\/wp\/v2\/categories?post=361"},{"taxonomy":"post_tag","embeddable":true,"href":"https:\/\/www.med.unipi.it\/index.php\/wp-json\/wp\/v2\/tags?post=361"}],"curies":[{"name":"wp","href":"https:\/\/api.w.org\/{rel}","templated":true}]}}