{"id":416,"date":"2022-11-07T10:54:01","date_gmt":"2022-11-07T09:54:01","guid":{"rendered":"https:\/\/www.med.unipi.it\/?page_id=416"},"modified":"2026-04-02T10:01:12","modified_gmt":"2026-04-02T08:01:12","slug":"lauree-riabpsich","status":"publish","type":"page","link":"https:\/\/www.med.unipi.it\/index.php\/corsi-di-laurea\/riabilitazione-psichiatrica\/lauree-riabpsich\/","title":{"rendered":"Procedure, Documenti e Lauree"},"content":{"rendered":"<p><em><strong>PROCEDURA PER RICHIESTA RICONOSCIMENTO CREDITI<\/strong><\/em><\/p>\n<p>Viene gestita dalle segreterie studenti: https:\/\/www.unipi.it\/didattica\/segreterie\/gestione-della-carriera\/riconoscimento-crediti-formativi\/<\/p>\n<p>il modulo va mandato a med.segreteriastudenti@unipi.it\u00a0<em>con allegati i programmi degli esami<\/em>\u00a0per i quali si chiede la convalida \/ i\u00a0<em>certificati<\/em> (nel caso per es. di lingua inglese livello B1, ECDL per Abilit\u00e0 informatiche)<\/p>\n<p>Le richieste vengono raccolte dalle segreterie e inviate ai CdS di riferimento una volta al mese (intorno al 10); i documenti vengono inoltrati a una commissione appositamente istituita che valuta le richieste e i programmi presentati. L\u2019esito della valutazione viene trasmesso alle segreterie studenti che lo comunicano agli interessati.<\/p>\n<h3><\/h3>\n<h3 style=\"text-align: center;\"><strong>LINGUA INGLESE<\/strong><\/h3>\n<div>E&#8217; richiesto almeno il livello B1 di conoscenza della lingua.<\/div>\n<div>L&#8217;esame consiste nella prova di livello che si prenota e si svolge presso il Centro Linguistico Interdipartimentale (<a href=\"https:\/\/www.cli.unipi.it\/idoneita-di-ateneo\">Descrizione \u2014 Centro Linguistico (unipi.it)<\/a>).<\/div>\n<div><\/div>\n<div><\/div>\n<h3 style=\"text-align: center;\"><strong>ABILITA&#8217; INFORMATICHE<\/strong><\/h3>\n<div>I 3 cfu di Abilit\u00e0 informatiche possono essere acquisiti attraverso\u00a0nn modulo a scelta fra\u00a0<a href=\"https:\/\/sainews.humnet.unipi.it\/moduli-didattici\/gestione-e-analisi-dei-dati\">GAD<\/a>,\u00a0<a href=\"https:\/\/sainews.humnet.unipi.it\/moduli-didattici\/comunicazione-digitale\">CD<\/a>\u00a0e\u00a0<a href=\"https:\/\/sainews.humnet.unipi.it\/moduli-didattici\/editoria-digitale\">ED<\/a>\u00a0del progetto SAPERI E ABILITA&#8217; INFORMATICHE (<span id=\"cloak54be8df71791cc1f7262ec3bc18fff7c\"><span id=\"cloak1c222b46d6dbce9b984669ccb6aa3f86\"><a href=\"mailto:sai@unipi.it\">sai@unipi.it<\/a><\/span><\/span>). Per maggiori informazioni, si rimanda al sito web:\u00a0<a href=\"https:\/\/sainews.humnet.unipi.it\/moduli-didattici\">Moduli didattici \u2022 SAI News (unipi.it)<\/a><\/div>\n<div>\n<div><\/div>\n<div><\/div>\n<\/div>\n<h3 style=\"text-align: center;\"><strong>SCHEDA DI VALUTAZIONE DEL TIROCINIO:<\/strong><\/h3>\n<p>Al termine di ciascun periodo di tirocinio, gli studenti e le studentesse sono tenute a compilare la\u00a0<a href=\"https:\/\/www.med.unipi.it\/wp-content\/uploads\/2023\/10\/scheda_valutazione_tirocinio.doc\" target=\"_blank\" rel=\"noopener\">scheda di valutazione di fine tirocinio<\/a>\u00a0da riconsegnare alla coordinatrice del tirocinio, dott.ssa Roberta Masala.<\/p>\n<p>&nbsp;<\/p>\n<h3 style=\"text-align: center;\"><strong>PROCEDURE<\/strong><\/h3>\n<p><strong>PROCEDURA PER LA RICHIESTA DI INIZIO INTERNATO DI TESI<\/strong><\/p>\n<p>(collegarsi al portale\u00a0<a href=\"http:\/\/sportellovirtuale.unipi.it\/\" target=\"_blank\" rel=\"noopener\">http:\/\/sportellovirtuale.unipi.it\/<\/a>\u00a0ed accedere alla propria area personale con utente e password utilizzati per accedere al portale Alice)<\/p>\n<ul>\n<li><strong>Corsi di laurea delle professioni sanitarie D.M. 270\/04<\/strong>\n<ul>\n<li>Esame di ammissione sostenuto a partire dall&#8217;anno accademico 2011-2012 (immatricolazioni e abbreviazioni\/passaggi con ammissione al nuovo ordinamento)<\/li>\n<li>Lo studente che intenda laurearsi deve presentare attraverso lo \u201cSportello Virtuale\u201d il modulo di \u201cinternato tesi\u201d almeno tre mesi prima della data prevista per la discussione della prova finale di laurea.<\/li>\n<li>Il &#8220;modulo di internato tesi&#8221; cambia a seconda che lo studente faccia la tesi in AOUP (<a href=\"https:\/\/www.med.unipi.it\/wp-content\/uploads\/2023\/06\/internato-tesi-in-AOUP.docx\">allegato<\/a>) oppure non in AOUP (<a href=\"https:\/\/www.med.unipi.it\/wp-content\/uploads\/2023\/06\/internato-tesi-non-in-AOUP.docx\">allegato<\/a>).<\/li>\n<\/ul>\n<\/li>\n<\/ul>\n<p>&nbsp;<\/p>\n<ul>\n<li><strong>Corsi di laurea delle professioni sanitarie ex D.M. 509\/99<\/strong><\/li>\n<\/ul>\n<p style=\"padding-left: 40px;\"><strong>(Esame di ammissione sostenuto fino all&#8217;anno accademico 2010-2011)<\/strong><\/p>\n<p style=\"padding-left: 40px;\">Lo studente deve presentare domanda di inizio internato di tesi:<\/p>\n<p style=\"padding-left: 40px;\">\u25e6entro il\u00a0<strong>30 settembre<\/strong>\u00a0dell\u2019anno precedente se intende laurearsi nella sessione di marzo-aprile<\/p>\n<p style=\"padding-left: 40px;\">\u25e6entro il\u00a0<strong>31 marzo<\/strong>\u00a0dello stesso anno se intende laurearsi nella sessione di ottobre-novembre.<\/p>\n<p><strong>2.\u00a0\u00a0<\/strong><strong>PRESENTAZIONE DELLA \u201cDOMANDA DI LAUREA\u201d E ULTERIORI ADEMPIMENTI PRESSO LE SEGRETERIE STUDENTI DI LARGO PONTECORVO<\/strong><\/p>\n<p>Almeno\u00a0<strong>30 giorni prima della data di inizio dell\u2019appello<\/strong>\u00a0<strong>di laurea<\/strong>, lo studente deve presentare domanda di laurea, esclusivamente on line, attraverso l\u2019area riservata del portale studenti \u201cAlice\u201d all\u2019indirizzo www.studenti.unipi.it.<\/p>\n<p><strong>Gli ulteriori adempimenti<\/strong>\u00a0relativi alla domanda di laurea sono disponibili sul sito di Ateneo all\u2019indirizzo\u00a0<a href=\"https:\/\/www.unipi.it\/index.php\/laurea-ed-esame-di-stato\/item\/1616-informazioni-sulla-domanda-di-laurea\" target=\"_blank\" rel=\"noopener\">https:\/\/www.unipi.it\/index.php\/laurea-ed-esame-di-stato\/item\/1616-informazioni-sulla-domanda-di-laurea<\/a>.<\/p>\n<p><strong>Il calendario con le scadenze e <\/strong><strong>la documentazione specifica<\/strong>\u00a0<strong>per le professioni sanitarie<\/strong>\u00a0\u00e8 consultabile al link relativo \u00a0 \u00a0 \u00a0 \u00a0al\u00a0<a href=\"https:\/\/www.unipi.it\/index.php\/laurea-ed-esame-di-stato\/itemlist\/category\/570-calendari-appelli-di-laurea\" target=\"_blank\" rel=\"noopener\">calendario appelli di laurea<\/a>\u00a0.<\/p>\n<p>&nbsp;<\/p>\n<ul>\n<li><strong>LINK AL REGOLAMENTO: <a href=\"https:\/\/www.med.unipi.it\/images\/ALLEGATI\/regolamento_prova_finale_RIP-L.pdf\">Regolamento del CDS per lo svolgimento della prova finale<\/a><\/strong><\/li>\n<\/ul>\n<p><strong>Gli studenti lavoratori possono stampare il &#8220;Giustificativo partecipazione lezione\/esame\/tesi per studente lavoratore&#8221;<\/strong>\u00a0<strong>nella sezione <a href=\"https:\/\/www.med.unipi.it\/index.php\/modulistica-studenti\/\">modulistica studenti<\/a> e consegnarlo\u00a0 al Presidente della Commissione per la firma<\/strong><\/p>\n<h3 style=\"text-align: center;\"><strong>Sessioni Laurea 2026<\/strong><\/h3>\n<p>31 marzo ore <strong>8.45<\/strong> prova pratica c\/o clinica psichiatrica, a seguire discussione tesi Aula PS2 <a href=\"https:\/\/www.med.unipi.it\/wp-content\/uploads\/2026\/03\/commissione-RIP-L_31mar26.pdf\">commissione<\/a><\/p>\n<p>27 ottobre<\/p>\n<h3 style=\"text-align: center;\"><strong>Sessioni Laurea 2025<\/strong><\/h3>\n<p>29 aprile 2025 &#8211; ore 9.00 prova pratica c\/o clinica psichiatrica; ore 11.00 discussione tesi Aula Massart <a href=\"https:\/\/www.med.unipi.it\/wp-content\/uploads\/2025\/04\/COMMISSIONE-RIP-L-_definitiva.pdf\">COMMISSIONE<\/a><\/p>\n<p>25 novembre 2025<span style=\"color: #ff0000;\"> ore 8.30 Edif. 3 S. Chiara Uo Psichiatria<\/span> per Prova pratica a seguire Aula Bellini Scuola Medica, e discussione della tesi Aula Massart <a href=\"https:\/\/www.med.unipi.it\/wp-content\/uploads\/2025\/11\/commissione-RIP-L-3.pdf\">commissione<\/a><strong>\u00a0definitiva<\/strong><\/p>\n<p style=\"text-align: center;\"><strong> COMUNICAZIONE IN MERITO AI FESTEGGIAMENTI IN OCCASIONE DELLE SEDUTE DI LAUREA<\/strong><\/p>\n<p><small>La Commissione di Sostenibilit\u00e0 di Ateneo (CoSA), ha avviato negli ultimi mesi una attenta analisi volta alla identificazione delle principali criticit\u00e0 nell\u2019ambito della gestione dei rifiuti del nostro Ateneo.<\/small><\/p>\n<p><small>La referente CoSA per i temi \u201cRifiuti e Acqua\u201d, prof.ssa Giulia Romano, ha attivato una collaborazione con il CONAI che si sostanzier\u00e0 nella definizione di un progetto complessivo per la gestione sostenibile dei rifiuti nel nostro Ateneo. L\u2019obiettivo \u00e8 quello di aumentare quantit\u00e0 e qualit\u00e0 della raccolta differenziata, migliorare la comunicazione e l\u2019informazione sui temi ambientali. Inoltre, saranno promosse azioni efficaci di riduzione del rifiuto generato in Ateneo, limitando l\u2019impatto ambientale della nostra comunit\u00e0 universitaria e contribuendo, contemporaneamente, a ridurre i costi connessi\u00a0alla gestione dei rifiuti e a migliorare il benessere complessivo.<\/small><\/p>\n<p><small>Nell\u2019attesa di uno sviluppo pi\u00f9 organico di questo progetto, in occasione delle sessioni di Laurea, si invitano gli interessati e le loro famiglie a non utilizzare coriandoli, stelle filanti e altro materiale che generi rifiuto disperso nell\u2019ambiente.<\/small><\/p>\n<hr \/>\n<p><strong>Sessioni di Laurea 2024:<\/strong><\/p>\n<p>16 aprile 2024 &#8211; <a href=\"https:\/\/www.med.unipi.it\/wp-content\/uploads\/2024\/04\/PROSPETTI-TESI-Riabilitazione-Psichiatrica.pdf\">PROSPETTI TESI Riabilitazione Psichiatrica<\/a> &#8211; <a href=\"https:\/\/www.med.unipi.it\/wp-content\/uploads\/2024\/04\/Decreto-Nomina-Commissione-RIP-1.pdf\">Decreto Nomina Commissione Riabilitazione Psichiatrica<\/a><\/p>\n<p>26 novembre 2024 &#8211; <a href=\"https:\/\/www.med.unipi.it\/wp-content\/uploads\/2024\/11\/PROSPETTI-TESI-RIP.pdf\">PROSPETTI TESI<\/a> &#8211;<a href=\"https:\/\/www.med.unipi.it\/wp-content\/uploads\/2024\/11\/Decreto-Nomina-Commissione.pdf\">Decreto di nomina<\/a> &#8211;<\/p>\n<p><strong>Sessioni di Laurea 2023:<\/strong><\/p>\n<p>4 aprile &#8211; <a href=\"https:\/\/www.med.unipi.it\/wp-content\/uploads\/2023\/03\/Decreto-Nomina-Commissione.pdf\">decreto<\/a> &#8211; <a href=\"https:\/\/www.med.unipi.it\/wp-content\/uploads\/2023\/03\/PROSPETTI-TESI_Aprile-2023.pdf\">prospetti<\/a><\/p>\n<p>21 novembre &#8211; <a href=\"https:\/\/www.med.unipi.it\/wp-content\/uploads\/2023\/11\/DECRETO-NOMINA-RIP.pdf\">decreto<\/a> &#8211; <a href=\"https:\/\/www.med.unipi.it\/wp-content\/uploads\/2023\/11\/PROSPETTI-TESI-RIP.pdf\">commissione<\/a><\/p>\n<p><strong>Sessioni di Laurea 2022:<\/strong><\/p>\n<p>26 Aprile 2022 &#8211;\u00a0<a href=\"https:\/\/www.med.unipi.it\/images\/ALLEGATI\/PU_commisisone_rip_26_aprile.pdf\">decreto<\/a>\u00a0&#8211;\u00a0<a href=\"https:\/\/www.med.unipi.it\/images\/ALLEGATI\/PROSPETTI_TESI_Aprile_2022.pdf\">prospetto<\/a><\/p>\n<p>8 Novembre 2022 &#8211;\u00a0<a href=\"https:\/\/www.med.unipi.it\/images\/Decreto_Nomina_Commissione.pdf\">decreto<\/a>\u00a0&#8211;\u00a0<a href=\"https:\/\/www.med.unipi.it\/images\/PROSPETTI_TESI_Novembre_2022.pdf\">commissione<\/a><\/p>\n<p><strong>Sessioni di Laurea 2021:<\/strong><\/p>\n<p>30 Marzo 2021<\/p>\n<p>9 Novembre 2021 &#8211;\u00a0<a href=\"https:\/\/www.med.unipi.it\/images\/ALLEGATI\/nomina_commissioni_Novembre_2021.pdf\">decreto<\/a>\u00a0&#8211;\u00a0<a href=\"https:\/\/www.med.unipi.it\/images\/ALLEGATI\/PROSPETTI_TESI_Novembre2021_per_sito.pdf\">prospetto<\/a><\/p>\n<p><a href=\"https:\/\/teams.microsoft.com\/l\/meetup-join\/19%3ameeting_YzUwNTM2OTgtNGJiMC00OWViLTk2ZTAtNmRlZmE3ZTdlYmM2%40thread.v2\/0?context=%7b%22Tid%22%3a%22c7456b31-a220-47f5-be52-473828670aa1%22%2c%22Oid%22%3a%2246794989-c883-41c5-8dec-dda4608de11e%22%7d\">collegamento all&#8217;aula pubblica<\/a><\/p>\n<p><strong>Sessioni di Laurea 2020:<\/strong><\/p>\n<p>10 Novembre 2020<\/p>\n<p><strong>Sessioni di Laurea 2019:<\/strong><\/p>\n<p>Ottobre &#8211;\u00a0<a href=\"https:\/\/www.med.unipi.it\/images\/ALLEGATI\/ScienzeMotorie\/Decreto_Nomina.pdf\">decreto<\/a>\u00a0&#8211;\u00a0<a href=\"https:\/\/www.med.unipi.it\/images\/ALLEGATI\/ScienzeMotorie\/PROSPETTI_TESI_Ottobre2019_1.pdf\">prospetto<\/a><\/p>\n<hr \/>\n<p><strong>ASSEGNAZIONE STUDENTI &#8211; DOCENTI TUTOR\u00a0<\/strong><\/p>\n<p><a href=\"https:\/\/www.med.unipi.it\/wp-content\/uploads\/2025\/05\/RIP-Ass-stud-tutor-2024-2025.pdf\">RIP Ass stud-tutor 2024-2025<\/a><\/p>\n<p>&nbsp;<\/p>\n<p>&nbsp;<\/p>\n","protected":false},"excerpt":{"rendered":"<p>PROCEDURA PER RICHIESTA RICONOSCIMENTO CREDITI Viene gestita dalle segreterie studenti: https:\/\/www.unipi.it\/didattica\/segreterie\/gestione-della-carriera\/riconoscimento-crediti-formativi\/ il modulo va mandato a med.segreteriastudenti@unipi.it\u00a0con allegati i programmi&hellip;<\/p>\n<p><a class=\"btn btn-dark btn-sm unipi-read-more-link\" href=\"https:\/\/www.med.unipi.it\/index.php\/corsi-di-laurea\/riabilitazione-psichiatrica\/lauree-riabpsich\/\">Leggi tutto&#8230;<\/a><\/p>\n","protected":false},"author":1,"featured_media":0,"parent":116,"menu_order":0,"comment_status":"closed","ping_status":"closed","template":"","meta":{"footnotes":""},"categories":[31],"tags":[],"class_list":["post-416","page","type-page","status-publish","hentry","category-riabilitazione-psichiatrica"],"yoast_head":"<!-- This site is optimized with the Yoast SEO plugin v27.0 - https:\/\/yoast.com\/product\/yoast-seo-wordpress\/ -->\n<title>Procedure, Documenti e Lauree - Scuola di Medicina<\/title>\n<meta name=\"robots\" content=\"index, follow, max-snippet:-1, max-image-preview:large, max-video-preview:-1\" \/>\n<link rel=\"canonical\" href=\"https:\/\/www.med.unipi.it\/index.php\/corsi-di-laurea\/riabilitazione-psichiatrica\/lauree-riabpsich\/\" \/>\n<meta property=\"og:locale\" content=\"it_IT\" \/>\n<meta property=\"og:type\" content=\"article\" \/>\n<meta property=\"og:title\" content=\"Procedure, Documenti e Lauree - Scuola di Medicina\" \/>\n<meta property=\"og:description\" content=\"PROCEDURA PER RICHIESTA RICONOSCIMENTO CREDITI Viene gestita dalle segreterie studenti: https:\/\/www.unipi.it\/didattica\/segreterie\/gestione-della-carriera\/riconoscimento-crediti-formativi\/ il modulo va mandato a med.segreteriastudenti@unipi.it\u00a0con allegati i programmi&hellip;Leggi tutto...\" \/>\n<meta property=\"og:url\" content=\"https:\/\/www.med.unipi.it\/index.php\/corsi-di-laurea\/riabilitazione-psichiatrica\/lauree-riabpsich\/\" \/>\n<meta property=\"og:site_name\" content=\"Scuola di Medicina\" \/>\n<meta property=\"article:modified_time\" content=\"2026-04-02T08:01:12+00:00\" \/>\n<meta name=\"twitter:card\" content=\"summary_large_image\" \/>\n<meta name=\"twitter:label1\" content=\"Tempo di lettura stimato\" \/>\n\t<meta name=\"twitter:data1\" content=\"5 minuti\" \/>\n<script type=\"application\/ld+json\" class=\"yoast-schema-graph\">{\"@context\":\"https:\/\/schema.org\",\"@graph\":[{\"@type\":\"WebPage\",\"@id\":\"https:\/\/www.med.unipi.it\/index.php\/corsi-di-laurea\/riabilitazione-psichiatrica\/lauree-riabpsich\/\",\"url\":\"https:\/\/www.med.unipi.it\/index.php\/corsi-di-laurea\/riabilitazione-psichiatrica\/lauree-riabpsich\/\",\"name\":\"Procedure, Documenti e Lauree - Scuola di Medicina\",\"isPartOf\":{\"@id\":\"https:\/\/www.med.unipi.it\/#website\"},\"datePublished\":\"2022-11-07T09:54:01+00:00\",\"dateModified\":\"2026-04-02T08:01:12+00:00\",\"breadcrumb\":{\"@id\":\"https:\/\/www.med.unipi.it\/index.php\/corsi-di-laurea\/riabilitazione-psichiatrica\/lauree-riabpsich\/#breadcrumb\"},\"inLanguage\":\"it-IT\",\"potentialAction\":[{\"@type\":\"ReadAction\",\"target\":[\"https:\/\/www.med.unipi.it\/index.php\/corsi-di-laurea\/riabilitazione-psichiatrica\/lauree-riabpsich\/\"]}]},{\"@type\":\"BreadcrumbList\",\"@id\":\"https:\/\/www.med.unipi.it\/index.php\/corsi-di-laurea\/riabilitazione-psichiatrica\/lauree-riabpsich\/#breadcrumb\",\"itemListElement\":[{\"@type\":\"ListItem\",\"position\":1,\"name\":\"Home\",\"item\":\"https:\/\/www.med.unipi.it\/\"},{\"@type\":\"ListItem\",\"position\":2,\"name\":\"Corsi di Laurea\",\"item\":\"https:\/\/www.med.unipi.it\/index.php\/corsi-di-laurea\/\"},{\"@type\":\"ListItem\",\"position\":3,\"name\":\"Riabilitazione Psichiatrica\",\"item\":\"https:\/\/www.med.unipi.it\/index.php\/corsi-di-laurea\/riabilitazione-psichiatrica\/\"},{\"@type\":\"ListItem\",\"position\":4,\"name\":\"Procedure, Documenti e Lauree\"}]},{\"@type\":\"WebSite\",\"@id\":\"https:\/\/www.med.unipi.it\/#website\",\"url\":\"https:\/\/www.med.unipi.it\/\",\"name\":\"Scuola di Medicina\",\"description\":\"\",\"potentialAction\":[{\"@type\":\"SearchAction\",\"target\":{\"@type\":\"EntryPoint\",\"urlTemplate\":\"https:\/\/www.med.unipi.it\/?s={search_term_string}\"},\"query-input\":{\"@type\":\"PropertyValueSpecification\",\"valueRequired\":true,\"valueName\":\"search_term_string\"}}],\"inLanguage\":\"it-IT\"}]}<\/script>\n<!-- \/ Yoast SEO plugin. -->","yoast_head_json":{"title":"Procedure, Documenti e Lauree - Scuola di Medicina","robots":{"index":"index","follow":"follow","max-snippet":"max-snippet:-1","max-image-preview":"max-image-preview:large","max-video-preview":"max-video-preview:-1"},"canonical":"https:\/\/www.med.unipi.it\/index.php\/corsi-di-laurea\/riabilitazione-psichiatrica\/lauree-riabpsich\/","og_locale":"it_IT","og_type":"article","og_title":"Procedure, Documenti e Lauree - Scuola di Medicina","og_description":"PROCEDURA PER RICHIESTA RICONOSCIMENTO CREDITI Viene gestita dalle segreterie studenti: https:\/\/www.unipi.it\/didattica\/segreterie\/gestione-della-carriera\/riconoscimento-crediti-formativi\/ il modulo va mandato a med.segreteriastudenti@unipi.it\u00a0con allegati i programmi&hellip;Leggi tutto...","og_url":"https:\/\/www.med.unipi.it\/index.php\/corsi-di-laurea\/riabilitazione-psichiatrica\/lauree-riabpsich\/","og_site_name":"Scuola di Medicina","article_modified_time":"2026-04-02T08:01:12+00:00","twitter_card":"summary_large_image","twitter_misc":{"Tempo di lettura stimato":"5 minuti"},"schema":{"@context":"https:\/\/schema.org","@graph":[{"@type":"WebPage","@id":"https:\/\/www.med.unipi.it\/index.php\/corsi-di-laurea\/riabilitazione-psichiatrica\/lauree-riabpsich\/","url":"https:\/\/www.med.unipi.it\/index.php\/corsi-di-laurea\/riabilitazione-psichiatrica\/lauree-riabpsich\/","name":"Procedure, Documenti e Lauree - Scuola di Medicina","isPartOf":{"@id":"https:\/\/www.med.unipi.it\/#website"},"datePublished":"2022-11-07T09:54:01+00:00","dateModified":"2026-04-02T08:01:12+00:00","breadcrumb":{"@id":"https:\/\/www.med.unipi.it\/index.php\/corsi-di-laurea\/riabilitazione-psichiatrica\/lauree-riabpsich\/#breadcrumb"},"inLanguage":"it-IT","potentialAction":[{"@type":"ReadAction","target":["https:\/\/www.med.unipi.it\/index.php\/corsi-di-laurea\/riabilitazione-psichiatrica\/lauree-riabpsich\/"]}]},{"@type":"BreadcrumbList","@id":"https:\/\/www.med.unipi.it\/index.php\/corsi-di-laurea\/riabilitazione-psichiatrica\/lauree-riabpsich\/#breadcrumb","itemListElement":[{"@type":"ListItem","position":1,"name":"Home","item":"https:\/\/www.med.unipi.it\/"},{"@type":"ListItem","position":2,"name":"Corsi di Laurea","item":"https:\/\/www.med.unipi.it\/index.php\/corsi-di-laurea\/"},{"@type":"ListItem","position":3,"name":"Riabilitazione Psichiatrica","item":"https:\/\/www.med.unipi.it\/index.php\/corsi-di-laurea\/riabilitazione-psichiatrica\/"},{"@type":"ListItem","position":4,"name":"Procedure, Documenti e Lauree"}]},{"@type":"WebSite","@id":"https:\/\/www.med.unipi.it\/#website","url":"https:\/\/www.med.unipi.it\/","name":"Scuola di Medicina","description":"","potentialAction":[{"@type":"SearchAction","target":{"@type":"EntryPoint","urlTemplate":"https:\/\/www.med.unipi.it\/?s={search_term_string}"},"query-input":{"@type":"PropertyValueSpecification","valueRequired":true,"valueName":"search_term_string"}}],"inLanguage":"it-IT"}]}},"_links":{"self":[{"href":"https:\/\/www.med.unipi.it\/index.php\/wp-json\/wp\/v2\/pages\/416","targetHints":{"allow":["GET"]}}],"collection":[{"href":"https:\/\/www.med.unipi.it\/index.php\/wp-json\/wp\/v2\/pages"}],"about":[{"href":"https:\/\/www.med.unipi.it\/index.php\/wp-json\/wp\/v2\/types\/page"}],"author":[{"embeddable":true,"href":"https:\/\/www.med.unipi.it\/index.php\/wp-json\/wp\/v2\/users\/1"}],"replies":[{"embeddable":true,"href":"https:\/\/www.med.unipi.it\/index.php\/wp-json\/wp\/v2\/comments?post=416"}],"version-history":[{"count":43,"href":"https:\/\/www.med.unipi.it\/index.php\/wp-json\/wp\/v2\/pages\/416\/revisions"}],"predecessor-version":[{"id":14181,"href":"https:\/\/www.med.unipi.it\/index.php\/wp-json\/wp\/v2\/pages\/416\/revisions\/14181"}],"up":[{"embeddable":true,"href":"https:\/\/www.med.unipi.it\/index.php\/wp-json\/wp\/v2\/pages\/116"}],"wp:attachment":[{"href":"https:\/\/www.med.unipi.it\/index.php\/wp-json\/wp\/v2\/media?parent=416"}],"wp:term":[{"taxonomy":"category","embeddable":true,"href":"https:\/\/www.med.unipi.it\/index.php\/wp-json\/wp\/v2\/categories?post=416"},{"taxonomy":"post_tag","embeddable":true,"href":"https:\/\/www.med.unipi.it\/index.php\/wp-json\/wp\/v2\/tags?post=416"}],"curies":[{"name":"wp","href":"https:\/\/api.w.org\/{rel}","templated":true}]}}