{"id":556,"date":"2022-11-07T09:27:48","date_gmt":"2022-11-07T08:27:48","guid":{"rendered":"https:\/\/www.med.unipi.it\/?page_id=556"},"modified":"2026-01-07T11:36:27","modified_gmt":"2026-01-07T10:36:27","slug":"prelievi-e-visite-mediche-igident","status":"publish","type":"page","link":"https:\/\/www.med.unipi.it\/index.php\/corsi-di-laurea\/igiene-dentale\/prelievi-e-visite-mediche-igident\/","title":{"rendered":"Prelievi e visite mediche"},"content":{"rendered":"<h4 data-ogsc=\"rgb(0, 0, 0)\"><strong>Protocollo sanitario di sorveglianza sanitaria predisposto dall\u2019Unit\u00e0 Operativa Medicina Preventiva del Lavoro &#8211; Azienda Ospedaliera Universitaria Pisana<\/strong><\/h4>\n<div data-ogsc=\"rgb(0, 0, 0)\">\n<div data-ogsc=\"rgb(0, 0, 0)\">Come previsto dalla normativa vigente (D.Lgs.81\/08 art.41 e successive modifiche), gli studenti iscritti ai Corsi di Studio dell\u2019Area Medica\u00a0 devono essere sottoposti alla sorveglianza sanitaria a cura della Unit\u00e0 Operativa\u00a0 di Medicina Preventiva del Lavoro.<\/div>\n<div data-ogsc=\"rgb(0, 0, 0)\">\n<p>Di seguito la procedura che gli studenti e le studentesse regolarmente iscritti, per l\u2019a.a. 2025-2026, al primo anno del CDS in IGIENE DENTALE\u00a0 devono seguire entro la data del 28\/02\/2026:<\/p>\n<\/div>\n<ol start=\"1\">\n<li data-ogsc=\"rgb(0, 0, 0)\">Inviare l\u2019\u00a0<a href=\"https:\/\/www.med.unipi.it\/wp-content\/uploads\/2026\/01\/2502-T06_PO-01_atto-notorio_questionario-Addetti-Ass.za-e-FTP.pdf\"><span role=\"presentation\" data-ogsc=\"rgb(0, 101, 190)\"><u data-ogsc=\"\">Autocertificazione<\/u><\/span><\/a>\u00a0compilata datata e firmata\u00a0n un unico file in formato PDF +\u00a0<u data-ogsc=\"\">Certificato Vaccinale<\/u>\u00a0completo esclusivamente in formato PDF all\u2019indirizzo di posta elettronica\u00a0<strong>__________________________<\/strong><\/li>\n<li data-ogsc=\"rgb(0, 0, 0)\">Procedere alla prenotazione 1) del prelievo e successivamente 2) della visita preventiva\/preassuntiva al link ________________________\u00a0compilando tutti i campi predisposti. Per assistenza tecnica contattare il numero verde 800814013.<\/li>\n<li data-ogsc=\"rgb(0, 0, 0)\">Nel giorno del prelievo ricordarsi di portare un campione di urine del mattino utilizzando l\u2019apposito contenitore che potete richiedere (Centri prelievo di Cisanello e S. Chiara) unitamente al\u00a0<span role=\"presentation\" data-ogsc=\"rgb(0, 101, 190)\">modulo del consenso informato<\/span>\u00a0debitamente compilato e sottoscritto.<\/li>\n<\/ol>\n<p>I referti degli esami verranno consegnati dal Medico Competente durante la visita che effettuerete presso la sede scelta in fase di prenotazione: P.O S. Chiara Ed.18 piano 2 o P.O. Cisanello Ed. 1\/F P.T..<\/p>\n<div data-ogsc=\"rgb(0, 0, 0)\"><a href=\"https:\/\/www.med.unipi.it\/wp-content\/uploads\/2026\/01\/Istruzioni-visita-preventiva-preassuntiva-IGD.pdf\">Informazioni<\/a> a cura di: U.O. Medicina Preventiva del Lavoro.<\/div>\n<div data-ogsc=\"rgb(0, 0, 0)\">Sede principale UO. Medicina Preventiva del Lavoro stabilimento di Cisanello -Via Paradisa, 2 \u2013 56126 \u2013 Cisanello \u2013 Pisa- Edificio 1 ingresso F \u2013 tel 050.993816\/6341 tel\/fax 050.996829.<\/div>\n<div data-ogsc=\"rgb(0, 0, 0)\"><\/div>\n<div data-ogsc=\"rgb(0, 0, 0)\">Chi \u00e8 gi\u00e0 in possesso di idoneit\u00e0 rilasciata dalla Medicina Preventiva in un precedente percorso accademico, prima di inviare la documentazione e prenotarsi per una nuova visita, \u00e8 pregato di mettersi in contatto con la Sig.ra Monica Cecchi (monica.cecchi@unipi.it).<\/div>\n<\/div>\n","protected":false},"excerpt":{"rendered":"<p>Protocollo sanitario di sorveglianza sanitaria predisposto dall\u2019Unit\u00e0 Operativa Medicina Preventiva del Lavoro &#8211; Azienda Ospedaliera Universitaria Pisana Come previsto dalla&hellip;<\/p>\n<p><a class=\"btn btn-dark btn-sm unipi-read-more-link\" href=\"https:\/\/www.med.unipi.it\/index.php\/corsi-di-laurea\/igiene-dentale\/prelievi-e-visite-mediche-igident\/\">Leggi tutto&#8230;<\/a><\/p>\n","protected":false},"author":1,"featured_media":0,"parent":528,"menu_order":0,"comment_status":"closed","ping_status":"closed","template":"","meta":{"footnotes":""},"categories":[54],"tags":[],"class_list":["post-556","page","type-page","status-publish","hentry","category-igiene-dentale"],"yoast_head":"<!-- This site is optimized with the Yoast SEO plugin v27.0 - https:\/\/yoast.com\/product\/yoast-seo-wordpress\/ -->\n<title>Prelievi e visite mediche - Scuola di Medicina<\/title>\n<meta name=\"robots\" content=\"index, follow, max-snippet:-1, max-image-preview:large, max-video-preview:-1\" \/>\n<link rel=\"canonical\" href=\"https:\/\/www.med.unipi.it\/index.php\/corsi-di-laurea\/igiene-dentale\/prelievi-e-visite-mediche-igident\/\" \/>\n<meta property=\"og:locale\" content=\"it_IT\" \/>\n<meta property=\"og:type\" content=\"article\" \/>\n<meta property=\"og:title\" content=\"Prelievi e visite mediche - Scuola di Medicina\" \/>\n<meta property=\"og:description\" content=\"Protocollo sanitario di sorveglianza sanitaria predisposto dall\u2019Unit\u00e0 Operativa Medicina Preventiva del Lavoro &#8211; Azienda Ospedaliera Universitaria Pisana Come previsto dalla&hellip;Leggi tutto...\" \/>\n<meta property=\"og:url\" content=\"https:\/\/www.med.unipi.it\/index.php\/corsi-di-laurea\/igiene-dentale\/prelievi-e-visite-mediche-igident\/\" \/>\n<meta property=\"og:site_name\" content=\"Scuola di Medicina\" \/>\n<meta property=\"article:modified_time\" content=\"2026-01-07T10:36:27+00:00\" \/>\n<meta name=\"twitter:card\" content=\"summary_large_image\" \/>\n<meta name=\"twitter:label1\" content=\"Tempo di lettura stimato\" \/>\n\t<meta name=\"twitter:data1\" content=\"2 minuti\" \/>\n<script type=\"application\/ld+json\" class=\"yoast-schema-graph\">{\"@context\":\"https:\/\/schema.org\",\"@graph\":[{\"@type\":\"WebPage\",\"@id\":\"https:\/\/www.med.unipi.it\/index.php\/corsi-di-laurea\/igiene-dentale\/prelievi-e-visite-mediche-igident\/\",\"url\":\"https:\/\/www.med.unipi.it\/index.php\/corsi-di-laurea\/igiene-dentale\/prelievi-e-visite-mediche-igident\/\",\"name\":\"Prelievi e visite mediche - Scuola di Medicina\",\"isPartOf\":{\"@id\":\"https:\/\/www.med.unipi.it\/#website\"},\"datePublished\":\"2022-11-07T08:27:48+00:00\",\"dateModified\":\"2026-01-07T10:36:27+00:00\",\"breadcrumb\":{\"@id\":\"https:\/\/www.med.unipi.it\/index.php\/corsi-di-laurea\/igiene-dentale\/prelievi-e-visite-mediche-igident\/#breadcrumb\"},\"inLanguage\":\"it-IT\",\"potentialAction\":[{\"@type\":\"ReadAction\",\"target\":[\"https:\/\/www.med.unipi.it\/index.php\/corsi-di-laurea\/igiene-dentale\/prelievi-e-visite-mediche-igident\/\"]}]},{\"@type\":\"BreadcrumbList\",\"@id\":\"https:\/\/www.med.unipi.it\/index.php\/corsi-di-laurea\/igiene-dentale\/prelievi-e-visite-mediche-igident\/#breadcrumb\",\"itemListElement\":[{\"@type\":\"ListItem\",\"position\":1,\"name\":\"Home\",\"item\":\"https:\/\/www.med.unipi.it\/\"},{\"@type\":\"ListItem\",\"position\":2,\"name\":\"Corsi di Laurea\",\"item\":\"https:\/\/www.med.unipi.it\/index.php\/corsi-di-laurea\/\"},{\"@type\":\"ListItem\",\"position\":3,\"name\":\"Igiene Dentale\",\"item\":\"https:\/\/www.med.unipi.it\/index.php\/corsi-di-laurea\/igiene-dentale\/\"},{\"@type\":\"ListItem\",\"position\":4,\"name\":\"Prelievi e visite mediche\"}]},{\"@type\":\"WebSite\",\"@id\":\"https:\/\/www.med.unipi.it\/#website\",\"url\":\"https:\/\/www.med.unipi.it\/\",\"name\":\"Scuola di Medicina\",\"description\":\"\",\"potentialAction\":[{\"@type\":\"SearchAction\",\"target\":{\"@type\":\"EntryPoint\",\"urlTemplate\":\"https:\/\/www.med.unipi.it\/?s={search_term_string}\"},\"query-input\":{\"@type\":\"PropertyValueSpecification\",\"valueRequired\":true,\"valueName\":\"search_term_string\"}}],\"inLanguage\":\"it-IT\"}]}<\/script>\n<!-- \/ Yoast SEO plugin. -->","yoast_head_json":{"title":"Prelievi e visite mediche - Scuola di Medicina","robots":{"index":"index","follow":"follow","max-snippet":"max-snippet:-1","max-image-preview":"max-image-preview:large","max-video-preview":"max-video-preview:-1"},"canonical":"https:\/\/www.med.unipi.it\/index.php\/corsi-di-laurea\/igiene-dentale\/prelievi-e-visite-mediche-igident\/","og_locale":"it_IT","og_type":"article","og_title":"Prelievi e visite mediche - Scuola di Medicina","og_description":"Protocollo sanitario di sorveglianza sanitaria predisposto dall\u2019Unit\u00e0 Operativa Medicina Preventiva del Lavoro &#8211; Azienda Ospedaliera Universitaria Pisana Come previsto dalla&hellip;Leggi tutto...","og_url":"https:\/\/www.med.unipi.it\/index.php\/corsi-di-laurea\/igiene-dentale\/prelievi-e-visite-mediche-igident\/","og_site_name":"Scuola di Medicina","article_modified_time":"2026-01-07T10:36:27+00:00","twitter_card":"summary_large_image","twitter_misc":{"Tempo di lettura stimato":"2 minuti"},"schema":{"@context":"https:\/\/schema.org","@graph":[{"@type":"WebPage","@id":"https:\/\/www.med.unipi.it\/index.php\/corsi-di-laurea\/igiene-dentale\/prelievi-e-visite-mediche-igident\/","url":"https:\/\/www.med.unipi.it\/index.php\/corsi-di-laurea\/igiene-dentale\/prelievi-e-visite-mediche-igident\/","name":"Prelievi e visite mediche - Scuola di Medicina","isPartOf":{"@id":"https:\/\/www.med.unipi.it\/#website"},"datePublished":"2022-11-07T08:27:48+00:00","dateModified":"2026-01-07T10:36:27+00:00","breadcrumb":{"@id":"https:\/\/www.med.unipi.it\/index.php\/corsi-di-laurea\/igiene-dentale\/prelievi-e-visite-mediche-igident\/#breadcrumb"},"inLanguage":"it-IT","potentialAction":[{"@type":"ReadAction","target":["https:\/\/www.med.unipi.it\/index.php\/corsi-di-laurea\/igiene-dentale\/prelievi-e-visite-mediche-igident\/"]}]},{"@type":"BreadcrumbList","@id":"https:\/\/www.med.unipi.it\/index.php\/corsi-di-laurea\/igiene-dentale\/prelievi-e-visite-mediche-igident\/#breadcrumb","itemListElement":[{"@type":"ListItem","position":1,"name":"Home","item":"https:\/\/www.med.unipi.it\/"},{"@type":"ListItem","position":2,"name":"Corsi di Laurea","item":"https:\/\/www.med.unipi.it\/index.php\/corsi-di-laurea\/"},{"@type":"ListItem","position":3,"name":"Igiene Dentale","item":"https:\/\/www.med.unipi.it\/index.php\/corsi-di-laurea\/igiene-dentale\/"},{"@type":"ListItem","position":4,"name":"Prelievi e visite mediche"}]},{"@type":"WebSite","@id":"https:\/\/www.med.unipi.it\/#website","url":"https:\/\/www.med.unipi.it\/","name":"Scuola di Medicina","description":"","potentialAction":[{"@type":"SearchAction","target":{"@type":"EntryPoint","urlTemplate":"https:\/\/www.med.unipi.it\/?s={search_term_string}"},"query-input":{"@type":"PropertyValueSpecification","valueRequired":true,"valueName":"search_term_string"}}],"inLanguage":"it-IT"}]}},"_links":{"self":[{"href":"https:\/\/www.med.unipi.it\/index.php\/wp-json\/wp\/v2\/pages\/556","targetHints":{"allow":["GET"]}}],"collection":[{"href":"https:\/\/www.med.unipi.it\/index.php\/wp-json\/wp\/v2\/pages"}],"about":[{"href":"https:\/\/www.med.unipi.it\/index.php\/wp-json\/wp\/v2\/types\/page"}],"author":[{"embeddable":true,"href":"https:\/\/www.med.unipi.it\/index.php\/wp-json\/wp\/v2\/users\/1"}],"replies":[{"embeddable":true,"href":"https:\/\/www.med.unipi.it\/index.php\/wp-json\/wp\/v2\/comments?post=556"}],"version-history":[{"count":20,"href":"https:\/\/www.med.unipi.it\/index.php\/wp-json\/wp\/v2\/pages\/556\/revisions"}],"predecessor-version":[{"id":12643,"href":"https:\/\/www.med.unipi.it\/index.php\/wp-json\/wp\/v2\/pages\/556\/revisions\/12643"}],"up":[{"embeddable":true,"href":"https:\/\/www.med.unipi.it\/index.php\/wp-json\/wp\/v2\/pages\/528"}],"wp:attachment":[{"href":"https:\/\/www.med.unipi.it\/index.php\/wp-json\/wp\/v2\/media?parent=556"}],"wp:term":[{"taxonomy":"category","embeddable":true,"href":"https:\/\/www.med.unipi.it\/index.php\/wp-json\/wp\/v2\/categories?post=556"},{"taxonomy":"post_tag","embeddable":true,"href":"https:\/\/www.med.unipi.it\/index.php\/wp-json\/wp\/v2\/tags?post=556"}],"curies":[{"name":"wp","href":"https:\/\/api.w.org\/{rel}","templated":true}]}}