{"id":636,"date":"2020-10-15T09:01:02","date_gmt":"2020-10-15T07:01:02","guid":{"rendered":"https:\/\/www.med.unipi.it\/?page_id=636"},"modified":"2025-10-01T12:49:53","modified_gmt":"2025-10-01T10:49:53","slug":"tecniche-della-prevenzione-nellambiente-e-nei-luoghi-di-lavoro","status":"publish","type":"page","link":"https:\/\/www.med.unipi.it\/index.php\/corsi-di-laurea\/tecniche-della-prevenzione-nellambiente-e-nei-luoghi-di-lavoro\/","title":{"rendered":"Tecniche della prevenzione nell&#8217;ambiente e nei luoghi di lavoro"},"content":{"rendered":"<button id=\"listenButton1\" class=\"responsivevoice-button\" type=\"button\" value=\"Play\" title=\"ResponsiveVoice Tap to Start\/Stop Speech\"><span>&#128266; Play<\/span><\/button>\n        <script>\n            listenButton1.onclick = function(){\n                if(responsiveVoice.isPlaying()){\n                    responsiveVoice.cancel();\n                }else{\n                    responsiveVoice.speak(\"IL CORSO DI LAUREA I laureati in Tecniche della prevenzione nell\u2019ambiente e nei luoghi di lavoro sono operatori sanitari della prevenzione e, nei limiti delle loro attribuzioni, ufficiali di polizia giudiziaria. Collaborano con altre figure socio-sanitarie per svolgere attivit\u00e0 istruttoria finalizzata al rilascio di autorizzazioni tecnico-sanitarie. Le loro mansioni includono: Indagini e notifiche: istruiscono indagini e notificano eventuali irregolarit\u00e0 riscontrate. Vigilanza e controllo: monitorano gli ambienti di vita e di lavoro, verificando la necessit\u00e0 di accertamenti per infortuni e malattie professionali. Sicurezza e qualit\u00e0: controllano la conformit\u00e0 delle strutture e degli ambienti, valutano la qualit\u00e0 degli alimenti e delle bevande dalla produzione al consumo e garantiscono l\u2019igiene e sicurezza nei luoghi di lavoro. Tutela ambientale: sorvegliano la sicurezza di alimenti, cosmetici e sanit\u00e0 veterinaria, assicurando il rispetto di normative e regolamenti sulla prevenzione sanitaria e ambientale. Collaborazione con la giustizia: supportano l\u2019amministrazione giudiziaria nelle indagini su reati contro il patrimonio ambientale. Gli studenti apprendono: Statistica e informatica, per l\u2019analisi e gestione dei dati. Biologia e inquinamento ambientale, per comprendere le cause e gli effetti dell\u2019inquinamento chimico, fisico e biologico sulla salute umana. Patologie e prevenzione, riconoscendo le principali malattie professionali e i metodi di prevenzione. Processi e impianti alimentari, studiando le tecnologie pulite e la gestione degli impianti industriali. Valutazione del rischio, applicando procedure per la sicurezza nei luoghi di vita e di lavoro. Epidemiologia, per identificare i fattori di rischio. Normativa e economia sanitaria, comprendendo il sistema delle fonti normative in ambito sanitario. ACCESSO PROGRAMMATO Il corso di laurea \u00e8 un corso ad accesso limitato. \u00c8 previsto un test d\\'ammissione sulla base dei cui risultati avviene l\\'assegnazione dei posti disponibili il cui numero \u00e8 definito ogni anno dai Dipartimenti di Area Medica (Dipartimento di Medicina Clinica e Sperimentale, Dipartimento di Patologia Chirurgica, Medica, Molecolare e dell\\'Area Critica, Dipartimento di Ricerca Traslazionale e delle Nuove Tecnologie in Medicina e Chirurgia), di concerto con la Regione Toscana, sulla base delle effettive richieste del mercato del lavoro. Le lezioni sono svolte da docenti dei Dipartimenti di Area Medica e da esperti dei vari settori professionali. Particolare rilievo riveste l\\'attivit\u00e0 pratica e di tirocinio svolta sotto la supervisione di personale specializzato. AVVISO AGLI STUDENTI SUL TRATTAMENTO DEI DATI SENSIBILI.\u00a0 Clicca qui per sapere come i dati dei pazienti devono essere trattati, rivolto a tutti gli studenti delle professioni sanitare: TRATTAMENTO DATI SENSIBILI\", \"Italian Female\", {\"rate\":\"1\",\"pitch\":\"1.2\",\"volume\":\"0.8\"});\n                }\n            };\n        <\/script>\n    \n<h3><strong>IL CORSO DI LAUREA<\/strong><\/h3>\n<p data-start=\"101\" data-end=\"451\">I <strong data-start=\"103\" data-end=\"182\">laureati in Tecniche della prevenzione nell\u2019ambiente e nei luoghi di lavoro<\/strong> sono <strong data-start=\"188\" data-end=\"228\">operatori sanitari della prevenzione<\/strong> e, nei limiti delle loro attribuzioni, <strong data-start=\"268\" data-end=\"304\">ufficiali di polizia giudiziaria<\/strong>. Collaborano con altre figure socio-sanitarie per svolgere attivit\u00e0 istruttoria finalizzata al <strong data-start=\"400\" data-end=\"448\">rilascio di autorizzazioni tecnico-sanitarie<\/strong>.<\/p>\n<p data-start=\"453\" data-end=\"482\">Le loro mansioni includono:<\/p>\n<ul data-start=\"483\" data-end=\"1322\">\n<li data-start=\"483\" data-end=\"582\"><strong data-start=\"485\" data-end=\"509\">Indagini e notifiche<\/strong>: istruiscono indagini e notificano eventuali irregolarit\u00e0 riscontrate.<\/li>\n<li data-start=\"583\" data-end=\"747\"><strong data-start=\"585\" data-end=\"610\">Vigilanza e controllo<\/strong>: monitorano gli <strong data-start=\"627\" data-end=\"659\">ambienti di vita e di lavoro<\/strong>, verificando la necessit\u00e0 di accertamenti per <strong data-start=\"706\" data-end=\"744\">infortuni e malattie professionali<\/strong>.<\/li>\n<li data-start=\"748\" data-end=\"981\"><strong data-start=\"750\" data-end=\"773\">Sicurezza e qualit\u00e0<\/strong>: controllano la conformit\u00e0 delle strutture e degli ambienti, valutano la <strong data-start=\"847\" data-end=\"889\">qualit\u00e0 degli alimenti e delle bevande<\/strong> dalla produzione al consumo e garantiscono l\u2019<strong data-start=\"935\" data-end=\"978\">igiene e sicurezza nei luoghi di lavoro<\/strong>.<\/li>\n<li data-start=\"982\" data-end=\"1179\"><strong data-start=\"984\" data-end=\"1005\">Tutela ambientale<\/strong>: sorvegliano la sicurezza di <strong data-start=\"1035\" data-end=\"1079\">alimenti, cosmetici e sanit\u00e0 veterinaria<\/strong>, assicurando il rispetto di normative e regolamenti sulla <strong data-start=\"1138\" data-end=\"1176\">prevenzione sanitaria e ambientale<\/strong>.<\/li>\n<li data-start=\"1180\" data-end=\"1322\"><strong data-start=\"1182\" data-end=\"1217\">Collaborazione con la giustizia<\/strong>: supportano l\u2019amministrazione giudiziaria nelle <strong data-start=\"1266\" data-end=\"1319\">indagini su reati contro il patrimonio ambientale<\/strong>.<\/li>\n<\/ul>\n<p data-start=\"1378\" data-end=\"1404\">Gli studenti apprendono:<\/p>\n<ul>\n<li data-start=\"1405\" data-end=\"1473\"><strong data-start=\"1407\" data-end=\"1435\">Statistica e informatica<\/strong>, per l\u2019analisi e gestione dei dati.<\/li>\n<li data-start=\"1474\" data-end=\"1626\"><strong data-start=\"1476\" data-end=\"1514\">Biologia e inquinamento ambientale<\/strong>, per comprendere le cause e gli effetti dell\u2019<strong data-start=\"1560\" data-end=\"1604\">inquinamento chimico, fisico e biologico<\/strong> sulla salute umana.<\/li>\n<li data-start=\"1627\" data-end=\"1740\"><strong data-start=\"1629\" data-end=\"1656\">Patologie e prevenzione<\/strong>, riconoscendo le <strong data-start=\"1674\" data-end=\"1711\">principali malattie professionali<\/strong> e i metodi di prevenzione.<\/li>\n<li data-start=\"1741\" data-end=\"1853\"><strong data-start=\"1743\" data-end=\"1777\">Processi e impianti alimentari<\/strong>, studiando le tecnologie pulite e la gestione degli impianti industriali.<\/li>\n<li data-start=\"1854\" data-end=\"1956\"><strong data-start=\"1856\" data-end=\"1883\">Valutazione del rischio<\/strong>, applicando procedure per la sicurezza nei luoghi di vita e di lavoro.<\/li>\n<li data-start=\"1957\" data-end=\"2018\"><strong data-start=\"1959\" data-end=\"1976\">Epidemiologia<\/strong>, per identificare i fattori di rischio.<\/li>\n<li data-start=\"2019\" data-end=\"2125\"><strong data-start=\"2021\" data-end=\"2055\">Normativa e economia sanitaria<\/strong>, comprendendo il sistema delle fonti normative in ambito sanitario.<\/li>\n<\/ul>\n<p>&nbsp;<\/p>\n<h3><strong>ACCESSO PROGRAMMATO<\/strong><\/h3>\n<p>Il corso di laurea \u00e8 un corso ad <strong>accesso limitato<\/strong>. \u00c8 previsto un test d&#8217;ammissione sulla base dei cui risultati avviene l&#8217;assegnazione dei posti disponibili il cui numero \u00e8 definito ogni anno dai <strong>Dipartimenti di Area Medica<\/strong> (Dipartimento di Medicina Clinica e Sperimentale, Dipartimento di Patologia Chirurgica, Medica, Molecolare e dell&#8217;Area Critica, Dipartimento di Ricerca Traslazionale e delle Nuove Tecnologie in Medicina e Chirurgia), di concerto con la<strong> Regione Toscana<\/strong>, sulla base delle effettive richieste del mercato del lavoro.<br \/>\nLe lezioni sono svolte da docenti dei Dipartimenti di Area Medica e da esperti dei vari settori professionali.<\/p>\n<p><strong>Particolare rilievo riveste l&#8217;attivit\u00e0 pratica e di tirocinio svolta sotto la supervisione di personale specializzato.<\/strong><\/p>\n<h3><\/h3>\n<h3><strong>AVVISO AGLI STUDENTI SUL TRATTAMENTO DEI DATI SENSIBILI.\u00a0<\/strong><\/h3>\n<p>Clicca qui per sapere come i dati dei pazienti devono essere trattati, rivolto a tutti gli studenti delle professioni sanitare: <a href=\"https:\/\/www.med.unipi.it\/wp-content\/uploads\/2025\/06\/TRATT.-DATI-SENSIBILI.pdf\">TRATTAMENTO DATI SENSIBILI<\/a><\/p>\n","protected":false},"excerpt":{"rendered":"<p>IL CORSO DI LAUREA I laureati in Tecniche della prevenzione nell\u2019ambiente e nei luoghi di lavoro sono operatori sanitari della&hellip;<\/p>\n<p><a class=\"btn btn-dark btn-sm unipi-read-more-link\" href=\"https:\/\/www.med.unipi.it\/index.php\/corsi-di-laurea\/tecniche-della-prevenzione-nellambiente-e-nei-luoghi-di-lavoro\/\">Leggi tutto&#8230;<\/a><\/p>\n","protected":false},"author":1,"featured_media":0,"parent":68,"menu_order":0,"comment_status":"closed","ping_status":"closed","template":"","meta":{"footnotes":""},"categories":[62],"tags":[],"class_list":["post-636","page","type-page","status-publish","hentry","category-tecniche-della-prevenzione-nellambiente-e-nei-luoghi-di-lavoro"],"yoast_head":"<!-- This site is optimized with the Yoast SEO plugin v27.0 - https:\/\/yoast.com\/product\/yoast-seo-wordpress\/ -->\n<title>Tecniche della prevenzione nell&#039;ambiente e nei luoghi di lavoro - Scuola di Medicina<\/title>\n<meta name=\"robots\" content=\"index, follow, max-snippet:-1, max-image-preview:large, max-video-preview:-1\" \/>\n<link rel=\"canonical\" href=\"https:\/\/www.med.unipi.it\/index.php\/corsi-di-laurea\/tecniche-della-prevenzione-nellambiente-e-nei-luoghi-di-lavoro\/\" \/>\n<meta property=\"og:locale\" content=\"it_IT\" \/>\n<meta property=\"og:type\" content=\"article\" \/>\n<meta property=\"og:title\" content=\"Tecniche della prevenzione nell&#039;ambiente e nei luoghi di lavoro - Scuola di Medicina\" \/>\n<meta property=\"og:description\" content=\"IL CORSO DI LAUREA I laureati in Tecniche della prevenzione nell\u2019ambiente e nei luoghi di lavoro sono operatori sanitari della&hellip;Leggi tutto...\" \/>\n<meta property=\"og:url\" content=\"https:\/\/www.med.unipi.it\/index.php\/corsi-di-laurea\/tecniche-della-prevenzione-nellambiente-e-nei-luoghi-di-lavoro\/\" \/>\n<meta property=\"og:site_name\" content=\"Scuola di Medicina\" \/>\n<meta property=\"article:modified_time\" content=\"2025-10-01T10:49:53+00:00\" \/>\n<meta name=\"twitter:card\" content=\"summary_large_image\" \/>\n<meta name=\"twitter:label1\" content=\"Tempo di lettura stimato\" \/>\n\t<meta name=\"twitter:data1\" content=\"3 minuti\" \/>\n<script type=\"application\/ld+json\" class=\"yoast-schema-graph\">{\"@context\":\"https:\/\/schema.org\",\"@graph\":[{\"@type\":\"WebPage\",\"@id\":\"https:\/\/www.med.unipi.it\/index.php\/corsi-di-laurea\/tecniche-della-prevenzione-nellambiente-e-nei-luoghi-di-lavoro\/\",\"url\":\"https:\/\/www.med.unipi.it\/index.php\/corsi-di-laurea\/tecniche-della-prevenzione-nellambiente-e-nei-luoghi-di-lavoro\/\",\"name\":\"Tecniche della prevenzione nell'ambiente e nei luoghi di lavoro - Scuola di Medicina\",\"isPartOf\":{\"@id\":\"https:\/\/www.med.unipi.it\/#website\"},\"datePublished\":\"2020-10-15T07:01:02+00:00\",\"dateModified\":\"2025-10-01T10:49:53+00:00\",\"breadcrumb\":{\"@id\":\"https:\/\/www.med.unipi.it\/index.php\/corsi-di-laurea\/tecniche-della-prevenzione-nellambiente-e-nei-luoghi-di-lavoro\/#breadcrumb\"},\"inLanguage\":\"it-IT\",\"potentialAction\":[{\"@type\":\"ReadAction\",\"target\":[\"https:\/\/www.med.unipi.it\/index.php\/corsi-di-laurea\/tecniche-della-prevenzione-nellambiente-e-nei-luoghi-di-lavoro\/\"]}]},{\"@type\":\"BreadcrumbList\",\"@id\":\"https:\/\/www.med.unipi.it\/index.php\/corsi-di-laurea\/tecniche-della-prevenzione-nellambiente-e-nei-luoghi-di-lavoro\/#breadcrumb\",\"itemListElement\":[{\"@type\":\"ListItem\",\"position\":1,\"name\":\"Home\",\"item\":\"https:\/\/www.med.unipi.it\/\"},{\"@type\":\"ListItem\",\"position\":2,\"name\":\"Corsi di Laurea\",\"item\":\"https:\/\/www.med.unipi.it\/index.php\/corsi-di-laurea\/\"},{\"@type\":\"ListItem\",\"position\":3,\"name\":\"Tecniche della prevenzione nell&#8217;ambiente e nei luoghi di lavoro\"}]},{\"@type\":\"WebSite\",\"@id\":\"https:\/\/www.med.unipi.it\/#website\",\"url\":\"https:\/\/www.med.unipi.it\/\",\"name\":\"Scuola di Medicina\",\"description\":\"\",\"potentialAction\":[{\"@type\":\"SearchAction\",\"target\":{\"@type\":\"EntryPoint\",\"urlTemplate\":\"https:\/\/www.med.unipi.it\/?s={search_term_string}\"},\"query-input\":{\"@type\":\"PropertyValueSpecification\",\"valueRequired\":true,\"valueName\":\"search_term_string\"}}],\"inLanguage\":\"it-IT\"}]}<\/script>\n<!-- \/ Yoast SEO plugin. -->","yoast_head_json":{"title":"Tecniche della prevenzione nell'ambiente e nei luoghi di lavoro - Scuola di Medicina","robots":{"index":"index","follow":"follow","max-snippet":"max-snippet:-1","max-image-preview":"max-image-preview:large","max-video-preview":"max-video-preview:-1"},"canonical":"https:\/\/www.med.unipi.it\/index.php\/corsi-di-laurea\/tecniche-della-prevenzione-nellambiente-e-nei-luoghi-di-lavoro\/","og_locale":"it_IT","og_type":"article","og_title":"Tecniche della prevenzione nell'ambiente e nei luoghi di lavoro - Scuola di Medicina","og_description":"IL CORSO DI LAUREA I laureati in Tecniche della prevenzione nell\u2019ambiente e nei luoghi di lavoro sono operatori sanitari della&hellip;Leggi tutto...","og_url":"https:\/\/www.med.unipi.it\/index.php\/corsi-di-laurea\/tecniche-della-prevenzione-nellambiente-e-nei-luoghi-di-lavoro\/","og_site_name":"Scuola di Medicina","article_modified_time":"2025-10-01T10:49:53+00:00","twitter_card":"summary_large_image","twitter_misc":{"Tempo di lettura stimato":"3 minuti"},"schema":{"@context":"https:\/\/schema.org","@graph":[{"@type":"WebPage","@id":"https:\/\/www.med.unipi.it\/index.php\/corsi-di-laurea\/tecniche-della-prevenzione-nellambiente-e-nei-luoghi-di-lavoro\/","url":"https:\/\/www.med.unipi.it\/index.php\/corsi-di-laurea\/tecniche-della-prevenzione-nellambiente-e-nei-luoghi-di-lavoro\/","name":"Tecniche della prevenzione nell'ambiente e nei luoghi di lavoro - Scuola di Medicina","isPartOf":{"@id":"https:\/\/www.med.unipi.it\/#website"},"datePublished":"2020-10-15T07:01:02+00:00","dateModified":"2025-10-01T10:49:53+00:00","breadcrumb":{"@id":"https:\/\/www.med.unipi.it\/index.php\/corsi-di-laurea\/tecniche-della-prevenzione-nellambiente-e-nei-luoghi-di-lavoro\/#breadcrumb"},"inLanguage":"it-IT","potentialAction":[{"@type":"ReadAction","target":["https:\/\/www.med.unipi.it\/index.php\/corsi-di-laurea\/tecniche-della-prevenzione-nellambiente-e-nei-luoghi-di-lavoro\/"]}]},{"@type":"BreadcrumbList","@id":"https:\/\/www.med.unipi.it\/index.php\/corsi-di-laurea\/tecniche-della-prevenzione-nellambiente-e-nei-luoghi-di-lavoro\/#breadcrumb","itemListElement":[{"@type":"ListItem","position":1,"name":"Home","item":"https:\/\/www.med.unipi.it\/"},{"@type":"ListItem","position":2,"name":"Corsi di Laurea","item":"https:\/\/www.med.unipi.it\/index.php\/corsi-di-laurea\/"},{"@type":"ListItem","position":3,"name":"Tecniche della prevenzione nell&#8217;ambiente e nei luoghi di lavoro"}]},{"@type":"WebSite","@id":"https:\/\/www.med.unipi.it\/#website","url":"https:\/\/www.med.unipi.it\/","name":"Scuola di Medicina","description":"","potentialAction":[{"@type":"SearchAction","target":{"@type":"EntryPoint","urlTemplate":"https:\/\/www.med.unipi.it\/?s={search_term_string}"},"query-input":{"@type":"PropertyValueSpecification","valueRequired":true,"valueName":"search_term_string"}}],"inLanguage":"it-IT"}]}},"_links":{"self":[{"href":"https:\/\/www.med.unipi.it\/index.php\/wp-json\/wp\/v2\/pages\/636","targetHints":{"allow":["GET"]}}],"collection":[{"href":"https:\/\/www.med.unipi.it\/index.php\/wp-json\/wp\/v2\/pages"}],"about":[{"href":"https:\/\/www.med.unipi.it\/index.php\/wp-json\/wp\/v2\/types\/page"}],"author":[{"embeddable":true,"href":"https:\/\/www.med.unipi.it\/index.php\/wp-json\/wp\/v2\/users\/1"}],"replies":[{"embeddable":true,"href":"https:\/\/www.med.unipi.it\/index.php\/wp-json\/wp\/v2\/comments?post=636"}],"version-history":[{"count":6,"href":"https:\/\/www.med.unipi.it\/index.php\/wp-json\/wp\/v2\/pages\/636\/revisions"}],"predecessor-version":[{"id":10893,"href":"https:\/\/www.med.unipi.it\/index.php\/wp-json\/wp\/v2\/pages\/636\/revisions\/10893"}],"up":[{"embeddable":true,"href":"https:\/\/www.med.unipi.it\/index.php\/wp-json\/wp\/v2\/pages\/68"}],"wp:attachment":[{"href":"https:\/\/www.med.unipi.it\/index.php\/wp-json\/wp\/v2\/media?parent=636"}],"wp:term":[{"taxonomy":"category","embeddable":true,"href":"https:\/\/www.med.unipi.it\/index.php\/wp-json\/wp\/v2\/categories?post=636"},{"taxonomy":"post_tag","embeddable":true,"href":"https:\/\/www.med.unipi.it\/index.php\/wp-json\/wp\/v2\/tags?post=636"}],"curies":[{"name":"wp","href":"https:\/\/api.w.org\/{rel}","templated":true}]}}