{"id":692,"date":"2022-11-11T10:33:57","date_gmt":"2022-11-11T09:33:57","guid":{"rendered":"https:\/\/www.med.unipi.it\/?page_id=692"},"modified":"2025-10-28T09:52:27","modified_gmt":"2025-10-28T08:52:27","slug":"regolamento-didattico-tpall","status":"publish","type":"page","link":"https:\/\/www.med.unipi.it\/index.php\/corsi-di-laurea\/tecniche-della-prevenzione-nellambiente-e-nei-luoghi-di-lavoro\/regolamento-didattico-tpall\/","title":{"rendered":"Regolamento didattico"},"content":{"rendered":"<h3><strong>IL REGOLAMENTO DIDATTICO<\/strong><\/h3>\n<p>Dall&#8217;Art. 12 del DM n.\u00a0270\/2004:<\/p>\n<p>1. In base all&#8217;articolo 11, comma 2, della legge 19 novembre 1990, n. 341, il regolamento didattico di un corso di studio, deliberato dalla competente struttura didattica in conformit\u00e0 con l&#8217;ordinamento didattico nel rispetto della libert\u00e0 d&#8217;insegnamento, nonch\u00e9 dei diritti e doveri dei docenti e degli studenti, specifica gli aspetti organizzativi del corso di studio. Il regolamento \u00e9 approvato con le procedure previste nello statuto dell&#8217;ateneo.<\/p>\n<h3><b><span data-contrast=\"auto\">ATTENZIONE\u00a0PROPEDEUTICITA\u2019<\/span><\/b><span data-ccp-props=\"{&quot;335551550&quot;:2,&quot;335551620&quot;:2,&quot;335557856&quot;:16777215}\">\u00a0<\/span><\/h3>\n<p><span data-contrast=\"auto\">Le propedeuticit\u00e0 degli esami\u202fsi trovano all\u2019interno del Regolamento didattico del proprio anno di immatricolazione<\/span><span data-ccp-props=\"{&quot;335557856&quot;:16777215}\">\u00a0<\/span><\/p>\n<p><span data-contrast=\"auto\">Si raccomanda il rispetto delle propedeuticit\u00e0 previste dal Regolamento Didattico del CdS e riportate nella tabella allegata <a href=\"https:\/\/www.med.unipi.it\/wp-content\/uploads\/2025\/10\/TPA-L-Propedeuticita-2025-26.pdf\">TPA-L Propedeuticit\u00e0 2025-26<\/a>, ricordando che gli esami verbalizzati senza il rispetto delle propedeuticit\u00e0 verranno annullati e dovranno essere sostenuti e verbalizzati dopo aver superato l\u2019esame propedeutico.<\/span><span data-ccp-props=\"{&quot;335551550&quot;:6,&quot;335551620&quot;:6}\">\u00a0<\/span><\/p>\n<p><strong data-start=\"107\" data-end=\"129\">Esame condizionato<\/strong><br data-start=\"129\" data-end=\"132\" \/>Un <em data-start=\"137\" data-end=\"157\" data-is-only-node=\"\">esame condizionato<\/em> \u00e8 un esame che pu\u00f2 essere sostenuto solo dopo aver superato un <em data-start=\"221\" data-end=\"241\">esame propedeutico<\/em>, cio\u00e8 un esame obbligatorio che serve come requisito per accedere a quello successivo.<\/p>\n<hr \/>\n<p><strong>Regolamenti Didattici:<\/strong><\/p>\n<p><a href=\"https:\/\/www.med.unipi.it\/wp-content\/uploads\/2025\/03\/TPA-L-StampaRegolamento-2025-26-GDA-completo.pdf\">Regolamento Didattico del CdL in Tecniche della Prevenzione nell&#8217;Ambiente e Luoghi di Lavoro, a.a. 2025-2026<\/a><\/p>\n<p><a href=\"https:\/\/www.med.unipi.it\/wp-content\/uploads\/2023\/10\/TPA-L-Regolamento-Didattico-2021.pdf\">Regolamento Didattico del CdL in Tecniche della Prevenzione nell&#8217;Ambiente e Luoghi di Lavoro, a.a. 2020-2021<\/a> (valido anche per gli immatricolati aa.aa. 2022-2023 \/ 2023-2024\/2024-2025)<\/p>\n<p><a href=\"https:\/\/www.med.unipi.it\/images\/ALLEGATI\/Podologia\/TPA-L-regdid-2018.pdf\">Regolamento Didattico del CdL in Tecniche della Prevenzione nell&#8217;Ambiente e Luoghi di Lavoro, a.a. 2018-2019<\/a> (valido anche per gli immatricolati a.a. 2019-2020 \/ 2020-2021)<\/p>\n<p><a href=\"https:\/\/www.med.unipi.it\/images\/ALLEGATI\/TPA_REG_DID_2016-17.pdf\">Regolamento Didattico del CdL in Tecniche della Prevenzione nell&#8217;Ambiente e Luoghi di Lavoro, a.a. 2016-2017<\/a>\u00a0(valido anche per gli immatricolati nell&#8217;a.a. 2017-18)<\/p>\n<p><a href=\"https:\/\/www.med.unipi.it\/images\/ALLEGATI\/TecnPrevAmbientiLuoghiLavoro\/Regolamento_didattico_TPA_2015-2016.pdf\" target=\"_blank\" rel=\"noopener\">Regolamento Didattico del CdL in Tecniche della Prevenzione nell&#8217;Ambiente e Luoghi di Lavoro, a.a. 2015-2016<\/a><\/p>\n<p><a href=\"https:\/\/www.med.unipi.it\/images\/ALLEGATI\/REG_DID_TPA_2014.pdf\">Regolamento Didattico del CdL in Tecniche della Prevenzione nell&#8217;Ambiente e Luoghi di Lavoro, a.a. 2014-2015<\/a><\/p>\n<p><a href=\"https:\/\/www.med.unipi.it\/images\/ALLEGATI\/REG_DID_TPA_2013.pdf\">Regolamento Didattico del CdL in Tecniche della Prevenzione nell&#8217;Ambiente e Luoghi di Lavoro, a.a. 2013-2014<\/a><\/p>\n<p><a href=\"https:\/\/www.med.unipi.it\/images\/ALLEGATI\/REG_DID_TPA_12-13.pdf\">Regolamento Didattico del CdL in Tecniche della Prevenzione nell&#8217;Ambiente e Luoghi di Lavoro, a.a. 2012-2013<\/a><\/p>\n<p>&nbsp;<\/p>\n<h3><strong>PROPEDEUTICITA\u2019<\/strong><\/h3>\n<p>Gli studenti sono tenuti a prendere visione delle propedeuticit\u00e0 indicate nel Regolamento didattico del CdL.<\/p>\n<p>Si fa presente che sostenere un esame senza aver rispettato le regole di propedeuticit\u00e0 comporta l\u2019annullamento dell\u2019esame e l\u2019obbligo di sostenerlo nuovamente dopo aver superato il\/i relativo\/i esame\/i propedeutico\/i.<\/p>\n","protected":false},"excerpt":{"rendered":"<p>IL REGOLAMENTO DIDATTICO Dall&#8217;Art. 12 del DM n.\u00a0270\/2004: 1. In base all&#8217;articolo 11, comma 2, della legge 19 novembre 1990,&hellip;<\/p>\n<p><a class=\"btn btn-dark btn-sm unipi-read-more-link\" href=\"https:\/\/www.med.unipi.it\/index.php\/corsi-di-laurea\/tecniche-della-prevenzione-nellambiente-e-nei-luoghi-di-lavoro\/regolamento-didattico-tpall\/\">Leggi tutto&#8230;<\/a><\/p>\n","protected":false},"author":1,"featured_media":0,"parent":636,"menu_order":0,"comment_status":"closed","ping_status":"closed","template":"","meta":{"footnotes":""},"categories":[62],"tags":[],"class_list":["post-692","page","type-page","status-publish","hentry","category-tecniche-della-prevenzione-nellambiente-e-nei-luoghi-di-lavoro"],"yoast_head":"<!-- This site is optimized with the Yoast SEO plugin v27.0 - https:\/\/yoast.com\/product\/yoast-seo-wordpress\/ -->\n<title>Regolamento didattico - Scuola di Medicina<\/title>\n<meta name=\"robots\" content=\"index, follow, max-snippet:-1, max-image-preview:large, max-video-preview:-1\" \/>\n<link rel=\"canonical\" href=\"https:\/\/www.med.unipi.it\/index.php\/corsi-di-laurea\/tecniche-della-prevenzione-nellambiente-e-nei-luoghi-di-lavoro\/regolamento-didattico-tpall\/\" \/>\n<meta property=\"og:locale\" content=\"it_IT\" \/>\n<meta property=\"og:type\" content=\"article\" \/>\n<meta property=\"og:title\" content=\"Regolamento didattico - Scuola di Medicina\" \/>\n<meta property=\"og:description\" content=\"IL REGOLAMENTO DIDATTICO Dall&#8217;Art. 12 del DM n.\u00a0270\/2004: 1. In base all&#8217;articolo 11, comma 2, della legge 19 novembre 1990,&hellip;Leggi tutto...\" \/>\n<meta property=\"og:url\" content=\"https:\/\/www.med.unipi.it\/index.php\/corsi-di-laurea\/tecniche-della-prevenzione-nellambiente-e-nei-luoghi-di-lavoro\/regolamento-didattico-tpall\/\" \/>\n<meta property=\"og:site_name\" content=\"Scuola di Medicina\" \/>\n<meta property=\"article:modified_time\" content=\"2025-10-28T08:52:27+00:00\" \/>\n<meta name=\"twitter:card\" content=\"summary_large_image\" \/>\n<meta name=\"twitter:label1\" content=\"Tempo di lettura stimato\" \/>\n\t<meta name=\"twitter:data1\" content=\"2 minuti\" \/>\n<script type=\"application\/ld+json\" class=\"yoast-schema-graph\">{\"@context\":\"https:\/\/schema.org\",\"@graph\":[{\"@type\":\"WebPage\",\"@id\":\"https:\/\/www.med.unipi.it\/index.php\/corsi-di-laurea\/tecniche-della-prevenzione-nellambiente-e-nei-luoghi-di-lavoro\/regolamento-didattico-tpall\/\",\"url\":\"https:\/\/www.med.unipi.it\/index.php\/corsi-di-laurea\/tecniche-della-prevenzione-nellambiente-e-nei-luoghi-di-lavoro\/regolamento-didattico-tpall\/\",\"name\":\"Regolamento didattico - Scuola di Medicina\",\"isPartOf\":{\"@id\":\"https:\/\/www.med.unipi.it\/#website\"},\"datePublished\":\"2022-11-11T09:33:57+00:00\",\"dateModified\":\"2025-10-28T08:52:27+00:00\",\"breadcrumb\":{\"@id\":\"https:\/\/www.med.unipi.it\/index.php\/corsi-di-laurea\/tecniche-della-prevenzione-nellambiente-e-nei-luoghi-di-lavoro\/regolamento-didattico-tpall\/#breadcrumb\"},\"inLanguage\":\"it-IT\",\"potentialAction\":[{\"@type\":\"ReadAction\",\"target\":[\"https:\/\/www.med.unipi.it\/index.php\/corsi-di-laurea\/tecniche-della-prevenzione-nellambiente-e-nei-luoghi-di-lavoro\/regolamento-didattico-tpall\/\"]}]},{\"@type\":\"BreadcrumbList\",\"@id\":\"https:\/\/www.med.unipi.it\/index.php\/corsi-di-laurea\/tecniche-della-prevenzione-nellambiente-e-nei-luoghi-di-lavoro\/regolamento-didattico-tpall\/#breadcrumb\",\"itemListElement\":[{\"@type\":\"ListItem\",\"position\":1,\"name\":\"Home\",\"item\":\"https:\/\/www.med.unipi.it\/\"},{\"@type\":\"ListItem\",\"position\":2,\"name\":\"Corsi di Laurea\",\"item\":\"https:\/\/www.med.unipi.it\/index.php\/corsi-di-laurea\/\"},{\"@type\":\"ListItem\",\"position\":3,\"name\":\"Tecniche della prevenzione nell&#8217;ambiente e nei luoghi di lavoro\",\"item\":\"https:\/\/www.med.unipi.it\/index.php\/corsi-di-laurea\/tecniche-della-prevenzione-nellambiente-e-nei-luoghi-di-lavoro\/\"},{\"@type\":\"ListItem\",\"position\":4,\"name\":\"Regolamento didattico\"}]},{\"@type\":\"WebSite\",\"@id\":\"https:\/\/www.med.unipi.it\/#website\",\"url\":\"https:\/\/www.med.unipi.it\/\",\"name\":\"Scuola di Medicina\",\"description\":\"\",\"potentialAction\":[{\"@type\":\"SearchAction\",\"target\":{\"@type\":\"EntryPoint\",\"urlTemplate\":\"https:\/\/www.med.unipi.it\/?s={search_term_string}\"},\"query-input\":{\"@type\":\"PropertyValueSpecification\",\"valueRequired\":true,\"valueName\":\"search_term_string\"}}],\"inLanguage\":\"it-IT\"}]}<\/script>\n<!-- \/ Yoast SEO plugin. -->","yoast_head_json":{"title":"Regolamento didattico - Scuola di Medicina","robots":{"index":"index","follow":"follow","max-snippet":"max-snippet:-1","max-image-preview":"max-image-preview:large","max-video-preview":"max-video-preview:-1"},"canonical":"https:\/\/www.med.unipi.it\/index.php\/corsi-di-laurea\/tecniche-della-prevenzione-nellambiente-e-nei-luoghi-di-lavoro\/regolamento-didattico-tpall\/","og_locale":"it_IT","og_type":"article","og_title":"Regolamento didattico - Scuola di Medicina","og_description":"IL REGOLAMENTO DIDATTICO Dall&#8217;Art. 12 del DM n.\u00a0270\/2004: 1. In base all&#8217;articolo 11, comma 2, della legge 19 novembre 1990,&hellip;Leggi tutto...","og_url":"https:\/\/www.med.unipi.it\/index.php\/corsi-di-laurea\/tecniche-della-prevenzione-nellambiente-e-nei-luoghi-di-lavoro\/regolamento-didattico-tpall\/","og_site_name":"Scuola di Medicina","article_modified_time":"2025-10-28T08:52:27+00:00","twitter_card":"summary_large_image","twitter_misc":{"Tempo di lettura stimato":"2 minuti"},"schema":{"@context":"https:\/\/schema.org","@graph":[{"@type":"WebPage","@id":"https:\/\/www.med.unipi.it\/index.php\/corsi-di-laurea\/tecniche-della-prevenzione-nellambiente-e-nei-luoghi-di-lavoro\/regolamento-didattico-tpall\/","url":"https:\/\/www.med.unipi.it\/index.php\/corsi-di-laurea\/tecniche-della-prevenzione-nellambiente-e-nei-luoghi-di-lavoro\/regolamento-didattico-tpall\/","name":"Regolamento didattico - Scuola di Medicina","isPartOf":{"@id":"https:\/\/www.med.unipi.it\/#website"},"datePublished":"2022-11-11T09:33:57+00:00","dateModified":"2025-10-28T08:52:27+00:00","breadcrumb":{"@id":"https:\/\/www.med.unipi.it\/index.php\/corsi-di-laurea\/tecniche-della-prevenzione-nellambiente-e-nei-luoghi-di-lavoro\/regolamento-didattico-tpall\/#breadcrumb"},"inLanguage":"it-IT","potentialAction":[{"@type":"ReadAction","target":["https:\/\/www.med.unipi.it\/index.php\/corsi-di-laurea\/tecniche-della-prevenzione-nellambiente-e-nei-luoghi-di-lavoro\/regolamento-didattico-tpall\/"]}]},{"@type":"BreadcrumbList","@id":"https:\/\/www.med.unipi.it\/index.php\/corsi-di-laurea\/tecniche-della-prevenzione-nellambiente-e-nei-luoghi-di-lavoro\/regolamento-didattico-tpall\/#breadcrumb","itemListElement":[{"@type":"ListItem","position":1,"name":"Home","item":"https:\/\/www.med.unipi.it\/"},{"@type":"ListItem","position":2,"name":"Corsi di Laurea","item":"https:\/\/www.med.unipi.it\/index.php\/corsi-di-laurea\/"},{"@type":"ListItem","position":3,"name":"Tecniche della prevenzione nell&#8217;ambiente e nei luoghi di lavoro","item":"https:\/\/www.med.unipi.it\/index.php\/corsi-di-laurea\/tecniche-della-prevenzione-nellambiente-e-nei-luoghi-di-lavoro\/"},{"@type":"ListItem","position":4,"name":"Regolamento didattico"}]},{"@type":"WebSite","@id":"https:\/\/www.med.unipi.it\/#website","url":"https:\/\/www.med.unipi.it\/","name":"Scuola di Medicina","description":"","potentialAction":[{"@type":"SearchAction","target":{"@type":"EntryPoint","urlTemplate":"https:\/\/www.med.unipi.it\/?s={search_term_string}"},"query-input":{"@type":"PropertyValueSpecification","valueRequired":true,"valueName":"search_term_string"}}],"inLanguage":"it-IT"}]}},"_links":{"self":[{"href":"https:\/\/www.med.unipi.it\/index.php\/wp-json\/wp\/v2\/pages\/692","targetHints":{"allow":["GET"]}}],"collection":[{"href":"https:\/\/www.med.unipi.it\/index.php\/wp-json\/wp\/v2\/pages"}],"about":[{"href":"https:\/\/www.med.unipi.it\/index.php\/wp-json\/wp\/v2\/types\/page"}],"author":[{"embeddable":true,"href":"https:\/\/www.med.unipi.it\/index.php\/wp-json\/wp\/v2\/users\/1"}],"replies":[{"embeddable":true,"href":"https:\/\/www.med.unipi.it\/index.php\/wp-json\/wp\/v2\/comments?post=692"}],"version-history":[{"count":10,"href":"https:\/\/www.med.unipi.it\/index.php\/wp-json\/wp\/v2\/pages\/692\/revisions"}],"predecessor-version":[{"id":11612,"href":"https:\/\/www.med.unipi.it\/index.php\/wp-json\/wp\/v2\/pages\/692\/revisions\/11612"}],"up":[{"embeddable":true,"href":"https:\/\/www.med.unipi.it\/index.php\/wp-json\/wp\/v2\/pages\/636"}],"wp:attachment":[{"href":"https:\/\/www.med.unipi.it\/index.php\/wp-json\/wp\/v2\/media?parent=692"}],"wp:term":[{"taxonomy":"category","embeddable":true,"href":"https:\/\/www.med.unipi.it\/index.php\/wp-json\/wp\/v2\/categories?post=692"},{"taxonomy":"post_tag","embeddable":true,"href":"https:\/\/www.med.unipi.it\/index.php\/wp-json\/wp\/v2\/tags?post=692"}],"curies":[{"name":"wp","href":"https:\/\/api.w.org\/{rel}","templated":true}]}}