{"id":716,"date":"2021-01-07T10:47:07","date_gmt":"2021-01-07T09:47:07","guid":{"rendered":"https:\/\/www.med.unipi.it\/?page_id=716"},"modified":"2026-01-14T12:20:53","modified_gmt":"2026-01-14T11:20:53","slug":"psicologia-clinica-e-della-salute","status":"publish","type":"page","link":"https:\/\/www.med.unipi.it\/index.php\/corsi-di-laurea\/psicologia-clinica-e-della-salute\/","title":{"rendered":"Psicologia Clinica e della Salute (non pi\u00f9 attivato)"},"content":{"rendered":"<button id=\"listenButton1\" class=\"responsivevoice-button\" type=\"button\" value=\"Play\" title=\"ResponsiveVoice Tap to Start\/Stop Speech\"><span>&#128266; Play<\/span><\/button>\n        <script>\n            listenButton1.onclick = function(){\n                if(responsiveVoice.isPlaying()){\n                    responsiveVoice.cancel();\n                }else{\n                    responsiveVoice.speak(\"Il corso di laurea forma laureati in grado di operare in istituzioni, aziende e organizzazioni pubbliche e private, in regime di dipendenza o libero-professionale, di norma in \u00e9quipes multidisciplinari nell\\'area delle scienze e delle tecniche psicologiche. Gli obiettivi formativi del corso includono l\\'acquisizione di conoscenze sistematiche ed aggiornate nei diversi settori delle discipline psicologiche, biologiche (molecolari, metaboliche, fisiologiche) e cliniche (psichiatriche, internistiche) che sono alla base del sapere sui processi psichici. Saranno inoltre richieste l\\'acquisizione di conoscenze etiche, deontologiche e statistiche fondamentali per la messa a punto e la realizzazione di interventi per la promozione della salute e del benessere nell\\'arco di vita all\\'interno di istituzioni pubbliche e private. Il curriculum formativo consente l\\'acquisizione: a) di competenze operative ed applicative generali per lo svolgimento di attivit\u00e0 di valutazione e di intervento psicologico nei diversi ambiti della psicologia, con particolare interesse nei contesti della psicologia clinica e della salute b) di competenze e strumenti aggiornati per la comunicazione e la gestione delle informazioni c) di esperienze e capacit\u00e0 professionali nell\\'ambito dei servizi diretti alle persone, ai gruppi, alle organizzazioni e alle comunit\u00e0. Il corso di laurea \u00e8 un corso ad accesso programmato a livello locale. Il numero di accessi al primo anno di corso \u00e8 definito annualmente, ai sensi dell\u2019art. 3, della Legge 264, 2 ago. 1999 (Norme in materia di accesso ai Corsi Universitari). Qualora il numero delle domande superi il numero dei posti messi a concorso \u00e8 previsto un test di ammissione. Il numero massimo di immatricolazioni \u00e8 stato fissato a 100.\", \"Italian Female\", {\"rate\":\"1\",\"pitch\":\"1.2\",\"volume\":\"0.8\"});\n                }\n            };\n        <\/script>\n    \n<p>Il corso di laurea forma laureati in grado di operare in istituzioni, aziende e organizzazioni pubbliche e private, in regime di dipendenza o libero-professionale, di norma in \u00e9quipes multidisciplinari nell&#8217;area delle scienze e delle tecniche psicologiche.<\/p>\n<p>Gli obiettivi formativi del corso includono l&#8217;acquisizione di conoscenze sistematiche ed aggiornate nei diversi settori delle discipline psicologiche, biologiche (molecolari, metaboliche, fisiologiche) e cliniche (psichiatriche, internistiche) che sono alla base del sapere sui processi psichici. Saranno inoltre richieste l&#8217;acquisizione di conoscenze etiche, deontologiche e statistiche fondamentali per la messa a punto e la realizzazione di interventi per la promozione della salute e del benessere nell&#8217;arco di vita all&#8217;interno di istituzioni pubbliche e private.<\/p>\n<p>Il curriculum formativo consente l&#8217;acquisizione:<br \/>\na) di competenze operative ed applicative generali per lo svolgimento di attivit\u00e0 di valutazione e di intervento psicologico nei diversi ambiti della psicologia, con particolare interesse nei contesti della psicologia clinica e della salute<br \/>\nb) di competenze e strumenti aggiornati per la comunicazione e la gestione delle informazioni<br \/>\nc) di esperienze e capacit\u00e0 professionali nell&#8217;ambito dei servizi diretti alle persone, ai gruppi, alle organizzazioni e alle comunit\u00e0.<\/p>\n<p>Il corso di laurea \u00e8 un corso ad accesso programmato a livello locale.<\/p>\n<p>Il numero di accessi al primo anno di corso \u00e8 definito annualmente, ai sensi dell\u2019art. 3, della Legge 264, 2 ago. 1999 (Norme in materia di accesso ai Corsi Universitari). Qualora il numero delle domande superi il numero dei posti messi a concorso \u00e8 previsto un test di ammissione.<\/p>\n<p>Il numero massimo di immatricolazioni \u00e8 stato fissato a 100.<\/p>\n","protected":false},"excerpt":{"rendered":"<p>Il corso di laurea forma laureati in grado di operare in istituzioni, aziende e organizzazioni pubbliche e private, in regime&hellip;<\/p>\n<p><a class=\"btn btn-dark btn-sm unipi-read-more-link\" href=\"https:\/\/www.med.unipi.it\/index.php\/corsi-di-laurea\/psicologia-clinica-e-della-salute\/\">Leggi tutto&#8230;<\/a><\/p>\n","protected":false},"author":1,"featured_media":0,"parent":68,"menu_order":0,"comment_status":"closed","ping_status":"closed","template":"","meta":{"footnotes":""},"categories":[64],"tags":[],"class_list":["post-716","page","type-page","status-publish","hentry","category-psicologia-clinica-e-della-salute"],"yoast_head":"<!-- This site is optimized with the Yoast SEO plugin v27.0 - https:\/\/yoast.com\/product\/yoast-seo-wordpress\/ -->\n<title>Psicologia Clinica e della Salute (non pi\u00f9 attivato) - Scuola di Medicina<\/title>\n<meta name=\"robots\" content=\"index, follow, max-snippet:-1, max-image-preview:large, max-video-preview:-1\" \/>\n<link rel=\"canonical\" href=\"https:\/\/www.med.unipi.it\/index.php\/corsi-di-laurea\/psicologia-clinica-e-della-salute\/\" \/>\n<meta property=\"og:locale\" content=\"it_IT\" \/>\n<meta property=\"og:type\" content=\"article\" \/>\n<meta property=\"og:title\" content=\"Psicologia Clinica e della Salute (non pi\u00f9 attivato) - Scuola di Medicina\" \/>\n<meta property=\"og:description\" content=\"Il corso di laurea forma laureati in grado di operare in istituzioni, aziende e organizzazioni pubbliche e private, in regime&hellip;Leggi tutto...\" \/>\n<meta property=\"og:url\" content=\"https:\/\/www.med.unipi.it\/index.php\/corsi-di-laurea\/psicologia-clinica-e-della-salute\/\" \/>\n<meta property=\"og:site_name\" content=\"Scuola di Medicina\" \/>\n<meta property=\"article:modified_time\" content=\"2026-01-14T11:20:53+00:00\" \/>\n<meta name=\"twitter:card\" content=\"summary_large_image\" \/>\n<meta name=\"twitter:label1\" content=\"Tempo di lettura stimato\" \/>\n\t<meta name=\"twitter:data1\" content=\"2 minuti\" \/>\n<script type=\"application\/ld+json\" class=\"yoast-schema-graph\">{\"@context\":\"https:\/\/schema.org\",\"@graph\":[{\"@type\":\"WebPage\",\"@id\":\"https:\/\/www.med.unipi.it\/index.php\/corsi-di-laurea\/psicologia-clinica-e-della-salute\/\",\"url\":\"https:\/\/www.med.unipi.it\/index.php\/corsi-di-laurea\/psicologia-clinica-e-della-salute\/\",\"name\":\"Psicologia Clinica e della Salute (non pi\u00f9 attivato) - Scuola di Medicina\",\"isPartOf\":{\"@id\":\"https:\/\/www.med.unipi.it\/#website\"},\"datePublished\":\"2021-01-07T09:47:07+00:00\",\"dateModified\":\"2026-01-14T11:20:53+00:00\",\"breadcrumb\":{\"@id\":\"https:\/\/www.med.unipi.it\/index.php\/corsi-di-laurea\/psicologia-clinica-e-della-salute\/#breadcrumb\"},\"inLanguage\":\"it-IT\",\"potentialAction\":[{\"@type\":\"ReadAction\",\"target\":[\"https:\/\/www.med.unipi.it\/index.php\/corsi-di-laurea\/psicologia-clinica-e-della-salute\/\"]}]},{\"@type\":\"BreadcrumbList\",\"@id\":\"https:\/\/www.med.unipi.it\/index.php\/corsi-di-laurea\/psicologia-clinica-e-della-salute\/#breadcrumb\",\"itemListElement\":[{\"@type\":\"ListItem\",\"position\":1,\"name\":\"Home\",\"item\":\"https:\/\/www.med.unipi.it\/\"},{\"@type\":\"ListItem\",\"position\":2,\"name\":\"Corsi di Laurea\",\"item\":\"https:\/\/www.med.unipi.it\/index.php\/corsi-di-laurea\/\"},{\"@type\":\"ListItem\",\"position\":3,\"name\":\"Psicologia Clinica e della Salute (non pi\u00f9 attivato)\"}]},{\"@type\":\"WebSite\",\"@id\":\"https:\/\/www.med.unipi.it\/#website\",\"url\":\"https:\/\/www.med.unipi.it\/\",\"name\":\"Scuola di Medicina\",\"description\":\"\",\"potentialAction\":[{\"@type\":\"SearchAction\",\"target\":{\"@type\":\"EntryPoint\",\"urlTemplate\":\"https:\/\/www.med.unipi.it\/?s={search_term_string}\"},\"query-input\":{\"@type\":\"PropertyValueSpecification\",\"valueRequired\":true,\"valueName\":\"search_term_string\"}}],\"inLanguage\":\"it-IT\"}]}<\/script>\n<!-- \/ Yoast SEO plugin. -->","yoast_head_json":{"title":"Psicologia Clinica e della Salute (non pi\u00f9 attivato) - Scuola di Medicina","robots":{"index":"index","follow":"follow","max-snippet":"max-snippet:-1","max-image-preview":"max-image-preview:large","max-video-preview":"max-video-preview:-1"},"canonical":"https:\/\/www.med.unipi.it\/index.php\/corsi-di-laurea\/psicologia-clinica-e-della-salute\/","og_locale":"it_IT","og_type":"article","og_title":"Psicologia Clinica e della Salute (non pi\u00f9 attivato) - Scuola di Medicina","og_description":"Il corso di laurea forma laureati in grado di operare in istituzioni, aziende e organizzazioni pubbliche e private, in regime&hellip;Leggi tutto...","og_url":"https:\/\/www.med.unipi.it\/index.php\/corsi-di-laurea\/psicologia-clinica-e-della-salute\/","og_site_name":"Scuola di Medicina","article_modified_time":"2026-01-14T11:20:53+00:00","twitter_card":"summary_large_image","twitter_misc":{"Tempo di lettura stimato":"2 minuti"},"schema":{"@context":"https:\/\/schema.org","@graph":[{"@type":"WebPage","@id":"https:\/\/www.med.unipi.it\/index.php\/corsi-di-laurea\/psicologia-clinica-e-della-salute\/","url":"https:\/\/www.med.unipi.it\/index.php\/corsi-di-laurea\/psicologia-clinica-e-della-salute\/","name":"Psicologia Clinica e della Salute (non pi\u00f9 attivato) - Scuola di Medicina","isPartOf":{"@id":"https:\/\/www.med.unipi.it\/#website"},"datePublished":"2021-01-07T09:47:07+00:00","dateModified":"2026-01-14T11:20:53+00:00","breadcrumb":{"@id":"https:\/\/www.med.unipi.it\/index.php\/corsi-di-laurea\/psicologia-clinica-e-della-salute\/#breadcrumb"},"inLanguage":"it-IT","potentialAction":[{"@type":"ReadAction","target":["https:\/\/www.med.unipi.it\/index.php\/corsi-di-laurea\/psicologia-clinica-e-della-salute\/"]}]},{"@type":"BreadcrumbList","@id":"https:\/\/www.med.unipi.it\/index.php\/corsi-di-laurea\/psicologia-clinica-e-della-salute\/#breadcrumb","itemListElement":[{"@type":"ListItem","position":1,"name":"Home","item":"https:\/\/www.med.unipi.it\/"},{"@type":"ListItem","position":2,"name":"Corsi di Laurea","item":"https:\/\/www.med.unipi.it\/index.php\/corsi-di-laurea\/"},{"@type":"ListItem","position":3,"name":"Psicologia Clinica e della Salute (non pi\u00f9 attivato)"}]},{"@type":"WebSite","@id":"https:\/\/www.med.unipi.it\/#website","url":"https:\/\/www.med.unipi.it\/","name":"Scuola di Medicina","description":"","potentialAction":[{"@type":"SearchAction","target":{"@type":"EntryPoint","urlTemplate":"https:\/\/www.med.unipi.it\/?s={search_term_string}"},"query-input":{"@type":"PropertyValueSpecification","valueRequired":true,"valueName":"search_term_string"}}],"inLanguage":"it-IT"}]}},"_links":{"self":[{"href":"https:\/\/www.med.unipi.it\/index.php\/wp-json\/wp\/v2\/pages\/716","targetHints":{"allow":["GET"]}}],"collection":[{"href":"https:\/\/www.med.unipi.it\/index.php\/wp-json\/wp\/v2\/pages"}],"about":[{"href":"https:\/\/www.med.unipi.it\/index.php\/wp-json\/wp\/v2\/types\/page"}],"author":[{"embeddable":true,"href":"https:\/\/www.med.unipi.it\/index.php\/wp-json\/wp\/v2\/users\/1"}],"replies":[{"embeddable":true,"href":"https:\/\/www.med.unipi.it\/index.php\/wp-json\/wp\/v2\/comments?post=716"}],"version-history":[{"count":4,"href":"https:\/\/www.med.unipi.it\/index.php\/wp-json\/wp\/v2\/pages\/716\/revisions"}],"predecessor-version":[{"id":13051,"href":"https:\/\/www.med.unipi.it\/index.php\/wp-json\/wp\/v2\/pages\/716\/revisions\/13051"}],"up":[{"embeddable":true,"href":"https:\/\/www.med.unipi.it\/index.php\/wp-json\/wp\/v2\/pages\/68"}],"wp:attachment":[{"href":"https:\/\/www.med.unipi.it\/index.php\/wp-json\/wp\/v2\/media?parent=716"}],"wp:term":[{"taxonomy":"category","embeddable":true,"href":"https:\/\/www.med.unipi.it\/index.php\/wp-json\/wp\/v2\/categories?post=716"},{"taxonomy":"post_tag","embeddable":true,"href":"https:\/\/www.med.unipi.it\/index.php\/wp-json\/wp\/v2\/tags?post=716"}],"curies":[{"name":"wp","href":"https:\/\/api.w.org\/{rel}","templated":true}]}}