{"id":895,"date":"2021-01-21T10:58:53","date_gmt":"2021-01-21T09:58:53","guid":{"rendered":"https:\/\/www.med.unipi.it\/?page_id=895"},"modified":"2025-02-14T11:57:15","modified_gmt":"2025-02-14T10:57:15","slug":"scienze-riabilitative-delle-professioni-sanitarie","status":"publish","type":"page","link":"https:\/\/www.med.unipi.it\/index.php\/corsi-di-laurea\/scienze-riabilitative-delle-professioni-sanitarie\/","title":{"rendered":"Scienze Riabilitative delle Professioni Sanitarie"},"content":{"rendered":"<section class=\"article-content clearfix\">\n<div class=\"itemFullText\">\n<button id=\"listenButton1\" class=\"responsivevoice-button\" type=\"button\" value=\"Play\" title=\"ResponsiveVoice Tap to Start\/Stop Speech\"><span>&#128266; Play<\/span><\/button>\n        <script>\n            listenButton1.onclick = function(){\n                if(responsiveVoice.isPlaying()){\n                    responsiveVoice.cancel();\n                }else{\n                    responsiveVoice.speak(\"Il Corso di Laurea magistrale in Scienze Riabilitative delle Professioni Sanitarie prevede un percorso di studi finalizzato allo sviluppo di competenze inerenti agli obiettivi formativi previsti dalla normativa vigente: processi assistenziali avanzati e processi gestionali, formativi e di ricerca, in uno degli ambiti pertinenti alle diverse professioni sanitarie ricomprese nella classe. Alla fine del percorso formativo, i laureati magistrali dovranno essere in grado di tenere conto, nella programmazione e gestione del personale dell\u2019area sanitaria, delle esigenze della collettivit\u00e0, dello sviluppo di nuovi metodi di organizzazione del lavoro, dei problemi della qualit\u00e0 dei servizi, dell\u2019innovazione tecnologica ed informatica anche con riferimento alle forme di tele-assistenza o di tele didattica, della pianificazione ed organizzazione degli interventi pedagogico-formativi nonch\u00e9 dell\u2019omogeneizzazione degli standard operativi a quelli dell\u2019Unione Europea. I laureati magistrali dovranno maturare, anche a seguito dell\u2019esperienza acquisita attraverso una adeguata attivit\u00e0 professionale, la capacit\u00e0 di un approccio ai problemi organizzativi e gestionali delle professioni sanitarie qualificato dalla padronanza delle tecniche e delle procedure del management sanitario, nel rispetto delle loro ed altrui competenze. Le conoscenze metodologiche acquisite consentiranno loro anche di intervenire nei processi formativi e di ricerca peculiari degli ambiti suddetti. Il corso di laurea \u00e8 organizzato in semestri ciascuno dei quali comprende l\u2019attivit\u00e0 didattica frontale, l\\'attivit\u00e0 di tirocinio pratico e l\\'attivit\u00e0 didattica elettiva. L\\'accesso al corso di laurea magistrale \u00e8 subordinato al superamento del test di ammissione. Il numero di posti a concorso e il termine di iscrizione al test \u00e8 fissato dal bando annuale che regola le procedure concorsuali di ammissione ai sensi dell\\'art. 3, comma 1 della Legge 264 del 2 settembre 1999\", \"Italian Female\", {\"rate\":\"1\",\"pitch\":\"1.2\",\"volume\":\"0.8\"});\n                }\n            };\n        <\/script>\n    \n<p>Il Corso di Laurea magistrale in Scienze Riabilitative delle Professioni Sanitarie prevede un percorso di studi finalizzato allo sviluppo di competenze inerenti agli obiettivi formativi previsti dalla normativa vigente: processi assistenziali avanzati e processi gestionali, formativi e di ricerca, in uno degli ambiti pertinenti alle diverse professioni sanitarie ricomprese nella classe.<\/p>\n<p>Alla fine del percorso formativo, i laureati magistrali dovranno essere in grado di tenere conto, nella programmazione e gestione del personale dell\u2019area sanitaria, delle esigenze della collettivit\u00e0, dello sviluppo di nuovi metodi di organizzazione del lavoro, dei problemi della qualit\u00e0 dei servizi, dell\u2019innovazione tecnologica ed informatica anche con riferimento alle forme di tele-assistenza o di tele didattica, della pianificazione ed organizzazione degli interventi pedagogico-formativi nonch\u00e9 dell\u2019omogeneizzazione degli standard operativi a quelli dell\u2019Unione Europea.<\/p>\n<p>I laureati magistrali dovranno maturare, anche a seguito dell\u2019esperienza acquisita attraverso una adeguata attivit\u00e0 professionale, la capacit\u00e0 di un approccio ai problemi organizzativi e gestionali delle professioni sanitarie qualificato dalla padronanza delle tecniche e delle procedure del management sanitario, nel rispetto delle loro ed altrui competenze. Le conoscenze metodologiche acquisite consentiranno loro anche di intervenire nei processi formativi e di ricerca peculiari degli ambiti suddetti.<\/p>\n<p>Il corso di laurea \u00e8 organizzato in semestri ciascuno dei quali comprende l\u2019attivit\u00e0 didattica frontale, l&#8217;attivit\u00e0 di tirocinio pratico e l&#8217;attivit\u00e0 didattica elettiva. L&#8217;accesso al corso di laurea magistrale \u00e8 subordinato al superamento del test di ammissione. Il numero di posti a concorso e il termine di iscrizione al test \u00e8 fissato dal bando annuale che regola le procedure concorsuali di ammissione ai sensi dell&#8217;art. 3, comma 1 della Legge 264 del 2 settembre 1999<\/p>\n<\/div>\n<\/section>\n","protected":false},"excerpt":{"rendered":"<p>Il Corso di Laurea magistrale in Scienze Riabilitative delle Professioni Sanitarie prevede un percorso di studi finalizzato allo sviluppo di&hellip;<\/p>\n<p><a class=\"btn btn-dark btn-sm unipi-read-more-link\" href=\"https:\/\/www.med.unipi.it\/index.php\/corsi-di-laurea\/scienze-riabilitative-delle-professioni-sanitarie\/\">Leggi tutto&#8230;<\/a><\/p>\n","protected":false},"author":1,"featured_media":0,"parent":68,"menu_order":0,"comment_status":"closed","ping_status":"closed","template":"","meta":{"footnotes":""},"categories":[75],"tags":[],"class_list":["post-895","page","type-page","status-publish","hentry","category-scienze-riabilitative-delle-professioni-sanitarie"],"yoast_head":"<!-- This site is optimized with the Yoast SEO plugin v27.0 - https:\/\/yoast.com\/product\/yoast-seo-wordpress\/ -->\n<title>Scienze Riabilitative delle Professioni Sanitarie - Scuola di Medicina<\/title>\n<meta name=\"robots\" content=\"index, follow, max-snippet:-1, max-image-preview:large, max-video-preview:-1\" \/>\n<link rel=\"canonical\" href=\"https:\/\/www.med.unipi.it\/index.php\/corsi-di-laurea\/scienze-riabilitative-delle-professioni-sanitarie\/\" \/>\n<meta property=\"og:locale\" content=\"it_IT\" \/>\n<meta property=\"og:type\" content=\"article\" \/>\n<meta property=\"og:title\" content=\"Scienze Riabilitative delle Professioni Sanitarie - Scuola di Medicina\" \/>\n<meta property=\"og:description\" content=\"Il Corso di Laurea magistrale in Scienze Riabilitative delle Professioni Sanitarie prevede un percorso di studi finalizzato allo sviluppo di&hellip;Leggi tutto...\" \/>\n<meta property=\"og:url\" content=\"https:\/\/www.med.unipi.it\/index.php\/corsi-di-laurea\/scienze-riabilitative-delle-professioni-sanitarie\/\" \/>\n<meta property=\"og:site_name\" content=\"Scuola di Medicina\" \/>\n<meta property=\"article:modified_time\" content=\"2025-02-14T10:57:15+00:00\" \/>\n<meta name=\"twitter:card\" content=\"summary_large_image\" \/>\n<meta name=\"twitter:label1\" content=\"Tempo di lettura stimato\" \/>\n\t<meta name=\"twitter:data1\" content=\"2 minuti\" \/>\n<script type=\"application\/ld+json\" class=\"yoast-schema-graph\">{\"@context\":\"https:\/\/schema.org\",\"@graph\":[{\"@type\":\"WebPage\",\"@id\":\"https:\/\/www.med.unipi.it\/index.php\/corsi-di-laurea\/scienze-riabilitative-delle-professioni-sanitarie\/\",\"url\":\"https:\/\/www.med.unipi.it\/index.php\/corsi-di-laurea\/scienze-riabilitative-delle-professioni-sanitarie\/\",\"name\":\"Scienze Riabilitative delle Professioni Sanitarie - Scuola di Medicina\",\"isPartOf\":{\"@id\":\"https:\/\/www.med.unipi.it\/#website\"},\"datePublished\":\"2021-01-21T09:58:53+00:00\",\"dateModified\":\"2025-02-14T10:57:15+00:00\",\"breadcrumb\":{\"@id\":\"https:\/\/www.med.unipi.it\/index.php\/corsi-di-laurea\/scienze-riabilitative-delle-professioni-sanitarie\/#breadcrumb\"},\"inLanguage\":\"it-IT\",\"potentialAction\":[{\"@type\":\"ReadAction\",\"target\":[\"https:\/\/www.med.unipi.it\/index.php\/corsi-di-laurea\/scienze-riabilitative-delle-professioni-sanitarie\/\"]}]},{\"@type\":\"BreadcrumbList\",\"@id\":\"https:\/\/www.med.unipi.it\/index.php\/corsi-di-laurea\/scienze-riabilitative-delle-professioni-sanitarie\/#breadcrumb\",\"itemListElement\":[{\"@type\":\"ListItem\",\"position\":1,\"name\":\"Home\",\"item\":\"https:\/\/www.med.unipi.it\/\"},{\"@type\":\"ListItem\",\"position\":2,\"name\":\"Corsi di Laurea\",\"item\":\"https:\/\/www.med.unipi.it\/index.php\/corsi-di-laurea\/\"},{\"@type\":\"ListItem\",\"position\":3,\"name\":\"Scienze Riabilitative delle Professioni Sanitarie\"}]},{\"@type\":\"WebSite\",\"@id\":\"https:\/\/www.med.unipi.it\/#website\",\"url\":\"https:\/\/www.med.unipi.it\/\",\"name\":\"Scuola di Medicina\",\"description\":\"\",\"potentialAction\":[{\"@type\":\"SearchAction\",\"target\":{\"@type\":\"EntryPoint\",\"urlTemplate\":\"https:\/\/www.med.unipi.it\/?s={search_term_string}\"},\"query-input\":{\"@type\":\"PropertyValueSpecification\",\"valueRequired\":true,\"valueName\":\"search_term_string\"}}],\"inLanguage\":\"it-IT\"}]}<\/script>\n<!-- \/ Yoast SEO plugin. -->","yoast_head_json":{"title":"Scienze Riabilitative delle Professioni Sanitarie - Scuola di Medicina","robots":{"index":"index","follow":"follow","max-snippet":"max-snippet:-1","max-image-preview":"max-image-preview:large","max-video-preview":"max-video-preview:-1"},"canonical":"https:\/\/www.med.unipi.it\/index.php\/corsi-di-laurea\/scienze-riabilitative-delle-professioni-sanitarie\/","og_locale":"it_IT","og_type":"article","og_title":"Scienze Riabilitative delle Professioni Sanitarie - Scuola di Medicina","og_description":"Il Corso di Laurea magistrale in Scienze Riabilitative delle Professioni Sanitarie prevede un percorso di studi finalizzato allo sviluppo di&hellip;Leggi tutto...","og_url":"https:\/\/www.med.unipi.it\/index.php\/corsi-di-laurea\/scienze-riabilitative-delle-professioni-sanitarie\/","og_site_name":"Scuola di Medicina","article_modified_time":"2025-02-14T10:57:15+00:00","twitter_card":"summary_large_image","twitter_misc":{"Tempo di lettura stimato":"2 minuti"},"schema":{"@context":"https:\/\/schema.org","@graph":[{"@type":"WebPage","@id":"https:\/\/www.med.unipi.it\/index.php\/corsi-di-laurea\/scienze-riabilitative-delle-professioni-sanitarie\/","url":"https:\/\/www.med.unipi.it\/index.php\/corsi-di-laurea\/scienze-riabilitative-delle-professioni-sanitarie\/","name":"Scienze Riabilitative delle Professioni Sanitarie - Scuola di Medicina","isPartOf":{"@id":"https:\/\/www.med.unipi.it\/#website"},"datePublished":"2021-01-21T09:58:53+00:00","dateModified":"2025-02-14T10:57:15+00:00","breadcrumb":{"@id":"https:\/\/www.med.unipi.it\/index.php\/corsi-di-laurea\/scienze-riabilitative-delle-professioni-sanitarie\/#breadcrumb"},"inLanguage":"it-IT","potentialAction":[{"@type":"ReadAction","target":["https:\/\/www.med.unipi.it\/index.php\/corsi-di-laurea\/scienze-riabilitative-delle-professioni-sanitarie\/"]}]},{"@type":"BreadcrumbList","@id":"https:\/\/www.med.unipi.it\/index.php\/corsi-di-laurea\/scienze-riabilitative-delle-professioni-sanitarie\/#breadcrumb","itemListElement":[{"@type":"ListItem","position":1,"name":"Home","item":"https:\/\/www.med.unipi.it\/"},{"@type":"ListItem","position":2,"name":"Corsi di Laurea","item":"https:\/\/www.med.unipi.it\/index.php\/corsi-di-laurea\/"},{"@type":"ListItem","position":3,"name":"Scienze Riabilitative delle Professioni Sanitarie"}]},{"@type":"WebSite","@id":"https:\/\/www.med.unipi.it\/#website","url":"https:\/\/www.med.unipi.it\/","name":"Scuola di Medicina","description":"","potentialAction":[{"@type":"SearchAction","target":{"@type":"EntryPoint","urlTemplate":"https:\/\/www.med.unipi.it\/?s={search_term_string}"},"query-input":{"@type":"PropertyValueSpecification","valueRequired":true,"valueName":"search_term_string"}}],"inLanguage":"it-IT"}]}},"_links":{"self":[{"href":"https:\/\/www.med.unipi.it\/index.php\/wp-json\/wp\/v2\/pages\/895","targetHints":{"allow":["GET"]}}],"collection":[{"href":"https:\/\/www.med.unipi.it\/index.php\/wp-json\/wp\/v2\/pages"}],"about":[{"href":"https:\/\/www.med.unipi.it\/index.php\/wp-json\/wp\/v2\/types\/page"}],"author":[{"embeddable":true,"href":"https:\/\/www.med.unipi.it\/index.php\/wp-json\/wp\/v2\/users\/1"}],"replies":[{"embeddable":true,"href":"https:\/\/www.med.unipi.it\/index.php\/wp-json\/wp\/v2\/comments?post=895"}],"version-history":[{"count":4,"href":"https:\/\/www.med.unipi.it\/index.php\/wp-json\/wp\/v2\/pages\/895\/revisions"}],"predecessor-version":[{"id":3913,"href":"https:\/\/www.med.unipi.it\/index.php\/wp-json\/wp\/v2\/pages\/895\/revisions\/3913"}],"up":[{"embeddable":true,"href":"https:\/\/www.med.unipi.it\/index.php\/wp-json\/wp\/v2\/pages\/68"}],"wp:attachment":[{"href":"https:\/\/www.med.unipi.it\/index.php\/wp-json\/wp\/v2\/media?parent=895"}],"wp:term":[{"taxonomy":"category","embeddable":true,"href":"https:\/\/www.med.unipi.it\/index.php\/wp-json\/wp\/v2\/categories?post=895"},{"taxonomy":"post_tag","embeddable":true,"href":"https:\/\/www.med.unipi.it\/index.php\/wp-json\/wp\/v2\/tags?post=895"}],"curies":[{"name":"wp","href":"https:\/\/api.w.org\/{rel}","templated":true}]}}