{"id":95,"date":"2022-10-14T10:32:29","date_gmt":"2022-10-14T08:32:29","guid":{"rendered":"https:\/\/www.med.unipi.it\/?page_id=95"},"modified":"2025-10-10T10:07:21","modified_gmt":"2025-10-10T08:07:21","slug":"scienze-motorie","status":"publish","type":"page","link":"https:\/\/www.med.unipi.it\/index.php\/corsi-di-laurea\/scienze-motorie\/","title":{"rendered":"Scienze Motorie"},"content":{"rendered":"<button id=\"listenButton1\" class=\"responsivevoice-button\" type=\"button\" value=\"Play\" title=\"ResponsiveVoice Tap to Start\/Stop Speech\"><span>&#128266; Play<\/span><\/button>\n        <script>\n            listenButton1.onclick = function(){\n                if(responsiveVoice.isPlaying()){\n                    responsiveVoice.cancel();\n                }else{\n                    responsiveVoice.speak(\"Il corso di laurea \u00e8\u00a0 a numero programmato locale (180 posti) e offre un unico percorso formativo strutturato in attivit\u00e0 didattiche che stimolino le capacit\u00e0 degli allievi al collegamento longitudinale e trasversale dei contenuti delle varie discipline. Il corso prevede un primo anno mirato all\u2019acquisizione delle conoscenze relative all\u2019anatomia dei sistemi, istologia e biologia, alla chimica e biochimica applicata alle scienze motorie, alla fisiologia ed elementi di fisica, alla teoria, tecnica e didattica dell\\'attivit\u00e0 motoria e sportiva atte a conferire le basi del funzionamento del corpo umano in movimento e degli argomenti psicologici, pedagogici, e sociali che possono motivare l\u2019attenzione al corpo e alla propensione allo sport e all\u2019attivit\u00e0 motoria. Il secondo anno \u00e8 centrato sulla didattica delle attivit\u00e0 motorie e sportive finalizzate alla conoscenza delle discipline sportive e a quella degli aspetti teorici e applicativi dell\u2019allenamento e della valutazione funzionale e del soggetto allenato o del praticante attivit\u00e0 motoria e sportiva nel tempo libero. delle qualit\u00e0 ambientali e sicurezza degli impianti sportivi. Altro aspetto fondamentale che verr\u00e0 trattato nel secondo anno \u00e8 quello relativo ai fondamenti legislativi ed economici che sono alla base delle strutture e del funzionamento delle organizzazioni sportive. Gli studenti saranno avviati a profili di tecnica e didattica di specifiche discipline motorie e sportive in corsi per piccoli gruppi effettuati presso adeguate strutture sportive dove possono apprendere e sperimentare le teorie e le metodologie dell\u2019allenamento sia di sport individuali che squadra. Le attivit\u00e0 pratiche svolte saranno integrate da attivit\u00e0 di tirocinio mirate all\u2019insegnamento degli aspetti fondamentali di specifiche discipline sportive a soggetti di diversa et\u00e0 e genere. Le attivit\u00e0 del terzo anno sono finalizzate alla conoscenza degli aspetti teorici ed applicativi dell\u2019allenamento e della valutazione funzionale e nutrizionale dell\u2019atleta e del soggetto allenato o del praticante attivit\u00e0 motoria e sportiva nel tempo libero; all\u2019acquisizione delle conoscenze pedagogiche e sociologiche applicate alle scienze motorie. Vengono inoltre sviluppati argomenti relativi ai traumi sportivi e agli interventi di riabilitazione motoria. Le attivit\u00e0 sono integrate da attivit\u00e0 di tirocinio che potranno essere finalizzate all\u2019insegnamento degli aspetti di specifiche discipline motorie e sportive a soggetti di diversa et\u00e0 e genere. Per quanto riguarda le ulteriori conoscenze \u00e8 richiesto il conseguimento di abilit\u00e0 informatiche di base, nonch\u00e9 la padronanza della lingua inglese di livello almeno B1. Il percorso formativo si completa con attivit\u00e0 formative di tipo elettivo organizzate in corsi integrativi di perfezionamento che hanno lo scopo di fornire al laureando conoscenze e competenze pi\u00f9 approfondite su aspetti e argomenti propri delle scienze motorie. Evento di presentazione del CDS alle matricole il 22\/10\/2025\", \"Italian Female\", {\"rate\":\"1\",\"pitch\":\"1.2\",\"volume\":\"0.8\"});\n                }\n            };\n        <\/script>\n    \n<p>&nbsp;<\/p>\n<p>Il corso di laurea \u00e8\u00a0 a numero programmato locale (180 posti) e offre un unico percorso formativo strutturato in attivit\u00e0 didattiche che stimolino le capacit\u00e0 degli allievi al collegamento longitudinale e trasversale dei contenuti delle varie discipline.<br \/>\nIl corso prevede un primo anno mirato all\u2019acquisizione delle conoscenze relative all\u2019anatomia dei sistemi, istologia e biologia, alla chimica e biochimica applicata alle scienze motorie, alla fisiologia ed elementi di fisica, alla teoria, tecnica e didattica dell&#8217;attivit\u00e0 motoria e sportiva atte a conferire le basi del funzionamento del corpo umano in movimento e degli argomenti psicologici, pedagogici, e sociali che possono motivare l\u2019attenzione al corpo e alla propensione allo sport e all\u2019attivit\u00e0 motoria.<br \/>\nIl secondo anno \u00e8 centrato sulla didattica delle attivit\u00e0 motorie e sportive finalizzate alla conoscenza delle discipline sportive e a quella degli aspetti teorici e applicativi dell\u2019allenamento e della valutazione funzionale e del soggetto allenato o del praticante attivit\u00e0 motoria e sportiva nel tempo libero. delle qualit\u00e0 ambientali e sicurezza degli impianti sportivi. Altro aspetto fondamentale che verr\u00e0 trattato nel secondo anno \u00e8 quello relativo ai fondamenti legislativi ed economici che sono alla base delle strutture e del funzionamento delle organizzazioni sportive. Gli studenti saranno avviati a profili di tecnica e didattica di specifiche discipline motorie e sportive in corsi per piccoli gruppi effettuati presso adeguate strutture sportive dove possono apprendere e sperimentare le teorie e le metodologie dell\u2019allenamento sia di sport individuali che squadra.<\/p>\n<p>Le attivit\u00e0 pratiche svolte saranno integrate da attivit\u00e0 di tirocinio mirate all\u2019insegnamento degli aspetti fondamentali di specifiche discipline sportive a soggetti di diversa et\u00e0 e genere.<br \/>\nLe attivit\u00e0 del terzo anno sono finalizzate alla conoscenza degli aspetti teorici ed applicativi dell\u2019allenamento e della valutazione funzionale e nutrizionale dell\u2019atleta e del soggetto allenato o del praticante attivit\u00e0 motoria e sportiva nel tempo libero; all\u2019acquisizione delle conoscenze pedagogiche e sociologiche applicate alle scienze motorie. Vengono inoltre sviluppati argomenti relativi ai traumi sportivi e agli interventi di riabilitazione motoria. Le attivit\u00e0 sono integrate da attivit\u00e0 di tirocinio che potranno essere finalizzate all\u2019insegnamento degli aspetti di specifiche discipline motorie e sportive a soggetti di diversa et\u00e0 e genere.<br \/>\nPer quanto riguarda le ulteriori conoscenze \u00e8 richiesto il conseguimento di abilit\u00e0 informatiche di base, nonch\u00e9 la padronanza della lingua inglese di livello almeno B1.<br \/>\nIl percorso formativo si completa con attivit\u00e0 formative di tipo elettivo organizzate in corsi integrativi di perfezionamento che hanno lo scopo di fornire al laureando conoscenze e competenze pi\u00f9 approfondite su aspetti e argomenti propri delle scienze motorie.<\/p>\n<p><a href=\"https:\/\/www.med.unipi.it\/wp-content\/uploads\/2025\/10\/Alla-scoperta-del-CDS-in-Scienze-Motorie-aggiornata.pdf\">Evento di presentazione del CDS alle matricole il 22\/10\/2025<\/a><\/p>\n","protected":false},"excerpt":{"rendered":"<p>&nbsp; Il corso di laurea \u00e8\u00a0 a numero programmato locale (180 posti) e offre un unico percorso formativo strutturato in&hellip;<\/p>\n<p><a class=\"btn btn-dark btn-sm unipi-read-more-link\" href=\"https:\/\/www.med.unipi.it\/index.php\/corsi-di-laurea\/scienze-motorie\/\">Leggi tutto&#8230;<\/a><\/p>\n","protected":false},"author":1,"featured_media":0,"parent":68,"menu_order":0,"comment_status":"closed","ping_status":"closed","template":"","meta":{"footnotes":""},"categories":[17],"tags":[],"class_list":["post-95","page","type-page","status-publish","hentry","category-scienze-motorie"],"yoast_head":"<!-- This site is optimized with the Yoast SEO plugin v27.0 - https:\/\/yoast.com\/product\/yoast-seo-wordpress\/ -->\n<title>Scienze Motorie - Scuola di Medicina<\/title>\n<meta name=\"robots\" content=\"index, follow, max-snippet:-1, max-image-preview:large, max-video-preview:-1\" \/>\n<link rel=\"canonical\" href=\"https:\/\/www.med.unipi.it\/index.php\/corsi-di-laurea\/scienze-motorie\/\" \/>\n<meta property=\"og:locale\" content=\"it_IT\" \/>\n<meta property=\"og:type\" content=\"article\" \/>\n<meta property=\"og:title\" content=\"Scienze Motorie - Scuola di Medicina\" \/>\n<meta property=\"og:description\" content=\"&nbsp; Il corso di laurea \u00e8\u00a0 a numero programmato locale (180 posti) e offre un unico percorso formativo strutturato in&hellip;Leggi tutto...\" \/>\n<meta property=\"og:url\" content=\"https:\/\/www.med.unipi.it\/index.php\/corsi-di-laurea\/scienze-motorie\/\" \/>\n<meta property=\"og:site_name\" content=\"Scuola di Medicina\" \/>\n<meta property=\"article:modified_time\" content=\"2025-10-10T08:07:21+00:00\" \/>\n<meta name=\"twitter:card\" content=\"summary_large_image\" \/>\n<meta name=\"twitter:label1\" content=\"Tempo di lettura stimato\" \/>\n\t<meta name=\"twitter:data1\" content=\"3 minuti\" \/>\n<script type=\"application\/ld+json\" class=\"yoast-schema-graph\">{\"@context\":\"https:\/\/schema.org\",\"@graph\":[{\"@type\":\"WebPage\",\"@id\":\"https:\/\/www.med.unipi.it\/index.php\/corsi-di-laurea\/scienze-motorie\/\",\"url\":\"https:\/\/www.med.unipi.it\/index.php\/corsi-di-laurea\/scienze-motorie\/\",\"name\":\"Scienze Motorie - Scuola di Medicina\",\"isPartOf\":{\"@id\":\"https:\/\/www.med.unipi.it\/#website\"},\"datePublished\":\"2022-10-14T08:32:29+00:00\",\"dateModified\":\"2025-10-10T08:07:21+00:00\",\"breadcrumb\":{\"@id\":\"https:\/\/www.med.unipi.it\/index.php\/corsi-di-laurea\/scienze-motorie\/#breadcrumb\"},\"inLanguage\":\"it-IT\",\"potentialAction\":[{\"@type\":\"ReadAction\",\"target\":[\"https:\/\/www.med.unipi.it\/index.php\/corsi-di-laurea\/scienze-motorie\/\"]}]},{\"@type\":\"BreadcrumbList\",\"@id\":\"https:\/\/www.med.unipi.it\/index.php\/corsi-di-laurea\/scienze-motorie\/#breadcrumb\",\"itemListElement\":[{\"@type\":\"ListItem\",\"position\":1,\"name\":\"Home\",\"item\":\"https:\/\/www.med.unipi.it\/\"},{\"@type\":\"ListItem\",\"position\":2,\"name\":\"Corsi di Laurea\",\"item\":\"https:\/\/www.med.unipi.it\/index.php\/corsi-di-laurea\/\"},{\"@type\":\"ListItem\",\"position\":3,\"name\":\"Scienze Motorie\"}]},{\"@type\":\"WebSite\",\"@id\":\"https:\/\/www.med.unipi.it\/#website\",\"url\":\"https:\/\/www.med.unipi.it\/\",\"name\":\"Scuola di Medicina\",\"description\":\"\",\"potentialAction\":[{\"@type\":\"SearchAction\",\"target\":{\"@type\":\"EntryPoint\",\"urlTemplate\":\"https:\/\/www.med.unipi.it\/?s={search_term_string}\"},\"query-input\":{\"@type\":\"PropertyValueSpecification\",\"valueRequired\":true,\"valueName\":\"search_term_string\"}}],\"inLanguage\":\"it-IT\"}]}<\/script>\n<!-- \/ Yoast SEO plugin. -->","yoast_head_json":{"title":"Scienze Motorie - Scuola di Medicina","robots":{"index":"index","follow":"follow","max-snippet":"max-snippet:-1","max-image-preview":"max-image-preview:large","max-video-preview":"max-video-preview:-1"},"canonical":"https:\/\/www.med.unipi.it\/index.php\/corsi-di-laurea\/scienze-motorie\/","og_locale":"it_IT","og_type":"article","og_title":"Scienze Motorie - Scuola di Medicina","og_description":"&nbsp; Il corso di laurea \u00e8\u00a0 a numero programmato locale (180 posti) e offre un unico percorso formativo strutturato in&hellip;Leggi tutto...","og_url":"https:\/\/www.med.unipi.it\/index.php\/corsi-di-laurea\/scienze-motorie\/","og_site_name":"Scuola di Medicina","article_modified_time":"2025-10-10T08:07:21+00:00","twitter_card":"summary_large_image","twitter_misc":{"Tempo di lettura stimato":"3 minuti"},"schema":{"@context":"https:\/\/schema.org","@graph":[{"@type":"WebPage","@id":"https:\/\/www.med.unipi.it\/index.php\/corsi-di-laurea\/scienze-motorie\/","url":"https:\/\/www.med.unipi.it\/index.php\/corsi-di-laurea\/scienze-motorie\/","name":"Scienze Motorie - Scuola di Medicina","isPartOf":{"@id":"https:\/\/www.med.unipi.it\/#website"},"datePublished":"2022-10-14T08:32:29+00:00","dateModified":"2025-10-10T08:07:21+00:00","breadcrumb":{"@id":"https:\/\/www.med.unipi.it\/index.php\/corsi-di-laurea\/scienze-motorie\/#breadcrumb"},"inLanguage":"it-IT","potentialAction":[{"@type":"ReadAction","target":["https:\/\/www.med.unipi.it\/index.php\/corsi-di-laurea\/scienze-motorie\/"]}]},{"@type":"BreadcrumbList","@id":"https:\/\/www.med.unipi.it\/index.php\/corsi-di-laurea\/scienze-motorie\/#breadcrumb","itemListElement":[{"@type":"ListItem","position":1,"name":"Home","item":"https:\/\/www.med.unipi.it\/"},{"@type":"ListItem","position":2,"name":"Corsi di Laurea","item":"https:\/\/www.med.unipi.it\/index.php\/corsi-di-laurea\/"},{"@type":"ListItem","position":3,"name":"Scienze Motorie"}]},{"@type":"WebSite","@id":"https:\/\/www.med.unipi.it\/#website","url":"https:\/\/www.med.unipi.it\/","name":"Scuola di Medicina","description":"","potentialAction":[{"@type":"SearchAction","target":{"@type":"EntryPoint","urlTemplate":"https:\/\/www.med.unipi.it\/?s={search_term_string}"},"query-input":{"@type":"PropertyValueSpecification","valueRequired":true,"valueName":"search_term_string"}}],"inLanguage":"it-IT"}]}},"_links":{"self":[{"href":"https:\/\/www.med.unipi.it\/index.php\/wp-json\/wp\/v2\/pages\/95","targetHints":{"allow":["GET"]}}],"collection":[{"href":"https:\/\/www.med.unipi.it\/index.php\/wp-json\/wp\/v2\/pages"}],"about":[{"href":"https:\/\/www.med.unipi.it\/index.php\/wp-json\/wp\/v2\/types\/page"}],"author":[{"embeddable":true,"href":"https:\/\/www.med.unipi.it\/index.php\/wp-json\/wp\/v2\/users\/1"}],"replies":[{"embeddable":true,"href":"https:\/\/www.med.unipi.it\/index.php\/wp-json\/wp\/v2\/comments?post=95"}],"version-history":[{"count":12,"href":"https:\/\/www.med.unipi.it\/index.php\/wp-json\/wp\/v2\/pages\/95\/revisions"}],"predecessor-version":[{"id":11082,"href":"https:\/\/www.med.unipi.it\/index.php\/wp-json\/wp\/v2\/pages\/95\/revisions\/11082"}],"up":[{"embeddable":true,"href":"https:\/\/www.med.unipi.it\/index.php\/wp-json\/wp\/v2\/pages\/68"}],"wp:attachment":[{"href":"https:\/\/www.med.unipi.it\/index.php\/wp-json\/wp\/v2\/media?parent=95"}],"wp:term":[{"taxonomy":"category","embeddable":true,"href":"https:\/\/www.med.unipi.it\/index.php\/wp-json\/wp\/v2\/categories?post=95"},{"taxonomy":"post_tag","embeddable":true,"href":"https:\/\/www.med.unipi.it\/index.php\/wp-json\/wp\/v2\/tags?post=95"}],"curies":[{"name":"wp","href":"https:\/\/api.w.org\/{rel}","templated":true}]}}